{"id":13211,"date":"2025-12-04T19:32:01","date_gmt":"2025-12-04T19:32:01","guid":{"rendered":"https:\/\/www.child-identity.org\/socios\/identity-rights-working-group\/"},"modified":"2025-12-13T07:22:23","modified_gmt":"2025-12-13T07:22:23","slug":"grupo-de-trabajo-sobre-los-derechos-a-la-identidad","status":"publish","type":"page","link":"https:\/\/www.child-identity.org\/es\/socios\/grupo-de-trabajo-sobre-los-derechos-a-la-identidad\/","title":{"rendered":"Grupo de trabajo sobre los derechos a la identidad"},"content":{"rendered":"<p>[vc_row full_width=&#8221;stretch_row&#8221; background-position=&#8221;right-top&#8221; background-attachment=&#8221;scroll&#8221; css=&#8221;.vc_custom_1730059637373{background: #ffffff url(https:\/\/www.child-identity.org\/wp-content\/uploads\/2024\/10\/partners-bg-full-1920.jpg?id=10843) !important;background-position: 0 0 !important;background-repeat: no-repeat !important;}&#8221;][vc_column width=&#8221;2\/3&#8243;][vc_column_text]<\/p>\n<h1 class=\"sppb-title-heading\" style=\"color: #312783;\">SOCIOS | GRUPO DE TRABAJO SOBRE LOS DERECHOS A LA IDENTIDAD<\/h1>\n<p>[\/vc_column_text][vc_column_text]El Grupo de Trabajo sobre los Derechos de Identidad (IDRWG), creado en 2021, es un mecanismo informal para el aprendizaje entre pares, el intercambio de conocimientos y la acci\u00f3n conjunta en el \u00e1mbito de los derechos de ni\u00f1os y ni\u00f1as a la identidad. Actualmente est\u00e1 copresidido por el Institute on Statelessness and Inclusion (ISI) y Child Identity Protection (CHIP).<\/p>\n<p>Est\u00e1 compuesto de m\u00e1s de 25 organismos internacionales y organizaciones de la sociedad civil que trabajan ampliamente en materia de derechos humanos, unidos por el compromiso com\u00fan de promover los derechos de los ni\u00f1os y ni\u00f1as a la identidad, en particular al registro de nacimientos, a un nombre, a una nacionalidad y a las relaciones familiares. Las voces de las personas con experiencia vivida sustentan cualquier iniciativa para garantizar que sus puntos de vista se reflejen adecuadamente.<\/p>\n<p>Hasta la fecha, el IDRWG ha dado prioridad a una labor de promoci\u00f3n y de pol\u00edtica p\u00fablica a trav\u00e9s de las actividades de los \u00f3rganos creados en virtud de tratados de las Naciones Unidas, en particular con el Comit\u00e9 de los Derechos del Ni\u00f1o y el Comit\u00e9 para la Eliminaci\u00f3n de la Discriminaci\u00f3n contra la Mujer.<\/p>\n<p>Sus actividades incluyen las siguientes:<\/p>\n<ul>\n<li>Julio de 2025: <a href=\"https:\/\/www.child-identity.org\/es\/el-grupo-de-trabajo-sobre-derechos-de-identidad-se-reune-con-el-comite-cedaw\/\">El Grupo de Trabajo sobre Derechos de Identidad se re\u00fane con el Comit\u00e9 CEDAW (Comit\u00e9 para la Eliminaci\u00f3n de la Discriminaci\u00f3n contra la Mujer)<\/a><\/li>\n<li>Junio de 2025: <a href=\"https:\/\/www.child-identity.org\/wp-content\/uploads\/2024\/05\/ID-WG_Submission-on-draft-GC-27-final.pdf\">Presentaci\u00f3n del IDRWG en relaci\u00f3n con la Observaci\u00f3n General del Comit\u00e9 de los Derechos del Ni\u00f1o sobre el acceso a la justicia<\/a><\/li>\n<li>Mayo de 2025: <a href=\"https:\/\/www.child-identity.org\/es\/insumos-para-la-preparacion-de-la-primera-sesion-del-grupo-de-trabajo-intergubernamental-de-composicion-abierta-sobre-un-protocolo-facultativo-de-la-convencion-sobre-los-derechos-del-nino-relativo-al\/\">Insumos para la preparaci\u00f3n de la primera sesi\u00f3n del Grupo de trabajo intergubernamental de composici\u00f3n abierta sobre un Protocolo Facultativo de la Convenci\u00f3n sobre los Derechos del Ni\u00f1o relativo al derecho a la educaci\u00f3n<\/a><\/li>\n<li>Marzo de 2025 \u2013 Noviembre de 2024: <a href=\"https:\/\/www.child-identity.org\/es\/serie-de-webinars-derecho-a-la-identidad-y-acceso-a-la-justicia\/\">https:\/\/www.child-identity.org\/es\/serie-de-webinars-derecho-a-la-identidad-y-acceso-a-la-justicia\/<\/a><\/li>\n<li>Agosto de 2024: <a href=\"https:\/\/www.child-identity.org\/wp-content\/uploads\/2024\/05\/IDRWG_Submission_Access-to-justice-6-August-2024-EN.pdf\">Presentaci\u00f3n del IDRWG sobre el acceso a la justicia y a recursos eficaces cuando los derechos a la identidad han sido vulnerados<\/a><\/li>\n<li>Mayo de 2024: <a href=\"https:\/\/www.child-identity.org\/es\/reunion-de-expertas-y-expertos-os-con-el-comite-de-los-derechos-del-nino-sobre-el-derecho-de-los-ninos-y-ninas-a-la-identidad-y-el-acceso-a-vias-de-recurso\/\">Reuni\u00f3n de expertas y expertos os con el Comit\u00e9 de los Derechos del Ni\u00f1o sobre el derecho de los ni\u00f1os y ni\u00f1as a la identidad y el acceso a v\u00edas de recurso<\/a><\/li>\n<li>Noviembre de 2023: <a href=\"https:\/\/www.child-identity.org\/es\/28-de-noviembre-de-2023-protecting-futures-addressing-lack-of-access-to-education-for-children-without-legal-identity\/\">\u201cProtegiendo los futuros: Abordando la falta de acceso a la educaci\u00f3n para los ni\u00f1os y ni\u00f1as sin identidad jur\u00eddica\u201d<\/a><\/li>\n<li>Noviembre de 2022: <a href=\"https:\/\/www.child-identity.org\/es\/22-de-noviembre-de-2022-simposio-virtual-el-derecho-de-ninos-y-ninas-la-identidad-en-contextos-de-emergencia\/\">Simposio virtual \u2013 El derecho de ni\u00f1os y ni\u00f1as la identidad en contextos de emergencia<\/a><\/li>\n<\/ul>\n<p>V\u00e9ase tambi\u00e9n: <a href=\"https:\/\/www.statelesshub.org\/theme\/identity-rights-working-group\">Identity Rights Working Group | Stateless Hub<\/a>[\/vc_column_text][vc_empty_space height=&#8221;28px&#8221;][vc_single_image image=&#8221;8820&#8243; img_size=&#8221;large&#8221; onclick=&#8221;custom_link&#8221; link=&#8221;https:\/\/www.child-identity.org\/partners\/&#8221;][\/vc_column][vc_column width=&#8221;1\/3&#8243;][\/vc_column][\/vc_row][vc_row full_width=&#8221;stretch_row&#8221; background-position=&#8221;right-top&#8221; background-attachment=&#8221;scroll&#8221; css=&#8221;.vc_custom_1730059637373{background: #ffffff url(https:\/\/www.child-identity.org\/wp-content\/uploads\/2024\/10\/partners-bg-full-1920.jpg?id=10843) !important;background-position: 0 0 !important;background-repeat: no-repeat !important;}&#8221;][vc_column width=&#8221;2\/3&#8243;][\/vc_column][vc_column width=&#8221;1\/3&#8243;][\/vc_column][\/vc_row]<\/p>\n","protected":false},"excerpt":{"rendered":"<p>[vc_row full_width=&#8221;stretch_row&#8221; background-position=&#8221;right-top&#8221; background-attachment=&#8221;scroll&#8221; css=&#8221;.vc_custom_1730059637373{background: #ffffff url(https:\/\/www.child-identity.org\/wp-content\/uploads\/2024\/10\/partners-bg-full-1920.jpg?id=10843) !important;background-position: 0 0 !important;background-repeat: no-repeat !important;}&#8221;][vc_column width=&#8221;2\/3&#8243;][vc_column_text] SOCIOS | GRUPO DE TRABAJO SOBRE LOS DERECHOS A LA IDENTIDAD [\/vc_column_text][vc_column_text]El Grupo de Trabajo sobre los Derechos de Identidad (IDRWG), creado en 2021, es un&#8230;<\/p>\n","protected":false},"author":2,"featured_media":0,"parent":10878,"menu_order":0,"comment_status":"closed","ping_status":"closed","template":"","meta":{"footnotes":""},"class_list":["post-13211","page","type-page","status-publish","hentry"],"_links":{"self":[{"href":"https:\/\/www.child-identity.org\/es\/wp-json\/wp\/v2\/pages\/13211","targetHints":{"allow":["GET"]}}],"collection":[{"href":"https:\/\/www.child-identity.org\/es\/wp-json\/wp\/v2\/pages"}],"about":[{"href":"https:\/\/www.child-identity.org\/es\/wp-json\/wp\/v2\/types\/page"}],"author":[{"embeddable":true,"href":"https:\/\/www.child-identity.org\/es\/wp-json\/wp\/v2\/users\/2"}],"replies":[{"embeddable":true,"href":"https:\/\/www.child-identity.org\/es\/wp-json\/wp\/v2\/comments?post=13211"}],"version-history":[{"count":5,"href":"https:\/\/www.child-identity.org\/es\/wp-json\/wp\/v2\/pages\/13211\/revisions"}],"predecessor-version":[{"id":13229,"href":"https:\/\/www.child-identity.org\/es\/wp-json\/wp\/v2\/pages\/13211\/revisions\/13229"}],"up":[{"embeddable":true,"href":"https:\/\/www.child-identity.org\/es\/wp-json\/wp\/v2\/pages\/10878"}],"wp:attachment":[{"href":"https:\/\/www.child-identity.org\/es\/wp-json\/wp\/v2\/media?parent=13211"}],"curies":[{"name":"wp","href":"https:\/\/api.w.org\/{rel}","templated":true}]}}