{"id":13237,"date":"2025-12-13T07:27:35","date_gmt":"2025-12-13T07:27:35","guid":{"rendered":"https:\/\/www.child-identity.org\/socios\/thematic-working-group-to-end-childhood-statelessness\/"},"modified":"2025-12-13T07:32:52","modified_gmt":"2025-12-13T07:32:52","slug":"grupo-de-trabajo-tematico-para-poner-fin-a-la-apatridia-en-la-infancia","status":"publish","type":"page","link":"https:\/\/www.child-identity.org\/es\/socios\/grupo-de-trabajo-tematico-para-poner-fin-a-la-apatridia-en-la-infancia\/","title":{"rendered":"Grupo de trabajo tem\u00e1tico para poner fin a la apatridia en la infancia"},"content":{"rendered":"<p>[vc_row full_width=&#8221;stretch_row&#8221; background-position=&#8221;right-top&#8221; background-attachment=&#8221;scroll&#8221; css=&#8221;.vc_custom_1730059637373{background: #ffffff url(https:\/\/www.child-identity.org\/wp-content\/uploads\/2024\/10\/partners-bg-full-1920.jpg?id=10843) !important;background-position: 0 0 !important;background-repeat: no-repeat !important;}&#8221;][vc_column width=&#8221;2\/3&#8243;][vc_column_text]<\/p>\n<h1 class=\"sppb-title-heading\" style=\"color: #312783;\">PARTNERS | GRUPO DE TRABAJO TEM\u00c1TICO PARA PONER FIN A LA APATRIDIA EN LA INFANCIA<\/h1>\n<p>[\/vc_column_text][vc_column_text]Como parte de la <a href=\"https:\/\/statelessnessalliance-org.translate.goog\/?_x_tr_sl=en&amp;_x_tr_tl=es&amp;_x_tr_hl=es&amp;_x_tr_pto=tc\" target=\"_blank\" rel=\"noopener\">Alianza Global para Acabar con la Apatridia<\/a>, UNICEF y Child Identity Protection (CHIP) copresiden el grupo de trabajo tem\u00e1tico para acabar con la apatridia infantil, que actualmente est\u00e1 formado por gobiernos, organismos internacionales, agencias de la ONU, organizaciones de la sociedad civil, organizaciones lideradas por personas con experiencia vivida y acad\u00e9micos. El grupo de trabajo tem\u00e1tico busca facilitar la colaboraci\u00f3n entre los grupos interesados para crear conciencia sobre las oportunidades para garantizar que todos los ni\u00f1os y ni\u00f1as tengan una nacionalidad. Bas\u00e1ndose en su plan de trabajo anual, sus actividades estrat\u00e9gicas se agrupan a nivel internacional, regional y nacional. Celebra reuniones trimestrales y su primer webinar para compartir conocimientos tendr\u00e1 lugar el 13 de noviembre de 2025 sobre <a href=\"https:\/\/statelessnessalliance.org\/webinars\/knowledge-webinar-2-solutions-to-end-childhood-statelessness\/\" target=\"_blank\" rel=\"noopener\">soluciones para poner fin a la apatridia infantil<\/a>.<\/p>\n<p>V\u00e9anse : <a href=\"https:\/\/statelessnessalliance.org\/\" target=\"_blank\" rel=\"noopener\">https:\/\/statelessnessalliance.org\/<\/a> and <a href=\"https:\/\/statelessnessalliance.org\/thematic-working-groups\/\" target=\"_blank\" rel=\"noopener\">https:\/\/statelessnessalliance.org\/thematic-working-groups\/<\/a>[\/vc_column_text][vc_empty_space height=&#8221;28px&#8221;][vc_single_image image=&#8221;10834&#8243; img_size=&#8221;220&#215;225&#8243; onclick=&#8221;custom_link&#8221; link=&#8221;https:\/\/www.child-identity.org\/partners\/&#8221;][\/vc_column][vc_column width=&#8221;1\/3&#8243;][\/vc_column][\/vc_row][vc_row full_width=&#8221;stretch_row&#8221; background-position=&#8221;right-top&#8221; background-attachment=&#8221;scroll&#8221; css=&#8221;.vc_custom_1730059637373{background: #ffffff url(https:\/\/www.child-identity.org\/wp-content\/uploads\/2024\/10\/partners-bg-full-1920.jpg?id=10843) !important;background-position: 0 0 !important;background-repeat: no-repeat !important;}&#8221;][vc_column width=&#8221;2\/3&#8243;][\/vc_column][vc_column width=&#8221;1\/3&#8243;][\/vc_column][\/vc_row]<\/p>\n","protected":false},"excerpt":{"rendered":"<p>[vc_row full_width=&#8221;stretch_row&#8221; background-position=&#8221;right-top&#8221; background-attachment=&#8221;scroll&#8221; css=&#8221;.vc_custom_1730059637373{background: #ffffff url(https:\/\/www.child-identity.org\/wp-content\/uploads\/2024\/10\/partners-bg-full-1920.jpg?id=10843) !important;background-position: 0 0 !important;background-repeat: no-repeat !important;}&#8221;][vc_column width=&#8221;2\/3&#8243;][vc_column_text] PARTNERS | GRUPO DE TRABAJO TEM\u00c1TICO PARA PONER FIN A LA APATRIDIA EN LA INFANCIA [\/vc_column_text][vc_column_text]Como parte de la Alianza Global para Acabar con la Apatridia,&#8230;<\/p>\n","protected":false},"author":2,"featured_media":0,"parent":10878,"menu_order":0,"comment_status":"closed","ping_status":"closed","template":"","meta":{"footnotes":""},"class_list":["post-13237","page","type-page","status-publish","hentry"],"_links":{"self":[{"href":"https:\/\/www.child-identity.org\/es\/wp-json\/wp\/v2\/pages\/13237","targetHints":{"allow":["GET"]}}],"collection":[{"href":"https:\/\/www.child-identity.org\/es\/wp-json\/wp\/v2\/pages"}],"about":[{"href":"https:\/\/www.child-identity.org\/es\/wp-json\/wp\/v2\/types\/page"}],"author":[{"embeddable":true,"href":"https:\/\/www.child-identity.org\/es\/wp-json\/wp\/v2\/users\/2"}],"replies":[{"embeddable":true,"href":"https:\/\/www.child-identity.org\/es\/wp-json\/wp\/v2\/comments?post=13237"}],"version-history":[{"count":3,"href":"https:\/\/www.child-identity.org\/es\/wp-json\/wp\/v2\/pages\/13237\/revisions"}],"predecessor-version":[{"id":13243,"href":"https:\/\/www.child-identity.org\/es\/wp-json\/wp\/v2\/pages\/13237\/revisions\/13243"}],"up":[{"embeddable":true,"href":"https:\/\/www.child-identity.org\/es\/wp-json\/wp\/v2\/pages\/10878"}],"wp:attachment":[{"href":"https:\/\/www.child-identity.org\/es\/wp-json\/wp\/v2\/media?parent=13237"}],"curies":[{"name":"wp","href":"https:\/\/api.w.org\/{rel}","templated":true}]}}