{"id":13253,"date":"2025-12-13T07:40:14","date_gmt":"2025-12-13T07:40:14","guid":{"rendered":"https:\/\/www.child-identity.org\/socios\/committee-of-experts-on-access-to-origins\/"},"modified":"2025-12-13T07:46:02","modified_gmt":"2025-12-13T07:46:02","slug":"comite-de-experta-os-sobre-el-acceso-a-los-origenes","status":"publish","type":"page","link":"https:\/\/www.child-identity.org\/es\/socios\/comite-de-experta-os-sobre-el-acceso-a-los-origenes\/","title":{"rendered":"Comit\u00e9 de Experta\/os sobre el acceso a los or\u00edgenes"},"content":{"rendered":"<p>[vc_row full_width=&#8221;stretch_row&#8221; background-position=&#8221;right-top&#8221; background-attachment=&#8221;scroll&#8221; css=&#8221;.vc_custom_1730059637373{background: #ffffff url(https:\/\/www.child-identity.org\/wp-content\/uploads\/2024\/10\/partners-bg-full-1920.jpg?id=10843) !important;background-position: 0 0 !important;background-repeat: no-repeat !important;}&#8221;][vc_column width=&#8221;2\/3&#8243;][vc_column_text]<\/p>\n<h1 class=\"sppb-title-heading\" style=\"color: #312783;\">PARTNERS | COMITE DE EXPERTA\/OS SOBRE EL ACCESO A LOS ORIGENES<\/h1>\n<p>[\/vc_column_text][vc_column_text]El <a href=\"https:\/\/www.coe.int\/en\/web\/cdcj\/origins\" target=\"_blank\" rel=\"noopener\">Comit\u00e9 de Experta\/os sobre el Acceso a los Or\u00edgenes (CJ-OR)<\/a>, bajo la orientaci\u00f3n y supervisi\u00f3n del Comit\u00e9 Europeo de Cooperaci\u00f3n Jur\u00eddica (CECJ), tiene la tarea de redactar una recomendaci\u00f3n sobre los derechos de las personas concebidas mediante donaci\u00f3n a conocer sus or\u00edgenes. La primera reuni\u00f3n se celebr\u00f3 en junio de 2025, en la que el grupo de experta\/os debati\u00f3 el alcance potencial y los principios que deben guiar las recomendaciones, as\u00ed como las cuestiones que deben abordarse. Durante esta <a href=\"https:\/\/www.child-identity.org\/es\/june-2025-europe-rights-of-donor-conceived-persons-to-know-their-origins\/\" target=\"_blank\" rel=\"noopener\">primera reuni\u00f3n<\/a>, Child Identity Protection (CHIP) intervino para se\u00f1alar los derechos fundamentales de los ni\u00f1os y ni\u00f1as que deben tenerse en cuenta, entre otras cosas. Tras esta primera reuni\u00f3n, la solicitud de CHIP para ser considerada observadora del CJ-OR fue aceptada formalmente a finales de julio de 2025 por el CECJ. Durante la segunda reuni\u00f3n, CHIP abog\u00f3 por una recomendaci\u00f3n que se ajuste a las obligaciones de los Estados en relaci\u00f3n a la Convenci\u00f3n sobre los Derechos del Ni\u00f1o.<\/p>\n<p>V\u00e9anse: <a href=\"https:\/\/www.coe.int\/en\/web\/cdcj\/origins\" target=\"_blank\" rel=\"noopener\">https:\/\/www.coe.int\/en\/web\/cdcj\/origins<\/a> y <a href=\"https:\/\/rm.coe.int\/cj-or-2025-01e-cj-or-s-terms-of-reference-for-2025-2026\/1680b48cd4\" target=\"_blank\" rel=\"noopener\">t\u00e9rminos de referencia<\/a>[\/vc_column_text][vc_empty_space height=&#8221;28px&#8221;][vc_single_image image=&#8221;10834&#8243; img_size=&#8221;220&#215;225&#8243; onclick=&#8221;custom_link&#8221; link=&#8221;https:\/\/www.child-identity.org\/partners\/&#8221;][\/vc_column][vc_column width=&#8221;1\/3&#8243;][\/vc_column][\/vc_row][vc_row full_width=&#8221;stretch_row&#8221; background-position=&#8221;right-top&#8221; background-attachment=&#8221;scroll&#8221; css=&#8221;.vc_custom_1730059637373{background: #ffffff url(https:\/\/www.child-identity.org\/wp-content\/uploads\/2024\/10\/partners-bg-full-1920.jpg?id=10843) !important;background-position: 0 0 !important;background-repeat: no-repeat !important;}&#8221;][vc_column width=&#8221;2\/3&#8243;][\/vc_column][vc_column width=&#8221;1\/3&#8243;][\/vc_column][\/vc_row]<\/p>\n","protected":false},"excerpt":{"rendered":"<p>[vc_row full_width=&#8221;stretch_row&#8221; background-position=&#8221;right-top&#8221; background-attachment=&#8221;scroll&#8221; css=&#8221;.vc_custom_1730059637373{background: #ffffff url(https:\/\/www.child-identity.org\/wp-content\/uploads\/2024\/10\/partners-bg-full-1920.jpg?id=10843) !important;background-position: 0 0 !important;background-repeat: no-repeat !important;}&#8221;][vc_column width=&#8221;2\/3&#8243;][vc_column_text] PARTNERS | COMITE DE EXPERTA\/OS SOBRE EL ACCESO A LOS ORIGENES [\/vc_column_text][vc_column_text]El Comit\u00e9 de Experta\/os sobre el Acceso a los Or\u00edgenes (CJ-OR), bajo la orientaci\u00f3n y&#8230;<\/p>\n","protected":false},"author":2,"featured_media":0,"parent":10878,"menu_order":0,"comment_status":"closed","ping_status":"closed","template":"","meta":{"footnotes":""},"class_list":["post-13253","page","type-page","status-publish","hentry"],"_links":{"self":[{"href":"https:\/\/www.child-identity.org\/es\/wp-json\/wp\/v2\/pages\/13253","targetHints":{"allow":["GET"]}}],"collection":[{"href":"https:\/\/www.child-identity.org\/es\/wp-json\/wp\/v2\/pages"}],"about":[{"href":"https:\/\/www.child-identity.org\/es\/wp-json\/wp\/v2\/types\/page"}],"author":[{"embeddable":true,"href":"https:\/\/www.child-identity.org\/es\/wp-json\/wp\/v2\/users\/2"}],"replies":[{"embeddable":true,"href":"https:\/\/www.child-identity.org\/es\/wp-json\/wp\/v2\/comments?post=13253"}],"version-history":[{"count":3,"href":"https:\/\/www.child-identity.org\/es\/wp-json\/wp\/v2\/pages\/13253\/revisions"}],"predecessor-version":[{"id":13259,"href":"https:\/\/www.child-identity.org\/es\/wp-json\/wp\/v2\/pages\/13253\/revisions\/13259"}],"up":[{"embeddable":true,"href":"https:\/\/www.child-identity.org\/es\/wp-json\/wp\/v2\/pages\/10878"}],"wp:attachment":[{"href":"https:\/\/www.child-identity.org\/es\/wp-json\/wp\/v2\/media?parent=13253"}],"curies":[{"name":"wp","href":"https:\/\/api.w.org\/{rel}","templated":true}]}}