{"id":2833,"date":"2024-04-18T08:13:31","date_gmt":"2024-04-18T08:13:31","guid":{"rendered":"https:\/\/child-identity.org\/ninos-y-jovenes\/"},"modified":"2024-10-03T07:00:50","modified_gmt":"2024-10-03T07:00:50","slug":"ninos-y-jovenes","status":"publish","type":"page","link":"https:\/\/www.child-identity.org\/es\/ninos-y-jovenes\/","title":{"rendered":"Ni\u00f1os y j\u00f3venes"},"content":{"rendered":"<p>[vc_row disable_element=&#8221;yes&#8221;][vc_column][vc_basic_grid post_type=&#8221;post&#8221; max_items=&#8221;&#8221; style=&#8221;load-more&#8221; items_per_page=&#8221;6&#8243; item=&#8221;2785&#8243; btn_style=&#8221;modern&#8221; btn_color=&#8221;default&#8221; btn_size=&#8221;xs&#8221; grid_id=&#8221;vc_gid:1727938832256-bfcf764e-5ad3-8&#8243; taxonomies=&#8221;142&#8243;][\/vc_column][\/vc_row][vc_row][vc_column][vc_column_text]<div class=\"pt-cv-wrapper\"><div class=\"cvp-live-filter  cvp-customized cvp-search-box \" id=\"\" data-name=\"_search\" data-sid=\"d3cad9bfwz\" data-isblock=\"\" data-postid=\"\"><label for='sf_1217' class=\"cvp-label\">Search<\/label><input type=\"text\" id=\"sf_1217\" name=\"_search\" value=\"\" data-nosubmit=\"true\" placeholder=\"\"\/><\/div><div class=\"cvp-live-filter  cvp-customized cvp-dropdown \" id=\"\" data-name=\"tx_authors\" data-sid=\"d3cad9bfwz\" data-isblock=\"\" data-postid=\"\"><label class=\"cvp-label\">Author(s)<\/label><select name=\"tx_authors\"><option value=\"\">All<\/option><option value=\"aurelia-drayak-es\" >Aurelia Drayak<span class=\"cvp-count\"> (3)<\/span><\/option><option value=\"kaydence-drayak-es\" >Kaydence Drayak<span class=\"cvp-count\"> (4)<\/span><\/option><option value=\"tiegan-boyens-es\" >Tiegan Boyens<span class=\"cvp-count\"> (8)<\/span><\/option><\/select><\/div><div class=\"cvp-live-filter  cvp-customized cvp-button \" id=\"\" data-name=\"tx_years\" data-sid=\"d3cad9bfwz\" data-isblock=\"\" data-postid=\"\"><label class=\"cvp-label\">Years<\/label><div class=\"btn\"><label><input type=\"radio\" name=\"tx_years\" value=\"\" checked\/><div>All<\/div><\/label><\/div><div class=\"btn\"><label><input type=\"radio\" name=\"tx_years\" value=\"2023-es\" \/><div>2023<\/div><\/label><\/div><\/div><div class=\"cvp-live-filter  cvp-customized cvp-dropdown \" id=\"\" data-name=\"_orderby\" data-sid=\"d3cad9bfwz\" data-isblock=\"\" data-postid=\"\"><label class=\"cvp-label\">Sort by<\/label><select name=\"_orderby\"><option value=\"\">Default<\/option><option value=\"date,desc\" >Date (Newest)<\/option><option value=\"date\" >Date (Oldest)<\/option><option value=\"title\" >Title (A - Z)<\/option><option value=\"title,desc\" >Title (Z - A)<\/option><\/select><\/div><div class=\"pt-cv-view pt-cv-blockgrid iscvblock iscvhybrid grid1 layout3 cveffect-zoomin pt-cv-pgloadmore cvp-lfres\" id=\"pt-cv-view-d3cad9bfwz\"><div data-id=\"pt-cv-page-1\" class=\"pt-cv-page\" data-cvc=\"3\"><div class=\" pt-cv-content-item pt-cv-1-col\"  data-pid=\"2960\"><div class=\"pt-cv-thumb-wrapper  \"><a href=\"https:\/\/www.child-identity.org\/es\/video-la-importancia-de-mantener-las-conexiones-cuando-un-nino-o-nina-se-encuentre-acogido\/\" class=\"_self pt-cv-href-thumbnail pt-cv-thumb-default\" target=\"_self\" ><img loading=\"lazy\" decoding=\"async\" width=\"768\" height=\"432\" src=\"data:image\/svg+xml,%3Csvg%20xmlns%3D%27http:\/\/www.w3.org\/2000\/svg%27%20viewBox%3D%270%200%203%202%27%3E%3C\/svg%3E\" class=\"pt-cv-thumbnail img-rounded gt-lazy-load\" alt=\"\" data-src=\"https:\/\/www.child-identity.org\/wp-content\/uploads\/2024\/04\/Video-Importance-of-keeping-connections-when-a-child-is-in-care-768x432.png\" data-srcset=\"\" \/><\/a><\/div>\n<div class=\"pt-cv-remain-wrapper\"><div class=\"pt-cv-meta-fields\"><span class=\"entry-date\"> <time datetime=\"2023-10-20T18:02:26+00:00\">octubre 2023<\/time><\/span><\/div><h4 class=\"pt-cv-title\"><a href=\"https:\/\/www.child-identity.org\/es\/video-la-importancia-de-mantener-las-conexiones-cuando-un-nino-o-nina-se-encuentre-acogido\/\" class=\"_self\" target=\"_self\" >Video: La importancia de mantener las conexiones cuando un ni\u00f1o o ni\u00f1a se encuentre acogido<\/a><\/h4><\/div><\/div>\n<div class=\" pt-cv-content-item pt-cv-1-col\"  data-pid=\"2950\"><div class=\"pt-cv-thumb-wrapper  \"><a href=\"https:\/\/www.child-identity.org\/es\/video-que-pueden-hacer-los-estados-para-preservar-la-identidad-de-un-nino-o-una-nina\/\" class=\"_self pt-cv-href-thumbnail pt-cv-thumb-default\" target=\"_self\" ><img loading=\"lazy\" decoding=\"async\" width=\"768\" height=\"432\" src=\"data:image\/svg+xml,%3Csvg%20xmlns%3D%27http:\/\/www.w3.org\/2000\/svg%27%20viewBox%3D%270%200%203%202%27%3E%3C\/svg%3E\" class=\"pt-cv-thumbnail img-rounded gt-lazy-load\" alt=\"\" data-src=\"https:\/\/www.child-identity.org\/wp-content\/uploads\/2024\/04\/Video-What-can-States-do-to-preserve-a-childs-identity--768x432.png\" data-srcset=\"\" \/><\/a><\/div>\n<div class=\"pt-cv-remain-wrapper\"><div class=\"pt-cv-meta-fields\"><span class=\"entry-date\"> <time datetime=\"2023-10-20T17:59:34+00:00\">octubre 2023<\/time><\/span><\/div><h4 class=\"pt-cv-title\"><a href=\"https:\/\/www.child-identity.org\/es\/video-que-pueden-hacer-los-estados-para-preservar-la-identidad-de-un-nino-o-una-nina\/\" class=\"_self\" target=\"_self\" >Video: \u00bfQu\u00e9 pueden hacer los Estados para preservar la identidad de un ni\u00f1o o una ni\u00f1a?<\/a><\/h4><\/div><\/div>\n<div class=\" pt-cv-content-item pt-cv-1-col\"  data-pid=\"2940\"><div class=\"pt-cv-thumb-wrapper  \"><a href=\"https:\/\/www.child-identity.org\/es\/video-por-que-es-importante-la-identidad-familiar\/\" class=\"_self pt-cv-href-thumbnail pt-cv-thumb-default\" target=\"_self\" ><img loading=\"lazy\" decoding=\"async\" width=\"768\" height=\"432\" src=\"data:image\/svg+xml,%3Csvg%20xmlns%3D%27http:\/\/www.w3.org\/2000\/svg%27%20viewBox%3D%270%200%203%202%27%3E%3C\/svg%3E\" class=\"pt-cv-thumbnail img-rounded gt-lazy-load\" alt=\"\" data-src=\"https:\/\/www.child-identity.org\/wp-content\/uploads\/2024\/04\/Video-Why-is-family-identity-important-1-2-768x432.png\" data-srcset=\"\" \/><\/a><\/div>\n<div class=\"pt-cv-remain-wrapper\"><div class=\"pt-cv-meta-fields\"><span class=\"entry-date\"> <time datetime=\"2023-10-20T17:54:47+00:00\">octubre 2023<\/time><\/span><\/div><h4 class=\"pt-cv-title\"><a href=\"https:\/\/www.child-identity.org\/es\/video-por-que-es-importante-la-identidad-familiar\/\" class=\"_self\" target=\"_self\" >Video: \u00bfPor qu\u00e9 es importante la identidad familiar?<\/a><\/h4><\/div><\/div>\n<div class=\" pt-cv-content-item pt-cv-1-col\"  data-pid=\"2929\"><div class=\"pt-cv-thumb-wrapper  \"><a href=\"https:\/\/www.child-identity.org\/es\/video-que-son-los-derechos-a-la-identidad\/\" class=\"_self pt-cv-href-thumbnail pt-cv-thumb-default\" target=\"_self\" ><img loading=\"lazy\" decoding=\"async\" width=\"768\" height=\"432\" src=\"data:image\/svg+xml,%3Csvg%20xmlns%3D%27http:\/\/www.w3.org\/2000\/svg%27%20viewBox%3D%270%200%203%202%27%3E%3C\/svg%3E\" class=\"pt-cv-thumbnail img-rounded gt-lazy-load\" alt=\"\" data-src=\"https:\/\/www.child-identity.org\/wp-content\/uploads\/2024\/04\/Video-What-are-identity-rights--768x432.png\" data-srcset=\"\" \/><\/a><\/div>\n<div class=\"pt-cv-remain-wrapper\"><div class=\"pt-cv-meta-fields\"><span class=\"entry-date\"> <time datetime=\"2023-10-20T17:44:50+00:00\">octubre 2023<\/time><\/span><\/div><h4 class=\"pt-cv-title\"><a href=\"https:\/\/www.child-identity.org\/es\/video-que-son-los-derechos-a-la-identidad\/\" class=\"_self\" target=\"_self\" >Video: \u00bfQu\u00e9 son los derechos a la identidad?<\/a><\/h4><\/div><\/div>\n<div class=\" pt-cv-content-item pt-cv-1-col\"  data-pid=\"2919\"><div class=\"pt-cv-thumb-wrapper  \"><a href=\"https:\/\/www.child-identity.org\/es\/video-la-importancia-de-las-relaciones-con-los-hermanos-y-o-hermanas\/\" class=\"_self pt-cv-href-thumbnail pt-cv-thumb-default\" target=\"_self\" ><img loading=\"lazy\" decoding=\"async\" width=\"768\" height=\"432\" src=\"data:image\/svg+xml,%3Csvg%20xmlns%3D%27http:\/\/www.w3.org\/2000\/svg%27%20viewBox%3D%270%200%203%202%27%3E%3C\/svg%3E\" class=\"pt-cv-thumbnail img-rounded gt-lazy-load\" alt=\"\" data-src=\"https:\/\/www.child-identity.org\/wp-content\/uploads\/2024\/04\/Video-Importance-of-sibling-relationships-768x432.png\" data-srcset=\"\" \/><\/a><\/div>\n<div class=\"pt-cv-remain-wrapper\"><div class=\"pt-cv-meta-fields\"><span class=\"entry-date\"> <time datetime=\"2023-10-20T17:42:20+00:00\">octubre 2023<\/time><\/span><\/div><h4 class=\"pt-cv-title\"><a href=\"https:\/\/www.child-identity.org\/es\/video-la-importancia-de-las-relaciones-con-los-hermanos-y-o-hermanas\/\" class=\"_self\" target=\"_self\" >Video: La importancia de las relaciones con los hermanos y\/o hermanas<\/a><\/h4><\/div><\/div>\n<div class=\" pt-cv-content-item pt-cv-1-col\"  data-pid=\"2910\"><div class=\"pt-cv-thumb-wrapper  \"><a href=\"https:\/\/www.child-identity.org\/es\/video-los-desafios-con-la-adopcion-plena-y-la-terminacion-de-la-identidad-al-nacer\/\" class=\"_self pt-cv-href-thumbnail pt-cv-thumb-default\" target=\"_self\" ><img loading=\"lazy\" decoding=\"async\" width=\"768\" height=\"432\" src=\"data:image\/svg+xml,%3Csvg%20xmlns%3D%27http:\/\/www.w3.org\/2000\/svg%27%20viewBox%3D%270%200%203%202%27%3E%3C\/svg%3E\" class=\"pt-cv-thumbnail img-rounded gt-lazy-load\" alt=\"\" data-src=\"https:\/\/www.child-identity.org\/wp-content\/uploads\/2024\/04\/Video-Challenges-with-full-adoption-and-severance-of-birth-identity-768x432.png\" data-srcset=\"\" \/><\/a><\/div>\n<div class=\"pt-cv-remain-wrapper\"><div class=\"pt-cv-meta-fields\"><span class=\"entry-date\"> <time datetime=\"2023-10-20T17:39:29+00:00\">octubre 2023<\/time><\/span><\/div><h4 class=\"pt-cv-title\"><a href=\"https:\/\/www.child-identity.org\/es\/video-los-desafios-con-la-adopcion-plena-y-la-terminacion-de-la-identidad-al-nacer\/\" class=\"_self\" target=\"_self\" >Video: Los desaf\u00edos con la adopci\u00f3n (plena) y la terminaci\u00f3n de la identidad al nacer<\/a><\/h4><\/div><\/div>\n<div class=\" pt-cv-content-item pt-cv-1-col\"  data-pid=\"2900\"><div class=\"pt-cv-thumb-wrapper  \"><a href=\"https:\/\/www.child-identity.org\/es\/video-la-importancia-de-la-participacion-de-los-ninos-y-ninas-en-las-decisiones-que-les-afectan\/\" class=\"_self pt-cv-href-thumbnail pt-cv-thumb-default\" target=\"_self\" ><img loading=\"lazy\" decoding=\"async\" width=\"768\" height=\"432\" src=\"data:image\/svg+xml,%3Csvg%20xmlns%3D%27http:\/\/www.w3.org\/2000\/svg%27%20viewBox%3D%270%200%203%202%27%3E%3C\/svg%3E\" class=\"pt-cv-thumbnail img-rounded gt-lazy-load\" alt=\"\" data-src=\"https:\/\/www.child-identity.org\/wp-content\/uploads\/2024\/04\/Video-Importance-of-children-participating-in-decisions-that-affect-them-768x432.png\" data-srcset=\"\" \/><\/a><\/div>\n<div class=\"pt-cv-remain-wrapper\"><div class=\"pt-cv-meta-fields\"><span class=\"entry-date\"> <time datetime=\"2023-10-20T17:35:32+00:00\">octubre 2023<\/time><\/span><\/div><h4 class=\"pt-cv-title\"><a href=\"https:\/\/www.child-identity.org\/es\/video-la-importancia-de-la-participacion-de-los-ninos-y-ninas-en-las-decisiones-que-les-afectan\/\" class=\"_self\" target=\"_self\" >Video: La importancia de la participaci\u00f3n de los ni\u00f1os y ni\u00f1as en las decisiones que les afectan<\/a><\/h4><\/div><\/div>\n<div class=\" pt-cv-content-item pt-cv-1-col\"  data-pid=\"2890\"><div class=\"pt-cv-thumb-wrapper  \"><a href=\"https:\/\/www.child-identity.org\/es\/video-la-importancia-de-conocer-sus-origenes\/\" class=\"_self pt-cv-href-thumbnail pt-cv-thumb-default\" target=\"_self\" ><img loading=\"lazy\" decoding=\"async\" width=\"768\" height=\"432\" src=\"data:image\/svg+xml,%3Csvg%20xmlns%3D%27http:\/\/www.w3.org\/2000\/svg%27%20viewBox%3D%270%200%203%202%27%3E%3C\/svg%3E\" class=\"pt-cv-thumbnail img-rounded gt-lazy-load\" alt=\"\" data-src=\"https:\/\/www.child-identity.org\/wp-content\/uploads\/2024\/04\/Video-Importance-of-knowing-origins-768x432.png\" data-srcset=\"\" \/><\/a><\/div>\n<div class=\"pt-cv-remain-wrapper\"><div class=\"pt-cv-meta-fields\"><span class=\"entry-date\"> <time datetime=\"2023-10-20T17:30:17+00:00\">octubre 2023<\/time><\/span><\/div><h4 class=\"pt-cv-title\"><a href=\"https:\/\/www.child-identity.org\/es\/video-la-importancia-de-conocer-sus-origenes\/\" class=\"_self\" target=\"_self\" >Video: La importancia de conocer sus or\u00edgenes<\/a><\/h4><\/div><\/div>\n<div class=\" pt-cv-content-item pt-cv-1-col\"  data-pid=\"2881\"><div class=\"pt-cv-thumb-wrapper  \"><a href=\"https:\/\/www.child-identity.org\/es\/video-los-desafios-para-preservar-la-identidad-en-el-sistema-de-acogimiento-alternativo\/\" class=\"_self pt-cv-href-thumbnail pt-cv-thumb-default\" target=\"_self\" ><img loading=\"lazy\" decoding=\"async\" width=\"768\" height=\"432\" src=\"data:image\/svg+xml,%3Csvg%20xmlns%3D%27http:\/\/www.w3.org\/2000\/svg%27%20viewBox%3D%270%200%203%202%27%3E%3C\/svg%3E\" class=\"pt-cv-thumbnail img-rounded gt-lazy-load\" alt=\"\" data-src=\"https:\/\/www.child-identity.org\/wp-content\/uploads\/2024\/04\/Video-Challenges-to-preserving-identity-in-the-care-system-768x432.png\" data-srcset=\"\" \/><\/a><\/div>\n<div class=\"pt-cv-remain-wrapper\"><div class=\"pt-cv-meta-fields\"><span class=\"entry-date\"> <time datetime=\"2023-09-29T18:36:24+00:00\">septiembre 2023<\/time><\/span><\/div><h4 class=\"pt-cv-title\"><a href=\"https:\/\/www.child-identity.org\/es\/video-los-desafios-para-preservar-la-identidad-en-el-sistema-de-acogimiento-alternativo\/\" class=\"_self\" target=\"_self\" >Video: Los desaf\u00edos para preservar la identidad en el sistema de acogimiento alternativo<\/a><\/h4><\/div><\/div>\n<div class=\" pt-cv-content-item pt-cv-1-col\"  data-pid=\"2872\"><div class=\"pt-cv-thumb-wrapper  \"><a href=\"https:\/\/www.child-identity.org\/es\/video-como-pueden-los-estados-preservar-la-identidad-familiar-cuando-las-familias-estan-separadas\/\" class=\"_self pt-cv-href-thumbnail pt-cv-thumb-default\" target=\"_self\" ><img loading=\"lazy\" decoding=\"async\" width=\"768\" height=\"432\" src=\"data:image\/svg+xml,%3Csvg%20xmlns%3D%27http:\/\/www.w3.org\/2000\/svg%27%20viewBox%3D%270%200%203%202%27%3E%3C\/svg%3E\" class=\"pt-cv-thumbnail img-rounded gt-lazy-load\" alt=\"\" data-src=\"https:\/\/www.child-identity.org\/wp-content\/uploads\/2024\/04\/Video-How-can-States-preserve-family-identity-when-families-are-separated--768x432.png\" data-srcset=\"\" \/><\/a><\/div>\n<div class=\"pt-cv-remain-wrapper\"><div class=\"pt-cv-meta-fields\"><span class=\"entry-date\"> <time datetime=\"2023-09-29T18:33:34+00:00\">septiembre 2023<\/time><\/span><\/div><h4 class=\"pt-cv-title\"><a href=\"https:\/\/www.child-identity.org\/es\/video-como-pueden-los-estados-preservar-la-identidad-familiar-cuando-las-familias-estan-separadas\/\" class=\"_self\" target=\"_self\" >Video: \u00bfC\u00f3mo pueden los Estados preservar la identidad familiar cuando las familias est\u00e1n separadas?<\/a><\/h4><\/div><\/div>\n<div class=\" pt-cv-content-item pt-cv-1-col\"  data-pid=\"2862\"><div class=\"pt-cv-thumb-wrapper  \"><a href=\"https:\/\/www.child-identity.org\/es\/video-como-pueden-los-estados-preservar-la-identidad-familiar-al-prevenir-la-separacion-familiar\/\" class=\"_self pt-cv-href-thumbnail pt-cv-thumb-default\" target=\"_self\" ><img loading=\"lazy\" decoding=\"async\" width=\"768\" height=\"432\" src=\"data:image\/svg+xml,%3Csvg%20xmlns%3D%27http:\/\/www.w3.org\/2000\/svg%27%20viewBox%3D%270%200%203%202%27%3E%3C\/svg%3E\" class=\"pt-cv-thumbnail img-rounded gt-lazy-load\" alt=\"\" data-src=\"https:\/\/www.child-identity.org\/wp-content\/uploads\/2023\/09\/Video-How-can-States-preserve-family-identity-by-preventing-family-separation--768x432.png\" data-srcset=\"\" \/><\/a><\/div>\n<div class=\"pt-cv-remain-wrapper\"><div class=\"pt-cv-meta-fields\"><span class=\"entry-date\"> <time datetime=\"2023-09-29T18:28:39+00:00\">septiembre 2023<\/time><\/span><\/div><h4 class=\"pt-cv-title\"><a href=\"https:\/\/www.child-identity.org\/es\/video-como-pueden-los-estados-preservar-la-identidad-familiar-al-prevenir-la-separacion-familiar\/\" class=\"_self\" target=\"_self\" >Video: \u00bfC\u00f3mo pueden los Estados preservar la identidad familiar al prevenir la separaci\u00f3n familiar?<\/a><\/h4><\/div><\/div>\n<div class=\" pt-cv-content-item pt-cv-1-col\"  data-pid=\"2848\"><div class=\"pt-cv-thumb-wrapper  \"><a href=\"https:\/\/www.child-identity.org\/es\/video-por-que-la-identidad-familiar-es-importante-2\/\" class=\"_self pt-cv-href-thumbnail pt-cv-thumb-default\" target=\"_self\" ><img loading=\"lazy\" decoding=\"async\" width=\"768\" height=\"432\" src=\"data:image\/svg+xml,%3Csvg%20xmlns%3D%27http:\/\/www.w3.org\/2000\/svg%27%20viewBox%3D%270%200%203%202%27%3E%3C\/svg%3E\" class=\"pt-cv-thumbnail img-rounded gt-lazy-load\" alt=\"\" data-src=\"https:\/\/www.child-identity.org\/wp-content\/uploads\/2024\/04\/Video-Why-is-family-identity-important--768x432.png\" data-srcset=\"\" \/><\/a><\/div>\n<div class=\"pt-cv-remain-wrapper\"><div class=\"pt-cv-meta-fields\"><span class=\"entry-date\"> <time datetime=\"2023-09-29T18:19:08+00:00\">septiembre 2023<\/time><\/span><\/div><h4 class=\"pt-cv-title\"><a href=\"https:\/\/www.child-identity.org\/es\/video-por-que-la-identidad-familiar-es-importante-2\/\" class=\"_self\" target=\"_self\" >Video: \u00bfPor qu\u00e9 la identidad familiar es importante?<\/a><\/h4><\/div><\/div><\/div><\/div>\n<div class=\"text-center pt-cv-pagination-wrapper\"><a href='https:\/\/www.child-identity.org\/es\/wp-json\/wp\/v2\/pages\/2833\/?_page=2' onclick='event.preventDefault()' class=\"pt-cv-more btn btn-primary btn-sm\" data-totalpages=\"2\" data-nextpages=\"2\" data-sid=\"d3cad9bfwz\" data-unid=\"\" data-isblock=\"\" data-postid=\"\">Load more <span class=\"caret\"><\/span><\/a><img loading=\"lazy\" decoding=\"async\" width=\"15\" height=\"15\" class=\"pt-cv-spinner\" alt=\"Cargando...\" src=\"data:image\/gif;base64,R0lGODlhDwAPALMPAMrKygwMDJOTkz09PZWVla+vr3p6euTk5M7OzuXl5TMzMwAAAJmZmWZmZszMzP\/\/\/yH\/C05FVFNDQVBFMi4wAwEAAAAh+QQFCgAPACwAAAAADwAPAAAEQvDJaZaZOIcV8iQK8VRX4iTYoAwZ4iCYoAjZ4RxejhVNoT+mRGP4cyF4Pp0N98sBGIBMEMOotl6YZ3S61Bmbkm4mAgAh+QQFCgAPACwAAAAADQANAAAENPDJSRSZeA418itN8QiK8BiLITVsFiyBBIoYqnoewAD4xPw9iY4XLGYSjkQR4UAUD45DLwIAIfkEBQoADwAsAAAAAA8ACQAABC\/wyVlamTi3nSdgwFNdhEJgTJoNyoB9ISYoQmdjiZPcj7EYCAeCF1gEDo4Dz2eIAAAh+QQFCgAPACwCAAAADQANAAAEM\/DJBxiYeLKdX3IJZT1FU0iIg2RNKx3OkZVnZ98ToRD4MyiDnkAh6BkNC0MvsAj0kMpHBAAh+QQFCgAPACwGAAAACQAPAAAEMDC59KpFDll73HkAA2wVY5KgiK5b0RRoI6MuzG6EQqCDMlSGheEhUAgqgUUAFRySIgAh+QQFCgAPACwCAAIADQANAAAEM\/DJKZNLND\/kkKaHc3xk+QAMYDKsiaqmZCxGVjSFFCxB1vwy2oOgIDxuucxAMTAJFAJNBAAh+QQFCgAPACwAAAYADwAJAAAEMNAs86q1yaWwwv2Ig0jUZx3OYa4XoRAfwADXoAwfo1+CIjyFRuEho60aSNYlOPxEAAAh+QQFCgAPACwAAAIADQANAAAENPA9s4y8+IUVcqaWJ4qEQozSoAzoIyhCK2NFU2SJk0hNnyEOhKR2AzAAj4Pj4GE4W0bkJQIAOw==\" \/><div class=\"clear pt-cv-clear-pagination\"><\/div><\/div><\/div>\t\t\t<style type=\"text\/css\" id=\"pt-cv-inline-style-1503960rcw\">\n#pt-cv-view-d3cad9bfwz .pt-cv-thumb-wrapper:not(.miniwrap) {  }#pt-cv-view-d3cad9bfwz .pt-cv-thumbnail:not(.pt-cv-thumbnailsm) { height: 250px; }#pt-cv-view-d3cad9bfwz > .pt-cv-page {grid-template-columns: repeat(3, 1fr);grid-gap: 15px;}\n@media all and (max-width: 1024px) { \n#pt-cv-view-d3cad9bfwz > .pt-cv-page {grid-template-columns: repeat(1, 1fr);}\n} \n@media all and (max-width: 767px) { \n#pt-cv-view-d3cad9bfwz > .pt-cv-page {grid-template-columns: repeat(1, 1fr);}\n} <\/style>\r\n\t\t\t\t\t\t<style type=\"text\/css\" id=\"pt-cv-inline-style-8888037ldj\">#pt-cv-view-d3cad9bfwz .pt-cv-title a, #pt-cv-view-d3cad9bfwz  .panel-title { color: #312783 !important; font-weight: 600 !important; }\n#pt-cv-view-d3cad9bfwz .pt-cv-meta-fields * { color: #1caf8e !important; font-weight: 600 !important; }\n#pt-cv-view-d3cad9bfwz .pt-cv-readmore  { color: #ffffff !important; background-color: #1caf8e !important; }\n#pt-cv-view-d3cad9bfwz .pt-cv-readmore:hover  { color: #ffffff !important; background-color: #000000 !important; }\n#pt-cv-view-d3cad9bfwz  + .pt-cv-pagination-wrapper .pt-cv-more , #pt-cv-view-d3cad9bfwz  + .pt-cv-pagination-wrapper .pagination .active a, .pt-cv-pagination[data-sid='d3cad9bfwz'] .active a { color: #ffffff !important; background-color: #1caf8e !important; }\n \r\n                                    .cvp-live-filter[data-sid='d3cad9bfwz'].cvp-customized input:hover,\r\n                                    .cvp-live-filter[data-sid='d3cad9bfwz'].cvp-customized input:focus,\r\n                                    .cvp-live-filter[data-sid='d3cad9bfwz'].cvp-customized select:hover,\r\n                                    .cvp-live-filter[data-sid='d3cad9bfwz'].cvp-customized select:focus,\r\n                                    .cvp-live-filter[data-sid='d3cad9bfwz'].cvp-customized input~div:hover,\r\n                                    .cvp-live-filter[data-sid='d3cad9bfwz'].cvp-customized input~div:focus {border-color: #312783; box-shadow: 0 0 0 1px #312783 !important;}\r\n                                    .cvp-live-filter[data-sid='d3cad9bfwz'].cvp-customized input[type='checkbox']:checked {background-color: #312783;}\r\n                                    .cvp-live-filter[data-sid='d3cad9bfwz'].cvp-customized input[type='radio']:checked {border-color: #312783;}\r\n                                    .cvp-live-filter[data-sid='d3cad9bfwz'].cvp-customized input[type='radio']:checked::before {border-color: #312783; background: #312783;}\r\n                                    \n.cvp-live-filter[data-sid='d3cad9bfwz'] input[type=radio]:checked~div   { background-color: #312783 !important; }\n.cvp-live-submit   { color: #ffffff !important; background-color: #000000 !important; }\n.cvp-live-reset   { color: #ffffff !important; background-color: #666666 !important; }\n#pt-cv-view-d3cad9bfwz .img-rounded, #pt-cv-view-d3cad9bfwz .pt-cv-hover-wrapper { -webkit-border-radius: 5px !important; -moz-border-radius: 5px !important; border-radius: 5px !important; }\n#pt-cv-view-d3cad9bfwz .pt-cv-cap-w-img { border-bottom-left-radius: 5px !important; border-bottom-right-radius: 5px !important; }<\/style>\r\n\t\t\t[\/vc_column_text][\/vc_column][\/vc_row]<\/p>\n","protected":false},"excerpt":{"rendered":"<p>[vc_row disable_element=&#8221;yes&#8221;][vc_column][vc_basic_grid post_type=&#8221;post&#8221; max_items=&#8221;&#8221; style=&#8221;load-more&#8221; items_per_page=&#8221;6&#8243; item=&#8221;2785&#8243; btn_style=&#8221;modern&#8221; btn_color=&#8221;default&#8221; btn_size=&#8221;xs&#8221; grid_id=&#8221;vc_gid:1727938832256-bfcf764e-5ad3-8&#8243; taxonomies=&#8221;142&#8243;][\/vc_column][\/vc_row][vc_row][vc_column][vc_column_text][\/vc_column_text][\/vc_column][\/vc_row]<\/p>\n","protected":false},"author":1,"featured_media":0,"parent":0,"menu_order":0,"comment_status":"closed","ping_status":"closed","template":"","meta":{"footnotes":""},"class_list":["post-2833","page","type-page","status-publish","hentry"],"_links":{"self":[{"href":"https:\/\/www.child-identity.org\/es\/wp-json\/wp\/v2\/pages\/2833","targetHints":{"allow":["GET"]}}],"collection":[{"href":"https:\/\/www.child-identity.org\/es\/wp-json\/wp\/v2\/pages"}],"about":[{"href":"https:\/\/www.child-identity.org\/es\/wp-json\/wp\/v2\/types\/page"}],"author":[{"embeddable":true,"href":"https:\/\/www.child-identity.org\/es\/wp-json\/wp\/v2\/users\/1"}],"replies":[{"embeddable":true,"href":"https:\/\/www.child-identity.org\/es\/wp-json\/wp\/v2\/comments?post=2833"}],"version-history":[{"count":2,"href":"https:\/\/www.child-identity.org\/es\/wp-json\/wp\/v2\/pages\/2833\/revisions"}],"predecessor-version":[{"id":10666,"href":"https:\/\/www.child-identity.org\/es\/wp-json\/wp\/v2\/pages\/2833\/revisions\/10666"}],"wp:attachment":[{"href":"https:\/\/www.child-identity.org\/es\/wp-json\/wp\/v2\/media?parent=2833"}],"curies":[{"name":"wp","href":"https:\/\/api.w.org\/{rel}","templated":true}]}}