{"id":2987,"date":"2024-04-18T16:44:21","date_gmt":"2024-04-18T16:44:21","guid":{"rendered":"https:\/\/child-identity.org\/adultos-con-experiencias-propias\/"},"modified":"2024-10-03T07:07:07","modified_gmt":"2024-10-03T07:07:07","slug":"adultos-con-experiencias-propias","status":"publish","type":"page","link":"https:\/\/www.child-identity.org\/es\/adultos-con-experiencias-propias\/","title":{"rendered":"Adultos con experiencias propias"},"content":{"rendered":"<p>[vc_row disable_element=&#8221;yes&#8221;][vc_column][vc_basic_grid post_type=&#8221;post&#8221; max_items=&#8221;&#8221; style=&#8221;load-more&#8221; items_per_page=&#8221;6&#8243; item=&#8221;2785&#8243; btn_style=&#8221;modern&#8221; btn_color=&#8221;default&#8221; btn_size=&#8221;xs&#8221; grid_id=&#8221;vc_gid:1727939203553-ff8481fa-f3a6-3&#8243; taxonomies=&#8221;141&#8243;][\/vc_column][\/vc_row][vc_row][vc_column][vc_column_text]<div class=\"pt-cv-wrapper\"><div class=\"cvp-live-filter  cvp-customized cvp-search-box \" id=\"\" data-name=\"_search\" data-sid=\"77a776bt0n\" data-isblock=\"\" data-postid=\"\"><label for='sf_1961' class=\"cvp-label\">Search<\/label><input type=\"text\" id=\"sf_1961\" name=\"_search\" value=\"\" data-nosubmit=\"true\" placeholder=\"\"\/><\/div><div class=\"cvp-live-filter  cvp-customized cvp-dropdown \" id=\"\" data-name=\"tx_authors\" data-sid=\"77a776bt0n\" data-isblock=\"\" data-postid=\"\"><label class=\"cvp-label\">Author(s)<\/label><select name=\"tx_authors\"><option value=\"\">All<\/option><option value=\"armando-cupi-es\" >Armando Cupi<span class=\"cvp-count\"> (2)<\/span><\/option><option value=\"arthur-kermalvezen-es\" >Arthur Kermalvezen<span class=\"cvp-count\"> (7)<\/span><\/option><option value=\"audrey-kermalvezen-es\" >Audrey Kermalvezen<span class=\"cvp-count\"> (7)<\/span><\/option><option value=\"cissy-nalugya-es\" >Cissy Nalugya<span class=\"cvp-count\"> (1)<\/span><\/option><option value=\"gladys-bulyaba-es\" >Gladys Bulyaba<span class=\"cvp-count\"> (1)<\/span><\/option><option value=\"helene-loos-es\" >H\u00e9l\u00e8ne Loos<span class=\"cvp-count\"> (3)<\/span><\/option><option value=\"lynelle-long-es\" >Lynelle Long<span class=\"cvp-count\"> (9)<\/span><\/option><option value=\"manito-kayembe-es\" >Manito Kayembe<span class=\"cvp-count\"> (1)<\/span><\/option><option value=\"marie-marre-es\" >Marie Marre<span class=\"cvp-count\"> (6)<\/span><\/option><option value=\"mary-cardaras-es\" >Mary Cardaras<span class=\"cvp-count\"> (1)<\/span><\/option><option value=\"moses-yisabirye-es\" >Moses Yisabirye<span class=\"cvp-count\"> (1)<\/span><\/option><option value=\"muriel-crettol-es\" >Muriel Crettol<span class=\"cvp-count\"> (4)<\/span><\/option><option value=\"neha-gurung-es\" >Neha Gurung<span class=\"cvp-count\"> (3)<\/span><\/option><option value=\"vanessa-binder-es\" >Vanessa Binder<span class=\"cvp-count\"> (2)<\/span><\/option><option value=\"wilson-kiiza-es\" >Wilson Kiiza<span class=\"cvp-count\"> (1)<\/span><\/option><\/select><\/div><div class=\"cvp-live-filter  cvp-customized cvp-button \" id=\"\" data-name=\"tx_years\" data-sid=\"77a776bt0n\" data-isblock=\"\" data-postid=\"\"><label class=\"cvp-label\">Years<\/label><div class=\"btn\"><label><input type=\"radio\" name=\"tx_years\" value=\"\" checked\/><div>All<\/div><\/label><\/div><div class=\"btn\"><label><input type=\"radio\" name=\"tx_years\" value=\"2022-es\" \/><div>2022<\/div><\/label><\/div><div class=\"btn\"><label><input type=\"radio\" name=\"tx_years\" value=\"2023-es\" \/><div>2023<\/div><\/label><\/div><div class=\"btn\"><label><input type=\"radio\" name=\"tx_years\" value=\"2024-es\" \/><div>2024<\/div><\/label><\/div><div class=\"btn\"><label><input type=\"radio\" name=\"tx_years\" value=\"2025-es\" \/><div>2025<\/div><\/label><\/div><\/div><div class=\"cvp-live-filter  cvp-customized cvp-dropdown \" id=\"\" data-name=\"_orderby\" data-sid=\"77a776bt0n\" data-isblock=\"\" data-postid=\"\"><label class=\"cvp-label\">Sort by<\/label><select name=\"_orderby\"><option value=\"\">Default<\/option><option value=\"date,desc\" >Date (Newest)<\/option><option value=\"date\" >Date (Oldest)<\/option><option value=\"title\" >Title (A - Z)<\/option><option value=\"title,desc\" >Title (Z - A)<\/option><\/select><\/div><div class=\"pt-cv-view pt-cv-blockgrid iscvblock iscvhybrid grid1 layout3 cveffect-zoomin pt-cv-pgloadmore cvp-lfres\" id=\"pt-cv-view-77a776bt0n\"><div data-id=\"pt-cv-page-1\" class=\"pt-cv-page\" data-cvc=\"3\"><div class=\" pt-cv-content-item pt-cv-1-col\"  data-pid=\"12360\"><div class=\"pt-cv-thumb-wrapper  \"><a href=\"https:\/\/www.child-identity.org\/es\/video-el-papel-de-los-estados-en-la-prevencion-de-la-apatridia\/\" class=\"_self pt-cv-href-thumbnail pt-cv-thumb-default\" target=\"_self\" ><img loading=\"lazy\" decoding=\"async\" width=\"768\" height=\"399\" src=\"data:image\/svg+xml,%3Csvg%20xmlns%3D%27http:\/\/www.w3.org\/2000\/svg%27%20viewBox%3D%270%200%203%202%27%3E%3C\/svg%3E\" class=\"pt-cv-thumbnail img-rounded gt-lazy-load\" alt=\"\" data-src=\"https:\/\/www.child-identity.org\/wp-content\/uploads\/2025\/05\/06-tbn_Armando-Cupi_Role-of-States-to-prevent-Statelessness-768x399.png\" data-srcset=\"\" \/><\/a><\/div>\n<div class=\"pt-cv-remain-wrapper\"><div class=\"pt-cv-meta-fields\"><span class=\"entry-date\"> <time datetime=\"2025-05-29T08:38:52+00:00\">mayo 2025<\/time><\/span><span> \/ <\/span><span class=\"terms\"> <a href='https:\/\/www.child-identity.org\/es\/country\/italy-es\/' title='Italy' class='pt-cv-tax-italy-es'>Italy<\/a><\/span><\/div><h4 class=\"pt-cv-title\"><a href=\"https:\/\/www.child-identity.org\/es\/video-el-papel-de-los-estados-en-la-prevencion-de-la-apatridia\/\" class=\"_self\" target=\"_self\" >Video: El papel de los Estados en la prevenci\u00f3n de la apatridia<\/a><\/h4><\/div><\/div>\n<div class=\" pt-cv-content-item pt-cv-1-col\"  data-pid=\"12349\"><div class=\"pt-cv-thumb-wrapper  \"><a href=\"https:\/\/www.child-identity.org\/es\/video-apatridas-en-italia\/\" class=\"_self pt-cv-href-thumbnail pt-cv-thumb-default\" target=\"_self\" ><img loading=\"lazy\" decoding=\"async\" width=\"768\" height=\"399\" src=\"data:image\/svg+xml,%3Csvg%20xmlns%3D%27http:\/\/www.w3.org\/2000\/svg%27%20viewBox%3D%270%200%203%202%27%3E%3C\/svg%3E\" class=\"pt-cv-thumbnail img-rounded gt-lazy-load\" alt=\"\" data-src=\"https:\/\/www.child-identity.org\/wp-content\/uploads\/2025\/05\/05-tbn_Armando-Cupi_Stateless-in-Italy-768x399.png\" data-srcset=\"\" \/><\/a><\/div>\n<div class=\"pt-cv-remain-wrapper\"><div class=\"pt-cv-meta-fields\"><span class=\"entry-date\"> <time datetime=\"2025-05-29T08:34:11+00:00\">mayo 2025<\/time><\/span><span> \/ <\/span><span class=\"terms\"> <a href='https:\/\/www.child-identity.org\/es\/country\/italy-es\/' title='Italy' class='pt-cv-tax-italy-es'>Italy<\/a><\/span><\/div><h4 class=\"pt-cv-title\"><a href=\"https:\/\/www.child-identity.org\/es\/video-apatridas-en-italia\/\" class=\"_self\" target=\"_self\" >Video: Ap\u00e1tridas en Italia<\/a><\/h4><\/div><\/div>\n<div class=\" pt-cv-content-item pt-cv-1-col\"  data-pid=\"12339\"><div class=\"pt-cv-thumb-wrapper  \"><a href=\"https:\/\/www.child-identity.org\/es\/video-colaboracion-para-que-todas-las-personas-tengan-una-nacionalidad\/\" class=\"_self pt-cv-href-thumbnail pt-cv-thumb-default\" target=\"_self\" ><img loading=\"lazy\" decoding=\"async\" width=\"768\" height=\"399\" src=\"data:image\/svg+xml,%3Csvg%20xmlns%3D%27http:\/\/www.w3.org\/2000\/svg%27%20viewBox%3D%270%200%203%202%27%3E%3C\/svg%3E\" class=\"pt-cv-thumbnail img-rounded gt-lazy-load\" alt=\"\" data-src=\"https:\/\/www.child-identity.org\/wp-content\/uploads\/2025\/05\/04-tbn_Neha-Gurung_Collaborative-efforts-to-ensure-everyone-has-a-nationality-768x399.png\" data-srcset=\"\" \/><\/a><\/div>\n<div class=\"pt-cv-remain-wrapper\"><div class=\"pt-cv-meta-fields\"><span class=\"entry-date\"> <time datetime=\"2025-05-29T08:18:32+00:00\">mayo 2025<\/time><\/span><\/div><h4 class=\"pt-cv-title\"><a href=\"https:\/\/www.child-identity.org\/es\/video-colaboracion-para-que-todas-las-personas-tengan-una-nacionalidad\/\" class=\"_self\" target=\"_self\" >Video: Colaboraci\u00f3n para que todas las personas tengan una nacionalidad<\/a><\/h4><\/div><\/div>\n<div class=\" pt-cv-content-item pt-cv-1-col\"  data-pid=\"12329\"><div class=\"pt-cv-thumb-wrapper  \"><a href=\"https:\/\/www.child-identity.org\/es\/video-evitar-la-apatridia-es-posible-si-se-respetan-los-derechos-fundamentales\/\" class=\"_self pt-cv-href-thumbnail pt-cv-thumb-default\" target=\"_self\" ><img loading=\"lazy\" decoding=\"async\" width=\"768\" height=\"399\" src=\"data:image\/svg+xml,%3Csvg%20xmlns%3D%27http:\/\/www.w3.org\/2000\/svg%27%20viewBox%3D%270%200%203%202%27%3E%3C\/svg%3E\" class=\"pt-cv-thumbnail img-rounded gt-lazy-load\" alt=\"\" data-src=\"https:\/\/www.child-identity.org\/wp-content\/uploads\/2025\/05\/03b-tbn_Neha-Gurung_Preventing-Statelessness-is-possible-if-fundamental-rights-are-respected-768x399.png\" data-srcset=\"\" \/><\/a><\/div>\n<div class=\"pt-cv-remain-wrapper\"><div class=\"pt-cv-meta-fields\"><span class=\"entry-date\"> <time datetime=\"2025-05-29T08:14:09+00:00\">mayo 2025<\/time><\/span><\/div><h4 class=\"pt-cv-title\"><a href=\"https:\/\/www.child-identity.org\/es\/video-evitar-la-apatridia-es-posible-si-se-respetan-los-derechos-fundamentales\/\" class=\"_self\" target=\"_self\" >Video: Evitar la apatridia es posible si se respetan los derechos fundamentales<\/a><\/h4><\/div><\/div>\n<div class=\" pt-cv-content-item pt-cv-1-col\"  data-pid=\"12319\"><div class=\"pt-cv-thumb-wrapper  \"><a href=\"https:\/\/www.child-identity.org\/es\/video-la-apatridia-como-obstaculo-para-acceder-a-la-educacion\/\" class=\"_self pt-cv-href-thumbnail pt-cv-thumb-default\" target=\"_self\" ><img loading=\"lazy\" decoding=\"async\" width=\"768\" height=\"399\" src=\"data:image\/svg+xml,%3Csvg%20xmlns%3D%27http:\/\/www.w3.org\/2000\/svg%27%20viewBox%3D%270%200%203%202%27%3E%3C\/svg%3E\" class=\"pt-cv-thumbnail img-rounded gt-lazy-load\" alt=\"\" data-src=\"https:\/\/www.child-identity.org\/wp-content\/uploads\/2025\/05\/03-tbn_Neha-Gurung_Statelessness-as-barrier-to-accessing-education-768x399.png\" data-srcset=\"\" \/><\/a><\/div>\n<div class=\"pt-cv-remain-wrapper\"><div class=\"pt-cv-meta-fields\"><span class=\"entry-date\"> <time datetime=\"2025-05-29T08:09:39+00:00\">mayo 2025<\/time><\/span><\/div><h4 class=\"pt-cv-title\"><a href=\"https:\/\/www.child-identity.org\/es\/video-la-apatridia-como-obstaculo-para-acceder-a-la-educacion\/\" class=\"_self\" target=\"_self\" >Video: La apatridia como obst\u00e1culo para acceder a la educaci\u00f3n<\/a><\/h4><\/div><\/div>\n<div class=\" pt-cv-content-item pt-cv-1-col\"  data-pid=\"11717\"><div class=\"pt-cv-thumb-wrapper  \"><a href=\"https:\/\/www.child-identity.org\/es\/video-consejos-a-otras-donantes\/\" class=\"_self pt-cv-href-thumbnail pt-cv-thumb-default\" target=\"_self\" ><img loading=\"lazy\" decoding=\"async\" width=\"768\" height=\"400\" src=\"data:image\/svg+xml,%3Csvg%20xmlns%3D%27http:\/\/www.w3.org\/2000\/svg%27%20viewBox%3D%270%200%203%202%27%3E%3C\/svg%3E\" class=\"pt-cv-thumbnail img-rounded gt-lazy-load\" alt=\"\" data-src=\"https:\/\/www.child-identity.org\/wp-content\/uploads\/2025\/02\/tbn_Helene-Loos_Advice-to-other-donors-768x400.png\" data-srcset=\"\" \/><\/a><\/div>\n<div class=\"pt-cv-remain-wrapper\"><div class=\"pt-cv-meta-fields\"><span class=\"entry-date\"> <time datetime=\"2025-02-12T12:21:38+00:00\">febrero 2025<\/time><\/span><\/div><h4 class=\"pt-cv-title\"><a href=\"https:\/\/www.child-identity.org\/es\/video-consejos-a-otras-donantes\/\" class=\"_self\" target=\"_self\" >V\u00eddeo: Consejos a otras donantes<\/a><\/h4><\/div><\/div>\n<div class=\" pt-cv-content-item pt-cv-1-col\"  data-pid=\"11707\"><div class=\"pt-cv-thumb-wrapper  \"><a href=\"https:\/\/www.child-identity.org\/es\/video-falta-de-asesoramiento-profesional-sobre-los-derechos-de-los-ninos-y-ninas-en-la-donacion-de-ovulos\/\" class=\"_self pt-cv-href-thumbnail pt-cv-thumb-default\" target=\"_self\" ><img loading=\"lazy\" decoding=\"async\" width=\"768\" height=\"399\" src=\"data:image\/svg+xml,%3Csvg%20xmlns%3D%27http:\/\/www.w3.org\/2000\/svg%27%20viewBox%3D%270%200%203%202%27%3E%3C\/svg%3E\" class=\"pt-cv-thumbnail img-rounded gt-lazy-load\" alt=\"\" data-src=\"https:\/\/www.child-identity.org\/wp-content\/uploads\/2025\/02\/tbn_Helene-Loos_Lack-of-professional-advice-on-the-rights-of-children-when-donating-eggs-768x399.png\" data-srcset=\"\" \/><\/a><\/div>\n<div class=\"pt-cv-remain-wrapper\"><div class=\"pt-cv-meta-fields\"><span class=\"entry-date\"> <time datetime=\"2025-02-12T12:17:01+00:00\">febrero 2025<\/time><\/span><\/div><h4 class=\"pt-cv-title\"><a href=\"https:\/\/www.child-identity.org\/es\/video-falta-de-asesoramiento-profesional-sobre-los-derechos-de-los-ninos-y-ninas-en-la-donacion-de-ovulos\/\" class=\"_self\" target=\"_self\" >V\u00eddeo : Falta de asesoramiento profesional sobre los derechos de los ni\u00f1os y ni\u00f1as en la donaci\u00f3n de \u00f3vulos<\/a><\/h4><\/div><\/div>\n<div class=\" pt-cv-content-item pt-cv-1-col\"  data-pid=\"11694\"><div class=\"pt-cv-thumb-wrapper  \"><a href=\"https:\/\/www.child-identity.org\/es\/video-testimonio-de-una-donante-de-ovulos\/\" class=\"_self pt-cv-href-thumbnail pt-cv-thumb-default\" target=\"_self\" ><img loading=\"lazy\" decoding=\"async\" width=\"768\" height=\"399\" src=\"data:image\/svg+xml,%3Csvg%20xmlns%3D%27http:\/\/www.w3.org\/2000\/svg%27%20viewBox%3D%270%200%203%202%27%3E%3C\/svg%3E\" class=\"pt-cv-thumbnail img-rounded gt-lazy-load\" alt=\"\" data-src=\"https:\/\/www.child-identity.org\/wp-content\/uploads\/2025\/02\/tbn_Helene-Loos_Testimony-of-an-egg-donor-768x399.png\" data-srcset=\"\" \/><\/a><\/div>\n<div class=\"pt-cv-remain-wrapper\"><div class=\"pt-cv-meta-fields\"><span class=\"entry-date\"> <time datetime=\"2025-02-12T12:10:32+00:00\">febrero 2025<\/time><\/span><\/div><h4 class=\"pt-cv-title\"><a href=\"https:\/\/www.child-identity.org\/es\/video-testimonio-de-una-donante-de-ovulos\/\" class=\"_self\" target=\"_self\" >V\u00eddeo: Testimonio de una donante de \u00f3vulos<\/a><\/h4><\/div><\/div>\n<div class=\" pt-cv-content-item pt-cv-1-col\"  data-pid=\"11682\"><div class=\"pt-cv-thumb-wrapper  \"><a href=\"https:\/\/www.child-identity.org\/es\/video-association-sur-terre-via-donneur\/\" class=\"_self pt-cv-href-thumbnail pt-cv-thumb-default\" target=\"_self\" ><img loading=\"lazy\" decoding=\"async\" width=\"768\" height=\"400\" src=\"data:image\/svg+xml,%3Csvg%20xmlns%3D%27http:\/\/www.w3.org\/2000\/svg%27%20viewBox%3D%270%200%203%202%27%3E%3C\/svg%3E\" class=\"pt-cv-thumbnail img-rounded gt-lazy-load\" alt=\"\" data-src=\"https:\/\/www.child-identity.org\/wp-content\/uploads\/2025\/02\/tbn_Muriel-CRETTOL_On-Earth-Via-Donneur-768x400.png\" data-srcset=\"\" \/><\/a><\/div>\n<div class=\"pt-cv-remain-wrapper\"><div class=\"pt-cv-meta-fields\"><span class=\"entry-date\"> <time datetime=\"2025-02-10T18:51:05+00:00\">febrero 2025<\/time><\/span><\/div><h4 class=\"pt-cv-title\"><a href=\"https:\/\/www.child-identity.org\/es\/video-association-sur-terre-via-donneur\/\" class=\"_self\" target=\"_self\" >V\u00eddeo: Association Sur Terre Via Donneur<\/a><\/h4><\/div><\/div>\n<div class=\" pt-cv-content-item pt-cv-1-col\"  data-pid=\"11669\"><div class=\"pt-cv-thumb-wrapper  \"><a href=\"https:\/\/www.child-identity.org\/es\/video-papel-de-los-estados-en-la-reproduccion-asistida\/\" class=\"_self pt-cv-href-thumbnail pt-cv-thumb-default\" target=\"_self\" ><img loading=\"lazy\" decoding=\"async\" width=\"768\" height=\"399\" src=\"data:image\/svg+xml,%3Csvg%20xmlns%3D%27http:\/\/www.w3.org\/2000\/svg%27%20viewBox%3D%270%200%203%202%27%3E%3C\/svg%3E\" class=\"pt-cv-thumbnail img-rounded gt-lazy-load\" alt=\"\" data-src=\"https:\/\/www.child-identity.org\/wp-content\/uploads\/2025\/02\/tbn_Muriel-CRETTOL_Role-of-States-in-assisted-reproduction-768x399.png\" data-srcset=\"\" \/><\/a><\/div>\n<div class=\"pt-cv-remain-wrapper\"><div class=\"pt-cv-meta-fields\"><span class=\"entry-date\"> <time datetime=\"2025-02-10T18:43:42+00:00\">febrero 2025<\/time><\/span><\/div><h4 class=\"pt-cv-title\"><a href=\"https:\/\/www.child-identity.org\/es\/video-papel-de-los-estados-en-la-reproduccion-asistida\/\" class=\"_self\" target=\"_self\" >V\u00eddeo: Papel de los Estados en la reproducci\u00f3n asistida<\/a><\/h4><\/div><\/div>\n<div class=\" pt-cv-content-item pt-cv-1-col\"  data-pid=\"11657\"><div class=\"pt-cv-thumb-wrapper  \"><a href=\"https:\/\/www.child-identity.org\/es\/video-importancia-del-derecho-a-la-identidad-3\/\" class=\"_self pt-cv-href-thumbnail pt-cv-thumb-default\" target=\"_self\" ><img loading=\"lazy\" decoding=\"async\" width=\"768\" height=\"399\" src=\"data:image\/svg+xml,%3Csvg%20xmlns%3D%27http:\/\/www.w3.org\/2000\/svg%27%20viewBox%3D%270%200%203%202%27%3E%3C\/svg%3E\" class=\"pt-cv-thumbnail img-rounded gt-lazy-load\" alt=\"\" data-src=\"https:\/\/www.child-identity.org\/wp-content\/uploads\/2025\/02\/tbn_Muriel-CRETTOL_Importance-of-right-to-identity-768x399.png\" data-srcset=\"\" \/><\/a><\/div>\n<div class=\"pt-cv-remain-wrapper\"><div class=\"pt-cv-meta-fields\"><span class=\"entry-date\"> <time datetime=\"2025-02-10T18:36:19+00:00\">febrero 2025<\/time><\/span><\/div><h4 class=\"pt-cv-title\"><a href=\"https:\/\/www.child-identity.org\/es\/video-importancia-del-derecho-a-la-identidad-3\/\" class=\"_self\" target=\"_self\" >V\u00eddeo: Importancia del derecho a la identidad<\/a><\/h4><\/div><\/div>\n<div class=\" pt-cv-content-item pt-cv-1-col\"  data-pid=\"11645\"><div class=\"pt-cv-thumb-wrapper  \"><a href=\"https:\/\/www.child-identity.org\/es\/video-descubrir-mis-origenes-biologicos-2\/\" class=\"_self pt-cv-href-thumbnail pt-cv-thumb-default\" target=\"_self\" ><img loading=\"lazy\" decoding=\"async\" width=\"768\" height=\"400\" src=\"data:image\/svg+xml,%3Csvg%20xmlns%3D%27http:\/\/www.w3.org\/2000\/svg%27%20viewBox%3D%270%200%203%202%27%3E%3C\/svg%3E\" class=\"pt-cv-thumbnail img-rounded gt-lazy-load\" alt=\"\" data-src=\"https:\/\/www.child-identity.org\/wp-content\/uploads\/2025\/02\/tbn_Muriel-CRETTOL_Discovering-my-biological-origins-768x400.png\" data-srcset=\"\" \/><\/a><\/div>\n<div class=\"pt-cv-remain-wrapper\"><div class=\"pt-cv-meta-fields\"><span class=\"entry-date\"> <time datetime=\"2025-02-10T18:30:00+00:00\">febrero 2025<\/time><\/span><\/div><h4 class=\"pt-cv-title\"><a href=\"https:\/\/www.child-identity.org\/es\/video-descubrir-mis-origenes-biologicos-2\/\" class=\"_self\" target=\"_self\" >V\u00eddeo: Descubrir mis or\u00edgenes biol\u00f3gicos<\/a><\/h4><\/div><\/div><\/div><\/div>\n<div class=\"text-center pt-cv-pagination-wrapper\"><a href='https:\/\/www.child-identity.org\/es\/wp-json\/wp\/v2\/pages\/2987\/?_page=2' onclick='event.preventDefault()' class=\"pt-cv-more btn btn-primary btn-sm\" data-totalpages=\"4\" data-nextpages=\"2\" data-sid=\"77a776bt0n\" data-unid=\"\" data-isblock=\"\" data-postid=\"\">Load more <span class=\"caret\"><\/span><\/a><img loading=\"lazy\" decoding=\"async\" width=\"15\" height=\"15\" class=\"pt-cv-spinner\" alt=\"Cargando...\" src=\"data:image\/gif;base64,R0lGODlhDwAPALMPAMrKygwMDJOTkz09PZWVla+vr3p6euTk5M7OzuXl5TMzMwAAAJmZmWZmZszMzP\/\/\/yH\/C05FVFNDQVBFMi4wAwEAAAAh+QQFCgAPACwAAAAADwAPAAAEQvDJaZaZOIcV8iQK8VRX4iTYoAwZ4iCYoAjZ4RxejhVNoT+mRGP4cyF4Pp0N98sBGIBMEMOotl6YZ3S61Bmbkm4mAgAh+QQFCgAPACwAAAAADQANAAAENPDJSRSZeA418itN8QiK8BiLITVsFiyBBIoYqnoewAD4xPw9iY4XLGYSjkQR4UAUD45DLwIAIfkEBQoADwAsAAAAAA8ACQAABC\/wyVlamTi3nSdgwFNdhEJgTJoNyoB9ISYoQmdjiZPcj7EYCAeCF1gEDo4Dz2eIAAAh+QQFCgAPACwCAAAADQANAAAEM\/DJBxiYeLKdX3IJZT1FU0iIg2RNKx3OkZVnZ98ToRD4MyiDnkAh6BkNC0MvsAj0kMpHBAAh+QQFCgAPACwGAAAACQAPAAAEMDC59KpFDll73HkAA2wVY5KgiK5b0RRoI6MuzG6EQqCDMlSGheEhUAgqgUUAFRySIgAh+QQFCgAPACwCAAIADQANAAAEM\/DJKZNLND\/kkKaHc3xk+QAMYDKsiaqmZCxGVjSFFCxB1vwy2oOgIDxuucxAMTAJFAJNBAAh+QQFCgAPACwAAAYADwAJAAAEMNAs86q1yaWwwv2Ig0jUZx3OYa4XoRAfwADXoAwfo1+CIjyFRuEho60aSNYlOPxEAAAh+QQFCgAPACwAAAIADQANAAAENPA9s4y8+IUVcqaWJ4qEQozSoAzoIyhCK2NFU2SJk0hNnyEOhKR2AzAAj4Pj4GE4W0bkJQIAOw==\" \/><div class=\"clear pt-cv-clear-pagination\"><\/div><\/div><\/div>\t\t\t<style type=\"text\/css\" id=\"pt-cv-inline-style-aba377b3v4\">\n#pt-cv-view-77a776bt0n .pt-cv-thumb-wrapper:not(.miniwrap) {  }#pt-cv-view-77a776bt0n .pt-cv-thumbnail:not(.pt-cv-thumbnailsm) { height: 250px; }#pt-cv-view-77a776bt0n > .pt-cv-page {grid-template-columns: repeat(3, 1fr);grid-gap: 15px;}\n@media all and (max-width: 1024px) { \n#pt-cv-view-77a776bt0n > .pt-cv-page {grid-template-columns: repeat(1, 1fr);}\n} \n@media all and (max-width: 767px) { \n#pt-cv-view-77a776bt0n > .pt-cv-page {grid-template-columns: repeat(1, 1fr);}\n} <\/style>\r\n\t\t\t\t\t\t<style type=\"text\/css\" id=\"pt-cv-inline-style-bfdf2c8ilf\">#pt-cv-view-77a776bt0n .pt-cv-title a, #pt-cv-view-77a776bt0n  .panel-title { color: #312783 !important; font-weight: 600 !important; }\n#pt-cv-view-77a776bt0n .pt-cv-meta-fields * { color: #1caf8e !important; font-weight: 600 !important; }\n#pt-cv-view-77a776bt0n .pt-cv-readmore  { color: #ffffff !important; background-color: #1caf8e !important; }\n#pt-cv-view-77a776bt0n .pt-cv-readmore:hover  { color: #ffffff !important; background-color: #000000 !important; }\n#pt-cv-view-77a776bt0n  + .pt-cv-pagination-wrapper .pt-cv-more , #pt-cv-view-77a776bt0n  + .pt-cv-pagination-wrapper .pagination .active a, .pt-cv-pagination[data-sid='77a776bt0n'] .active a { color: #ffffff !important; background-color: #1caf8e !important; }\n \r\n                                    .cvp-live-filter[data-sid='77a776bt0n'].cvp-customized input:hover,\r\n                                    .cvp-live-filter[data-sid='77a776bt0n'].cvp-customized input:focus,\r\n                                    .cvp-live-filter[data-sid='77a776bt0n'].cvp-customized select:hover,\r\n                                    .cvp-live-filter[data-sid='77a776bt0n'].cvp-customized select:focus,\r\n                                    .cvp-live-filter[data-sid='77a776bt0n'].cvp-customized input~div:hover,\r\n                                    .cvp-live-filter[data-sid='77a776bt0n'].cvp-customized input~div:focus {border-color: #312783; box-shadow: 0 0 0 1px #312783 !important;}\r\n                                    .cvp-live-filter[data-sid='77a776bt0n'].cvp-customized input[type='checkbox']:checked {background-color: #312783;}\r\n                                    .cvp-live-filter[data-sid='77a776bt0n'].cvp-customized input[type='radio']:checked {border-color: #312783;}\r\n                                    .cvp-live-filter[data-sid='77a776bt0n'].cvp-customized input[type='radio']:checked::before {border-color: #312783; background: #312783;}\r\n                                    \n.cvp-live-filter[data-sid='77a776bt0n'] input[type=radio]:checked~div   { background-color: #312783 !important; }\n.cvp-live-submit   { color: #ffffff !important; background-color: #000000 !important; }\n.cvp-live-reset   { color: #ffffff !important; background-color: #666666 !important; }\n#pt-cv-view-77a776bt0n .img-rounded, #pt-cv-view-77a776bt0n .pt-cv-hover-wrapper { -webkit-border-radius: 5px !important; -moz-border-radius: 5px !important; border-radius: 5px !important; }\n#pt-cv-view-77a776bt0n .pt-cv-cap-w-img { border-bottom-left-radius: 5px !important; border-bottom-right-radius: 5px !important; }<\/style>\r\n\t\t\t[\/vc_column_text][\/vc_column][\/vc_row]<\/p>\n","protected":false},"excerpt":{"rendered":"<p>[vc_row disable_element=&#8221;yes&#8221;][vc_column][vc_basic_grid post_type=&#8221;post&#8221; max_items=&#8221;&#8221; style=&#8221;load-more&#8221; items_per_page=&#8221;6&#8243; item=&#8221;2785&#8243; btn_style=&#8221;modern&#8221; btn_color=&#8221;default&#8221; btn_size=&#8221;xs&#8221; grid_id=&#8221;vc_gid:1727939203553-ff8481fa-f3a6-3&#8243; taxonomies=&#8221;141&#8243;][\/vc_column][\/vc_row][vc_row][vc_column][vc_column_text][\/vc_column_text][\/vc_column][\/vc_row]<\/p>\n","protected":false},"author":1,"featured_media":0,"parent":0,"menu_order":0,"comment_status":"closed","ping_status":"closed","template":"","meta":{"footnotes":""},"class_list":["post-2987","page","type-page","status-publish","hentry"],"_links":{"self":[{"href":"https:\/\/www.child-identity.org\/es\/wp-json\/wp\/v2\/pages\/2987","targetHints":{"allow":["GET"]}}],"collection":[{"href":"https:\/\/www.child-identity.org\/es\/wp-json\/wp\/v2\/pages"}],"about":[{"href":"https:\/\/www.child-identity.org\/es\/wp-json\/wp\/v2\/types\/page"}],"author":[{"embeddable":true,"href":"https:\/\/www.child-identity.org\/es\/wp-json\/wp\/v2\/users\/1"}],"replies":[{"embeddable":true,"href":"https:\/\/www.child-identity.org\/es\/wp-json\/wp\/v2\/comments?post=2987"}],"version-history":[{"count":2,"href":"https:\/\/www.child-identity.org\/es\/wp-json\/wp\/v2\/pages\/2987\/revisions"}],"predecessor-version":[{"id":10671,"href":"https:\/\/www.child-identity.org\/es\/wp-json\/wp\/v2\/pages\/2987\/revisions\/10671"}],"wp:attachment":[{"href":"https:\/\/www.child-identity.org\/es\/wp-json\/wp\/v2\/media?parent=2987"}],"curies":[{"name":"wp","href":"https:\/\/api.w.org\/{rel}","templated":true}]}}