{"id":4341,"date":"2024-04-23T05:50:06","date_gmt":"2024-04-23T05:50:06","guid":{"rendered":"https:\/\/child-identity.org\/annual-report-2021\/"},"modified":"2024-04-24T05:54:01","modified_gmt":"2024-04-24T05:54:01","slug":"annual-report-2021","status":"publish","type":"page","link":"https:\/\/www.child-identity.org\/es\/annual-report-2021\/","title":{"rendered":"Annual Report\uff5cInforme Anual\uff5cRapport annuel 2021"},"content":{"rendered":"<p>[vc_row][vc_column][vc_single_image image=&#8221;4332&#8243; img_size=&#8221;full&#8221; alignment=&#8221;center&#8221;][vc_column_text]<\/p>\n<h1>Annual Report\uff5cInforme Anual\uff5cRapport annuel 2021<\/h1>\n<p>[\/vc_column_text][vc_row_inner][vc_column_inner width=&#8221;2\/3&#8243;][vc_column_text]<div class='w3eden'><!-- WPDM Link Template: Default Template -->\n\n<div class=\"link-template-default card mb-2\">\n    <div class=\"card-body\">\n        <div class=\"media\">\n            <div class=\"mr-3 img-48\"><img decoding=\"async\" class=\"wpdm_icon\" alt=\"Icon\" src=\"https:\/\/www.child-identity.org\/wp-content\/plugins\/download-manager\/assets\/file-type-icons\/pdf.svg\" \/><\/div>\n            <div class=\"media-body\">\n                <!--h3 class=\"package-title\"><a href='https:\/\/www.child-identity.org\/es\/download\/annual-report-2021\/'>Annual Report 2021<\/a><\/h3-->\n\t\t\t\t<h3 class=\"package-title\">Annual Report 2021<\/h3>\n                <div class=\"text-muted text-small\"><i class=\"fas fa-copy\"><\/i> 1 file(s) <i class=\"fas fa-hdd ml-3\"><\/i> 2.71 MB<\/div>\n            <\/div>\n            <div class=\"ml-3\">\n                <a class='wpdm-download-link download-on-click btn btn-primary ' rel='nofollow' href='#' data-downloadurl=\"https:\/\/www.child-identity.org\/es\/download\/annual-report-2021\/?wpdmdl=4334&refresh=69e82ed4d3bb11776824020\">Download<\/a>\n            <\/div>\n        <\/div>\n    <\/div>\n<\/div>\n\n<\/div>[\/vc_column_text][\/vc_column_inner][vc_column_inner width=&#8221;1\/3&#8243; css=&#8221;.vc_custom_1713938032576{background-color: #abb8c3 !important;}&#8221;][vc_column_text]<script>(function() {\n\twindow.mc4wp = window.mc4wp || {\n\t\tlisteners: [],\n\t\tforms: {\n\t\t\ton: function(evt, cb) {\n\t\t\t\twindow.mc4wp.listeners.push(\n\t\t\t\t\t{\n\t\t\t\t\t\tevent   : evt,\n\t\t\t\t\t\tcallback: cb\n\t\t\t\t\t}\n\t\t\t\t);\n\t\t\t}\n\t\t}\n\t}\n})();\n<\/script><!-- Mailchimp for WordPress v4.9.13 - https:\/\/wordpress.org\/plugins\/mailchimp-for-wp\/ --><form id=\"mc4wp-form-1\" class=\"mc4wp-form mc4wp-form-6881\" method=\"post\" data-id=\"6881\" data-name=\"Bolet\u00edn\" ><div class=\"mc4wp-form-fields\"><h3>Suscribirse al bolet\u00edn<\/h3>\n\n\n<p>\n    <label>Nombre *<\/label>\n    <input type=\"text\" name=\"FNAME\" required=\"\">\n<\/p>\n\n\n<p>\n    <label>Apellido *<\/label>\n    <input type=\"text\" name=\"LNAME\" required=\"\">\n<\/p>\n\n<p>\n\t<label>Direcci\u00f3n de correo electr\u00f3nico: *<\/label>\n\t\t<input type=\"email\" name=\"EMAIL\" required=\"\">\n\n<\/p>\n\n<p>\n    <label>Organizaci\u00f3n<\/label>\n    <input type=\"text\" name=\"MMERGE5\">\n<\/p>\n\n\n<p>\n    <label>Pa\u00eds\/territorio<\/label>\n    <select name=\"ADDRESS[country]\">\n      <option value=\"\"><\/option>  \n        <option value=\"AF\">Afganist\u00e1n<\/option>\n        <option value=\"AX\">Islas Aland<\/option>\n        <option value=\"AL\">Albania<\/option>\n        <option value=\"DZ\">Argelia<\/option>\n        <option value=\"AS\">Samoa Americana<\/option>\n        <option value=\"AD\">Andorra<\/option>\n        <option value=\"AO\">Angola<\/option>\n        <option value=\"AI\">Anguila<\/option>\n        <option value=\"AQ\">Ant\u00e1rtida<\/option>\n        <option value=\"AG\">Antigua y Barbuda<\/option>\n        <option value=\"AR\">Argentina<\/option>\n        <option value=\"AM\">Armenia<\/option>\n        <option value=\"AW\">Aruba<\/option>\n        <option value=\"AU\">Australia<\/option>\n        <option value=\"EN\">Austria<\/option>\n        <option value=\"AZ\">Azerbaiy\u00e1n<\/option>\n        <option value=\"BS\">Bahamas<\/option>\n        <option value=\"BH\">Bahrein<\/option>\n        <option value=\"BD\">Bangladesh<\/option>\n        <option value=\"BB\">Barbados<\/option>\n        <option value=\"POR\">Bielorrusia<\/option>\n        <option value=\"BE\">B\u00e9lgica<\/option>\n        <option value=\"BZ\">Belice<\/option>\n        <option value=\"BJ\">Ben\u00edn<\/option>\n        <option value=\"BM\">Bermudas<\/option>\n        <option value=\"BT\">But\u00e1n<\/option>\n        <option value=\"BO\">Bolivia<\/option>\n        <option value=\"BQ\">Bonaire, San Eustaquio y Saba<\/option>\n        <option value=\"BA\">Bosnia y Herzegovina<\/option>\n        <option value=\"BW\">Botsuana<\/option>\n        <option value=\"BV\">Isla Bouvet<\/option>\n        <option value=\"BR\">Brasil<\/option>\n        <option value=\"IO\">Territorio Brit\u00e1nico del Oc\u00e9ano \u00cdndico<\/option>\n        <option value=\"VG\">Islas V\u00edrgenes Brit\u00e1nicas<\/option>\n        <option value=\"BN\">Brunei<\/option>\n        <option value=\"BG\">Bulgaria<\/option>\n        <option value=\"BF\">Burkina Faso<\/option>\n        <option value=\"BI\">Burundi<\/option>\n        <option value=\"KH\">Camboya<\/option>\n        <option value=\"CM\">Camer\u00fan<\/option>\n        <option value=\"CA\">Canad\u00e1<\/option>\n        <option value=\"CV\">Cabo Verde<\/option>\n        <option value=\"KY\">Islas Caim\u00e1n<\/option>\n        <option value=\"CF\">Rep\u00fablica Centroafricana<\/option>\n        <option value=\"TD\">Chad<\/option>\n        <option value=\"CL\">Chile<\/option>\n        <option value=\"CN\">China<\/option>\n        <option value=\"CX\">Isla de Navidad<\/option>\n        <option value=\"CC\">Islas Cocos<\/option>\n        <option value=\"CO\">Colombia<\/option>\n        <option value=\"KM\">Comoras<\/option>\n        <option value=\"CK\">Islas Cook<\/option>\n        <option value=\"CR\">Costa Rica<\/option>\n        <option value=\"RRHH\">Croacia<\/option>\n        <option value=\"CU\">Cuba<\/option>\n        <option value=\"CW\">Cura\u00e7ao<\/option>\n        <option value=\"CY\">Chipre<\/option>\n        <option value=\"CZ\">Rep\u00fablica Checa<\/option>\n        <option value=\"CD\">Rep\u00fablica Democr\u00e1tica del Congo<\/option>\n        <option value=\"DK\">Dinamarca<\/option>\n        <option value=\"DJ\">Yibuti<\/option>\n        <option value=\"DM\">Dominica<\/option>\n        <option value=\"DO\">Rep\u00fablica Dominicana<\/option>\n        <option value=\"TL\">Timor Oriental<\/option>\n        <option value=\"CE\">Ecuador<\/option>\n        <option value=\"EG\">Egipto<\/option>\n        <option value=\"SV\">El Salvador<\/option>\n        <option value=\"GQ\">Guinea Ecuatorial<\/option>\n        <option value=\"ER\">Eritrea<\/option>\n        <option value=\"EE\">Estonia<\/option>\n        <option value=\"ET\">Etiop\u00eda<\/option>\n        <option value=\"FK\">Islas Malvinas<\/option>\n        <option value=\"FO\">Islas Feroe<\/option>\n        <option value=\"FJ\">Fiyi<\/option>\n        <option value=\"FI\">Finlandia<\/option>\n        <option value=\"FR\">Francia<\/option>\n        <option value=\"GF\">Guayana Francesa<\/option>\n        <option value=\"PF\">Polinesia Francesa<\/option>\n        <option value=\"TF\">Territorios Australes Franceses<\/option>\n        <option value=\"GA\">Gab\u00f3n<\/option>\n        <option value=\"GM\">Gambia<\/option>\n        <option value=\"GE\">Georgia<\/option>\n        <option value=\"DE\">Alemania<\/option>\n        <option value=\"GH\">Ghana<\/option>\n        <option value=\"GI\">Gibraltar<\/option>\n        <option value=\"GR\">Grecia<\/option>\n        <option value=\"GL\">Groenlandia<\/option>\n        <option value=\"GD\">Granada<\/option>\n        <option value=\"GP\">Guadalupe<\/option>\n        <option value=\"GU\">Guam<\/option>\n        <option value=\"GT\">Guatemala<\/option>\n        <option value=\"GG\">Guernsey<\/option>\n        <option value=\"GN\">Guinea<\/option>\n        <option value=\"GW\">Guinea-Bissau<\/option>\n        <option value=\"GY\">Guyana<\/option>\n        <option value=\"HT\">Hait\u00ed<\/option>\n        <option value=\"HM\">Isla Heard e Islas McDonald<\/option>\n        <option value=\"HN\">Honduras<\/option>\n        <option value=\"HK\">Hong Kong<\/option>\n        <option value=\"HU\">Hungr\u00eda<\/option>\n        <option value=\"IS\">Islandia<\/option>\n        <option value=\"EN\">India<\/option>\n        <option value=\"ID\">Indonesia<\/option>\n        <option value=\"IR\">Ir\u00e1n<\/option>\n        <option value=\"CI\">Iraq<\/option>\n        <option value=\"IE\">Irlanda<\/option>\n        <option value=\"MI\">Isla de Man<\/option>\n        <option value=\"IL\">Israel<\/option>\n        <option value=\"TI\">Italia<\/option>\n        <option value=\"CI\">Costa de Marfil<\/option>\n        <option value=\"JM\">Jamaica<\/option>\n        <option value=\"JP\">Jap\u00f3n<\/option>\n        <option value=\"JE\">Jersey<\/option>\n        <option value=\"JO\">Jordania<\/option>\n        <option value=\"KZ\">Kazajst\u00e1n<\/option>\n        <option value=\"KE\">Kenia<\/option>\n        <option value=\"KI\">Kiribati<\/option>\n        <option value=\"XK\">Kosovo<\/option>\n        <option value=\"KW\">Kuwait<\/option>\n        <option value=\"KG\">Kirguist\u00e1n<\/option>\n        <option value=\"LA\">Laos<\/option>\n        <option value=\"LV\">Letonia<\/option>\n        <option value=\"LB\">L\u00edbano<\/option>\n        <option value=\"LS\">Lesoto<\/option>\n        <option value=\"LR\">Liberia<\/option>\n        <option value=\"LY\">Libia<\/option>\n        <option value=\"LI\">Liechtenstein<\/option>\n        <option value=\"LT\">Lituania<\/option>\n        <option value=\"LU\">Luxemburgo<\/option>\n        <option value=\"MO\">Macao<\/option>\n        <option value=\"MK\">Macedonia<\/option>\n        <option value=\"MG\">Madagascar<\/option>\n        <option value=\"MW\">Malawi<\/option>\n        <option value=\"MI\">Malasia<\/option>\n        <option value=\"MV\">Maldivas<\/option>\n        <option value=\"ML\">Mali<\/option>\n        <option value=\"MT\">Malta<\/option>\n        <option value=\"MH\">Islas Marshall<\/option>\n        <option value=\"MQ\">Martinica<\/option>\n        <option value=\"MR\">Mauritania<\/option>\n        <option value=\"MU\">Mauricio<\/option>\n        <option value=\"YT\">Mayotte<\/option>\n        <option value=\"MX\">M\u00e9xico<\/option>\n        <option value=\"FM\">Micronesia<\/option>\n        <option value=\"MD\">Moldavia<\/option>\n        <option value=\"MC\">M\u00f3naco<\/option>\n        <option value=\"MN\">Mongolia<\/option>\n        <option value=\"ME\">Montenegro<\/option>\n        <option value=\"MS\">Montserrat<\/option>\n        <option value=\"MA\">Marruecos<\/option>\n        <option value=\"MZ\">Mozambique<\/option>\n        <option value=\"MM\">Myanmar<\/option>\n        <option value=\"NA\">Namibia<\/option>\n        <option value=\"NR\">Nauru<\/option>\n        <option value=\"NP\">Nepal<\/option>\n        <option value=\"NL\">Pa\u00edses Bajos<\/option>\n        <option value=\"NC\">Nueva Caledonia<\/option>\n        <option value=\"NZ\">Nueva Zelanda<\/option>\n        <option value=\"NI\">Nicaragua<\/option>\n        <option value=\"NE\">N\u00edger<\/option>\n        <option value=\"NG\">Nigeria<\/option>\n        <option value=\"NU\">Niue<\/option>\n        <option value=\"NF\">Isla de Norfolk<\/option>\n        <option value=\"KP\">Corea del Norte<\/option>\n        <option value=\"MP\">Islas Marianas del Norte<\/option>\n        <option value=\"NO\">Noruega<\/option>\n        <option value=\"OM\">Om\u00e1n<\/option>\n        <option value=\"PK\">Pakist\u00e1n<\/option>\n        <option value=\"PW\">Palau<\/option>\n        <option value=\"PS\">Territorio Palestino<\/option>\n        <option value=\"PA\">Panam\u00e1<\/option>\n        <option value=\"PG\">Pap\u00faa Nueva Guinea<\/option>\n        <option value=\"PY\">Paraguay<\/option>\n        <option value=\"PE\">Per\u00fa<\/option>\n        <option value=\"PH\">Filipinas<\/option>\n        <option value=\"PN\">Pitcairn<\/option>\n        <option value=\"PL\">Polonia<\/option>\n        <option value=\"PT\">Portugal<\/option>\n        <option value=\"PR\">Puerto Rico<\/option>\n        <option value=\"CONTROL DE CALIDAD\">Qatar<\/option>\n        <option value=\"CG\">Rep\u00fablica del Congo<\/option>\n        <option value=\"RE\">Reuni\u00f3n<\/option>\n        <option value=\"RO\">Ruman\u00eda<\/option>\n        <option value=\"RU\">Rusia<\/option>\n        <option value=\"RW\">Ruanda<\/option>\n        <option value=\"BL\">San Bartolom\u00e9<\/option>\n        <option value=\"SH\">Santa Elena<\/option>\n        <option value=\"KN\">San Crist\u00f3bal y Nieves<\/option>\n        <option value=\"LC\">Santa Luc\u00eda<\/option>\n        <option value=\"MF\">San Mart\u00edn<\/option>\n        <option value=\"PM\">San Pedro y Miquel\u00f3n<\/option>\n        <option value=\"VC\">San Vicente y las Granadinas<\/option>\n        <option value=\"WS\">Samoa<\/option>\n        <option value=\"SM\">San Marino<\/option>\n        <option value=\"ST\">Santo Tom\u00e9 y Pr\u00edncipe<\/option>\n        <option value=\"SA\">Arabia Saud\u00ed<\/option>\n        <option value=\"SN\">Senegal<\/option>\n        <option value=\"RS\">Serbia<\/option>\n        <option value=\"SC\">Seychelles<\/option>\n        <option value=\"SL\">Sierra Leona<\/option>\n        <option value=\"SG\">Singapur<\/option>\n        <option value=\"SX\">San Mart\u00edn<\/option>\n        <option value=\"SK\">Eslovaquia<\/option>\n        <option value=\"SI\">Eslovenia<\/option>\n        <option value=\"SB\">Islas Salom\u00f3n<\/option>\n        <option value=\"SO\">Somalia<\/option>\n        <option value=\"ZA\">Sud\u00e1frica<\/option>\n        <option value=\"GS\">Georgia del Sur y las Islas Sandwich del Sur<\/option>\n        <option value=\"KR\">Corea del Sur<\/option>\n        <option value=\"SS\">Sud\u00e1n del Sur<\/option>\n        <option value=\"ES\">Espa\u00f1a<\/option>\n        <option value=\"LK\">Sri Lanka<\/option>\n        <option value=\"SD\">Sud\u00e1n<\/option>\n        <option value=\"SR\">Surinam<\/option>\n        <option value=\"SJ\">Svalbard y Jan Mayen<\/option>\n        <option value=\"SZ\">Suazilandia<\/option>\n        <option value=\"SE\">Suecia<\/option>\n        <option value=\"CH\">Suiza<\/option>\n        <option value=\"SY\">Siria<\/option>\n        <option value=\"TW\">Taiw\u00e1n<\/option>\n        <option value=\"TJ\">Tayikist\u00e1n<\/option>\n        <option value=\"TZ\">Tanzania<\/option>\n        <option value=\"TH\">Tailandia<\/option>\n        <option value=\"TG\">Togo<\/option>\n        <option value=\"TK\">Tokelau<\/option>\n        <option value=\"A\">Tonga<\/option>\n        <option value=\"TT\">Trinidad y Tobago<\/option>\n        <option value=\"TN\">T\u00fanez<\/option>\n        <option value=\"TR\">Turqu\u00eda<\/option>\n        <option value=\"TM\">Turkmenist\u00e1n<\/option>\n        <option value=\"TC\">Islas Turcas y Caicos<\/option>\n        <option value=\"TV\">Tuvalu<\/option>\n        <option value=\"VI\">Islas V\u00edrgenes de EE.UU.<\/option>\n        <option value=\"UG\">Uganda<\/option>\n        <option value=\"UA\">Ucrania<\/option>\n        <option value=\"AE\">Emiratos \u00c1rabes Unidos<\/option>\n        <option value=\"GB\">Reino Unido<\/option>\n        <option value=\"US\">Estados Unidos<\/option>\n        <option value=\"UM\">Islas perif\u00e9ricas menores de Estados Unidos<\/option>\n        <option value=\"UY\">Uruguay<\/option>\n        <option value=\"UZ\">Uzbekist\u00e1n<\/option>\n        <option value=\"VU\">Vanuatu<\/option>\n        <option value=\"VA\">Vaticano<\/option>\n        <option value=\"VE\">Venezuela<\/option>\n        <option value=\"VN\">Vietnam<\/option>\n        <option value=\"WF\">Wallis y Futuna<\/option>\n        <option value=\"EH\">Sahara Occidental<\/option>\n        <option value=\"YE\">Yemen<\/option>\n        <option value=\"ZM\">Zambia<\/option>\n        <option value=\"ZW\">Zimbabue<\/option>\n    <\/select>\n<\/p>\n\n\n<p>\n    <label>\u00c1rea de inter\u00e9s<\/label>\n   <!-- <input type=\"text\" name=\"MMERGE7\">-->\n  <select name=\"MMERGE7\">\n    <option value=\"\"><\/option>    \n    <option value=\"Secuestro\">Secuestro<\/option>\n    <option value=\"Adopci\u00f3n\">Adopci\u00f3n<\/option>\n    <option value=\"Cuidados alternativos\">Cuidados alternativos<\/option>\n    <option value=\"Conflicto armado\">Conflicto armado<\/option>\n    <option value=\"Tecnolog\u00eda de reproducci\u00f3n asistida\">Tecnolog\u00eda de reproducci\u00f3n asistida<\/option>\n    <option value=\"Inscripci\u00f3n de nacimiento\">Inscripci\u00f3n de nacimiento<\/option>\n    <option value=\"Matrimonio infantil\">Matrimonio infantil<\/option>\n    <option value=\"Ni\u00f1os en movimiento\">Ni\u00f1os en movimiento<\/option>\n    <option value=\"Ni\u00f1os soldados\">Ni\u00f1os soldados<\/option>\n    <option value=\"Educaci\u00f3n\">Educaci\u00f3n<\/option>\n    <option value=\"Explotaci\u00f3n y tr\u00e1fico\">Explotaci\u00f3n y tr\u00e1fico<\/option>\n    <option value=\"Relaciones familiares\">Relaciones familiares<\/option>\n    <option value=\"Salud\">Salud<\/option>\n    <option value=\"Humanitario y conflicto\">Humanitario y conflicto<\/option>\n    <option value=\"Identidad jur\u00eddica\">Identidad jur\u00eddica<\/option>\n    <option value=\"Migraci\u00f3n\">Migraci\u00f3n<\/option>\n    <option value=\"Nacionalidad y apatridia\">Nacionalidad y apatridia<\/option>\n    <option value=\"Ni\u00f1os de la calle\">Ni\u00f1os de la calle<\/option>\n    <option value=\"Gestaci\u00f3n subrogada\">Gestaci\u00f3n subrogada<\/option>\n    <option value=\"Naciones Unidas\">Naciones Unidas<\/option>\n  <\/select>\n<\/p>\n\n\n\n<p>\n\t<input type=\"submit\" value=\"Suscr\u00edbete\">\n<\/p><\/div><label style=\"display: none !important;\">Deja vac\u00edo este campo si eres humano: <input type=\"text\" name=\"_mc4wp_honeypot\" value=\"\" tabindex=\"-1\" autocomplete=\"off\" \/><\/label><input type=\"hidden\" name=\"_mc4wp_timestamp\" value=\"1776824020\" \/><input type=\"hidden\" name=\"_mc4wp_form_id\" value=\"6881\" \/><input type=\"hidden\" name=\"_mc4wp_form_element_id\" value=\"mc4wp-form-1\" \/><div class=\"mc4wp-response\"><\/div><\/form><!-- \/ Mailchimp for WordPress Plugin -->[\/vc_column_text][\/vc_column_inner][\/vc_row_inner][\/vc_column][\/vc_row]<\/p>\n","protected":false},"excerpt":{"rendered":"<p>[vc_row][vc_column][vc_single_image image=&#8221;4332&#8243; img_size=&#8221;full&#8221; alignment=&#8221;center&#8221;][vc_column_text] Annual Report\uff5cInforme Anual\uff5cRapport annuel 2021 [\/vc_column_text][vc_row_inner][vc_column_inner width=&#8221;2\/3&#8243;][vc_column_text][\/vc_column_text][\/vc_column_inner][vc_column_inner width=&#8221;1\/3&#8243; css=&#8221;.vc_custom_1713938032576{background-color: #abb8c3 !important;}&#8221;][vc_column_text][\/vc_column_text][\/vc_column_inner][\/vc_row_inner][\/vc_column][\/vc_row]<\/p>\n","protected":false},"author":1,"featured_media":0,"parent":0,"menu_order":0,"comment_status":"closed","ping_status":"closed","template":"","meta":{"footnotes":""},"class_list":["post-4341","page","type-page","status-publish","hentry"],"_links":{"self":[{"href":"https:\/\/www.child-identity.org\/es\/wp-json\/wp\/v2\/pages\/4341","targetHints":{"allow":["GET"]}}],"collection":[{"href":"https:\/\/www.child-identity.org\/es\/wp-json\/wp\/v2\/pages"}],"about":[{"href":"https:\/\/www.child-identity.org\/es\/wp-json\/wp\/v2\/types\/page"}],"author":[{"embeddable":true,"href":"https:\/\/www.child-identity.org\/es\/wp-json\/wp\/v2\/users\/1"}],"replies":[{"embeddable":true,"href":"https:\/\/www.child-identity.org\/es\/wp-json\/wp\/v2\/comments?post=4341"}],"version-history":[{"count":11,"href":"https:\/\/www.child-identity.org\/es\/wp-json\/wp\/v2\/pages\/4341\/revisions"}],"predecessor-version":[{"id":4503,"href":"https:\/\/www.child-identity.org\/es\/wp-json\/wp\/v2\/pages\/4341\/revisions\/4503"}],"wp:attachment":[{"href":"https:\/\/www.child-identity.org\/es\/wp-json\/wp\/v2\/media?parent=4341"}],"curies":[{"name":"wp","href":"https:\/\/api.w.org\/{rel}","templated":true}]}}