{"id":4399,"date":"2024-04-23T15:02:38","date_gmt":"2024-04-23T15:02:38","guid":{"rendered":"https:\/\/child-identity.org\/?page_id=4399"},"modified":"2024-06-13T06:52:58","modified_gmt":"2024-06-13T06:52:58","slug":"que-dice-el-derecho-internacional","status":"publish","type":"page","link":"https:\/\/www.child-identity.org\/es\/que-dice-el-derecho-internacional\/","title":{"rendered":"\u00bfQu\u00e9 dice el Derecho Internacional?"},"content":{"rendered":"<p>[vc_row full_width=&#8221;stretch_row&#8221; css=&#8221;.vc_custom_1713885426196{background-image: url(https:\/\/child-identity.org\/wp-content\/uploads\/2024\/04\/background_screen_1.png?id=4358) !important;background-position: center !important;background-repeat: no-repeat !important;background-size: cover !important;}&#8221; el_class=&#8221;header-blue&#8221;][vc_column][vc_empty_space height=&#8221;100px&#8221;][vc_column_text]<\/p>\n<h1 class=\"sppb-title-heading\">\u00bfQU\u00c9 DICE EL DERECHO INTERNACIONAL?<\/h1>\n<p>[\/vc_column_text][vc_empty_space height=&#8221;10px&#8221;][vc_row_inner][vc_column_inner width=&#8221;2\/5&#8243;][vc_column_text]<\/p>\n<h2>Los est\u00e1ndares internacionales proporcionan una clara protecci\u00f3n de la identidad de cada ni\u00f1o o ni\u00f1a.En particular, la Convenci\u00f3n sobre los Derechos del Ni\u00f1o (CDN) se\u00f1ala:<\/h2>\n<p>[\/vc_column_text][\/vc_column_inner][vc_column_inner width=&#8221;3\/5&#8243;][vc_column_text css=&#8221;.vc_custom_1718259904328{margin-top: 50px !important;}&#8221;]<span class=\"castaregular\" style=\"font-size: 18.6px; line-height: 26px; font-weight: 300;\"><em><strong>Art\u00edculo 7<\/strong><br \/>\n1. El ni\u00f1o ser\u00e1 inscripto inmediatamente despu\u00e9s de su nacimiento y tendr\u00e1 derecho desde que nace a un nombre, a adquirir una nacionalidad y, en la medida de lo posible, a conocer a sus padres y a ser cuidado por ellos. [\u2026]<\/em><\/span><\/p>\n<p><span class=\"castaregular\" style=\"font-size: 18.6px; line-height: 26px; font-weight: 300;\"><em><strong>Art\u00edculo 8<br \/>\n<\/strong>1. Los Estados Partes se comprometen a respetar el derecho del ni\u00f1o a preservar su identidad, incluidos la nacionalidad, el nombre y las relaciones familiares de conformidad con la ley sin injerencias il\u00edcitas. <\/em><\/span><\/p>\n<p><span class=\"castaregular\" style=\"font-size: 18.6px; line-height: 26px; font-weight: 300;\"><em>2. Cuando un ni\u00f1o sea privado ilegalmente de algunos de los elementos de su identidad o de todos ellos, los Estados Partes deber\u00e1n prestar la asistencia y protecci\u00f3n apropiadas con miras a restablecer r\u00e1pidamente su identidad. <\/em><\/span>[\/vc_column_text][\/vc_column_inner][\/vc_row_inner][vc_empty_space height=&#8221;130px&#8221;][\/vc_column][\/vc_row][vc_row full_width=&#8221;stretch_row&#8221; css=&#8221;.vc_custom_1713886393283{background-image: url(https:\/\/child-identity.org\/wp-content\/uploads\/2024\/04\/Grey-background-2.png?id=4380) !important;background-position: center !important;background-repeat: no-repeat !important;background-size: cover !important;}&#8221;][vc_column][vc_empty_space height=&#8221;30px&#8221;][vc_column_text]<\/p>\n<h1 class=\"sppb-addon-title\"><span style=\"color: #312783;\">RELACIONES FAMILIARES<\/span><\/h1>\n<p>[\/vc_column_text][vc_row_inner][vc_column_inner width=&#8221;1\/2&#8243;][vc_column_text]<\/p>\n<h2 class=\"castaregular\" style=\"line-height: 28px;\"><span style=\"color: #363636;\">El nombre y la nacionalidad son mencionados junto con las relaciones familiares en el art\u00edculo 8 para explicar el alcance de la \u201cidentidad\u201d. El \u00e9nfasis en las \u201crelaciones familiares\u201d del art\u00edculo 8 fue propuesto por Argentina en 1985, tras la ca\u00edda de la dictadura en el pa\u00eds, durante la cual ni\u00f1os y ni\u00f1as fueron retirados ilegalmente a sus familias.<\/span><\/h2>\n<p>[\/vc_column_text][\/vc_column_inner][vc_column_inner width=&#8221;1\/2&#8243;][vc_column_text css=&#8221;.vc_custom_1718261574673{margin-top: 25px !important;}&#8221;]<span style=\"font-size: 18.6px; font-weight: 300; color: #363636; line-height: 26px;\">El t\u00e9rmino \u201crelaciones familiares\u201d subraya la importancia de que los ni\u00f1os y ni\u00f1as conozcan a su familia m\u00e1s amplia, m\u00e1s all\u00e1 de sus padres biol\u00f3gicos, especialmente sus or\u00edgenes (\u201cidentidad familiar\u201d). Adicionalmente a estos art\u00edculos de la CDN, entre otros, el art\u00edculo 25 de la Convenci\u00f3n Internacional para la protecci\u00f3n de todas las personas contra las desapariciones forzadas ofrece garant\u00edas siempre que la identidad del ni\u00f1o o ni\u00f1a sea incompleta o falsificada. Asimismo, cuando hay m\u00e1s de un Estado implicado, los Convenios adoptados por la Conferencia de La Haya de Derecho Internacional Privado en materia familiar proporcionan medidas de protecci\u00f3n de la identidad. Concretamente, los art\u00edculos 16 y 30 del Convenio de 1993 sobre adopci\u00f3n internacional exigen que se conserve la informaci\u00f3n relativa a la identidad de los padres del ni\u00f1o o ni\u00f1a. Por su parte, la comunidad internacional ha acordado los Objetivos de Desarrollo Sostenible, en virtud de los cuales el Objetivo 16.9 exige que los Estados, \u201cde aqu\u00ed a 2030, proporci[onen] acceso a una identidad jur\u00eddica para todos, en particular mediante el registro de nacimientos\u201d. Asimismo, la Comisi\u00f3n Internacional del Estado Civil ha desarrollado importantes convenios que permiten el reconocimiento transfronterizo de los documentos de identidad.<\/span>[\/vc_column_text][\/vc_column_inner][\/vc_row_inner][vc_row_inner][vc_column_inner][vc_empty_space height=&#8221;30px&#8221;][\/vc_column_inner][\/vc_row_inner][\/vc_column][\/vc_row][vc_row full_width=&#8221;stretch_row_content_no_spaces&#8221;][vc_column css=&#8221;.vc_custom_1713886784717{padding-top: 0px !important;}&#8221;][vc_single_image image=&#8221;4403&#8243; img_size=&#8221;full&#8221; alignment=&#8221;center&#8221;][\/vc_column][\/vc_row][vc_row][vc_column][vc_column_text][\/vc_column_text][\/vc_column][\/vc_row]<\/p>\n","protected":false},"excerpt":{"rendered":"<p>[vc_row full_width=&#8221;stretch_row&#8221; css=&#8221;.vc_custom_1713885426196{background-image: url(https:\/\/child-identity.org\/wp-content\/uploads\/2024\/04\/background_screen_1.png?id=4358) !important;background-position: center !important;background-repeat: no-repeat !important;background-size: cover !important;}&#8221; el_class=&#8221;header-blue&#8221;][vc_column][vc_empty_space height=&#8221;100px&#8221;][vc_column_text] \u00bfQU\u00c9 DICE EL DERECHO INTERNACIONAL? [\/vc_column_text][vc_empty_space height=&#8221;10px&#8221;][vc_row_inner][vc_column_inner width=&#8221;2\/5&#8243;][vc_column_text] Los est\u00e1ndares internacionales proporcionan una clara protecci\u00f3n de la identidad de cada ni\u00f1o o ni\u00f1a.En particular, la Convenci\u00f3n sobre&#8230;<\/p>\n","protected":false},"author":1,"featured_media":0,"parent":0,"menu_order":0,"comment_status":"closed","ping_status":"closed","template":"","meta":{"footnotes":""},"class_list":["post-4399","page","type-page","status-publish","hentry"],"_links":{"self":[{"href":"https:\/\/www.child-identity.org\/es\/wp-json\/wp\/v2\/pages\/4399","targetHints":{"allow":["GET"]}}],"collection":[{"href":"https:\/\/www.child-identity.org\/es\/wp-json\/wp\/v2\/pages"}],"about":[{"href":"https:\/\/www.child-identity.org\/es\/wp-json\/wp\/v2\/types\/page"}],"author":[{"embeddable":true,"href":"https:\/\/www.child-identity.org\/es\/wp-json\/wp\/v2\/users\/1"}],"replies":[{"embeddable":true,"href":"https:\/\/www.child-identity.org\/es\/wp-json\/wp\/v2\/comments?post=4399"}],"version-history":[{"count":10,"href":"https:\/\/www.child-identity.org\/es\/wp-json\/wp\/v2\/pages\/4399\/revisions"}],"predecessor-version":[{"id":8997,"href":"https:\/\/www.child-identity.org\/es\/wp-json\/wp\/v2\/pages\/4399\/revisions\/8997"}],"wp:attachment":[{"href":"https:\/\/www.child-identity.org\/es\/wp-json\/wp\/v2\/media?parent=4399"}],"curies":[{"name":"wp","href":"https:\/\/api.w.org\/{rel}","templated":true}]}}