{"id":4425,"date":"2024-04-23T16:08:58","date_gmt":"2024-04-23T16:08:58","guid":{"rendered":"https:\/\/child-identity.org\/?page_id=4425"},"modified":"2024-06-13T06:46:29","modified_gmt":"2024-06-13T06:46:29","slug":"que-son-los-derechos-a-la-identidad","status":"publish","type":"page","link":"https:\/\/www.child-identity.org\/es\/que-son-los-derechos-a-la-identidad\/","title":{"rendered":"\u00bfQu\u00e9 son los derechos a la identidad?"},"content":{"rendered":"<p>[vc_row full_width=&#8221;stretch_row&#8221; css=&#8221;.vc_custom_1713885426196{background-image: url(https:\/\/child-identity.org\/wp-content\/uploads\/2024\/04\/background_screen_1.png?id=4358) !important;background-position: center !important;background-repeat: no-repeat !important;background-size: cover !important;}&#8221; el_class=&#8221;header-blue&#8221;][vc_column][vc_empty_space height=&#8221;100px&#8221;][vc_column_text]<\/p>\n<h1>\u00bfQU\u00c9 SON LOS DERECHOS DE IDENTIDAD?<\/h1>\n<p>[\/vc_column_text][vc_empty_space height=&#8221;10px&#8221;][vc_row_inner][vc_column_inner width=&#8221;1\/2&#8243;][vc_column_text]<\/p>\n<h2>\u201cLa sociedad primero reconoce la existencia y la identidad de un ni\u00f1o o ni\u00f1a mediante el registro de su nacimiento. El derecho a ser reconocido como una persona ante la ley es un paso fundamental para garantizar la protecci\u00f3n a lo largo de toda la vida y es un requisito previo para el ejercicio de todos los dem\u00e1s derechos.\u201d (UNICEF, 2019).<\/h2>\n<p>[\/vc_column_text][\/vc_column_inner][vc_column_inner width=&#8221;1\/2&#8243;][vc_column_text css=&#8221;.vc_custom_1718260977175{margin-top: 50px !important;}&#8221;]<span style=\"font-size: 18.6px; line-height: 26px; font-weight: 300;\">Los derechos a la identidad incluyen, entre otros, el derecho a ser registrado al nacer y a tener una prueba de dicho registro, como por ejemplo un certificado de nacimiento. Los derechos a la identidad incluyen tambi\u00e9n tener una nacionalidad, un nombre y conocer las relaciones familiares.<\/span>[\/vc_column_text][\/vc_column_inner][\/vc_row_inner][vc_empty_space height=&#8221;130px&#8221;][\/vc_column][\/vc_row][vc_row full_width=&#8221;stretch_row&#8221; css=&#8221;.vc_custom_1713886393283{background-image: url(https:\/\/child-identity.org\/wp-content\/uploads\/2024\/04\/Grey-background-2.png?id=4380) !important;background-position: center !important;background-repeat: no-repeat !important;background-size: cover !important;}&#8221;][vc_column][vc_empty_space height=&#8221;30px&#8221;][vc_column_text css=&#8221;.vc_custom_1718260913213{margin-top: 0px !important;}&#8221;]<\/p>\n<h1 class=\"major-color\">\u00bfQU\u00c9 SON LAS RELACIONES FAMILIARES?<\/h1>\n<p>[\/vc_column_text][vc_row_inner][vc_column_inner width=&#8221;1\/2&#8243;][vc_column_text]<\/p>\n<h2 class=\"castaregular\" style=\"font-size: 32px; line-height: 26px; font-weight: 300;\"><span style=\"color: #363636;\">Cada persona tiene una historia familiar \u2013gen\u00e9tica, gestacional, social y jur\u00eddica\u2013 que contribuye a su identidad, teniendo un impacto de por vida en el ni\u00f1o o la ni\u00f1a y en las generaciones futuras.<\/span><\/h2>\n<p>[\/vc_column_text][\/vc_column_inner][vc_column_inner width=&#8221;1\/2&#8243;][vc_column_text css=&#8221;.vc_custom_1718261104723{margin-top: 40px !important;}&#8221;]<span style=\"font-size: 18.6px; line-height: 26px; font-weight: 300; color: #363636;\">Las relaciones familiares incluyen conexiones que surgen como resultado de esta historia, continuidad o separaci\u00f3n, comprendiendo a los padres y madres biol\u00f3gicos, donantes de gametos, hermanos y hermanas, abuelos y abuelas y otros. En otras palabras, cada ni\u00f1o y ni\u00f1a tiene el derecho a conocer sus or\u00edgenes.<\/span>[\/vc_column_text][\/vc_column_inner][\/vc_row_inner][vc_row_inner][vc_column_inner][vc_empty_space height=&#8221;70px&#8221;][\/vc_column_inner][\/vc_row_inner][\/vc_column][\/vc_row][vc_row full_width=&#8221;stretch_row_content_no_spaces&#8221;][vc_column css=&#8221;.vc_custom_1713886784717{padding-top: 0px !important;}&#8221;][vc_single_image image=&#8221;4403&#8243; img_size=&#8221;full&#8221; alignment=&#8221;center&#8221;][\/vc_column][\/vc_row][vc_row][vc_column][vc_column_text][\/vc_column_text][\/vc_column][\/vc_row]<\/p>\n","protected":false},"excerpt":{"rendered":"<p>[vc_row full_width=&#8221;stretch_row&#8221; css=&#8221;.vc_custom_1713885426196{background-image: url(https:\/\/child-identity.org\/wp-content\/uploads\/2024\/04\/background_screen_1.png?id=4358) !important;background-position: center !important;background-repeat: no-repeat !important;background-size: cover !important;}&#8221; el_class=&#8221;header-blue&#8221;][vc_column][vc_empty_space height=&#8221;100px&#8221;][vc_column_text] \u00bfQU\u00c9 SON LOS DERECHOS DE IDENTIDAD? [\/vc_column_text][vc_empty_space height=&#8221;10px&#8221;][vc_row_inner][vc_column_inner width=&#8221;1\/2&#8243;][vc_column_text] \u201cLa sociedad primero reconoce la existencia y la identidad de un ni\u00f1o o ni\u00f1a mediante el registro de&#8230;<\/p>\n","protected":false},"author":1,"featured_media":0,"parent":0,"menu_order":0,"comment_status":"closed","ping_status":"closed","template":"","meta":{"footnotes":""},"class_list":["post-4425","page","type-page","status-publish","hentry"],"_links":{"self":[{"href":"https:\/\/www.child-identity.org\/es\/wp-json\/wp\/v2\/pages\/4425","targetHints":{"allow":["GET"]}}],"collection":[{"href":"https:\/\/www.child-identity.org\/es\/wp-json\/wp\/v2\/pages"}],"about":[{"href":"https:\/\/www.child-identity.org\/es\/wp-json\/wp\/v2\/types\/page"}],"author":[{"embeddable":true,"href":"https:\/\/www.child-identity.org\/es\/wp-json\/wp\/v2\/users\/1"}],"replies":[{"embeddable":true,"href":"https:\/\/www.child-identity.org\/es\/wp-json\/wp\/v2\/comments?post=4425"}],"version-history":[{"count":5,"href":"https:\/\/www.child-identity.org\/es\/wp-json\/wp\/v2\/pages\/4425\/revisions"}],"predecessor-version":[{"id":9012,"href":"https:\/\/www.child-identity.org\/es\/wp-json\/wp\/v2\/pages\/4425\/revisions\/9012"}],"wp:attachment":[{"href":"https:\/\/www.child-identity.org\/es\/wp-json\/wp\/v2\/media?parent=4425"}],"curies":[{"name":"wp","href":"https:\/\/api.w.org\/{rel}","templated":true}]}}