{"id":4449,"date":"2024-04-23T17:37:17","date_gmt":"2024-04-23T17:37:17","guid":{"rendered":"https:\/\/child-identity.org\/?page_id=4449"},"modified":"2024-10-02T09:12:33","modified_gmt":"2024-10-02T09:12:33","slug":"cuando-no-se-respetan-los-derechos-a-la-identidad","status":"publish","type":"page","link":"https:\/\/www.child-identity.org\/es\/cuando-no-se-respetan-los-derechos-a-la-identidad\/","title":{"rendered":"\u00bfCu\u00e1ndo no se respetan los derechos a la identidad?"},"content":{"rendered":"<p>[vc_row full_width=&#8221;stretch_row&#8221; css=&#8221;.vc_custom_1713885426196{background-image: url(https:\/\/child-identity.org\/wp-content\/uploads\/2024\/04\/background_screen_1.png?id=4358) !important;background-position: center !important;background-repeat: no-repeat !important;background-size: cover !important;}&#8221; el_class=&#8221;header-blue&#8221;][vc_column][vc_empty_space height=&#8221;100px&#8221;][vc_column_text]<\/p>\n<h1>\u00bfCU\u00c1NDO NO SE RESPETAN LOS DERECHOS DE IDENTIDAD?<\/h1>\n<p>[\/vc_column_text][vc_empty_space height=&#8221;10px&#8221;][vc_row_inner][vc_column_inner width=&#8221;1\/2&#8243;][vc_column_text]<\/p>\n<h2>Si bien las normas internacionales establecen garant\u00edas para la creaci\u00f3n, modificaci\u00f3n, preservaci\u00f3n y restablecimiento de la identidad del ni\u00f1o o ni\u00f1a, millones de ni\u00f1os y ni\u00f1as se ven privados de este derecho b\u00e1sico.<\/h2>\n<p>[\/vc_column_text][\/vc_column_inner][vc_column_inner width=&#8221;1\/2&#8243;][vc_column_text css=&#8221;.vc_custom_1718263031236{margin-top: 50px !important;}&#8221;]<span class=\"castaregular\" style=\"font-size: 18.6px; line-height: 26px; font-weight: 300;\">Los ni\u00f1os y ni\u00f1as son los que corren mayor riesgo de que se les contravenga este derecho espec\u00edfico, ya que las decisiones tomadas en relaci\u00f3n con su identidad suelen producirse en su nombre con repercusiones para toda la vida. Esto es especialmente evidente cuando se consideran las relaciones familiares del ni\u00f1o o ni\u00f1a, un elemento constitutivo de la identidad..<\/span>[\/vc_column_text][\/vc_column_inner][\/vc_row_inner][vc_empty_space height=&#8221;130px&#8221;][\/vc_column][\/vc_row][vc_row full_width=&#8221;stretch_row&#8221; css=&#8221;.vc_custom_1713886393283{background-image: url(https:\/\/child-identity.org\/wp-content\/uploads\/2024\/04\/Grey-background-2.png?id=4380) !important;background-position: center !important;background-repeat: no-repeat !important;background-size: cover !important;}&#8221;][vc_column][vc_empty_space height=&#8221;30px&#8221;][vc_column_text css=&#8221;.vc_custom_1713895910966{margin-top: 0px !important;}&#8221;]<strong><span style=\"font-size: 18pt; color: #312783;\">Cada d\u00eda, millones de ni\u00f1os y ni\u00f1as:<\/span><\/strong>[\/vc_column_text][vc_row_inner][vc_column_inner width=&#8221;1\/2&#8243;][vc_column_text]<\/p>\n<ul>\n<li><span style=\"font-size: 18pt; color: #1caf8e;\">no son inscritos en el registro de nacimiento o no se les emite certificados de nacimiento<\/span>\n<ul>\n<li><span style=\"font-size: 14pt;\">Los nacimientos de 166 millones de ni\u00f1os y ni\u00f1as menores de 5 a\u00f1os (aproximadamente 1 de cada 4) nunca han sido registrados (UNICEF, 2019)<\/span><\/li>\n<li><span style=\"font-size: 14pt;\">237 millones de ni\u00f1os y ni\u00f1as menores de 5 a\u00f1os carecen de una prueba oficial de registro en forma de certificado de nacimiento (UNICEF, 2019)<\/span><\/li>\n<\/ul>\n<\/li>\n<\/ul>\n<ul>\n<li><span style=\"font-size: 18pt; color: #1caf8e;\">son abandonados sin informaci\u00f3n sobre su madre y\/o padre biol\u00f3gico<\/span>\n<ul>\n<li><span style=\"font-size: 14pt;\">Las \u201ccajas para beb\u00e9s\u201d que legalizan los abandonos an\u00f3nimos est\u00e1n muy extendidos en Europa<\/span><\/li>\n<li><span style=\"font-size: 14pt;\">M\u00e1s de 3 500 neonatos han sido abandonados desde 1999 en EE.UU<\/span><\/li>\n<\/ul>\n<\/li>\n<\/ul>\n<ul>\n<li><span style=\"font-size: 18pt; color: #1caf8e;\">son separados de sus familias debido a la migraci\u00f3n y\/o a situaciones de emergencia<\/span>\n<ul>\n<li><span style=\"font-size: 14pt;\"><span style=\"font-size: 14pt;\"><span style=\"font-size: 14pt;\"><span style=\"font-size: 14pt;\"><span style=\"font-size: 14pt;\"> El n\u00famero estimado de j\u00f3venes migrantes (de 15 a 24 a\u00f1os) fue de 31,7 millones en 2020, de los cuales muchos no pueden acceder a su derecho a la identidad, ya que no disponen du sus documentos de identidad o, incluso cuando los tienen, estos no cuentan con portabilidad m\u00e1s all\u00e1 de las fronteras. Por ello, estos j\u00f3venes se enfrentan a un riesgo de apatridia y separaci\u00f3n innecesaria de sus familias<\/span><\/span><\/span><\/span><\/span>(Migration Data Portal, 2021)<\/li>\n<\/ul>\n<\/li>\n<\/ul>\n<p>[\/vc_column_text][\/vc_column_inner][vc_column_inner width=&#8221;1\/2&#8243;][vc_column_text]<\/p>\n<ul>\n<li><span style=\"font-size: 18pt; color: #1caf8e;\">nacen mediante el recurso a gametos an\u00f3nimos y\/o a la gestaci\u00f3n subrogada en ausencia de marcos adecuados<\/span>\n<ul>\n<li><span style=\"font-size: 14pt;\">Aproximadamente 8 millones de ni\u00f1os y ni\u00f1as han nacido a la fecha mediante una donaci\u00f3n an\u00f3nima de esperma y ovocitos (Consejo de Europa, 2019)<\/span><\/li>\n<\/ul>\n<\/li>\n<\/ul>\n<ul>\n<li><span style=\"font-size: 18pt; color: #1caf8e;\">son confiados indebidamente al cuidado de otras personas (por ejemplo, cuidado informal, acogimiento y adopci\u00f3n)<\/span>\n<ul>\n<li><span style=\"font-size: 14pt;\">M\u00e1s de un mill\u00f3n de ni\u00f1os y ni\u00f1as han sido adoptados internacionalmente, muchos de ellos y ellas antes o incumpliendo con las garant\u00edas del Convenio de la Haya de 1993<\/span><\/li>\n<\/ul>\n<\/li>\n<\/ul>\n<p>[\/vc_column_text][\/vc_column_inner][\/vc_row_inner][vc_row_inner][vc_column_inner][vc_empty_space height=&#8221;30px&#8221;][\/vc_column_inner][\/vc_row_inner][\/vc_column][\/vc_row][vc_row full_width=&#8221;stretch_row_content_no_spaces&#8221;][vc_column css=&#8221;.vc_custom_1713886784717{padding-top: 0px !important;}&#8221;][vc_single_image image=&#8221;4403&#8243; img_size=&#8221;full&#8221; alignment=&#8221;center&#8221;][\/vc_column][\/vc_row]<\/p>\n","protected":false},"excerpt":{"rendered":"<p>[vc_row full_width=&#8221;stretch_row&#8221; css=&#8221;.vc_custom_1713885426196{background-image: url(https:\/\/child-identity.org\/wp-content\/uploads\/2024\/04\/background_screen_1.png?id=4358) !important;background-position: center !important;background-repeat: no-repeat !important;background-size: cover !important;}&#8221; el_class=&#8221;header-blue&#8221;][vc_column][vc_empty_space height=&#8221;100px&#8221;][vc_column_text] \u00bfCU\u00c1NDO NO SE RESPETAN LOS DERECHOS DE IDENTIDAD? [\/vc_column_text][vc_empty_space height=&#8221;10px&#8221;][vc_row_inner][vc_column_inner width=&#8221;1\/2&#8243;][vc_column_text] Si bien las normas internacionales establecen garant\u00edas para la creaci\u00f3n, modificaci\u00f3n, preservaci\u00f3n y restablecimiento de la&#8230;<\/p>\n","protected":false},"author":1,"featured_media":0,"parent":0,"menu_order":0,"comment_status":"closed","ping_status":"closed","template":"","meta":{"footnotes":""},"class_list":["post-4449","page","type-page","status-publish","hentry"],"_links":{"self":[{"href":"https:\/\/www.child-identity.org\/es\/wp-json\/wp\/v2\/pages\/4449","targetHints":{"allow":["GET"]}}],"collection":[{"href":"https:\/\/www.child-identity.org\/es\/wp-json\/wp\/v2\/pages"}],"about":[{"href":"https:\/\/www.child-identity.org\/es\/wp-json\/wp\/v2\/types\/page"}],"author":[{"embeddable":true,"href":"https:\/\/www.child-identity.org\/es\/wp-json\/wp\/v2\/users\/1"}],"replies":[{"embeddable":true,"href":"https:\/\/www.child-identity.org\/es\/wp-json\/wp\/v2\/comments?post=4449"}],"version-history":[{"count":11,"href":"https:\/\/www.child-identity.org\/es\/wp-json\/wp\/v2\/pages\/4449\/revisions"}],"predecessor-version":[{"id":10285,"href":"https:\/\/www.child-identity.org\/es\/wp-json\/wp\/v2\/pages\/4449\/revisions\/10285"}],"wp:attachment":[{"href":"https:\/\/www.child-identity.org\/es\/wp-json\/wp\/v2\/media?parent=4449"}],"curies":[{"name":"wp","href":"https:\/\/api.w.org\/{rel}","templated":true}]}}