{"id":4542,"date":"2024-04-24T05:59:14","date_gmt":"2024-04-24T05:59:14","guid":{"rendered":"https:\/\/child-identity.org\/?page_id=4542"},"modified":"2024-06-13T08:00:11","modified_gmt":"2024-06-13T08:00:11","slug":"cuales-son-los-riesgos","status":"publish","type":"page","link":"https:\/\/www.child-identity.org\/es\/cuales-son-los-riesgos\/","title":{"rendered":"\u00bfCu\u00e1les son los riesgos?"},"content":{"rendered":"<p>[vc_row full_width=&#8221;stretch_row&#8221; css=&#8221;.vc_custom_1713885426196{background-image: url(https:\/\/child-identity.org\/wp-content\/uploads\/2024\/04\/background_screen_1.png?id=4358) !important;background-position: center !important;background-repeat: no-repeat !important;background-size: cover !important;}&#8221; el_class=&#8221;header-blue&#8221;][vc_column][vc_empty_space height=&#8221;100px&#8221;][vc_column_text]<\/p>\n<h1>\u00bfCU\u00c1LES SON LOS RIESGOS?<\/h1>\n<p>[\/vc_column_text][vc_empty_space height=&#8221;10px&#8221;][vc_row_inner][vc_column_inner width=&#8221;1\/2&#8243;][vc_column_text]<\/p>\n<h2>Sin una identidad, los ni\u00f1os y ni\u00f1as se enfrentan invariablemente a problemas para acceder a derechos b\u00e1sicos como la educaci\u00f3n, la salud, el desarrollo, los servicios sociales y tambi\u00e9n corren un mayor riesgo de ser vendidos y convertirse en v\u00edctimas de trata.<\/h2>\n<p>[\/vc_column_text][vc_column_text css=&#8221;.vc_custom_1718265513750{margin-top: 50px !important;}&#8221;]<span style=\"font-size: 18.6px; font-weight: 300; line-height: 26px;\">A pesar de que los Estados tienen la obligaci\u00f3n de proporcionar asistencia y protecci\u00f3n adecuadas con el fin de restablecer r\u00e1pidamente la identidad del ni\u00f1o o ni\u00f1a cuando faltan elementos, los esfuerzos realizados hasta la fecha son inadecuados, lo que conlleva riesgos de:<\/span>[\/vc_column_text][\/vc_column_inner][vc_column_inner width=&#8221;1\/2&#8243;][\/vc_column_inner][\/vc_row_inner][vc_empty_space height=&#8221;130px&#8221;][\/vc_column][\/vc_row][vc_row full_width=&#8221;stretch_row&#8221; css=&#8221;.vc_custom_1713886393283{background-image: url(https:\/\/child-identity.org\/wp-content\/uploads\/2024\/04\/Grey-background-2.png?id=4380) !important;background-position: center !important;background-repeat: no-repeat !important;background-size: cover !important;}&#8221;][vc_column][vc_empty_space height=&#8221;30px&#8221;][vc_row_inner][vc_column_inner width=&#8221;1\/5&#8243;][vc_single_image image=&#8221;4521&#8243;][\/vc_column_inner][vc_column_inner width=&#8221;2\/5&#8243;][vc_column_text]<span style=\"font-size: 24px; font-weight: 400; line-height: 26px; color: #312783;\">NATURALEZA JUR\u00cdDICA<\/span>[\/vc_column_text][vc_column_text]<span style=\"font-size: 24px; font-weight: 300; line-height: 26px;\">Los ni\u00f1os y ni\u00f1as quedan excluidos de beneficiarse de la prestaci\u00f3n de subsidios y de otras leyes, como en materia de herencia y alimentos. Adem\u00e1s, como la nacionalidad suele estar vinculada a las relaciones de sangre, puede darse una situaci\u00f3n de apatridia.<\/span>[\/vc_column_text][\/vc_column_inner][vc_column_inner width=&#8221;2\/5&#8243;][vc_empty_space height=&#8221;60px&#8221;][vc_column_text]<span style=\"font-size: 18.6px; font-weight: 300; line-height: 26px;\">Muchos millones de personas en el mundo son ap\u00e1tridas, de los cuales aproximadamente un tercio son ni\u00f1os y ni\u00f1as (ACNUR)<\/span>[\/vc_column_text][\/vc_column_inner][\/vc_row_inner][vc_empty_space height=&#8221;30px&#8221;][vc_row_inner][vc_column_inner width=&#8221;1\/5&#8243;][vc_single_image image=&#8221;4528&#8243;][\/vc_column_inner][vc_column_inner width=&#8221;2\/5&#8243;][vc_column_text]<span style=\"font-size: 24px; font-weight: 400; line-height: 26px; color: #312783;\">NATURALEZA M\u00c9DICA<\/span>[\/vc_column_text][vc_column_text]<span style=\"font-size: 24px; font-weight: 300; line-height: 26px;\">Sin una historia de salud familiar, los ni\u00f1os y ni\u00f1as as\u00ed como las personas adultas pueden tener menos informaci\u00f3n acerca de sus riesgos de salud gen\u00e9ticos. Por ejemplo, aunque algunos factores de riesgo, como los antecedentes familiares de c\u00e1ncer, no pueden cambiarse, ser consciente de esta realidad puede reducir eficazmente la mortalidad asociada.<\/span>[\/vc_column_text][\/vc_column_inner][vc_column_inner width=&#8221;2\/5&#8243;][vc_empty_space height=&#8221;60px&#8221;][vc_column_text]<span style=\"font-size: 18.6px; font-weight: 300; line-height: 26px;\">La Organizaci\u00f3n Mundial de la Salud se\u00f1ala que la detecci\u00f3n precoz para mejorar los resultados y la supervivencia del c\u00e1ncer de mama sigue siendo el eje central del control del c\u00e1ncer de mama.<\/span>[\/vc_column_text][\/vc_column_inner][\/vc_row_inner][vc_empty_space height=&#8221;30px&#8221;][vc_row_inner][vc_column_inner width=&#8221;1\/5&#8243;][vc_single_image image=&#8221;4531&#8243;][\/vc_column_inner][vc_column_inner width=&#8221;2\/5&#8243;][vc_column_text]<span style=\"font-size: 24px; font-weight: 400; line-height: 26px; color: #312783;\">NATURALEZA PSICOSOCIAL<\/span>[\/vc_column_text][vc_column_text]<span style=\"font-size: 24px; font-weight: 300; line-height: 26px;\">El desarrollo arm\u00f3nico y el bienestar del ni\u00f1o o ni\u00f1a pueden verse perjudicados por el desconocimiento de los progenitores biol\u00f3gicos, de qui\u00e9n le dio nacimiento y de otras relaciones familiares, como hermanos, abuelos, etc. <\/span>[\/vc_column_text][\/vc_column_inner][vc_column_inner width=&#8221;2\/5&#8243;][vc_empty_space height=&#8221;60px&#8221;][vc_column_text]<span style=\"font-size: 18.6px; font-weight: 300; line-height: 26px;\">Cuando esta situaci\u00f3n ha sido generada por elementos il\u00edcitos, incluida la venta antes o despu\u00e9s del nacimiento, que forman parte de su identidad ostensible, los ni\u00f1os y ni\u00f1as \u2013y m\u00e1s adelante como personas adultas\u2013 pueden sentirse \u201cmercantilizados\u201d.<\/span>[\/vc_column_text][\/vc_column_inner][\/vc_row_inner][vc_row_inner][vc_column_inner][vc_empty_space height=&#8221;30px&#8221;][\/vc_column_inner][\/vc_row_inner][\/vc_column][\/vc_row][vc_row full_width=&#8221;stretch_row_content_no_spaces&#8221;][vc_column css=&#8221;.vc_custom_1713886784717{padding-top: 0px !important;}&#8221;][vc_single_image image=&#8221;4403&#8243; img_size=&#8221;full&#8221; alignment=&#8221;center&#8221;][\/vc_column][\/vc_row]<\/p>\n","protected":false},"excerpt":{"rendered":"<p>[vc_row full_width=&#8221;stretch_row&#8221; css=&#8221;.vc_custom_1713885426196{background-image: url(https:\/\/child-identity.org\/wp-content\/uploads\/2024\/04\/background_screen_1.png?id=4358) !important;background-position: center !important;background-repeat: no-repeat !important;background-size: cover !important;}&#8221; el_class=&#8221;header-blue&#8221;][vc_column][vc_empty_space height=&#8221;100px&#8221;][vc_column_text] \u00bfCU\u00c1LES SON LOS RIESGOS? [\/vc_column_text][vc_empty_space height=&#8221;10px&#8221;][vc_row_inner][vc_column_inner width=&#8221;1\/2&#8243;][vc_column_text] Sin una identidad, los ni\u00f1os y ni\u00f1as se enfrentan invariablemente a problemas para acceder a derechos b\u00e1sicos como la educaci\u00f3n,&#8230;<\/p>\n","protected":false},"author":1,"featured_media":0,"parent":0,"menu_order":0,"comment_status":"closed","ping_status":"closed","template":"","meta":{"footnotes":""},"class_list":["post-4542","page","type-page","status-publish","hentry"],"_links":{"self":[{"href":"https:\/\/www.child-identity.org\/es\/wp-json\/wp\/v2\/pages\/4542","targetHints":{"allow":["GET"]}}],"collection":[{"href":"https:\/\/www.child-identity.org\/es\/wp-json\/wp\/v2\/pages"}],"about":[{"href":"https:\/\/www.child-identity.org\/es\/wp-json\/wp\/v2\/types\/page"}],"author":[{"embeddable":true,"href":"https:\/\/www.child-identity.org\/es\/wp-json\/wp\/v2\/users\/1"}],"replies":[{"embeddable":true,"href":"https:\/\/www.child-identity.org\/es\/wp-json\/wp\/v2\/comments?post=4542"}],"version-history":[{"count":5,"href":"https:\/\/www.child-identity.org\/es\/wp-json\/wp\/v2\/pages\/4542\/revisions"}],"predecessor-version":[{"id":9040,"href":"https:\/\/www.child-identity.org\/es\/wp-json\/wp\/v2\/pages\/4542\/revisions\/9040"}],"wp:attachment":[{"href":"https:\/\/www.child-identity.org\/es\/wp-json\/wp\/v2\/media?parent=4542"}],"curies":[{"name":"wp","href":"https:\/\/api.w.org\/{rel}","templated":true}]}}