{"id":4569,"date":"2024-04-24T07:12:25","date_gmt":"2024-04-24T07:12:25","guid":{"rendered":"https:\/\/child-identity.org\/?page_id=4569"},"modified":"2024-06-13T08:32:52","modified_gmt":"2024-06-13T08:32:52","slug":"desafios-en-la-puesta-en-practica","status":"publish","type":"page","link":"https:\/\/www.child-identity.org\/es\/desafios-en-la-puesta-en-practica\/","title":{"rendered":"\u00bfDesaf\u00edos en la puesta en pr\u00e1ctica?"},"content":{"rendered":"<p>[vc_row full_width=&#8221;stretch_row&#8221; css=&#8221;.vc_custom_1713885426196{background-image: url(https:\/\/child-identity.org\/wp-content\/uploads\/2024\/04\/background_screen_1.png?id=4358) !important;background-position: center !important;background-repeat: no-repeat !important;background-size: cover !important;}&#8221; el_class=&#8221;header-blue&#8221;][vc_column][vc_empty_space height=&#8221;100px&#8221;][vc_column_text]<\/p>\n<h1>\u00bfDESAF\u00cdOS EN LA PUESTA EN PR\u00c1CTICA Y EL RESPETO DE LOS DERECHOS A LA IDENTIDAD?<\/h1>\n<p>[\/vc_column_text][vc_empty_space height=&#8221;10px&#8221;][vc_row_inner][vc_column_inner width=&#8221;1\/2&#8243;][vc_column_text]<span style=\"font-size: 32px; font-weight: 300; line-height: 26px;\">Existe un n\u00famero de obst\u00e1culos en t\u00e9rminos de la puesta en pr\u00e1ctica del derecho del ni\u00f1o o ni\u00f1a a la identidad jur\u00eddica. Si bien se establecen sistemas de registro civil y estad\u00edsticas vitales para registrar todos los nacimientos, su \u00e9nfasis al d\u00eda de hoy est\u00e1 en el nombre, sexo, fecha y lugar de nacimiento de los ni\u00f1os y ni\u00f1as. Algunos de estos sistemas pueden registrar informaci\u00f3n (limitada) sobre la familia biol\u00f3gica, pero a\u00fan no registran toda la informaci\u00f3n acerca de las relaciones familiares.<\/span>[\/vc_column_text][\/vc_column_inner][vc_column_inner width=&#8221;1\/2&#8243;][\/vc_column_inner][\/vc_row_inner][vc_empty_space height=&#8221;130px&#8221;][\/vc_column][\/vc_row][vc_row full_width=&#8221;stretch_row&#8221; css=&#8221;.vc_custom_1713886393283{background-image: url(https:\/\/child-identity.org\/wp-content\/uploads\/2024\/04\/Grey-background-2.png?id=4380) !important;background-position: center !important;background-repeat: no-repeat !important;background-size: cover !important;}&#8221;][vc_column][vc_empty_space height=&#8221;30px&#8221;][vc_column_text css=&#8221;.vc_custom_1713943951994{margin-top: 0px !important;}&#8221;]<\/p>\n<h1><span style=\"color: #312783;\">DESAF\u00cdOS ESPEC\u00cdFICOS<\/span><\/h1>\n<p>[\/vc_column_text][vc_row_inner][vc_column_inner width=&#8221;1\/2&#8243;][vc_column_text]<\/p>\n<h2 class=\"castaregular\" style=\"font-size: 32px; font-weight: 300; line-height: 26px; color: #363636;\">Adem\u00e1s, cuando varios Estados est\u00e1n involucrados, pueden surgir desaf\u00edos jur\u00eddicos para identificar qu\u00e9 tribunales o autoridades tienen competencia para decidir sobre cuestiones de identidad y qu\u00e9 leyes son aplicables.<\/h2>\n<p>[\/vc_column_text][\/vc_column_inner][vc_column_inner width=&#8221;1\/2&#8243;][vc_column_text css=&#8221;.vc_custom_1718267555254{margin-top: 25px !important;}&#8221;]<span style=\"font-size: 18.6px; font-weight: 300; line-height: 26px; color: #363636;\">En la actualidad, los sistemas mencionados no son establecidos para garantizar el reconocimiento del estatus jur\u00eddico del ni\u00f1o o ni\u00f1a m\u00e1s all\u00e1 de las fronteras. La situaci\u00f3n puede complicarse a\u00fan m\u00e1s cuando informaciones sobre los or\u00edgenes han sido generadas mediante actos il\u00edcitos o no son preservadas indefinidamente, y que se convierten en la identidad establecida del ni\u00f1o o ni\u00f1a. Los ni\u00f1os y ni\u00f1as, as\u00ed como tambi\u00e9n m\u00e1s adelante como adultos, pueden mencionar sentirse \u201ctratados como mercanc\u00eda\u201d en estas situaciones.<\/span><\/p>\n<p><span style=\"font-size: 18.6px; font-weight: 300; line-height: 26px; color: #363636;\">En otras situaciones, la identidad original del ni\u00f1o o ni\u00f1a puede verse modificada de forma inapropiada o incluso il\u00edcita. La informaci\u00f3n sobre la identidad puede llegar a no ser preservada y\/o estar accesible. Sin los esfuerzos proactivos del Estado por preservar la identidad del ni\u00f1o o ni\u00f1a y por restablecer los elementos faltantes, este derecho no es puesto ene pr\u00e1ctica.<\/span>[\/vc_column_text][\/vc_column_inner][\/vc_row_inner][vc_row_inner][vc_column_inner][vc_empty_space height=&#8221;70px&#8221;][\/vc_column_inner][\/vc_row_inner][\/vc_column][\/vc_row][vc_row full_width=&#8221;stretch_row_content_no_spaces&#8221;][vc_column css=&#8221;.vc_custom_1713886784717{padding-top: 0px !important;}&#8221;][vc_single_image image=&#8221;4403&#8243; img_size=&#8221;full&#8221; alignment=&#8221;center&#8221;][\/vc_column][\/vc_row][vc_row][vc_column][vc_column_text][\/vc_column_text][\/vc_column][\/vc_row]<\/p>\n","protected":false},"excerpt":{"rendered":"<p>[vc_row full_width=&#8221;stretch_row&#8221; css=&#8221;.vc_custom_1713885426196{background-image: url(https:\/\/child-identity.org\/wp-content\/uploads\/2024\/04\/background_screen_1.png?id=4358) !important;background-position: center !important;background-repeat: no-repeat !important;background-size: cover !important;}&#8221; el_class=&#8221;header-blue&#8221;][vc_column][vc_empty_space height=&#8221;100px&#8221;][vc_column_text] \u00bfDESAF\u00cdOS EN LA PUESTA EN PR\u00c1CTICA Y EL RESPETO DE LOS DERECHOS A LA IDENTIDAD? [\/vc_column_text][vc_empty_space height=&#8221;10px&#8221;][vc_row_inner][vc_column_inner width=&#8221;1\/2&#8243;][vc_column_text]Existe un n\u00famero de obst\u00e1culos en t\u00e9rminos de la puesta&#8230;<\/p>\n","protected":false},"author":1,"featured_media":0,"parent":0,"menu_order":0,"comment_status":"closed","ping_status":"closed","template":"","meta":{"footnotes":""},"class_list":["post-4569","page","type-page","status-publish","hentry"],"_links":{"self":[{"href":"https:\/\/www.child-identity.org\/es\/wp-json\/wp\/v2\/pages\/4569","targetHints":{"allow":["GET"]}}],"collection":[{"href":"https:\/\/www.child-identity.org\/es\/wp-json\/wp\/v2\/pages"}],"about":[{"href":"https:\/\/www.child-identity.org\/es\/wp-json\/wp\/v2\/types\/page"}],"author":[{"embeddable":true,"href":"https:\/\/www.child-identity.org\/es\/wp-json\/wp\/v2\/users\/1"}],"replies":[{"embeddable":true,"href":"https:\/\/www.child-identity.org\/es\/wp-json\/wp\/v2\/comments?post=4569"}],"version-history":[{"count":4,"href":"https:\/\/www.child-identity.org\/es\/wp-json\/wp\/v2\/pages\/4569\/revisions"}],"predecessor-version":[{"id":9052,"href":"https:\/\/www.child-identity.org\/es\/wp-json\/wp\/v2\/pages\/4569\/revisions\/9052"}],"wp:attachment":[{"href":"https:\/\/www.child-identity.org\/es\/wp-json\/wp\/v2\/media?parent=4569"}],"curies":[{"name":"wp","href":"https:\/\/api.w.org\/{rel}","templated":true}]}}