{"id":4773,"date":"2024-04-24T08:49:06","date_gmt":"2024-04-24T08:49:06","guid":{"rendered":"https:\/\/child-identity.org\/noticias-externas\/"},"modified":"2024-05-02T09:08:22","modified_gmt":"2024-05-02T09:08:22","slug":"noticias-externas","status":"publish","type":"page","link":"https:\/\/www.child-identity.org\/es\/noticias-externas\/","title":{"rendered":"Noticias Externas"},"content":{"rendered":"<p>[vc_row][vc_column][vc_column_text]<div class=\"pt-cv-wrapper\"><div class=\"cvp-live-filter  cvp-customized cvp-search-box \" id=\"\" data-name=\"_search\" data-sid=\"e877900zx1\" data-isblock=\"\" data-postid=\"\"><label for='sf_1730' class=\"cvp-label\">Search<\/label><input type=\"text\" id=\"sf_1730\" name=\"_search\" value=\"\" data-nosubmit=\"true\" placeholder=\"\"\/><\/div><div class=\"cvp-live-filter  cvp-customized cvp-dropdown \" id=\"\" data-name=\"tx_country\" data-sid=\"e877900zx1\" data-isblock=\"\" data-postid=\"\"><label class=\"cvp-label\">Country\/Region<\/label><select name=\"tx_country\"><option value=\"\">All<\/option><option value=\"afganistan\" >Afganist\u00e1n<span class=\"cvp-count\"> (1)<\/span><\/option><option value=\"africa-es\" >\u00c1frica<span class=\"cvp-count\"> (6)<\/span><\/option><option value=\"america-latina\" >Am\u00e9rica Latina<span class=\"cvp-count\"> (1)<\/span><\/option><option value=\"americas-es\" >Americas<span class=\"cvp-count\"> (3)<\/span><\/option><option value=\"argentina-es\" >Argentina<span class=\"cvp-count\"> (1)<\/span><\/option><option value=\"asia-es\" >Asia<span class=\"cvp-count\"> (3)<\/span><\/option><option value=\"asia-y-el-pacifico\" >Asia y el Pac\u00edfico<span class=\"cvp-count\"> (6)<\/span><\/option><option value=\"australia-es\" >Australia<span class=\"cvp-count\"> (3)<\/span><\/option><option value=\"belgica\" >B\u00e9lgica<span class=\"cvp-count\"> (1)<\/span><\/option><option value=\"burkina-faso-es\" >Burkina Faso<span class=\"cvp-count\"> (1)<\/span><\/option><option value=\"camboya\" >Camboya<span class=\"cvp-count\"> (2)<\/span><\/option><option value=\"canada-es\" >Canad\u00e1<span class=\"cvp-count\"> (1)<\/span><\/option><option value=\"chile-es\" >Chile<span class=\"cvp-count\"> (5)<\/span><\/option><option value=\"corea-del-sur\" >Corea del Sur<span class=\"cvp-count\"> (1)<\/span><\/option><option value=\"dinamarca\" >Dinamarca<span class=\"cvp-count\"> (1)<\/span><\/option><option value=\"ee-uu\" >EE.UU.<span class=\"cvp-count\"> (2)<\/span><\/option><option value=\"escocia\" >Escocia<span class=\"cvp-count\"> (1)<\/span><\/option><option value=\"espana\" >Espa\u00f1a<span class=\"cvp-count\"> (6)<\/span><\/option><option value=\"europe-es\" >Europe<span class=\"cvp-count\"> (14)<\/span><\/option><option value=\"european-union-es\" >European Union<span class=\"cvp-count\"> (1)<\/span><\/option><option value=\"filipinas\" >Filipinas<span class=\"cvp-count\"> (2)<\/span><\/option><option value=\"francia\" >Francia<span class=\"cvp-count\"> (6)<\/span><\/option><option value=\"grecia\" >Grecia<span class=\"cvp-count\"> (1)<\/span><\/option><option value=\"haiti-es\" >Hait\u00ed<span class=\"cvp-count\"> (1)<\/span><\/option><option value=\"india-es\" >India<span class=\"cvp-count\"> (2)<\/span><\/option><option value=\"irak-es\" >Irak<span class=\"cvp-count\"> (1)<\/span><\/option><option value=\"irlanda\" >Irlanda<span class=\"cvp-count\"> (6)<\/span><\/option><option value=\"kirguistan\" >Kirguist\u00e1n<span class=\"cvp-count\"> (1)<\/span><\/option><option value=\"malasia\" >Malasia<span class=\"cvp-count\"> (1)<\/span><\/option><option value=\"mozambique-es\" >Mozambique<span class=\"cvp-count\"> (1)<\/span><\/option><option value=\"mundo\" >Mundo<span class=\"cvp-count\"> (75)<\/span><\/option><option value=\"nepal-es\" >Nepal<span class=\"cvp-count\"> (1)<\/span><\/option><option value=\"noreste-de-siria\" >noreste de Siria<span class=\"cvp-count\"> (1)<\/span><\/option><option value=\"paises-bajos\" >Pa\u00edses Bajos<span class=\"cvp-count\"> (3)<\/span><\/option><option value=\"paraguay-es\" >Paraguay<span class=\"cvp-count\"> (1)<\/span><\/option><option value=\"quebec-canada-es\" >Quebec (Canad\u00e1)<span class=\"cvp-count\"> (1)<\/span><\/option><option value=\"reino-unido\" >Reino Unido<span class=\"cvp-count\"> (4)<\/span><\/option><option value=\"sahel-es\" >Sahel<span class=\"cvp-count\"> (1)<\/span><\/option><option value=\"siria\" >Siria<span class=\"cvp-count\"> (1)<\/span><\/option><option value=\"sudafrica\" >Sud\u00e1frica<span class=\"cvp-count\"> (2)<\/span><\/option><option value=\"suiza\" >Suiza<span class=\"cvp-count\"> (3)<\/span><\/option><option value=\"ucrania\" >Ucrania<span class=\"cvp-count\"> (5)<\/span><\/option><\/select><\/div><div class=\"cvp-live-filter  cvp-customized cvp-button \" id=\"\" data-name=\"tx_years\" data-sid=\"e877900zx1\" data-isblock=\"\" data-postid=\"\"><label class=\"cvp-label\">Years<\/label><div class=\"btn\"><label><input type=\"radio\" name=\"tx_years\" value=\"\" checked\/><div>All<\/div><\/label><\/div><div class=\"btn\"><label><input type=\"radio\" name=\"tx_years\" value=\"2020-es\" \/><div>2020<\/div><\/label><\/div><div class=\"btn\"><label><input type=\"radio\" name=\"tx_years\" value=\"2021-es\" \/><div>2021<\/div><\/label><\/div><div class=\"btn\"><label><input type=\"radio\" name=\"tx_years\" value=\"2022-es\" \/><div>2022<\/div><\/label><\/div><div class=\"btn\"><label><input type=\"radio\" name=\"tx_years\" value=\"2023-es\" \/><div>2023<\/div><\/label><\/div><div class=\"btn\"><label><input type=\"radio\" name=\"tx_years\" value=\"2024-es\" \/><div>2024<\/div><\/label><\/div><div class=\"btn\"><label><input type=\"radio\" name=\"tx_years\" value=\"2025-es\" \/><div>2025<\/div><\/label><\/div><div class=\"btn\"><label><input type=\"radio\" name=\"tx_years\" value=\"2026-es\" \/><div>2026<\/div><\/label><\/div><\/div><div class=\"cvp-live-filter  cvp-customized cvp-dropdown \" id=\"\" data-name=\"_orderby\" data-sid=\"e877900zx1\" data-isblock=\"\" data-postid=\"\"><label class=\"cvp-label\">Sort by<\/label><select name=\"_orderby\"><option value=\"\">Default<\/option><option value=\"date,desc\" >Date (Newest)<\/option><option value=\"date\" >Date (Oldest)<\/option><\/select><\/div><div class=\"pt-cv-view pt-cv-overlaygrid iscvblock iscvhybrid pt-cv-clickable overlay8 layout2 cveffect-zoomin pt-cv-pgregular cvp-lfres\" id=\"pt-cv-view-e877900zx1\"><div data-id=\"pt-cv-page-1\" class=\"pt-cv-page\" data-cvc=\"2\"><div class=\" pt-cv-content-item pt-cv-1-col cv-main-post\"  data-pid=\"13919\"><div class=\"pt-cv-thumb-wrapper  \"><a href=\"https:\/\/www.child-identity.org\/es\/march-2026-global-unhcr-and-un-women-publish-updated-background-note-on-gender-equality-in-nationality-laws\/\" class=\"_self pt-cv-href-thumbnail pt-cv-thumb-default\" target=\"_self\" ><img loading=\"lazy\" decoding=\"async\" width=\"768\" height=\"360\" src=\"data:image\/svg+xml,%3Csvg%20xmlns%3D%27http:\/\/www.w3.org\/2000\/svg%27%20viewBox%3D%270%200%203%202%27%3E%3C\/svg%3E\" class=\"pt-cv-thumbnail img-rounded gt-lazy-load\" alt=\"\" data-src=\"https:\/\/www.child-identity.org\/wp-content\/uploads\/2024\/12\/children-without-home-war-768x360.jpg\" data-srcset=\"\" \/><\/a><\/div>\n<div class=\"pt-cv-overlay-wrapper\"><div class=\"pt-cv-meta-fields\"><span class=\"entry-date\"> <time datetime=\"2026-03-16T11:55:33+00:00\">marzo 2026<\/time><\/span><span> \/ <\/span><span class=\"terms\"> <a href='https:\/\/www.child-identity.org\/es\/country\/mundo\/' title='Mundo' class='pt-cv-tax-mundo'>Mundo<\/a><\/span><\/div><h4 class=\"pt-cv-title\"><a href=\"https:\/\/www.child-identity.org\/es\/march-2026-global-unhcr-and-un-women-publish-updated-background-note-on-gender-equality-in-nationality-laws\/\" class=\"_self\" target=\"_self\" >Marzo de 2026, Mundo: ACNUR y ONU Mujeres publican una nota informativa actualizada sobre la igualdad de g\u00e9nero en las leyes de nacionalidad<\/a><\/h4><\/div><\/div>\n<div class=\" pt-cv-content-item pt-cv-1-col\"  data-pid=\"13911\"><div class=\"pt-cv-thumb-wrapper  miniwrap\"><a href=\"https:\/\/www.child-identity.org\/es\/february-2026-world-world-bank-publishes-guidance-on-building-statelessness-sensitive-id-systems\/\" class=\"_self pt-cv-href-thumbnail pt-cv-thumb-default\" target=\"_self\" ><img loading=\"lazy\" decoding=\"async\" width=\"768\" height=\"432\" src=\"data:image\/svg+xml,%3Csvg%20xmlns%3D%27http:\/\/www.w3.org\/2000\/svg%27%20viewBox%3D%270%200%203%202%27%3E%3C\/svg%3E\" class=\"pt-cv-thumbnail img-rounded pt-cv-thumbnailsm gt-lazy-load\" alt=\"\" data-src=\"https:\/\/www.child-identity.org\/wp-content\/uploads\/2025\/06\/digital-birth-registration-768x432.jpg\" data-srcset=\"\" \/><\/a><\/div>\n<div class=\"pt-cv-overlay-wrapper\"><div class=\"pt-cv-meta-fields\"><span class=\"entry-date\"> <time datetime=\"2026-03-16T11:48:30+00:00\">marzo 2026<\/time><\/span><span> \/ <\/span><span class=\"terms\"> <a href='https:\/\/www.child-identity.org\/es\/country\/mundo\/' title='Mundo' class='pt-cv-tax-mundo'>Mundo<\/a><\/span><\/div><h4 class=\"pt-cv-title pt-cv-titlesm\"><a href=\"https:\/\/www.child-identity.org\/es\/february-2026-world-world-bank-publishes-guidance-on-building-statelessness-sensitive-id-systems\/\" class=\"_self\" target=\"_self\" >Febrero de 2026, Mundo: El Banco Mundial publica una gu\u00eda sobre la creaci\u00f3n de sistemas de identificaci\u00f3n sensibles a la apatridia<\/a><\/h4><\/div><\/div>\n<div class=\" pt-cv-content-item pt-cv-1-col\"  data-pid=\"13902\"><div class=\"pt-cv-thumb-wrapper  miniwrap\"><a href=\"https:\/\/www.child-identity.org\/es\/february-2026-europe-council-of-europe-publishes-compendium-on-access-to-nationality-for-stateless-children\/\" class=\"_self pt-cv-href-thumbnail pt-cv-thumb-default\" target=\"_self\" ><img loading=\"lazy\" decoding=\"async\" width=\"768\" height=\"508\" src=\"data:image\/svg+xml,%3Csvg%20xmlns%3D%27http:\/\/www.w3.org\/2000\/svg%27%20viewBox%3D%270%200%203%202%27%3E%3C\/svg%3E\" class=\"pt-cv-thumbnail img-rounded pt-cv-thumbnailsm gt-lazy-load\" alt=\"\" data-src=\"https:\/\/www.child-identity.org\/wp-content\/uploads\/2024\/05\/people-3935983_1920-refugee-girls-768x508.jpg\" data-srcset=\"\" \/><\/a><\/div>\n<div class=\"pt-cv-overlay-wrapper\"><div class=\"pt-cv-meta-fields\"><span class=\"entry-date\"> <time datetime=\"2026-03-16T11:01:34+00:00\">marzo 2026<\/time><\/span><span> \/ <\/span><span class=\"terms\"> <a href='https:\/\/www.child-identity.org\/es\/country\/europe-es\/' title='Europe' class='pt-cv-tax-europe-es'>Europe<\/a><\/span><\/div><h4 class=\"pt-cv-title pt-cv-titlesm\"><a href=\"https:\/\/www.child-identity.org\/es\/february-2026-europe-council-of-europe-publishes-compendium-on-access-to-nationality-for-stateless-children\/\" class=\"_self\" target=\"_self\" >Febrero de 2026, Europa: El Consejo de Europa publica un compendio sobre el acceso a la nacionalidad por los ni\u00f1os y ni\u00f1as ap\u00e1tridas<\/a><\/h4><\/div><\/div>\n<div class=\" pt-cv-content-item pt-cv-1-col\"  data-pid=\"13138\"><div class=\"pt-cv-thumb-wrapper  miniwrap\"><a href=\"https:\/\/www.child-identity.org\/es\/october-2025-chile-the-countrys-new-and-innovative-adoption-legislation-at-the-heart-of-an-event-on-child-identity-and-participation\/\" class=\"_self pt-cv-href-thumbnail pt-cv-thumb-default\" target=\"_self\" ><img loading=\"lazy\" decoding=\"async\" width=\"768\" height=\"360\" src=\"data:image\/svg+xml,%3Csvg%20xmlns%3D%27http:\/\/www.w3.org\/2000\/svg%27%20viewBox%3D%270%200%203%202%27%3E%3C\/svg%3E\" class=\"pt-cv-thumbnail img-rounded pt-cv-thumbnailsm gt-lazy-load\" alt=\"\" data-src=\"https:\/\/www.child-identity.org\/wp-content\/uploads\/2025\/03\/adoption-chile-768x360.jpg\" data-srcset=\"\" \/><\/a><\/div>\n<div class=\"pt-cv-overlay-wrapper\"><div class=\"pt-cv-meta-fields\"><span class=\"entry-date\"> <time datetime=\"2025-10-27T07:11:16+00:00\">octubre 2025<\/time><\/span><span> \/ <\/span><span class=\"terms\"> <a href='https:\/\/www.child-identity.org\/es\/country\/americas-es\/' title='Americas' class='pt-cv-tax-americas-es'>Americas<\/a>, <a href='https:\/\/www.child-identity.org\/es\/country\/chile-es\/' title='Chile' class='pt-cv-tax-chile-es'>Chile<\/a><\/span><\/div><h4 class=\"pt-cv-title pt-cv-titlesm\"><a href=\"https:\/\/www.child-identity.org\/es\/october-2025-chile-the-countrys-new-and-innovative-adoption-legislation-at-the-heart-of-an-event-on-child-identity-and-participation\/\" class=\"_self\" target=\"_self\" >Octubre de 2025, Chile: La nueva e innovadora legislaci\u00f3n en materia de adopci\u00f3n, protagonista de un evento sobre la identidad y la participaci\u00f3n de los ni\u00f1os, ni\u00f1as y adolescentes<\/a><\/h4><\/div><\/div>\n<div class=\" pt-cv-content-item pt-cv-1-col\"  data-pid=\"13052\"><div class=\"pt-cv-thumb-wrapper  miniwrap\"><a href=\"https:\/\/www.child-identity.org\/es\/october-2025-americas-publication-of-a-compendium-of-decisions-on-childrens-rights-by-the-inter-american-court-of-human-rights\/\" class=\"_self pt-cv-href-thumbnail pt-cv-thumb-default\" target=\"_self\" ><img loading=\"lazy\" decoding=\"async\" width=\"768\" height=\"576\" src=\"data:image\/svg+xml,%3Csvg%20xmlns%3D%27http:\/\/www.w3.org\/2000\/svg%27%20viewBox%3D%270%200%203%202%27%3E%3C\/svg%3E\" class=\"pt-cv-thumbnail img-rounded pt-cv-thumbnailsm gt-lazy-load\" alt=\"\" data-src=\"https:\/\/www.child-identity.org\/wp-content\/uploads\/2024\/05\/chile-child-1-768x576.jpg\" data-srcset=\"\" \/><\/a><\/div>\n<div class=\"pt-cv-overlay-wrapper\"><div class=\"pt-cv-meta-fields\"><span class=\"entry-date\"> <time datetime=\"2025-10-03T14:07:55+00:00\">octubre 2025<\/time><\/span><span> \/ <\/span><span class=\"terms\"> <a href='https:\/\/www.child-identity.org\/es\/country\/americas-es\/' title='Americas' class='pt-cv-tax-americas-es'>Americas<\/a><\/span><\/div><h4 class=\"pt-cv-title pt-cv-titlesm\"><a href=\"https:\/\/www.child-identity.org\/es\/october-2025-americas-publication-of-a-compendium-of-decisions-on-childrens-rights-by-the-inter-american-court-of-human-rights\/\" class=\"_self\" target=\"_self\" >Octubre de 2025, Am\u00e9ricas: Publicaci\u00f3n de un compendio de decisiones sobre los derechos de los ni\u00f1os, ni\u00f1as y adolescentes emitidas por la Corte Interamericana de Derechos Humanos.<\/a><\/h4><\/div><\/div>\n<div class=\" pt-cv-content-item pt-cv-1-col cv-main-post\"  data-pid=\"13045\"><div class=\"pt-cv-thumb-wrapper  \"><a href=\"https:\/\/www.child-identity.org\/es\/september-2025-africa-and-asia-dissemination-of-various-guides-to-improve-civil-registration-and-vital-statistics-systems\/\" class=\"_self pt-cv-href-thumbnail pt-cv-thumb-default\" target=\"_self\" ><img loading=\"lazy\" decoding=\"async\" width=\"768\" height=\"512\" src=\"data:image\/svg+xml,%3Csvg%20xmlns%3D%27http:\/\/www.w3.org\/2000\/svg%27%20viewBox%3D%270%200%203%202%27%3E%3C\/svg%3E\" class=\"pt-cv-thumbnail img-rounded gt-lazy-load\" alt=\"\" data-src=\"https:\/\/www.child-identity.org\/wp-content\/uploads\/2024\/05\/newborn-baby-g0aa33a922_19202-768x512.jpg\" data-srcset=\"\" \/><\/a><\/div>\n<div class=\"pt-cv-overlay-wrapper\"><div class=\"pt-cv-meta-fields\"><span class=\"entry-date\"> <time datetime=\"2025-10-03T14:01:36+00:00\">octubre 2025<\/time><\/span><span> \/ <\/span><span class=\"terms\"> <a href='https:\/\/www.child-identity.org\/es\/country\/africa-es\/' title='\u00c1frica' class='pt-cv-tax-africa-es'>\u00c1frica<\/a>, <a href='https:\/\/www.child-identity.org\/es\/country\/asia-es\/' title='Asia' class='pt-cv-tax-asia-es'>Asia<\/a><\/span><\/div><h4 class=\"pt-cv-title\"><a href=\"https:\/\/www.child-identity.org\/es\/september-2025-africa-and-asia-dissemination-of-various-guides-to-improve-civil-registration-and-vital-statistics-systems\/\" class=\"_self\" target=\"_self\" >Septiembre de 2025, \u00c1frica y Asia: Difusi\u00f3n de diversas gu\u00edas para mejorar los sistemas de registro civil y estad\u00edsticas vitales<\/a><\/h4><\/div><\/div><\/div><\/div>\n<div class=\"text-center circle-button pt-cv-pagination-wrapper\"><ul class=\"pt-cv-pagination pt-cv-ajax pagination\" data-totalpages=\"31\" data-currentpage=\"1\" data-sid=\"e877900zx1\" data-unid=\"\" data-isblock=\"\" data-postid=\"\"><li class=\"active\"><a href=\"#\">1<\/a><\/li>\n\t<li ><a class=\"\" href=\"https:\/\/www.child-identity.org\/es\/wp-json\/wp\/v2\/pages\/4773\/?_page=2\">2<\/a><\/li>\n\t<li ><a class=\"\" href=\"https:\/\/www.child-identity.org\/es\/wp-json\/wp\/v2\/pages\/4773\/?_page=3\">3<\/a><\/li>\n\t<li ><a href=\"#\">&hellip;<\/a><\/li>\n\t<li ><a class=\"\" href=\"https:\/\/www.child-identity.org\/es\/wp-json\/wp\/v2\/pages\/4773\/?_page=31\">31<\/a><\/li>\n\t<li ><a class=\" \" href=\"https:\/\/www.child-identity.org\/es\/wp-json\/wp\/v2\/pages\/4773\/?_page=2\">&rsaquo;<\/a><\/li>\n\t<\/ul><img loading=\"lazy\" decoding=\"async\" width=\"15\" height=\"15\" class=\"pt-cv-spinner\" alt=\"Cargando...\" src=\"data:image\/gif;base64,R0lGODlhDwAPALMPAMrKygwMDJOTkz09PZWVla+vr3p6euTk5M7OzuXl5TMzMwAAAJmZmWZmZszMzP\/\/\/yH\/C05FVFNDQVBFMi4wAwEAAAAh+QQFCgAPACwAAAAADwAPAAAEQvDJaZaZOIcV8iQK8VRX4iTYoAwZ4iCYoAjZ4RxejhVNoT+mRGP4cyF4Pp0N98sBGIBMEMOotl6YZ3S61Bmbkm4mAgAh+QQFCgAPACwAAAAADQANAAAENPDJSRSZeA418itN8QiK8BiLITVsFiyBBIoYqnoewAD4xPw9iY4XLGYSjkQR4UAUD45DLwIAIfkEBQoADwAsAAAAAA8ACQAABC\/wyVlamTi3nSdgwFNdhEJgTJoNyoB9ISYoQmdjiZPcj7EYCAeCF1gEDo4Dz2eIAAAh+QQFCgAPACwCAAAADQANAAAEM\/DJBxiYeLKdX3IJZT1FU0iIg2RNKx3OkZVnZ98ToRD4MyiDnkAh6BkNC0MvsAj0kMpHBAAh+QQFCgAPACwGAAAACQAPAAAEMDC59KpFDll73HkAA2wVY5KgiK5b0RRoI6MuzG6EQqCDMlSGheEhUAgqgUUAFRySIgAh+QQFCgAPACwCAAIADQANAAAEM\/DJKZNLND\/kkKaHc3xk+QAMYDKsiaqmZCxGVjSFFCxB1vwy2oOgIDxuucxAMTAJFAJNBAAh+QQFCgAPACwAAAYADwAJAAAEMNAs86q1yaWwwv2Ig0jUZx3OYa4XoRAfwADXoAwfo1+CIjyFRuEho60aSNYlOPxEAAAh+QQFCgAPACwAAAIADQANAAAENPA9s4y8+IUVcqaWJ4qEQozSoAzoIyhCK2NFU2SJk0hNnyEOhKR2AzAAj4Pj4GE4W0bkJQIAOw==\" \/><div class=\"clear pt-cv-clear-pagination\"><\/div><\/div><\/div>\t\t\t<style type=\"text\/css\" id=\"pt-cv-inline-style-bc840fe478\">#pt-cv-view-e877900zx1 .pt-cv-thumb-wrapper::before {background: rgba(0,0,0,.4); opacity: 0.8}#pt-cv-view-e877900zx1 .pt-cv-overlay-wrapper {justify-content: flex-start;}\n#pt-cv-view-e877900zx1 > .pt-cv-page {grid-auto-rows: 250px;grid-gap: 15px;}\n@media all and (max-width: 1024px) { \n#pt-cv-view-e877900zx1 > .pt-cv-page {}\n} \n@media all and (max-width: 767px) { \n#pt-cv-view-e877900zx1 > .pt-cv-page {}\n} <\/style>\r\n\t\t\t\t\t\t<style type=\"text\/css\" id=\"pt-cv-inline-style-f604da61ab\">#pt-cv-view-e877900zx1 .pt-cv-title a, #pt-cv-view-e877900zx1  .panel-title { color: #ffffff !important; font-weight: 600 !important; }\n#pt-cv-view-e877900zx1  .pt-cv-hover-wrapper::before   { background-color: rgba(0,0,0,.3) !important; }\n#pt-cv-view-e877900zx1  .pt-cv-content-item:hover .pt-cv-hover-wrapper::before   { background-color: rgba(51,51,51,.6) !important; }\n#pt-cv-view-e877900zx1:not(.pt-cv-nohover) .pt-cv-mask *   { color: #fff; }\n#pt-cv-view-e877900zx1 .pt-cv-meta-fields * { color: #b0eee0 !important; font-weight: 600 !important; }\n#pt-cv-view-e877900zx1 .pt-cv-readmore  { color: #ffffff !important; background-color: #1caf8e !important; }\n#pt-cv-view-e877900zx1 .pt-cv-readmore:hover  { color: #ffffff !important; background-color: #000000 !important; }\n#pt-cv-view-e877900zx1  + .pt-cv-pagination-wrapper .pt-cv-more , #pt-cv-view-e877900zx1  + .pt-cv-pagination-wrapper .pagination .active a, .pt-cv-pagination[data-sid='e877900zx1'] .active a { color: #ffffff !important; background-color: #1caf8e !important; }\n \r\n                                    .cvp-live-filter[data-sid='e877900zx1'].cvp-customized input:hover,\r\n                                    .cvp-live-filter[data-sid='e877900zx1'].cvp-customized input:focus,\r\n                                    .cvp-live-filter[data-sid='e877900zx1'].cvp-customized select:hover,\r\n                                    .cvp-live-filter[data-sid='e877900zx1'].cvp-customized select:focus,\r\n                                    .cvp-live-filter[data-sid='e877900zx1'].cvp-customized input~div:hover,\r\n                                    .cvp-live-filter[data-sid='e877900zx1'].cvp-customized input~div:focus {border-color: #312783; box-shadow: 0 0 0 1px #312783 !important;}\r\n                                    .cvp-live-filter[data-sid='e877900zx1'].cvp-customized input[type='checkbox']:checked {background-color: #312783;}\r\n                                    .cvp-live-filter[data-sid='e877900zx1'].cvp-customized input[type='radio']:checked {border-color: #312783;}\r\n                                    .cvp-live-filter[data-sid='e877900zx1'].cvp-customized input[type='radio']:checked::before {border-color: #312783; background: #312783;}\r\n                                    \n.cvp-live-filter[data-sid='e877900zx1'] input[type=radio]:checked~div   { background-color: #312783 !important; }\n.cvp-live-submit   { color: #ffffff !important; background-color: #312783 !important; }\n.cvp-live-reset   { background-color: #020000 !important; }\n#pt-cv-view-e877900zx1 .img-rounded, #pt-cv-view-e877900zx1 .pt-cv-hover-wrapper { -webkit-border-radius: 5px !important; -moz-border-radius: 5px !important; border-radius: 5px !important; }\n#pt-cv-view-e877900zx1 .pt-cv-cap-w-img { border-bottom-left-radius: 5px !important; border-bottom-right-radius: 5px !important; }<\/style>\r\n\t\t\t[\/vc_column_text][\/vc_column][\/vc_row]<\/p>\n","protected":false},"excerpt":{"rendered":"<p>[vc_row][vc_column][vc_column_text][\/vc_column_text][\/vc_column][\/vc_row]<\/p>\n","protected":false},"author":1,"featured_media":0,"parent":0,"menu_order":0,"comment_status":"closed","ping_status":"closed","template":"","meta":{"footnotes":""},"class_list":["post-4773","page","type-page","status-publish","hentry"],"_links":{"self":[{"href":"https:\/\/www.child-identity.org\/es\/wp-json\/wp\/v2\/pages\/4773","targetHints":{"allow":["GET"]}}],"collection":[{"href":"https:\/\/www.child-identity.org\/es\/wp-json\/wp\/v2\/pages"}],"about":[{"href":"https:\/\/www.child-identity.org\/es\/wp-json\/wp\/v2\/types\/page"}],"author":[{"embeddable":true,"href":"https:\/\/www.child-identity.org\/es\/wp-json\/wp\/v2\/users\/1"}],"replies":[{"embeddable":true,"href":"https:\/\/www.child-identity.org\/es\/wp-json\/wp\/v2\/comments?post=4773"}],"version-history":[{"count":2,"href":"https:\/\/www.child-identity.org\/es\/wp-json\/wp\/v2\/pages\/4773\/revisions"}],"predecessor-version":[{"id":6709,"href":"https:\/\/www.child-identity.org\/es\/wp-json\/wp\/v2\/pages\/4773\/revisions\/6709"}],"wp:attachment":[{"href":"https:\/\/www.child-identity.org\/es\/wp-json\/wp\/v2\/media?parent=4773"}],"curies":[{"name":"wp","href":"https:\/\/api.w.org\/{rel}","templated":true}]}}