{"id":6574,"date":"2024-04-29T06:28:06","date_gmt":"2024-04-29T06:28:06","guid":{"rendered":"https:\/\/child-identity.org\/?page_id=6574"},"modified":"2024-06-13T09:31:16","modified_gmt":"2024-06-13T09:31:16","slug":"que-hacemos","status":"publish","type":"page","link":"https:\/\/www.child-identity.org\/es\/que-hacemos\/","title":{"rendered":"\u00bfQu\u00e9 hacemos?"},"content":{"rendered":"<p>[vc_row full_width=&#8221;stretch_row&#8221; css=&#8221;.vc_custom_1714372295103{background-image: url(https:\/\/child-identity.org\/wp-content\/uploads\/2024\/04\/SCREEN-1-background.png?id=6374) !important;background-position: center !important;background-repeat: no-repeat !important;background-size: cover !important;}&#8221; el_class=&#8221;header-blue&#8221;][vc_column][vc_empty_space height=&#8221;100px&#8221;][vc_column_text]<\/p>\n<h1 class=\"sppb-title-heading\" style=\"color: #312783;\">OBJECTIVOS<\/h1>\n<p>[\/vc_column_text][vc_empty_space height=&#8221;10px&#8221;][vc_row_inner][vc_column_inner width=&#8221;3\/5&#8243;][vc_column_text]<\/p>\n<h2 style=\"font-weight: bold;\">Child Identity Protection colabora con los Estados, las agencias de las Naciones Unidas, las organizaciones internacionales y otras partes interesadas para garantizar que se respeten plenamente las normas internacionales, as\u00ed como los instrumentos y est\u00e1ndares regionales.<\/h2>\n<p>[\/vc_column_text][\/vc_column_inner][vc_column_inner width=&#8221;2\/5&#8243;][vc_column_text css=&#8221;.vc_custom_1718270841728{margin-top: 50px !important;}&#8221;]<span style=\"font-size: 18.6px; font-weight: 300; line-height: 26px;\">En concreto, Child Identity Protection pretende desarrollar el trabajo de la Agenda de Identidad Legal de las Naciones Unidas, que se centra en el registro civil y las estad\u00edsticas vitales para promover la identidad jur\u00eddica, considerando el aspecto de las relaciones familiares de la identidad jur\u00eddica.<\/span>[\/vc_column_text][\/vc_column_inner][\/vc_row_inner][vc_empty_space height=&#8221;130px&#8221;][\/vc_column][\/vc_row][vc_row full_width=&#8221;stretch_row&#8221; css=&#8221;.vc_custom_1713886393283{background-image: url(https:\/\/child-identity.org\/wp-content\/uploads\/2024\/04\/Grey-background-2.png?id=4380) !important;background-position: center !important;background-repeat: no-repeat !important;background-size: cover !important;}&#8221;][vc_column][vc_empty_space height=&#8221;30px&#8221;][vc_row_inner][vc_column_inner width=&#8221;1\/2&#8243;][vc_column_text]<\/p>\n<h1 class=\"sppb-addon-title\" style=\"color: #1caf8e; font-size: 32px; font-weight: 300; line-height: 26px;\">El Juez Vui Clarence Nelson, Miembro del Comit\u00e9 de los Derechos del Ni\u00f1o para la regi\u00f3n Pac\u00edfico manifest\u00f3 que<\/h1>\n<p>[\/vc_column_text][\/vc_column_inner][vc_column_inner width=&#8221;1\/2&#8243;][\/vc_column_inner][\/vc_row_inner][vc_row_inner][vc_column_inner width=&#8221;1\/4&#8243;][\/vc_column_inner][vc_column_inner width=&#8221;2\/4&#8243;][vc_column_text css=&#8221;.vc_custom_1718270896927{margin-top: 50px !important;}&#8221;]<span style=\"font-size: 18.6px; font-weight: 300; line-height: 26px; color: #312783;\">\u201cCHIP, probablemente la \u00fanica organizaci\u00f3n internacional que trabaja integralmente en todo el mundo en el \u00e1rea del derecho del ni\u00f1o o ni\u00f1a a su identidad y nacionalidad. En una \u00e9poca en la que muchos ni\u00f1os y ni\u00f1as son desplazados por la migraci\u00f3n, la pobreza, la guerra y otras causas, su labor es de gran importancia. Por su naturaleza, se vincula significativamente con el registro de nacimientos. CHIP tiene su sede en Ginebra y trabaja considerablemente con la ONU y con otras organizaciones internacionales, como UNICEF.\u201d<\/span>[\/vc_column_text][\/vc_column_inner][vc_column_inner width=&#8221;1\/4&#8243;][\/vc_column_inner][\/vc_row_inner][vc_row_inner][vc_column_inner][vc_empty_space height=&#8221;30px&#8221;][\/vc_column_inner][\/vc_row_inner][\/vc_column][\/vc_row][vc_row full_width=&#8221;stretch_row&#8221; css=&#8221;.vc_custom_1714373036639{background-color: #ffffff !important;}&#8221;][vc_column width=&#8221;1\/2&#8243;][vc_column_text]<\/p>\n<h1 class=\"sppb-addon-title\" style=\"color: #1caf8e; font-size: 32px; font-weight: 300; line-height: 26px;\">Child Identity Protection aboga por leyes, pol\u00edticas y pr\u00e1cticas que defienden el derecho a la identidad jur\u00eddica en el marco de las relaciones familiares a trav\u00e9s de:<\/h1>\n<p>[\/vc_column_text][\/vc_column][vc_column width=&#8221;1\/2&#8243;][\/vc_column][\/vc_row][vc_row full_width=&#8221;stretch_row&#8221; css=&#8221;.vc_custom_1714373093200{background-image: url(https:\/\/child-identity.org\/wp-content\/uploads\/2024\/04\/SCREEN-6.jpg?id=6377) !important;}&#8221;][vc_column][vc_empty_space height=&#8221;30px&#8221;]<div class=\"gt-testimonials-carousel gt-align-center\"><div class=\"swiper-container gt-swiper-slider\" data-gt-item=\"3\" data-gt-item-space=\"30\" data-gt-loop=\"true\" data-gt-speed=\"1000\" data-gt-direction=\"horizontal\" data-gt-effect=\"slide\" data-gt-centered-slides=\"false\" data-gt-free-mode=\"false\"><div class=\"swiper-wrapper\"><div class=\"swiper-slide\" data-swiper-autoplay=\"15000\"><div class=\"gt-image\"><img loading=\"lazy\" decoding=\"async\" width=\"150\" height=\"150\" src=\"data:image\/svg+xml,%3Csvg%20xmlns%3D%27http:\/\/www.w3.org\/2000\/svg%27%20viewBox%3D%270%200%203%202%27%3E%3C\/svg%3E\" class=\"attachment-thumbnail size-thumbnail gt-lazy-load\" alt=\"La creaci\u00f3n de una identidad del ni\u00f1o o ni\u00f1a precisa y transparente\" data-src=\"https:\/\/www.child-identity.org\/wp-content\/uploads\/2024\/04\/1bg-150x150.png\" data-srcset=\"\" data-sizes=\"(max-width: 150px) 100vw, 150px\" \/><\/div><div class=\"gt-name\">La creaci\u00f3n de una identidad del ni\u00f1o o ni\u00f1a precisa y transparente<\/div><div class=\"gt-content\"><p>Deben evitarse y prohibirse aquellos actos que puedan dar lugar a vac\u00edos de informaci\u00f3n (nacimiento an\u00f3nimo, cajas para beb\u00e9s, pobreza y discriminaci\u00f3n que conducen al abandono, donaciones an\u00f3nimas de gametos, etc.)<\/p>\n<\/div><\/div><div class=\"swiper-slide\"><div class=\"gt-image\"><img loading=\"lazy\" decoding=\"async\" width=\"150\" height=\"150\" src=\"data:image\/svg+xml,%3Csvg%20xmlns%3D%27http:\/\/www.w3.org\/2000\/svg%27%20viewBox%3D%270%200%203%202%27%3E%3C\/svg%3E\" class=\"attachment-thumbnail size-thumbnail gt-lazy-load\" alt=\"La modificaci\u00f3n de la identidad del ni\u00f1o o ni\u00f1a \u00fanicamente cuando redunde en el inter\u00e9s superior del ni\u00f1o o ni\u00f1a, incluso en la edad adulta\" data-src=\"https:\/\/www.child-identity.org\/wp-content\/uploads\/2024\/04\/2bg-150x150.png\" data-srcset=\"\" data-sizes=\"(max-width: 150px) 100vw, 150px\" \/><\/div><div class=\"gt-name\">La modificaci\u00f3n de la identidad del ni\u00f1o o ni\u00f1a \u00fanicamente cuando redunde en el inter\u00e9s superior del ni\u00f1o o ni\u00f1a, incluso en la edad adulta<\/div><div class=\"gt-content\"><p>Deben existir marcos s\u00f3lidos de prevenci\u00f3n para garantizar que cualquier modificaci\u00f3n de la identidad \u00fanicamente se produzca tras una evaluaci\u00f3n y determinaci\u00f3n del inter\u00e9s superior del ni\u00f1o o ni\u00f1a. Estos marcos deben existir en las situaciones de acogimiento informal y formal, incluidos el cuidado por familiares, el acogimiento familiar, la kafala, el acogimiento residencial, la adopci\u00f3n nacional, la adopci\u00f3n internacional, la gestaci\u00f3n subrogada, etc.<\/p>\n<\/div><\/div><div class=\"swiper-slide\"><div class=\"gt-image\"><img loading=\"lazy\" decoding=\"async\" width=\"150\" height=\"150\" src=\"data:image\/svg+xml,%3Csvg%20xmlns%3D%27http:\/\/www.w3.org\/2000\/svg%27%20viewBox%3D%270%200%203%202%27%3E%3C\/svg%3E\" class=\"attachment-thumbnail size-thumbnail gt-lazy-load\" alt=\"La prevenci\u00f3n de pr\u00e1cticas il\u00edcitas, incluyendo la falsificaci\u00f3n de la identidad y la venta de ni\u00f1os y ni\u00f1as\" data-src=\"https:\/\/www.child-identity.org\/wp-content\/uploads\/2024\/04\/3bg-150x150.png\" data-srcset=\"\" data-sizes=\"(max-width: 150px) 100vw, 150px\" \/><\/div><div class=\"gt-name\">La prevenci\u00f3n de pr\u00e1cticas il\u00edcitas, incluyendo la falsificaci\u00f3n de la identidad y la venta de ni\u00f1os y ni\u00f1as<\/div><div class=\"gt-content\"><p>Las actividades se centran en evitar la venta de ni\u00f1os y ni\u00f1as y de su identidad. Se trabaja para prohibir la creaci\u00f3n de \u201chu\u00e9rfanos de papel\u201d y \u201cni\u00f1os y ni\u00f1as biol\u00f3gicos de papel\u201d para garantizar la exactitud de los registros y el respeto de los debidos procesos.<\/p>\n<\/div><\/div><div class=\"swiper-slide\"><div class=\"gt-image\"><img loading=\"lazy\" decoding=\"async\" width=\"150\" height=\"150\" src=\"data:image\/svg+xml,%3Csvg%20xmlns%3D%27http:\/\/www.w3.org\/2000\/svg%27%20viewBox%3D%270%200%203%202%27%3E%3C\/svg%3E\" class=\"attachment-thumbnail size-thumbnail gt-lazy-load\" alt=\"La preservaci\u00f3n de y la accesibilidad a todos los elementos que contribuyen a la identidad del ni\u00f1o o ni\u00f1a\" data-src=\"https:\/\/www.child-identity.org\/wp-content\/uploads\/2024\/04\/4bg-150x150.png\" data-srcset=\"\" data-sizes=\"(max-width: 150px) 100vw, 150px\" \/><\/div><div class=\"gt-name\">La preservaci\u00f3n de y la accesibilidad a todos los elementos que contribuyen a la identidad del ni\u00f1o o ni\u00f1a<\/div><div class=\"gt-content\"><p>Bases de datos, leyes y pr\u00e1cticas adecuadas para apoyar el acceso de los ni\u00f1os y ni\u00f1as en funci\u00f3n de la evoluci\u00f3n de sus capacidades. Por ejemplo, estudios recientes en el contexto de la Uni\u00f3n Europea relativos a la identidad en situaciones de migraci\u00f3n y refugio muestran la importancia capital de la portabilidad de la identidad a trav\u00e9s de las fronteras internacionales, especialmente cuando se ve involucrado un tercer pa\u00eds.<\/p>\n<\/div><\/div><div class=\"swiper-slide\"><div class=\"gt-image\"><img loading=\"lazy\" decoding=\"async\" width=\"150\" height=\"150\" src=\"data:image\/svg+xml,%3Csvg%20xmlns%3D%27http:\/\/www.w3.org\/2000\/svg%27%20viewBox%3D%270%200%203%202%27%3E%3C\/svg%3E\" class=\"attachment-thumbnail size-thumbnail gt-lazy-load\" alt=\"El restablecimiento de la identidad del ni\u00f1o o ni\u00f1a, cuando haya informaci\u00f3n ausente o falsificada\" data-src=\"https:\/\/www.child-identity.org\/wp-content\/uploads\/2024\/04\/5bg-150x150.png\" data-srcset=\"\" data-sizes=\"(max-width: 150px) 100vw, 150px\" \/><\/div><div class=\"gt-name\">El restablecimiento de la identidad del ni\u00f1o o ni\u00f1a, cuando haya informaci\u00f3n ausente o falsificada<\/div><div class=\"gt-content\"><p>Promoci\u00f3n de la justicia transnacional y transitoria, recurso al procedimiento de comunicaci\u00f3n del Comit\u00e9 de los Derechos del Ni\u00f1o, litigio estrat\u00e9gico, jurisdicci\u00f3n y jurisprudencia internacional, regional y nacional (por ejemplo, investigaciones, recursos, asesoramiento).<\/p>\n<\/div><\/div><\/div><div class=\"swiper-pagination gt-slider-pagination\"><\/div><\/div><\/div>[vc_empty_space height=&#8221;50px&#8221;][\/vc_column][\/vc_row][vc_row full_width=&#8221;stretch_row&#8221; css=&#8221;.vc_custom_1714373353779{background-image: url(https:\/\/child-identity.org\/wp-content\/uploads\/2024\/04\/Grey-background.png?id=6371) !important;background-position: center !important;background-repeat: no-repeat !important;background-size: cover !important;}&#8221; el_class=&#8221;header-blue&#8221;][vc_column][vc_empty_space height=&#8221;100px&#8221;][vc_column_text]<\/p>\n<h1 class=\"sppb-title-heading\" style=\"color: #312783;\">C\u00d3MO TRABAJAMOS<\/h1>\n<p>[\/vc_column_text][vc_row_inner][vc_column_inner width=&#8221;2\/3&#8243;][vc_column_text]<span style=\"font-size: 18.6px; font-weight: 300; color: #363636;\">En l\u00ednea con sus objetivos, Child Identity Protection trabaja con socios multi-agenciales para promover los derechos de los ni\u00f1os y ni\u00f1as a una identidad jur\u00eddica mediante:<\/span>[\/vc_column_text][\/vc_column_inner][vc_column_inner width=&#8221;1\/3&#8243;][\/vc_column_inner][\/vc_row_inner][vc_empty_space height=&#8221;10px&#8221;][vc_row_inner][vc_column_inner width=&#8221;1\/2&#8243;][vc_column_text]<span style=\"font-size: 24pt; font-family: castaregular; color: #1caf8e; line-height: 24pt; font-weight: 300;\">1\/ La elaboraci\u00f3n de investigaciones s\u00f3lidas para comprender el fen\u00f3meno, as\u00ed como la identificaci\u00f3n de pr\u00e1cticas prometedoras para responder a las limitaciones existentes<\/span><\/p>\n<p><span style=\"font-size: 24pt; font-family: castaregular; color: #312783; line-height: 24pt; font-weight: 300;\">2\/ El desarrollo y la aplicaci\u00f3n de marcos legislativos y pol\u00edticos que traten de proteger estos derechos, as\u00ed como respuestas adecuadas cuando se contravengan estos derechos<\/span><\/p>\n<p><span style=\"font-size: 24pt; font-family: castaregular; color: #1caf8e; line-height: 24pt; font-weight: 300;\">3\/ La defensa de estos derechos en los foros internacionales, regionales y nacionales<\/span>[\/vc_column_text][\/vc_column_inner][vc_column_inner width=&#8221;1\/2&#8243;][vc_column_text]<span style=\"font-size: 24pt; font-family: castaregular; color: #312783; line-height: 24pt; font-weight: 300;\">4\/ La dotaci\u00f3n de herramientas, recursos y capacitaci\u00f3n a los profesionales<\/span><\/p>\n<p><span style=\"font-size: 24pt; font-family: castaregular; color: #1caf8e; line-height: 24pt; font-weight: 300;\">5\/ La garant\u00eda de que las voces de las personas con experiencias vividas sean centrales en los debates pertinentes<\/span><\/p>\n<p><span style=\"font-size: 24pt; font-family: castaregular; color: #312783; line-height: 24pt; font-weight: 300;\">6\/ La coordinaci\u00f3n, desde su sede en Ginebra, de los trabajos en materia de investigaci\u00f3n, de pol\u00edticas p\u00fablicas, de legislaci\u00f3n, de incidencia y de pr\u00e1cticas para apoyar la protecci\u00f3n de los derechos de los ni\u00f1os y ni\u00f1as a una identidad y el empoderamiento de sus miembros en el mundo<\/span>[\/vc_column_text][\/vc_column_inner][\/vc_row_inner][vc_empty_space height=&#8221;130px&#8221;][\/vc_column][\/vc_row]<\/p>\n","protected":false},"excerpt":{"rendered":"<p>[vc_row full_width=&#8221;stretch_row&#8221; css=&#8221;.vc_custom_1714372295103{background-image: url(https:\/\/child-identity.org\/wp-content\/uploads\/2024\/04\/SCREEN-1-background.png?id=6374) !important;background-position: center !important;background-repeat: no-repeat !important;background-size: cover !important;}&#8221; el_class=&#8221;header-blue&#8221;][vc_column][vc_empty_space height=&#8221;100px&#8221;][vc_column_text] OBJECTIVOS [\/vc_column_text][vc_empty_space height=&#8221;10px&#8221;][vc_row_inner][vc_column_inner width=&#8221;3\/5&#8243;][vc_column_text] Child Identity Protection colabora con los Estados, las agencias de las Naciones Unidas, las organizaciones internacionales y otras partes interesadas para garantizar que&#8230;<\/p>\n","protected":false},"author":1,"featured_media":0,"parent":0,"menu_order":0,"comment_status":"closed","ping_status":"closed","template":"","meta":{"footnotes":""},"class_list":["post-6574","page","type-page","status-publish","hentry"],"_links":{"self":[{"href":"https:\/\/www.child-identity.org\/es\/wp-json\/wp\/v2\/pages\/6574","targetHints":{"allow":["GET"]}}],"collection":[{"href":"https:\/\/www.child-identity.org\/es\/wp-json\/wp\/v2\/pages"}],"about":[{"href":"https:\/\/www.child-identity.org\/es\/wp-json\/wp\/v2\/types\/page"}],"author":[{"embeddable":true,"href":"https:\/\/www.child-identity.org\/es\/wp-json\/wp\/v2\/users\/1"}],"replies":[{"embeddable":true,"href":"https:\/\/www.child-identity.org\/es\/wp-json\/wp\/v2\/comments?post=6574"}],"version-history":[{"count":4,"href":"https:\/\/www.child-identity.org\/es\/wp-json\/wp\/v2\/pages\/6574\/revisions"}],"predecessor-version":[{"id":9065,"href":"https:\/\/www.child-identity.org\/es\/wp-json\/wp\/v2\/pages\/6574\/revisions\/9065"}],"wp:attachment":[{"href":"https:\/\/www.child-identity.org\/es\/wp-json\/wp\/v2\/media?parent=6574"}],"curies":[{"name":"wp","href":"https:\/\/api.w.org\/{rel}","templated":true}]}}