{"id":6773,"date":"2024-05-02T08:53:40","date_gmt":"2024-05-02T08:53:40","guid":{"rendered":"https:\/\/child-identity.org\/?page_id=6773"},"modified":"2024-05-09T06:07:16","modified_gmt":"2024-05-09T06:07:16","slug":"incidencia-y-politicas","status":"publish","type":"page","link":"https:\/\/www.child-identity.org\/es\/incidencia-y-politicas\/","title":{"rendered":"Incidencia y pol\u00edticas"},"content":{"rendered":"<p>[vc_row][vc_column][vc_column_text]<div class=\"pt-cv-wrapper\"><div class=\"pt-cv-view pt-cv-blockgrid iscvblock iscvhybrid grid1 layout2 pt-cv-pgregular\" id=\"pt-cv-view-cc54c467p1\"><div data-id=\"pt-cv-page-1\" class=\"pt-cv-page\" data-cvc=\"3\"><div class=\" pt-cv-content-item pt-cv-1-col\"  data-pid=\"14100\"><div class=\"pt-cv-thumb-wrapper  \"><a href=\"https:\/\/www.child-identity.org\/es\/strengthening-catch-up-birth-registration-mechanisms-through-schools\/\" class=\"_self pt-cv-href-thumbnail pt-cv-thumb-default\" target=\"_self\" ><img loading=\"lazy\" decoding=\"async\" width=\"768\" height=\"384\" src=\"data:image\/svg+xml,%3Csvg%20xmlns%3D%27http:\/\/www.w3.org\/2000\/svg%27%20viewBox%3D%270%200%203%202%27%3E%3C\/svg%3E\" class=\"pt-cv-thumbnail img-none gt-lazy-load\" alt=\"\" data-src=\"https:\/\/www.child-identity.org\/wp-content\/uploads\/2026\/04\/DGAT-768x384.jpg\" data-srcset=\"\" \/><\/a><\/div>\n<div class=\"pt-cv-remain-wrapper\"><div class=\"pt-cv-meta-fields\"><span class=\"entry-date\"> <time datetime=\"2026-04-25T08:02:03+00:00\">abril 2026<\/time><\/span><span> \/ <\/span><span class=\"terms\"> <a href='https:\/\/www.child-identity.org\/es\/country\/cote-divoire-es\/' title='C\u00f4te d&#8217;Ivoire' class='pt-cv-tax-cote-divoire-es'>C\u00f4te d&#8217;Ivoire<\/a><\/span><\/div><h4 class=\"pt-cv-title\"><a href=\"https:\/\/www.child-identity.org\/es\/strengthening-catch-up-birth-registration-mechanisms-through-schools\/\" class=\"_self\" target=\"_self\" >Fortalecimiento de los mecanismos de registro tard\u00edo de nacimientos a trav\u00e9s de las escuelas<\/a><\/h4><\/div><\/div>\n<div class=\" pt-cv-content-item pt-cv-1-col\"  data-pid=\"14051\"><div class=\"pt-cv-thumb-wrapper  \"><a href=\"https:\/\/www.child-identity.org\/es\/april-2026-world-human-rights-council-adopts-resolution-on-birth-registration-and-legal-identity\/\" class=\"_self pt-cv-href-thumbnail pt-cv-thumb-default\" target=\"_self\" ><img loading=\"lazy\" decoding=\"async\" width=\"768\" height=\"543\" src=\"data:image\/svg+xml,%3Csvg%20xmlns%3D%27http:\/\/www.w3.org\/2000\/svg%27%20viewBox%3D%270%200%203%202%27%3E%3C\/svg%3E\" class=\"pt-cv-thumbnail img-none gt-lazy-load\" alt=\"\" data-src=\"https:\/\/www.child-identity.org\/wp-content\/uploads\/2026\/01\/chipo_2-768x543.png\" data-srcset=\"\" \/><\/a><\/div>\n<div class=\"pt-cv-remain-wrapper\"><div class=\"pt-cv-meta-fields\"><span class=\"entry-date\"> <time datetime=\"2026-04-22T15:36:37+00:00\">abril 2026<\/time><\/span><span> \/ <\/span><span class=\"terms\"> <a href='https:\/\/www.child-identity.org\/es\/country\/mundo\/' title='Mundo' class='pt-cv-tax-mundo'>Mundo<\/a><\/span><\/div><h4 class=\"pt-cv-title\"><a href=\"https:\/\/www.child-identity.org\/es\/april-2026-world-human-rights-council-adopts-resolution-on-birth-registration-and-legal-identity\/\" class=\"_self\" target=\"_self\" >Abril de 2026, Mundo: El Consejo de Derechos Humanos adopta su resoluci\u00f3n sobre el registro de nacimientos y la identidad jur\u00eddica<\/a><\/h4><\/div><\/div>\n<div class=\" pt-cv-content-item pt-cv-1-col\"  data-pid=\"14076\"><div class=\"pt-cv-thumb-wrapper  \"><a href=\"https:\/\/www.child-identity.org\/es\/committee-of-experts-on-access-to-origins-meeting\/\" class=\"_self pt-cv-href-thumbnail pt-cv-thumb-default\" target=\"_self\" ><img loading=\"lazy\" decoding=\"async\" width=\"768\" height=\"384\" src=\"data:image\/svg+xml,%3Csvg%20xmlns%3D%27http:\/\/www.w3.org\/2000\/svg%27%20viewBox%3D%270%200%203%202%27%3E%3C\/svg%3E\" class=\"pt-cv-thumbnail img-none gt-lazy-load\" alt=\"\" data-src=\"https:\/\/www.child-identity.org\/wp-content\/uploads\/2026\/04\/commitee-of-experts-768x384.jpg\" data-srcset=\"\" \/><\/a><\/div>\n<div class=\"pt-cv-remain-wrapper\"><div class=\"pt-cv-meta-fields\"><span class=\"entry-date\"> <time datetime=\"2026-03-25T07:29:33+00:00\">marzo 2026<\/time><\/span><span> \/ <\/span><span class=\"terms\"> <a href='https:\/\/www.child-identity.org\/es\/country\/europe-es\/' title='Europe' class='pt-cv-tax-europe-es'>Europe<\/a><\/span><\/div><h4 class=\"pt-cv-title\"><a href=\"https:\/\/www.child-identity.org\/es\/committee-of-experts-on-access-to-origins-meeting\/\" class=\"_self\" target=\"_self\" >Reuni\u00f3n del Comit\u00e9 de Experta\/os sobre el acceso a los or\u00edgenes<\/a><\/h4><\/div><\/div>\n<div class=\" pt-cv-content-item pt-cv-1-col\"  data-pid=\"13998\"><div class=\"pt-cv-thumb-wrapper  \"><a href=\"https:\/\/www.child-identity.org\/es\/lanzamiento-de-nuevas-herramientas-para-desarrolladores-de-politicas-publicas-y-profesionales-destinadas-a-proteger-los-derechos-de-los-ninos-y-de-las-ninas-en-la-reproduccion-asistida-mediante-tercer\/\" class=\"_self pt-cv-href-thumbnail pt-cv-thumb-default\" target=\"_self\" ><img loading=\"lazy\" decoding=\"async\" width=\"768\" height=\"376\" src=\"data:image\/svg+xml,%3Csvg%20xmlns%3D%27http:\/\/www.w3.org\/2000\/svg%27%20viewBox%3D%270%200%203%202%27%3E%3C\/svg%3E\" class=\"pt-cv-thumbnail img-none gt-lazy-load\" alt=\"\" data-src=\"https:\/\/www.child-identity.org\/wp-content\/uploads\/2026\/03\/banner-donor-768x376.jpg\" data-srcset=\"\" \/><\/a><\/div>\n<div class=\"pt-cv-remain-wrapper\"><div class=\"pt-cv-meta-fields\"><span class=\"entry-date\"> <time datetime=\"2026-03-21T00:51:42+00:00\">marzo 2026<\/time><\/span><span> \/ <\/span><span class=\"terms\"> <a href='https:\/\/www.child-identity.org\/es\/country\/mundo\/' title='Mundo' class='pt-cv-tax-mundo'>Mundo<\/a><\/span><\/div><h4 class=\"pt-cv-title\"><a href=\"https:\/\/www.child-identity.org\/es\/lanzamiento-de-nuevas-herramientas-para-desarrolladores-de-politicas-publicas-y-profesionales-destinadas-a-proteger-los-derechos-de-los-ninos-y-de-las-ninas-en-la-reproduccion-asistida-mediante-tercer\/\" class=\"_self\" target=\"_self\" >Lanzamiento de nuevas herramientas para desarrolladores de pol\u00edticas p\u00fablicas y profesionales destinadas a proteger los derechos de los ni\u00f1os y de las ni\u00f1as en la reproducci\u00f3n asistida mediante terceros y la gestaci\u00f3n subrogada<\/a><\/h4><\/div><\/div>\n<div class=\" pt-cv-content-item pt-cv-1-col\"  data-pid=\"13894\"><div class=\"pt-cv-thumb-wrapper  \"><a href=\"https:\/\/www.child-identity.org\/es\/global-webinar-series-preventing-and-responding-to-illicit-intercountry-adoptions\/\" class=\"_self pt-cv-href-thumbnail pt-cv-thumb-default\" target=\"_self\" ><img loading=\"lazy\" decoding=\"async\" width=\"768\" height=\"376\" src=\"data:image\/svg+xml,%3Csvg%20xmlns%3D%27http:\/\/www.w3.org\/2000\/svg%27%20viewBox%3D%270%200%203%202%27%3E%3C\/svg%3E\" class=\"pt-cv-thumbnail img-none gt-lazy-load\" alt=\"\" data-src=\"https:\/\/www.child-identity.org\/wp-content\/uploads\/2026\/03\/webinar-banner-logos-768x376.jpg\" data-srcset=\"\" \/><\/a><\/div>\n<div class=\"pt-cv-remain-wrapper\"><div class=\"pt-cv-meta-fields\"><span class=\"entry-date\"> <time datetime=\"2026-03-08T06:38:35+00:00\">marzo 2026<\/time><\/span><\/div><h4 class=\"pt-cv-title\"><a href=\"https:\/\/www.child-identity.org\/es\/global-webinar-series-preventing-and-responding-to-illicit-intercountry-adoptions\/\" class=\"_self\" target=\"_self\" >Global Webinar Series: Preventing and responding to Illicit Intercountry Adoptions<\/a><\/h4><\/div><\/div>\n<div class=\" pt-cv-content-item pt-cv-1-col\"  data-pid=\"13790\"><div class=\"pt-cv-thumb-wrapper  \"><a href=\"https:\/\/www.child-identity.org\/es\/insumos-del-grupo-de-trabajo-sobre-los-derechos-a-la-identidad-para-el-estudio-de-la-oficina-del-alto-comisionado-de-las-naciones-unidas-para-los-derechos-humanos-sobre-el-impacto-de-los-de\/\" class=\"_self pt-cv-href-thumbnail pt-cv-thumb-default\" target=\"_self\" ><img loading=\"lazy\" decoding=\"async\" width=\"768\" height=\"360\" src=\"data:image\/svg+xml,%3Csvg%20xmlns%3D%27http:\/\/www.w3.org\/2000\/svg%27%20viewBox%3D%270%200%203%202%27%3E%3C\/svg%3E\" class=\"pt-cv-thumbnail img-none gt-lazy-load\" alt=\"\" data-src=\"https:\/\/www.child-identity.org\/wp-content\/uploads\/2026\/02\/submission-banner-logos-1-768x360.jpg\" data-srcset=\"\" \/><\/a><\/div>\n<div class=\"pt-cv-remain-wrapper\"><div class=\"pt-cv-meta-fields\"><span class=\"entry-date\"> <time datetime=\"2026-02-27T07:56:10+00:00\">febrero 2026<\/time><\/span><span> \/ <\/span><span class=\"terms\"> <a href='https:\/\/www.child-identity.org\/es\/country\/mundo\/' title='Mundo' class='pt-cv-tax-mundo'>Mundo<\/a><\/span><\/div><h4 class=\"pt-cv-title\"><a href=\"https:\/\/www.child-identity.org\/es\/insumos-del-grupo-de-trabajo-sobre-los-derechos-a-la-identidad-para-el-estudio-de-la-oficina-del-alto-comisionado-de-las-naciones-unidas-para-los-derechos-humanos-sobre-el-impacto-de-los-de\/\" class=\"_self\" target=\"_self\" >Insumos del\u00a0\u00a0Grupo de Trabajo sobre los Derechos a la Identidad para el estudio de la Oficina del Alto Comisionado de las Naciones Unidas para los Derechos Humanos sobre el impacto de los desaf\u00edos en salud mental sobre el ejercicio de los derechos humanos por j\u00f3venes, de acuerdo con la resoluci\u00f3n 57\/30 del Consejo de Derechos Humanos<\/a><\/h4><\/div><\/div><\/div><\/div>\n<div class=\"text-center pt-cv-pagination-wrapper\"><ul class=\"pt-cv-pagination pt-cv-ajax pagination\" data-totalpages=\"11\" data-currentpage=\"1\" data-sid=\"cc54c467p1\" data-unid=\"\" data-isblock=\"\" data-postid=\"\"><li class=\"active\"><a href=\"#\">1<\/a><\/li>\n\t<li ><a class=\"\" href=\"https:\/\/www.child-identity.org\/es\/wp-json\/wp\/v2\/pages\/6773\/?_page=2\">2<\/a><\/li>\n\t<li ><a class=\"\" href=\"https:\/\/www.child-identity.org\/es\/wp-json\/wp\/v2\/pages\/6773\/?_page=3\">3<\/a><\/li>\n\t<li ><a href=\"#\">&hellip;<\/a><\/li>\n\t<li ><a class=\"\" href=\"https:\/\/www.child-identity.org\/es\/wp-json\/wp\/v2\/pages\/6773\/?_page=11\">11<\/a><\/li>\n\t<li ><a class=\" \" href=\"https:\/\/www.child-identity.org\/es\/wp-json\/wp\/v2\/pages\/6773\/?_page=2\">&rsaquo;<\/a><\/li>\n\t<\/ul><img loading=\"lazy\" decoding=\"async\" width=\"15\" height=\"15\" class=\"pt-cv-spinner\" alt=\"Cargando...\" src=\"data:image\/gif;base64,R0lGODlhDwAPALMPAMrKygwMDJOTkz09PZWVla+vr3p6euTk5M7OzuXl5TMzMwAAAJmZmWZmZszMzP\/\/\/yH\/C05FVFNDQVBFMi4wAwEAAAAh+QQFCgAPACwAAAAADwAPAAAEQvDJaZaZOIcV8iQK8VRX4iTYoAwZ4iCYoAjZ4RxejhVNoT+mRGP4cyF4Pp0N98sBGIBMEMOotl6YZ3S61Bmbkm4mAgAh+QQFCgAPACwAAAAADQANAAAENPDJSRSZeA418itN8QiK8BiLITVsFiyBBIoYqnoewAD4xPw9iY4XLGYSjkQR4UAUD45DLwIAIfkEBQoADwAsAAAAAA8ACQAABC\/wyVlamTi3nSdgwFNdhEJgTJoNyoB9ISYoQmdjiZPcj7EYCAeCF1gEDo4Dz2eIAAAh+QQFCgAPACwCAAAADQANAAAEM\/DJBxiYeLKdX3IJZT1FU0iIg2RNKx3OkZVnZ98ToRD4MyiDnkAh6BkNC0MvsAj0kMpHBAAh+QQFCgAPACwGAAAACQAPAAAEMDC59KpFDll73HkAA2wVY5KgiK5b0RRoI6MuzG6EQqCDMlSGheEhUAgqgUUAFRySIgAh+QQFCgAPACwCAAIADQANAAAEM\/DJKZNLND\/kkKaHc3xk+QAMYDKsiaqmZCxGVjSFFCxB1vwy2oOgIDxuucxAMTAJFAJNBAAh+QQFCgAPACwAAAYADwAJAAAEMNAs86q1yaWwwv2Ig0jUZx3OYa4XoRAfwADXoAwfo1+CIjyFRuEho60aSNYlOPxEAAAh+QQFCgAPACwAAAIADQANAAAENPA9s4y8+IUVcqaWJ4qEQozSoAzoIyhCK2NFU2SJk0hNnyEOhKR2AzAAj4Pj4GE4W0bkJQIAOw==\" \/><div class=\"clear pt-cv-clear-pagination\"><\/div><\/div><\/div>\t\t\t<style type=\"text\/css\" id=\"pt-cv-inline-style-de5f66f3vk\">\n#pt-cv-view-cc54c467p1 .pt-cv-thumb-wrapper:not(.miniwrap) {  }#pt-cv-view-cc54c467p1 .pt-cv-thumbnail:not(.pt-cv-thumbnailsm) { height: 250px; }#pt-cv-view-cc54c467p1 > .pt-cv-page {grid-template-columns: repeat(3, 1fr);grid-gap: 15px;}\n@media all and (max-width: 1024px) { \n#pt-cv-view-cc54c467p1 > .pt-cv-page {grid-template-columns: repeat(1, 1fr);}\n} \n@media all and (max-width: 767px) { \n#pt-cv-view-cc54c467p1 > .pt-cv-page {grid-template-columns: repeat(1, 1fr);}\n} <\/style>\r\n\t\t\t\t\t\t<style type=\"text\/css\" id=\"pt-cv-inline-style-17c0b63shy\">#pt-cv-view-cc54c467p1 .pt-cv-title a, #pt-cv-view-cc54c467p1  .panel-title { color: #000000 !important; font-weight: 600 !important; }\n#pt-cv-view-cc54c467p1 .pt-cv-meta-fields * { color: #333333 !important; }\n#pt-cv-view-cc54c467p1 .pt-cv-readmore  { color: #ffffff !important; background-color: #00aeef !important; }\n#pt-cv-view-cc54c467p1 .pt-cv-readmore:hover  { color: #ffffff !important; background-color: #00aeef !important; }\n#pt-cv-view-cc54c467p1  + .pt-cv-pagination-wrapper .pt-cv-more , #pt-cv-view-cc54c467p1  + .pt-cv-pagination-wrapper .pagination .active a, .pt-cv-pagination[data-sid='cc54c467p1'] .active a { color: #ffffff !important; background-color: #00aeef !important; }<\/style>\r\n\t\t\t[\/vc_column_text][\/vc_column][\/vc_row]<\/p>\n","protected":false},"excerpt":{"rendered":"<p>[vc_row][vc_column][vc_column_text][\/vc_column_text][\/vc_column][\/vc_row]<\/p>\n","protected":false},"author":1,"featured_media":0,"parent":0,"menu_order":0,"comment_status":"closed","ping_status":"closed","template":"","meta":{"footnotes":""},"class_list":["post-6773","page","type-page","status-publish","hentry"],"_links":{"self":[{"href":"https:\/\/www.child-identity.org\/es\/wp-json\/wp\/v2\/pages\/6773","targetHints":{"allow":["GET"]}}],"collection":[{"href":"https:\/\/www.child-identity.org\/es\/wp-json\/wp\/v2\/pages"}],"about":[{"href":"https:\/\/www.child-identity.org\/es\/wp-json\/wp\/v2\/types\/page"}],"author":[{"embeddable":true,"href":"https:\/\/www.child-identity.org\/es\/wp-json\/wp\/v2\/users\/1"}],"replies":[{"embeddable":true,"href":"https:\/\/www.child-identity.org\/es\/wp-json\/wp\/v2\/comments?post=6773"}],"version-history":[{"count":2,"href":"https:\/\/www.child-identity.org\/es\/wp-json\/wp\/v2\/pages\/6773\/revisions"}],"predecessor-version":[{"id":7768,"href":"https:\/\/www.child-identity.org\/es\/wp-json\/wp\/v2\/pages\/6773\/revisions\/7768"}],"wp:attachment":[{"href":"https:\/\/www.child-identity.org\/es\/wp-json\/wp\/v2\/media?parent=6773"}],"curies":[{"name":"wp","href":"https:\/\/api.w.org\/{rel}","templated":true}]}}