{"id":6779,"date":"2024-05-02T08:54:36","date_gmt":"2024-05-02T08:54:36","guid":{"rendered":"https:\/\/child-identity.org\/?page_id=6779"},"modified":"2024-10-02T19:04:01","modified_gmt":"2024-10-02T19:04:01","slug":"notas-de-politicas","status":"publish","type":"page","link":"https:\/\/www.child-identity.org\/es\/notas-de-politicas\/","title":{"rendered":"Notas de pol\u00edticas"},"content":{"rendered":"<p>[vc_row full_width=&#8221;stretch_row&#8221; equal_height=&#8221;yes&#8221; css=&#8221;.vc_custom_1713601497617{background-image: url(https:\/\/child-identity.org\/wp-content\/uploads\/2023\/05\/grey-bg.jpg?id=2709) !important;background-position: center !important;background-repeat: no-repeat !important;background-size: cover !important;}&#8221;][vc_column][vc_column_text]<\/p>\n<h1>NOTAS DE POL\u00cdTICAS<\/h1>\n<p>[\/vc_column_text][\/vc_column][vc_column width=&#8221;7\/12&#8243;][vc_column_text]<\/p>\n<h4><strong>Estas Notas de pol\u00edticas pretenden explorar cuestiones espec\u00edficas a trav\u00e9s de la mirada del derecho del ni\u00f1o, ni\u00f1a o adolescente a la identidad, tal y como lo establece el art\u00edculo 8 de la Convenci\u00f3n sobre los Derechos del Ni\u00f1o (es decir, el nombre, la nacionalidad y las relaciones familiares).<\/strong><\/h4>\n<p>[\/vc_column_text][\/vc_column][vc_column width=&#8221;5\/12&#8243;][vc_column_text css=&#8221;.vc_custom_1715080211701{padding-top: 20px !important;}&#8221;]<span style=\"font-size: 14px;\">En un formato conciso, estas Notas de pol\u00edticas pretenden complementar la labor de otros socios y, cuando sea posible, referirse a su trabajo, con vistas a facilitar un enfoque integral en la protecci\u00f3n de los derechos de ni\u00f1os, ni\u00f1as y adolescentes. Como tal, las Notas de pol\u00edticas no pretenden proporcionar un an\u00e1lisis exhaustivo de todos los derechos de los ni\u00f1os, ni\u00f1as y adolescentes en juego, como la no discriminaci\u00f3n, el derecho a la supervivencia y al desarrollo, a la salud, a la educaci\u00f3n y otros derechos.<\/span>[\/vc_column_text][\/vc_column][vc_column][vc_empty_space height=&#8221;60px&#8221;][\/vc_column][\/vc_row][vc_row][vc_column][vc_basic_grid post_type=&#8221;post&#8221; max_items=&#8221;&#8221; style=&#8221;load-more&#8221; items_per_page=&#8221;6&#8243; order=&#8221;ASC&#8221; item=&#8221;6894&#8243; btn_style=&#8221;modern&#8221; btn_color=&#8221;default&#8221; btn_size=&#8221;xs&#8221; grid_id=&#8221;vc_gid:1727895830939-7b3927b1-a44f-10&#8243; taxonomies=&#8221;146&#8243;][\/vc_column][\/vc_row][vc_row][vc_column][vc_column_text][\/vc_column_text][\/vc_column][\/vc_row]<\/p>\n","protected":false},"excerpt":{"rendered":"<p>[vc_row full_width=&#8221;stretch_row&#8221; equal_height=&#8221;yes&#8221; css=&#8221;.vc_custom_1713601497617{background-image: url(https:\/\/child-identity.org\/wp-content\/uploads\/2023\/05\/grey-bg.jpg?id=2709) !important;background-position: center !important;background-repeat: no-repeat !important;background-size: cover !important;}&#8221;][vc_column][vc_column_text] NOTAS DE POL\u00cdTICAS [\/vc_column_text][\/vc_column][vc_column width=&#8221;7\/12&#8243;][vc_column_text] Estas Notas de pol\u00edticas pretenden explorar cuestiones espec\u00edficas a trav\u00e9s de la mirada del derecho del ni\u00f1o, ni\u00f1a o adolescente a la identidad,&#8230;<\/p>\n","protected":false},"author":1,"featured_media":0,"parent":0,"menu_order":0,"comment_status":"closed","ping_status":"closed","template":"","meta":{"footnotes":""},"class_list":["post-6779","page","type-page","status-publish","hentry"],"_links":{"self":[{"href":"https:\/\/www.child-identity.org\/es\/wp-json\/wp\/v2\/pages\/6779","targetHints":{"allow":["GET"]}}],"collection":[{"href":"https:\/\/www.child-identity.org\/es\/wp-json\/wp\/v2\/pages"}],"about":[{"href":"https:\/\/www.child-identity.org\/es\/wp-json\/wp\/v2\/types\/page"}],"author":[{"embeddable":true,"href":"https:\/\/www.child-identity.org\/es\/wp-json\/wp\/v2\/users\/1"}],"replies":[{"embeddable":true,"href":"https:\/\/www.child-identity.org\/es\/wp-json\/wp\/v2\/comments?post=6779"}],"version-history":[{"count":4,"href":"https:\/\/www.child-identity.org\/es\/wp-json\/wp\/v2\/pages\/6779\/revisions"}],"predecessor-version":[{"id":10520,"href":"https:\/\/www.child-identity.org\/es\/wp-json\/wp\/v2\/pages\/6779\/revisions\/10520"}],"wp:attachment":[{"href":"https:\/\/www.child-identity.org\/es\/wp-json\/wp\/v2\/media?parent=6779"}],"curies":[{"name":"wp","href":"https:\/\/api.w.org\/{rel}","templated":true}]}}