{"id":6786,"date":"2024-05-02T08:55:53","date_gmt":"2024-05-02T08:55:53","guid":{"rendered":"https:\/\/child-identity.org\/?page_id=6786"},"modified":"2024-05-08T06:49:30","modified_gmt":"2024-05-08T06:49:30","slug":"apoyo-tecnico","status":"publish","type":"page","link":"https:\/\/www.child-identity.org\/es\/apoyo-tecnico\/","title":{"rendered":"Apoyo T\u00e9cnico"},"content":{"rendered":"<p>[vc_row][vc_column][vc_column_text]<div class=\"pt-cv-wrapper\"><div class=\"pt-cv-view pt-cv-pinterest pt-cv-colsys cveffect-zoomin pt-cv-shadow pt-cv-no-bb pt-cv-pgloadmore\" id=\"pt-cv-view-ab8c211gvs\"><div data-id=\"pt-cv-page-1\" class=\"pt-cv-page\" data-cvc=\"3\"><div class=\"col-md-4 col-sm-12 col-xs-12 pt-cv-content-item pt-cv-1-col\"  data-pid=\"13677\"><div class='pt-cv-pinmas'><a href=\"https:\/\/www.child-identity.org\/es\/launch-of-report-on-birth-registration-of-children-born-through-surrogacy-arrangements-in-the-region\/\" class=\"_self pt-cv-href-thumbnail pt-cv-thumb-default pt-cv-thumb-wrapper\" target=\"_self\" ><img loading=\"lazy\" decoding=\"async\" width=\"1024\" height=\"870\" src=\"data:image\/svg+xml,%3Csvg%20xmlns%3D%27http:\/\/www.w3.org\/2000\/svg%27%20viewBox%3D%270%200%203%202%27%3E%3C\/svg%3E\" class=\"pt-cv-thumbnail img-rounded skip-lazy  gt-lazy-load\" alt=\"\" data-src=\"https:\/\/www.child-identity.org\/wp-content\/uploads\/2026\/01\/birth-registration-logos-1024x870.jpg\" data-srcset=\"\" \/><\/a>\n<div class=\"pt-cv-meta-fields\"><span class=\"entry-date\"> <time datetime=\"2026-01-27T06:53:41+00:00\">enero 2026<\/time><\/span><span> \/ <\/span><span class=\"terms\"> <a href='https:\/\/www.child-identity.org\/es\/country\/america-latina\/' title='Am\u00e9rica Latina' class='pt-cv-tax-america-latina'>Am\u00e9rica Latina<\/a>, <a href='https:\/\/www.child-identity.org\/es\/country\/caribbean-es\/' title='Caribbean' class='pt-cv-tax-caribbean-es'>Caribbean<\/a><\/span><\/div>\n<h4 class=\"pt-cv-title\"><a href=\"https:\/\/www.child-identity.org\/es\/launch-of-report-on-birth-registration-of-children-born-through-surrogacy-arrangements-in-the-region\/\" class=\"_self\" target=\"_self\" >Lanzamiento del informe sobre registro de nacimientos de ni\u00f1as y ni\u00f1os nacidos mediante acuerdos de gestaci\u00f3n subrogada en la regi\u00f3n<\/a><\/h4><\/div><\/div>\n<div class=\"col-md-4 col-sm-12 col-xs-12 pt-cv-content-item pt-cv-1-col\"  data-pid=\"12765\"><div class='pt-cv-pinmas'><a href=\"https:\/\/www.child-identity.org\/es\/registro-tardio-de-nacimientos-en-las-escuelas\/\" class=\"_self pt-cv-href-thumbnail pt-cv-thumb-default pt-cv-thumb-wrapper\" target=\"_self\" ><img loading=\"lazy\" decoding=\"async\" width=\"1024\" height=\"547\" src=\"data:image\/svg+xml,%3Csvg%20xmlns%3D%27http:\/\/www.w3.org\/2000\/svg%27%20viewBox%3D%270%200%203%202%27%3E%3C\/svg%3E\" class=\"pt-cv-thumbnail img-rounded skip-lazy  gt-lazy-load\" alt=\"\" data-src=\"https:\/\/www.child-identity.org\/wp-content\/uploads\/2025\/08\/research-report-cameroon-1024x547.jpg\" data-srcset=\"\" \/><\/a>\n<div class=\"pt-cv-meta-fields\"><span class=\"entry-date\"> <time datetime=\"2025-08-04T07:30:40+00:00\">agosto 2025<\/time><\/span><span> \/ <\/span><span class=\"terms\"> <a href='https:\/\/www.child-identity.org\/es\/country\/camerun\/' title='Camer\u00fan' class='pt-cv-tax-camerun'>Camer\u00fan<\/a><\/span><\/div>\n<h4 class=\"pt-cv-title\"><a href=\"https:\/\/www.child-identity.org\/es\/registro-tardio-de-nacimientos-en-las-escuelas\/\" class=\"_self\" target=\"_self\" >Registro tard\u00edo de nacimientos en las escuelas<\/a><\/h4><\/div><\/div>\n<div class=\"col-md-4 col-sm-12 col-xs-12 pt-cv-content-item pt-cv-1-col\"  data-pid=\"12558\"><div class='pt-cv-pinmas'><a href=\"https:\/\/www.child-identity.org\/es\/presentacion-de-la-propuesta-no-2022-695-de-la-comision-europea-sobre-la-mejora-de-la-proteccion-de-la-ninez-en-materia-de-derecho-internacional-privado-y-filiacion\/\" class=\"_self pt-cv-href-thumbnail pt-cv-thumb-default pt-cv-thumb-wrapper\" target=\"_self\" ><img loading=\"lazy\" decoding=\"async\" width=\"1024\" height=\"560\" src=\"data:image\/svg+xml,%3Csvg%20xmlns%3D%27http:\/\/www.w3.org\/2000\/svg%27%20viewBox%3D%270%200%203%202%27%3E%3C\/svg%3E\" class=\"pt-cv-thumbnail img-rounded skip-lazy  gt-lazy-load\" alt=\"\" data-src=\"https:\/\/www.child-identity.org\/wp-content\/uploads\/2024\/05\/surrogacy-1024x560.jpg\" data-srcset=\"\" \/><\/a>\n<div class=\"pt-cv-meta-fields\"><span class=\"entry-date\"> <time datetime=\"2025-06-27T10:40:52+00:00\">junio 2025<\/time><\/span><span> \/ <\/span><span class=\"terms\"> <a href='https:\/\/www.child-identity.org\/es\/country\/mundo\/' title='Mundo' class='pt-cv-tax-mundo'>Mundo<\/a><\/span><\/div>\n<h4 class=\"pt-cv-title\"><a href=\"https:\/\/www.child-identity.org\/es\/presentacion-de-la-propuesta-no-2022-695-de-la-comision-europea-sobre-la-mejora-de-la-proteccion-de-la-ninez-en-materia-de-derecho-internacional-privado-y-filiacion\/\" class=\"_self\" target=\"_self\" >Presentaci\u00f3n de la Propuesta no. 2022\/695 de la Comisi\u00f3n Europea sobre la mejora de la protecci\u00f3n de la ni\u00f1ez en materia de Derecho internacional privado y filiaci\u00f3n<\/a><\/h4><\/div><\/div>\n<div class=\"col-md-4 col-sm-12 col-xs-12 pt-cv-content-item pt-cv-1-col\"  data-pid=\"11850\"><div class='pt-cv-pinmas'><a href=\"https:\/\/www.child-identity.org\/es\/apoyo-tecnico-sigue-acelerando-el-registro-de-nacimientos\/\" class=\"_self pt-cv-href-thumbnail pt-cv-thumb-default pt-cv-thumb-wrapper\" target=\"_self\" ><img loading=\"lazy\" decoding=\"async\" width=\"1024\" height=\"512\" src=\"data:image\/svg+xml,%3Csvg%20xmlns%3D%27http:\/\/www.w3.org\/2000\/svg%27%20viewBox%3D%270%200%203%202%27%3E%3C\/svg%3E\" class=\"pt-cv-thumbnail img-rounded skip-lazy  gt-lazy-load\" alt=\"\" data-src=\"https:\/\/www.child-identity.org\/wp-content\/uploads\/2025\/02\/header-technical-advice-1024x512.jpg\" data-srcset=\"\" \/><\/a>\n<div class=\"pt-cv-meta-fields\"><span class=\"entry-date\"> <time datetime=\"2025-02-26T07:38:44+00:00\">febrero 2025<\/time><\/span><span> \/ <\/span><span class=\"terms\"> <a href='https:\/\/www.child-identity.org\/es\/country\/camerun\/' title='Camer\u00fan' class='pt-cv-tax-camerun'>Camer\u00fan<\/a><\/span><\/div>\n<h4 class=\"pt-cv-title\"><a href=\"https:\/\/www.child-identity.org\/es\/apoyo-tecnico-sigue-acelerando-el-registro-de-nacimientos\/\" class=\"_self\" target=\"_self\" >Apoyo t\u00e9cnico sigue acelerando el registro de nacimientos<\/a><\/h4><\/div><\/div>\n<div class=\"col-md-4 col-sm-12 col-xs-12 pt-cv-content-item pt-cv-1-col\"  data-pid=\"11727\"><div class='pt-cv-pinmas'><a href=\"https:\/\/www.child-identity.org\/es\/insumos-de-chip-a-una-propuesta-de-legislacion-en-materia-de-gestacion-subrogada\/\" class=\"_self pt-cv-href-thumbnail pt-cv-thumb-default pt-cv-thumb-wrapper\" target=\"_self\" ><img loading=\"lazy\" decoding=\"async\" width=\"1024\" height=\"554\" src=\"data:image\/svg+xml,%3Csvg%20xmlns%3D%27http:\/\/www.w3.org\/2000\/svg%27%20viewBox%3D%270%200%203%202%27%3E%3C\/svg%3E\" class=\"pt-cv-thumbnail img-rounded skip-lazy  gt-lazy-load\" alt=\"\" data-src=\"https:\/\/www.child-identity.org\/wp-content\/uploads\/2024\/09\/surrogacy1200-1024x554.jpg\" data-srcset=\"\" \/><\/a>\n<div class=\"pt-cv-meta-fields\"><span class=\"entry-date\"> <time datetime=\"2025-02-12T12:34:37+00:00\">febrero 2025<\/time><\/span><span> \/ <\/span><span class=\"terms\"> <a href='https:\/\/www.child-identity.org\/es\/country\/mexico-es\/' title='M\u00e9xico' class='pt-cv-tax-mexico-es'>M\u00e9xico<\/a><\/span><\/div>\n<h4 class=\"pt-cv-title\"><a href=\"https:\/\/www.child-identity.org\/es\/insumos-de-chip-a-una-propuesta-de-legislacion-en-materia-de-gestacion-subrogada\/\" class=\"_self\" target=\"_self\" >Insumos de CHIP a una propuesta de legislaci\u00f3n en materia de gestaci\u00f3n subrogada<\/a><\/h4><\/div><\/div>\n<div class=\"col-md-4 col-sm-12 col-xs-12 pt-cv-content-item pt-cv-1-col\"  data-pid=\"11161\"><div class='pt-cv-pinmas'><a href=\"https:\/\/www.child-identity.org\/es\/insumos-de-chip-al-documento-de-posicionamiento-del-instituto-de-derecho-europeo-sobre-el-derecho-internacional-privado-de-filiacion-y-la-propuesta-de-la-comision-europea-com-2022-695-final-certifica\/\" class=\"_self pt-cv-href-thumbnail pt-cv-thumb-default pt-cv-thumb-wrapper\" target=\"_self\" ><img loading=\"lazy\" decoding=\"async\" width=\"1024\" height=\"459\" src=\"data:image\/svg+xml,%3Csvg%20xmlns%3D%27http:\/\/www.w3.org\/2000\/svg%27%20viewBox%3D%270%200%203%202%27%3E%3C\/svg%3E\" class=\"pt-cv-thumbnail img-rounded skip-lazy  gt-lazy-load\" alt=\"\" data-src=\"https:\/\/www.child-identity.org\/wp-content\/uploads\/2024\/12\/law_1920-1024x459.jpg\" data-srcset=\"\" \/><\/a>\n<div class=\"pt-cv-meta-fields\"><span class=\"entry-date\"> <time datetime=\"2024-12-02T16:02:22+00:00\">diciembre 2024<\/time><\/span><span> \/ <\/span><span class=\"terms\"> <a href='https:\/\/www.child-identity.org\/es\/country\/europe-es\/' title='Europe' class='pt-cv-tax-europe-es'>Europe<\/a><\/span><\/div>\n<h4 class=\"pt-cv-title\"><a href=\"https:\/\/www.child-identity.org\/es\/insumos-de-chip-al-documento-de-posicionamiento-del-instituto-de-derecho-europeo-sobre-el-derecho-internacional-privado-de-filiacion-y-la-propuesta-de-la-comision-europea-com-2022-695-final-certifica\/\" class=\"_self\" target=\"_self\" >Insumos de CHIP al documento de posicionamiento del Instituto de Derecho Europeo sobre el Derecho internacional privado de filiaci\u00f3n y la propuesta de la Comisi\u00f3n Europea COM\/2022\/695 final (certificado europeo de paternidad)<\/a><\/h4><\/div><\/div>\n<div class=\"col-md-4 col-sm-12 col-xs-12 pt-cv-content-item pt-cv-1-col\"  data-pid=\"10959\"><div class='pt-cv-pinmas'><a href=\"https:\/\/www.child-identity.org\/es\/camerun-registro-de-nacimientos-en-colaboracion-con-unicef-camerun-y-la-oficina-regional-de-unicef-para-africa-occidental-y-central\/\" class=\"_self pt-cv-href-thumbnail pt-cv-thumb-default pt-cv-thumb-wrapper\" target=\"_self\" ><img loading=\"lazy\" decoding=\"async\" width=\"1024\" height=\"459\" src=\"data:image\/svg+xml,%3Csvg%20xmlns%3D%27http:\/\/www.w3.org\/2000\/svg%27%20viewBox%3D%270%200%203%202%27%3E%3C\/svg%3E\" class=\"pt-cv-thumbnail img-rounded skip-lazy  gt-lazy-load\" alt=\"\" data-src=\"https:\/\/www.child-identity.org\/wp-content\/uploads\/2024\/11\/cameroon-webinar-banner-1024x459.jpg\" data-srcset=\"\" \/><\/a>\n<div class=\"pt-cv-meta-fields\"><span class=\"entry-date\"> <time datetime=\"2024-11-29T09:38:51+00:00\">noviembre 2024<\/time><\/span><span> \/ <\/span><span class=\"terms\"> <a href='https:\/\/www.child-identity.org\/es\/country\/camerun\/' title='Camer\u00fan' class='pt-cv-tax-camerun'>Camer\u00fan<\/a><\/span><\/div>\n<h4 class=\"pt-cv-title\"><a href=\"https:\/\/www.child-identity.org\/es\/camerun-registro-de-nacimientos-en-colaboracion-con-unicef-camerun-y-la-oficina-regional-de-unicef-para-africa-occidental-y-central\/\" class=\"_self\" target=\"_self\" >Camer\u00fan: Registro de nacimientos en colaboraci\u00f3n con UNICEF Camer\u00fan y la Oficina Regional de UNICEF para \u00c1frica Occidental y Central<\/a><\/h4><\/div><\/div>\n<div class=\"col-md-4 col-sm-12 col-xs-12 pt-cv-content-item pt-cv-1-col\"  data-pid=\"7514\"><div class='pt-cv-pinmas'><a href=\"https:\/\/www.child-identity.org\/es\/en-busca-de-la-visibilidad-de-todoslosninosyninas\/\" class=\"_self pt-cv-href-thumbnail pt-cv-thumb-default pt-cv-thumb-wrapper\" target=\"_self\" ><img loading=\"lazy\" decoding=\"async\" width=\"1024\" height=\"456\" src=\"data:image\/svg+xml,%3Csvg%20xmlns%3D%27http:\/\/www.w3.org\/2000\/svg%27%20viewBox%3D%270%200%203%202%27%3E%3C\/svg%3E\" class=\"pt-cv-thumbnail img-rounded skip-lazy  gt-lazy-load\" alt=\"\" data-src=\"https:\/\/www.child-identity.org\/wp-content\/uploads\/2024\/05\/cameroon-1024x456.jpg\" data-srcset=\"\" \/><\/a>\n<div class=\"pt-cv-meta-fields\"><span class=\"entry-date\"> <time datetime=\"2024-05-02T09:22:48+00:00\">mayo 2024<\/time><\/span><span> \/ <\/span><span class=\"terms\"> <a href='https:\/\/www.child-identity.org\/es\/country\/camerun\/' title='Camer\u00fan' class='pt-cv-tax-camerun'>Camer\u00fan<\/a><\/span><\/div>\n<h4 class=\"pt-cv-title\"><a href=\"https:\/\/www.child-identity.org\/es\/en-busca-de-la-visibilidad-de-todoslosninosyninas\/\" class=\"_self\" target=\"_self\" >En busca de la #visibilidad de #todoslosni\u00f1osyni\u00f1as<\/a><\/h4><\/div><\/div>\n<div class=\"col-md-4 col-sm-12 col-xs-12 pt-cv-content-item pt-cv-1-col\"  data-pid=\"7527\"><div class='pt-cv-pinmas'><a href=\"https:\/\/www.child-identity.org\/es\/la-oficina-regional-de-unicef-en-africa-occidental-y-central-inicia-una-alianza-formal-con-chip-para-mejorar-el-registro-de-nacimientos\/\" class=\"_self pt-cv-href-thumbnail pt-cv-thumb-default pt-cv-thumb-wrapper\" target=\"_self\" ><img loading=\"lazy\" decoding=\"async\" width=\"1024\" height=\"683\" src=\"data:image\/svg+xml,%3Csvg%20xmlns%3D%27http:\/\/www.w3.org\/2000\/svg%27%20viewBox%3D%270%200%203%202%27%3E%3C\/svg%3E\" class=\"pt-cv-thumbnail img-rounded skip-lazy  gt-lazy-load\" alt=\"\" data-src=\"https:\/\/www.child-identity.org\/wp-content\/uploads\/2024\/05\/UN0711969-1-1024x683.jpg\" data-srcset=\"\" \/><\/a>\n<div class=\"pt-cv-meta-fields\"><span class=\"entry-date\"> <time datetime=\"2023-11-20T09:35:04+00:00\">noviembre 2023<\/time><\/span><span> \/ <\/span><span class=\"terms\"> <a href='https:\/\/www.child-identity.org\/es\/country\/africa-es\/' title='\u00c1frica' class='pt-cv-tax-africa-es'>\u00c1frica<\/a><\/span><\/div>\n<h4 class=\"pt-cv-title\"><a href=\"https:\/\/www.child-identity.org\/es\/la-oficina-regional-de-unicef-en-africa-occidental-y-central-inicia-una-alianza-formal-con-chip-para-mejorar-el-registro-de-nacimientos\/\" class=\"_self\" target=\"_self\" >La Oficina Regional de UNICEF en \u00c1frica Occidental y Central inicia una alianza formal con CHIP para mejorar el registro de nacimientos<\/a><\/h4><\/div><\/div>\n<div class=\"col-md-4 col-sm-12 col-xs-12 pt-cv-content-item pt-cv-1-col\"  data-pid=\"7529\"><div class='pt-cv-pinmas'><a href=\"https:\/\/www.child-identity.org\/es\/fortalecimiento-del-registro-de-nacimientos-para-un-mejor-acceso-a-la-educacion\/\" class=\"_self pt-cv-href-thumbnail pt-cv-thumb-default pt-cv-thumb-wrapper\" target=\"_self\" ><img loading=\"lazy\" decoding=\"async\" width=\"1024\" height=\"682\" src=\"data:image\/svg+xml,%3Csvg%20xmlns%3D%27http:\/\/www.w3.org\/2000\/svg%27%20viewBox%3D%270%200%203%202%27%3E%3C\/svg%3E\" class=\"pt-cv-thumbnail img-rounded skip-lazy  gt-lazy-load\" alt=\"\" data-src=\"https:\/\/www.child-identity.org\/wp-content\/uploads\/2024\/05\/group-3137670_1280-1024x682.jpg\" data-srcset=\"\" \/><\/a>\n<div class=\"pt-cv-meta-fields\"><span class=\"entry-date\"> <time datetime=\"2023-11-20T09:00:34+00:00\">noviembre 2023<\/time><\/span><span> \/ <\/span><span class=\"terms\"> <a href='https:\/\/www.child-identity.org\/es\/country\/senegal-es\/' title='Senegal' class='pt-cv-tax-senegal-es'>Senegal<\/a><\/span><\/div>\n<h4 class=\"pt-cv-title\"><a href=\"https:\/\/www.child-identity.org\/es\/fortalecimiento-del-registro-de-nacimientos-para-un-mejor-acceso-a-la-educacion\/\" class=\"_self\" target=\"_self\" >Fortalecimiento del registro de nacimientos para un mejor acceso a la educaci\u00f3n<\/a><\/h4><\/div><\/div>\n<div class=\"col-md-4 col-sm-12 col-xs-12 pt-cv-content-item pt-cv-1-col\"  data-pid=\"7537\"><div class='pt-cv-pinmas'><a href=\"https:\/\/www.child-identity.org\/es\/chip-brinda-asesoramiento-tecnico-en-el-marco-de-una-propuesta-de-reforma-legislativa-pertinente-a-la-identidad-de-ninos-y-ninas\/\" class=\"_self pt-cv-href-thumbnail pt-cv-thumb-default pt-cv-thumb-wrapper\" target=\"_self\" ><img loading=\"lazy\" decoding=\"async\" width=\"1024\" height=\"596\" src=\"data:image\/svg+xml,%3Csvg%20xmlns%3D%27http:\/\/www.w3.org\/2000\/svg%27%20viewBox%3D%270%200%203%202%27%3E%3C\/svg%3E\" class=\"pt-cv-thumbnail img-rounded skip-lazy  gt-lazy-load\" alt=\"\" data-src=\"https:\/\/www.child-identity.org\/wp-content\/uploads\/2024\/05\/belgium-technical-advice-1024x596.jpg\" data-srcset=\"\" \/><\/a>\n<div class=\"pt-cv-meta-fields\"><span class=\"entry-date\"> <time datetime=\"2023-11-08T09:46:48+00:00\">noviembre 2023<\/time><\/span><span> \/ <\/span><span class=\"terms\"> <a href='https:\/\/www.child-identity.org\/es\/country\/belgica\/' title='B\u00e9lgica' class='pt-cv-tax-belgica'>B\u00e9lgica<\/a><\/span><\/div>\n<h4 class=\"pt-cv-title\"><a href=\"https:\/\/www.child-identity.org\/es\/chip-brinda-asesoramiento-tecnico-en-el-marco-de-una-propuesta-de-reforma-legislativa-pertinente-a-la-identidad-de-ninos-y-ninas\/\" class=\"_self\" target=\"_self\" >CHIP brinda asesoramiento t\u00e9cnico en el marco de una propuesta de reforma legislativa pertinente a la identidad de ni\u00f1os y ni\u00f1as<\/a><\/h4><\/div><\/div>\n<div class=\"col-md-4 col-sm-12 col-xs-12 pt-cv-content-item pt-cv-1-col\"  data-pid=\"7545\"><div class='pt-cv-pinmas'><a href=\"https:\/\/www.child-identity.org\/es\/nueva-participacion-de-chip-en-un-curso-sobre-uevos-desarrollos-en-materia-de-derecho-y-familia\/\" class=\"_self pt-cv-href-thumbnail pt-cv-thumb-default pt-cv-thumb-wrapper\" target=\"_self\" ><img loading=\"lazy\" decoding=\"async\" width=\"1024\" height=\"382\" src=\"data:image\/svg+xml,%3Csvg%20xmlns%3D%27http:\/\/www.w3.org\/2000\/svg%27%20viewBox%3D%270%200%203%202%27%3E%3C\/svg%3E\" class=\"pt-cv-thumbnail img-rounded skip-lazy  gt-lazy-load\" alt=\"\" data-src=\"https:\/\/www.child-identity.org\/wp-content\/uploads\/2024\/05\/a-book-ge0fc1d084_1280-1024x382.jpg\" data-srcset=\"\" \/><\/a>\n<div class=\"pt-cv-meta-fields\"><span class=\"entry-date\"> <time datetime=\"2023-10-19T09:50:24+00:00\">octubre 2023<\/time><\/span><span> \/ <\/span><span class=\"terms\"> <a href='https:\/\/www.child-identity.org\/es\/country\/mexico-es\/' title='M\u00e9xico' class='pt-cv-tax-mexico-es'>M\u00e9xico<\/a><\/span><\/div>\n<h4 class=\"pt-cv-title\"><a href=\"https:\/\/www.child-identity.org\/es\/nueva-participacion-de-chip-en-un-curso-sobre-uevos-desarrollos-en-materia-de-derecho-y-familia\/\" class=\"_self\" target=\"_self\" >Nueva participaci\u00f3n de CHIP en un curso sobre uevos desarrollos en materia de derecho y familia<\/a><\/h4><\/div><\/div><\/div><\/div>\n<div class=\"text-center pt-cv-pagination-wrapper\"><a href='https:\/\/www.child-identity.org\/es\/wp-json\/wp\/v2\/pages\/6786\/?_page=2' onclick='event.preventDefault()' class=\"pt-cv-more btn btn-primary btn-sm\" data-totalpages=\"2\" data-nextpages=\"2\" data-sid=\"ab8c211gvs\" data-unid=\"\" data-isblock=\"\" data-postid=\"\">Load More <span class=\"caret\"><\/span><\/a><img loading=\"lazy\" decoding=\"async\" width=\"15\" height=\"15\" class=\"pt-cv-spinner\" alt=\"Cargando...\" src=\"data:image\/gif;base64,R0lGODlhDwAPALMPAMrKygwMDJOTkz09PZWVla+vr3p6euTk5M7OzuXl5TMzMwAAAJmZmWZmZszMzP\/\/\/yH\/C05FVFNDQVBFMi4wAwEAAAAh+QQFCgAPACwAAAAADwAPAAAEQvDJaZaZOIcV8iQK8VRX4iTYoAwZ4iCYoAjZ4RxejhVNoT+mRGP4cyF4Pp0N98sBGIBMEMOotl6YZ3S61Bmbkm4mAgAh+QQFCgAPACwAAAAADQANAAAENPDJSRSZeA418itN8QiK8BiLITVsFiyBBIoYqnoewAD4xPw9iY4XLGYSjkQR4UAUD45DLwIAIfkEBQoADwAsAAAAAA8ACQAABC\/wyVlamTi3nSdgwFNdhEJgTJoNyoB9ISYoQmdjiZPcj7EYCAeCF1gEDo4Dz2eIAAAh+QQFCgAPACwCAAAADQANAAAEM\/DJBxiYeLKdX3IJZT1FU0iIg2RNKx3OkZVnZ98ToRD4MyiDnkAh6BkNC0MvsAj0kMpHBAAh+QQFCgAPACwGAAAACQAPAAAEMDC59KpFDll73HkAA2wVY5KgiK5b0RRoI6MuzG6EQqCDMlSGheEhUAgqgUUAFRySIgAh+QQFCgAPACwCAAIADQANAAAEM\/DJKZNLND\/kkKaHc3xk+QAMYDKsiaqmZCxGVjSFFCxB1vwy2oOgIDxuucxAMTAJFAJNBAAh+QQFCgAPACwAAAYADwAJAAAEMNAs86q1yaWwwv2Ig0jUZx3OYa4XoRAfwADXoAwfo1+CIjyFRuEho60aSNYlOPxEAAAh+QQFCgAPACwAAAIADQANAAAENPA9s4y8+IUVcqaWJ4qEQozSoAzoIyhCK2NFU2SJk0hNnyEOhKR2AzAAj4Pj4GE4W0bkJQIAOw==\" \/><div class=\"clear pt-cv-clear-pagination\"><\/div><\/div><\/div>\t\t\t<style type=\"text\/css\" id=\"pt-cv-inline-style-cb0a642gcy\">#pt-cv-view-ab8c211gvs .pt-cv-pinmas { padding-bottom: 10px !important; }\n#pt-cv-view-ab8c211gvs .pt-cv-title a, #pt-cv-view-ab8c211gvs  .panel-title { color: #000000 !important; font-weight: 600 !important; }\n#pt-cv-view-ab8c211gvs .pt-cv-meta-fields * { color: #333333 !important; }\n#pt-cv-view-ab8c211gvs .pt-cv-readmore  { color: #ffffff !important; background-color: #000000 !important; }\n#pt-cv-view-ab8c211gvs .pt-cv-readmore:hover  { color: #ffffff !important; background-color: #4f4f4f !important; }\n#pt-cv-view-ab8c211gvs  + .pt-cv-pagination-wrapper .pt-cv-more , #pt-cv-view-ab8c211gvs  + .pt-cv-pagination-wrapper .pagination .active a, .pt-cv-pagination[data-sid='ab8c211gvs'] .active a { font-size: 14px !important; line-height: 1.3 !important; color: #ffffff !important; background-color: #312783 !important; }\n.cvp-live-filter[data-sid='ab8c211gvs'] input[type=radio]:checked~div   { color: #ffffff !important; }\n.cvp-live-submit   { color: #ffffff !important; background-color: #312783 !important; }\n.cvp-live-reset   { background-color: #ffffff !important; }\n#pt-cv-view-ab8c211gvs .img-rounded, #pt-cv-view-ab8c211gvs .pt-cv-hover-wrapper { -webkit-border-radius: 5px !important; -moz-border-radius: 5px !important; border-radius: 5px !important; }\n#pt-cv-view-ab8c211gvs .pt-cv-cap-w-img { border-bottom-left-radius: 5px !important; border-bottom-right-radius: 5px !important; }<\/style>\r\n\t\t\t[\/vc_column_text][\/vc_column][\/vc_row]<\/p>\n","protected":false},"excerpt":{"rendered":"<p>[vc_row][vc_column][vc_column_text][\/vc_column_text][\/vc_column][\/vc_row]<\/p>\n","protected":false},"author":1,"featured_media":0,"parent":0,"menu_order":0,"comment_status":"closed","ping_status":"closed","template":"","meta":{"footnotes":""},"class_list":["post-6786","page","type-page","status-publish","hentry"],"_links":{"self":[{"href":"https:\/\/www.child-identity.org\/es\/wp-json\/wp\/v2\/pages\/6786","targetHints":{"allow":["GET"]}}],"collection":[{"href":"https:\/\/www.child-identity.org\/es\/wp-json\/wp\/v2\/pages"}],"about":[{"href":"https:\/\/www.child-identity.org\/es\/wp-json\/wp\/v2\/types\/page"}],"author":[{"embeddable":true,"href":"https:\/\/www.child-identity.org\/es\/wp-json\/wp\/v2\/users\/1"}],"replies":[{"embeddable":true,"href":"https:\/\/www.child-identity.org\/es\/wp-json\/wp\/v2\/comments?post=6786"}],"version-history":[{"count":2,"href":"https:\/\/www.child-identity.org\/es\/wp-json\/wp\/v2\/pages\/6786\/revisions"}],"predecessor-version":[{"id":7599,"href":"https:\/\/www.child-identity.org\/es\/wp-json\/wp\/v2\/pages\/6786\/revisions\/7599"}],"wp:attachment":[{"href":"https:\/\/www.child-identity.org\/es\/wp-json\/wp\/v2\/media?parent=6786"}],"curies":[{"name":"wp","href":"https:\/\/api.w.org\/{rel}","templated":true}]}}