{"id":9264,"date":"2024-07-02T18:39:07","date_gmt":"2024-07-02T18:39:07","guid":{"rendered":"https:\/\/www.child-identity.org\/tools-and-training\/"},"modified":"2024-07-02T18:46:08","modified_gmt":"2024-07-02T18:46:08","slug":"herramientas-y-formacion","status":"publish","type":"page","link":"https:\/\/www.child-identity.org\/es\/herramientas-y-formacion\/","title":{"rendered":"Herramientas y Formaci\u00f3n"},"content":{"rendered":"<div class=\"pt-cv-wrapper\"><div class=\"pt-cv-view pt-cv-pinterest pt-cv-colsys cveffect-zoomin pt-cv-shadow pt-cv-no-bb pt-cv-pgloadmore\" id=\"pt-cv-view-57b4f3acm4\"><div data-id=\"pt-cv-page-1\" class=\"pt-cv-page\" data-cvc=\"3\"><div class=\"col-md-4 col-sm-12 col-xs-12 pt-cv-content-item pt-cv-1-col\"  data-pid=\"13998\"><div class='pt-cv-pinmas'><a href=\"https:\/\/www.child-identity.org\/es\/lanzamiento-de-nuevas-herramientas-para-desarrolladores-de-politicas-publicas-y-profesionales-destinadas-a-proteger-los-derechos-de-los-ninos-y-de-las-ninas-en-la-reproduccion-asistida-mediante-tercer\/\" class=\"_self pt-cv-href-thumbnail pt-cv-thumb-default pt-cv-thumb-wrapper\" target=\"_self\" ><img loading=\"lazy\" decoding=\"async\" width=\"1024\" height=\"501\" src=\"data:image\/svg+xml,%3Csvg%20xmlns%3D%27http:\/\/www.w3.org\/2000\/svg%27%20viewBox%3D%270%200%203%202%27%3E%3C\/svg%3E\" class=\"pt-cv-thumbnail img-rounded skip-lazy  gt-lazy-load\" alt=\"\" data-src=\"https:\/\/www.child-identity.org\/wp-content\/uploads\/2026\/03\/banner-donor-1024x501.jpg\" data-srcset=\"\" \/><\/a>\n<div class=\"pt-cv-meta-fields\"><span class=\"entry-date\"> <time datetime=\"2026-03-21T00:51:42+00:00\">marzo 2026<\/time><\/span><span> \/ <\/span><span class=\"terms\"> <a href='https:\/\/www.child-identity.org\/es\/country\/mundo\/' title='Mundo' class='pt-cv-tax-mundo'>Mundo<\/a><\/span><\/div>\n<h4 class=\"pt-cv-title\"><a href=\"https:\/\/www.child-identity.org\/es\/lanzamiento-de-nuevas-herramientas-para-desarrolladores-de-politicas-publicas-y-profesionales-destinadas-a-proteger-los-derechos-de-los-ninos-y-de-las-ninas-en-la-reproduccion-asistida-mediante-tercer\/\" class=\"_self\" target=\"_self\" >Lanzamiento de nuevas herramientas para desarrolladores de pol\u00edticas p\u00fablicas y profesionales destinadas a proteger los derechos de los ni\u00f1os y de las ni\u00f1as en la reproducci\u00f3n asistida mediante terceros y la gestaci\u00f3n subrogada<\/a><\/h4><\/div><\/div>\n<div class=\"col-md-4 col-sm-12 col-xs-12 pt-cv-content-item pt-cv-1-col\"  data-pid=\"13323\"><div class='pt-cv-pinmas'><a href=\"https:\/\/www.child-identity.org\/es\/capacitacion-en-universidades-lideres-sobre-el-derecho-de-los-ninos-y-ninas-a-la-identidad\/\" class=\"_self pt-cv-href-thumbnail pt-cv-thumb-default pt-cv-thumb-wrapper\" target=\"_self\" ><img loading=\"lazy\" decoding=\"async\" width=\"1024\" height=\"480\" src=\"data:image\/svg+xml,%3Csvg%20xmlns%3D%27http:\/\/www.w3.org\/2000\/svg%27%20viewBox%3D%270%200%203%202%27%3E%3C\/svg%3E\" class=\"pt-cv-thumbnail img-rounded skip-lazy  gt-lazy-load\" alt=\"\" data-src=\"https:\/\/www.child-identity.org\/wp-content\/uploads\/2025\/12\/group-image-training-1024x480.jpg\" data-srcset=\"\" \/><\/a>\n<div class=\"pt-cv-meta-fields\"><span class=\"entry-date\"> <time datetime=\"2025-12-13T09:04:27+00:00\">diciembre 2025<\/time><\/span><span> \/ <\/span><span class=\"terms\"> <a href='https:\/\/www.child-identity.org\/es\/country\/europe-es\/' title='Europe' class='pt-cv-tax-europe-es'>Europe<\/a><\/span><\/div>\n<h4 class=\"pt-cv-title\"><a href=\"https:\/\/www.child-identity.org\/es\/capacitacion-en-universidades-lideres-sobre-el-derecho-de-los-ninos-y-ninas-a-la-identidad\/\" class=\"_self\" target=\"_self\" >Capacitaci\u00f3n en universidades l\u00edderes sobre el derecho de los ni\u00f1os y ni\u00f1as a la identidad\u00a0<\/a><\/h4><\/div><\/div>\n<div class=\"col-md-4 col-sm-12 col-xs-12 pt-cv-content-item pt-cv-1-col\"  data-pid=\"13059\"><div class='pt-cv-pinmas'><a href=\"https:\/\/www.child-identity.org\/es\/october-2025-spain-participation-of-child-identity-protection-in-a-conference-on-care-and-adoption-held-in-galicia\/\" class=\"_self pt-cv-href-thumbnail pt-cv-thumb-default pt-cv-thumb-wrapper\" target=\"_self\" ><img loading=\"lazy\" decoding=\"async\" width=\"1024\" height=\"457\" src=\"data:image\/svg+xml,%3Csvg%20xmlns%3D%27http:\/\/www.w3.org\/2000\/svg%27%20viewBox%3D%270%200%203%202%27%3E%3C\/svg%3E\" class=\"pt-cv-thumbnail img-rounded skip-lazy  gt-lazy-load\" alt=\"\" data-src=\"https:\/\/www.child-identity.org\/wp-content\/uploads\/2024\/06\/research-adoption-1-1024x457.jpg\" data-srcset=\"\" \/><\/a>\n<div class=\"pt-cv-meta-fields\"><span class=\"entry-date\"> <time datetime=\"2025-10-03T14:13:02+00:00\">octubre 2025<\/time><\/span><span> \/ <\/span><span class=\"terms\"> <a href='https:\/\/www.child-identity.org\/es\/country\/espana\/' title='Espa\u00f1a' class='pt-cv-tax-espana'>Espa\u00f1a<\/a><\/span><\/div>\n<h4 class=\"pt-cv-title\"><a href=\"https:\/\/www.child-identity.org\/es\/october-2025-spain-participation-of-child-identity-protection-in-a-conference-on-care-and-adoption-held-in-galicia\/\" class=\"_self\" target=\"_self\" >Octubre de 2025, Espa\u00f1a: Participaci\u00f3n de Child Identity Protection en un congreso sobre acogimiento y adopci\u00f3n celebrado en Galicia<\/a><\/h4><\/div><\/div>\n<div class=\"col-md-4 col-sm-12 col-xs-12 pt-cv-content-item pt-cv-1-col\"  data-pid=\"12421\"><div class='pt-cv-pinmas'><a href=\"https:\/\/www.child-identity.org\/es\/june-2025-spain-latin-america-chip-joined-important-training-and-awareness-raising-activities\/\" class=\"_self pt-cv-href-thumbnail pt-cv-thumb-default pt-cv-thumb-wrapper\" target=\"_self\" ><img loading=\"lazy\" decoding=\"async\" width=\"1024\" height=\"382\" src=\"data:image\/svg+xml,%3Csvg%20xmlns%3D%27http:\/\/www.w3.org\/2000\/svg%27%20viewBox%3D%270%200%203%202%27%3E%3C\/svg%3E\" class=\"pt-cv-thumbnail img-rounded skip-lazy  gt-lazy-load\" alt=\"\" data-src=\"https:\/\/www.child-identity.org\/wp-content\/uploads\/2024\/05\/a-book-ge0fc1d084_1280-1024x382.jpg\" data-srcset=\"\" \/><\/a>\n<div class=\"pt-cv-meta-fields\"><span class=\"entry-date\"> <time datetime=\"2025-06-10T16:06:41+00:00\">junio 2025<\/time><\/span><span> \/ <\/span><span class=\"terms\"> <a href='https:\/\/www.child-identity.org\/es\/country\/americas-es\/' title='Americas' class='pt-cv-tax-americas-es'>Americas<\/a><\/span><\/div>\n<h4 class=\"pt-cv-title\"><a href=\"https:\/\/www.child-identity.org\/es\/june-2025-spain-latin-america-chip-joined-important-training-and-awareness-raising-activities\/\" class=\"_self\" target=\"_self\" >Junio de 2025, Espa\u00f1a\/Am\u00e9rica Latina: CHIP se sum\u00f3 a importantes actividades de capacitaci\u00f3n y sensibilizaci\u00f3n<\/a><\/h4><\/div><\/div>\n<div class=\"col-md-4 col-sm-12 col-xs-12 pt-cv-content-item pt-cv-1-col\"  data-pid=\"11351\"><div class='pt-cv-pinmas'><a href=\"https:\/\/www.child-identity.org\/es\/guia-para-el-trabajo-de-historia-de-vida-con-ninos-ninas-y-adolescentes-en-proceso-de-adopcion\/\" class=\"_self pt-cv-href-thumbnail pt-cv-thumb-default pt-cv-thumb-wrapper\" target=\"_self\" ><img loading=\"lazy\" decoding=\"async\" width=\"1024\" height=\"480\" src=\"data:image\/svg+xml,%3Csvg%20xmlns%3D%27http:\/\/www.w3.org\/2000\/svg%27%20viewBox%3D%270%200%203%202%27%3E%3C\/svg%3E\" class=\"pt-cv-thumbnail img-rounded skip-lazy  gt-lazy-load\" alt=\"\" data-src=\"https:\/\/www.child-identity.org\/wp-content\/uploads\/2024\/12\/guide-1024x480.jpg\" data-srcset=\"\" \/><\/a>\n<div class=\"pt-cv-meta-fields\"><span class=\"entry-date\"> <time datetime=\"2024-12-19T10:19:31+00:00\">diciembre 2024<\/time><\/span><span> \/ <\/span><span class=\"terms\"> <a href='https:\/\/www.child-identity.org\/es\/country\/chile-es\/' title='Chile' class='pt-cv-tax-chile-es'>Chile<\/a>, <a href='https:\/\/www.child-identity.org\/es\/country\/espana\/' title='Espa\u00f1a' class='pt-cv-tax-espana'>Espa\u00f1a<\/a><\/span><\/div>\n<h4 class=\"pt-cv-title\"><a href=\"https:\/\/www.child-identity.org\/es\/guia-para-el-trabajo-de-historia-de-vida-con-ninos-ninas-y-adolescentes-en-proceso-de-adopcion\/\" class=\"_self\" target=\"_self\" >Gu\u00eda para el trabajo de historia de vida con ni\u00f1os, ni\u00f1as y adolescentes en proceso de adopci\u00f3n<\/a><\/h4><\/div><\/div>\n<div class=\"col-md-4 col-sm-12 col-xs-12 pt-cv-content-item pt-cv-1-col\"  data-pid=\"11124\"><div class='pt-cv-pinmas'><a href=\"https:\/\/www.child-identity.org\/es\/lanzamiento-de-la-guia-sobre-la-adopcion-de-grupos-de-hermanos-y-hermanas\/\" class=\"_self pt-cv-href-thumbnail pt-cv-thumb-default pt-cv-thumb-wrapper\" target=\"_self\" ><img loading=\"lazy\" decoding=\"async\" width=\"1024\" height=\"459\" src=\"data:image\/svg+xml,%3Csvg%20xmlns%3D%27http:\/\/www.w3.org\/2000\/svg%27%20viewBox%3D%270%200%203%202%27%3E%3C\/svg%3E\" class=\"pt-cv-thumbnail img-rounded skip-lazy  gt-lazy-load\" alt=\"\" data-src=\"https:\/\/www.child-identity.org\/wp-content\/uploads\/2024\/11\/adoption-guide-1024x459.jpg\" data-srcset=\"\" \/><\/a>\n<div class=\"pt-cv-meta-fields\"><span class=\"entry-date\"> <time datetime=\"2024-11-29T20:03:18+00:00\">noviembre 2024<\/time><\/span><span> \/ <\/span><span class=\"terms\"> <a href='https:\/\/www.child-identity.org\/es\/country\/chile-es\/' title='Chile' class='pt-cv-tax-chile-es'>Chile<\/a>, <a href='https:\/\/www.child-identity.org\/es\/country\/espana\/' title='Espa\u00f1a' class='pt-cv-tax-espana'>Espa\u00f1a<\/a><\/span><\/div>\n<h4 class=\"pt-cv-title\"><a href=\"https:\/\/www.child-identity.org\/es\/lanzamiento-de-la-guia-sobre-la-adopcion-de-grupos-de-hermanos-y-hermanas\/\" class=\"_self\" target=\"_self\" >Lanzamiento de la gu\u00eda sobre la adopci\u00f3n de grupos de hermanos y hermanas<\/a><\/h4><\/div><\/div>\n<div class=\"col-md-4 col-sm-12 col-xs-12 pt-cv-content-item pt-cv-1-col\"  data-pid=\"10697\"><div class='pt-cv-pinmas'><a href=\"https:\/\/www.child-identity.org\/es\/apoyo-a-los-ninos-y-ninas-mediante-postales-y-a-traves-del-sitio-web-ciao-ch\/\" class=\"_self pt-cv-href-thumbnail pt-cv-thumb-default pt-cv-thumb-wrapper\" target=\"_self\" ><img loading=\"lazy\" decoding=\"async\" width=\"1024\" height=\"456\" src=\"data:image\/svg+xml,%3Csvg%20xmlns%3D%27http:\/\/www.w3.org\/2000\/svg%27%20viewBox%3D%270%200%203%202%27%3E%3C\/svg%3E\" class=\"pt-cv-thumbnail img-rounded skip-lazy  gt-lazy-load\" alt=\"\" data-src=\"https:\/\/www.child-identity.org\/wp-content\/uploads\/2024\/10\/ciao-ch-landing-integrated-1024x456.jpg\" data-srcset=\"\" \/><\/a>\n<div class=\"pt-cv-meta-fields\"><span class=\"entry-date\"> <time datetime=\"2024-10-15T20:32:24+00:00\">octubre 2024<\/time><\/span><span> \/ <\/span><span class=\"terms\"> <a href='https:\/\/www.child-identity.org\/es\/country\/suiza\/' title='Suiza' class='pt-cv-tax-suiza'>Suiza<\/a><\/span><\/div>\n<h4 class=\"pt-cv-title\"><a href=\"https:\/\/www.child-identity.org\/es\/apoyo-a-los-ninos-y-ninas-mediante-postales-y-a-traves-del-sitio-web-ciao-ch\/\" class=\"_self\" target=\"_self\" >Apoyo a los ni\u00f1os y ni\u00f1as mediante postales y a trav\u00e9s del sitio web Ciao.ch<\/a><\/h4><\/div><\/div>\n<div class=\"col-md-4 col-sm-12 col-xs-12 pt-cv-content-item pt-cv-1-col\"  data-pid=\"9199\"><div class='pt-cv-pinmas'><a href=\"https:\/\/www.child-identity.org\/es\/herramientas-sobre-acogida-para-profesionales-y-ninos-ninas-y-adolescentes\/\" class=\"_self pt-cv-href-thumbnail pt-cv-thumb-default pt-cv-thumb-wrapper\" target=\"_self\" ><img loading=\"lazy\" decoding=\"async\" width=\"1024\" height=\"457\" src=\"data:image\/svg+xml,%3Csvg%20xmlns%3D%27http:\/\/www.w3.org\/2000\/svg%27%20viewBox%3D%270%200%203%202%27%3E%3C\/svg%3E\" class=\"pt-cv-thumbnail img-rounded skip-lazy  gt-lazy-load\" alt=\"\" data-src=\"https:\/\/www.child-identity.org\/wp-content\/uploads\/2024\/06\/foster-care-guide-1024x457.jpg\" data-srcset=\"\" \/><\/a>\n<div class=\"pt-cv-meta-fields\"><span class=\"entry-date\"> <time datetime=\"2024-06-18T20:55:00+00:00\">junio 2024<\/time><\/span><span> \/ <\/span><span class=\"terms\"> <a href='https:\/\/www.child-identity.org\/es\/country\/suiza\/' title='Suiza' class='pt-cv-tax-suiza'>Suiza<\/a><\/span><\/div>\n<h4 class=\"pt-cv-title\"><a href=\"https:\/\/www.child-identity.org\/es\/herramientas-sobre-acogida-para-profesionales-y-ninos-ninas-y-adolescentes\/\" class=\"_self\" target=\"_self\" >Herramientas sobre acogida para profesionales y ni\u00f1os, ni\u00f1as y adolescentes<\/a><\/h4><\/div><\/div>\n<div class=\"col-md-4 col-sm-12 col-xs-12 pt-cv-content-item pt-cv-1-col\"  data-pid=\"7518\"><div class='pt-cv-pinmas'><a href=\"https:\/\/www.child-identity.org\/es\/nota-para-los-padres-de-intencion-en-suiza\/\" class=\"_self pt-cv-href-thumbnail pt-cv-thumb-default pt-cv-thumb-wrapper\" target=\"_self\" ><img loading=\"lazy\" decoding=\"async\" width=\"1024\" height=\"598\" src=\"data:image\/svg+xml,%3Csvg%20xmlns%3D%27http:\/\/www.w3.org\/2000\/svg%27%20viewBox%3D%270%200%203%202%27%3E%3C\/svg%3E\" class=\"pt-cv-thumbnail img-rounded skip-lazy  gt-lazy-load\" alt=\"\" data-src=\"https:\/\/www.child-identity.org\/wp-content\/uploads\/2024\/05\/couple-1024x598.jpg\" data-srcset=\"\" \/><\/a>\n<div class=\"pt-cv-meta-fields\"><span class=\"entry-date\"> <time datetime=\"2023-11-21T09:28:57+00:00\">noviembre 2023<\/time><\/span><span> \/ <\/span><span class=\"terms\"> <a href='https:\/\/www.child-identity.org\/es\/country\/suiza\/' title='Suiza' class='pt-cv-tax-suiza'>Suiza<\/a><\/span><\/div>\n<h4 class=\"pt-cv-title\"><a href=\"https:\/\/www.child-identity.org\/es\/nota-para-los-padres-de-intencion-en-suiza\/\" class=\"_self\" target=\"_self\" >Nota para los padres de intenci\u00f3n en Suiza<\/a><\/h4><\/div><\/div>\n<div class=\"col-md-4 col-sm-12 col-xs-12 pt-cv-content-item pt-cv-1-col\"  data-pid=\"7966\"><div class='pt-cv-pinmas'><a href=\"https:\/\/www.child-identity.org\/es\/abril-mayo-de-2023-mexico-reino-unido-y-suiza-encuentros-con-varias-universidades\/\" class=\"_self pt-cv-href-thumbnail pt-cv-thumb-default pt-cv-thumb-wrapper\" target=\"_self\" ><img loading=\"lazy\" decoding=\"async\" width=\"1024\" height=\"382\" src=\"data:image\/svg+xml,%3Csvg%20xmlns%3D%27http:\/\/www.w3.org\/2000\/svg%27%20viewBox%3D%270%200%203%202%27%3E%3C\/svg%3E\" class=\"pt-cv-thumbnail img-rounded skip-lazy  gt-lazy-load\" alt=\"\" data-src=\"https:\/\/www.child-identity.org\/wp-content\/uploads\/2024\/05\/a-book-ge0fc1d084_1280-1024x382.jpg\" data-srcset=\"\" \/><\/a>\n<div class=\"pt-cv-meta-fields\"><span class=\"entry-date\"> <time datetime=\"2023-05-30T08:22:34+00:00\">mayo 2023<\/time><\/span><span> \/ <\/span><span class=\"terms\"> <a href='https:\/\/www.child-identity.org\/es\/country\/mexico-es\/' title='M\u00e9xico' class='pt-cv-tax-mexico-es'>M\u00e9xico<\/a>, <a href='https:\/\/www.child-identity.org\/es\/country\/reino-unido\/' title='Reino Unido' class='pt-cv-tax-reino-unido'>Reino Unido<\/a>, <a href='https:\/\/www.child-identity.org\/es\/country\/suiza\/' title='Suiza' class='pt-cv-tax-suiza'>Suiza<\/a><\/span><\/div>\n<h4 class=\"pt-cv-title\"><a href=\"https:\/\/www.child-identity.org\/es\/abril-mayo-de-2023-mexico-reino-unido-y-suiza-encuentros-con-varias-universidades\/\" class=\"_self\" target=\"_self\" >Encuentros con varias universidades<\/a><\/h4><\/div><\/div>\n<div class=\"col-md-4 col-sm-12 col-xs-12 pt-cv-content-item pt-cv-1-col\"  data-pid=\"7856\"><div class='pt-cv-pinmas'><a href=\"https:\/\/www.child-identity.org\/es\/participacion-de-chip-en-el-diplomado-de-la-suprema-corte-de-justicia-de-la-nacion-sobre-nuevos-desarrollos-sobre-derecho-y-familia\/\" class=\"_self pt-cv-href-thumbnail pt-cv-thumb-default pt-cv-thumb-wrapper\" target=\"_self\" ><img loading=\"lazy\" decoding=\"async\" width=\"1024\" height=\"768\" src=\"data:image\/svg+xml,%3Csvg%20xmlns%3D%27http:\/\/www.w3.org\/2000\/svg%27%20viewBox%3D%270%200%203%202%27%3E%3C\/svg%3E\" class=\"pt-cv-thumbnail img-rounded skip-lazy  gt-lazy-load\" alt=\"\" data-src=\"https:\/\/www.child-identity.org\/wp-content\/uploads\/2024\/05\/chile-child-1-1024x768.jpg\" data-srcset=\"\" \/><\/a>\n<div class=\"pt-cv-meta-fields\"><span class=\"entry-date\"> <time datetime=\"2022-09-09T07:17:50+00:00\">septiembre 2022<\/time><\/span><span> \/ <\/span><span class=\"terms\"> <a href='https:\/\/www.child-identity.org\/es\/country\/mexico-es\/' title='M\u00e9xico' class='pt-cv-tax-mexico-es'>M\u00e9xico<\/a><\/span><\/div>\n<h4 class=\"pt-cv-title\"><a href=\"https:\/\/www.child-identity.org\/es\/participacion-de-chip-en-el-diplomado-de-la-suprema-corte-de-justicia-de-la-nacion-sobre-nuevos-desarrollos-sobre-derecho-y-familia\/\" class=\"_self\" target=\"_self\" >Participaci\u00f3n de CHIP en el Diplomado de la Suprema Corte de Justicia de la Naci\u00f3n sobre Nuevos desarrollos sobre derecho y familia<\/a><\/h4><\/div><\/div><\/div><\/div><\/div>\t\t\t<style type=\"text\/css\" id=\"pt-cv-inline-style-065c4b8r9h\">#pt-cv-view-57b4f3acm4 .pt-cv-pinmas { padding-bottom: 10px !important; }\n#pt-cv-view-57b4f3acm4 .pt-cv-title a, #pt-cv-view-57b4f3acm4  .panel-title { color: #000000 !important; font-weight: 600 !important; }\n#pt-cv-view-57b4f3acm4 .pt-cv-meta-fields * { color: #333333 !important; }\n#pt-cv-view-57b4f3acm4 .pt-cv-readmore  { color: #ffffff !important; background-color: #000000 !important; }\n#pt-cv-view-57b4f3acm4 .pt-cv-readmore:hover  { color: #ffffff !important; background-color: #4f4f4f !important; }\n#pt-cv-view-57b4f3acm4  + .pt-cv-pagination-wrapper .pt-cv-more , #pt-cv-view-57b4f3acm4  + .pt-cv-pagination-wrapper .pagination .active a, .pt-cv-pagination[data-sid='57b4f3acm4'] .active a { font-size: 14px !important; line-height: 1.3 !important; color: #ffffff !important; background-color: #312783 !important; }\n.cvp-live-filter[data-sid='57b4f3acm4'] input[type=radio]:checked~div   { color: #ffffff !important; }\n.cvp-live-submit   { color: #ffffff !important; background-color: #312783 !important; }\n.cvp-live-reset   { background-color: #ffffff !important; }\n#pt-cv-view-57b4f3acm4 .img-rounded, #pt-cv-view-57b4f3acm4 .pt-cv-hover-wrapper { -webkit-border-radius: 5px !important; -moz-border-radius: 5px !important; border-radius: 5px !important; }\n#pt-cv-view-57b4f3acm4 .pt-cv-cap-w-img { border-bottom-left-radius: 5px !important; border-bottom-right-radius: 5px !important; }<\/style>\r\n\t\t\t\n","protected":false},"excerpt":{"rendered":"marzo 2026 \/ Mundo Lanzamiento de nuevas herramientas para desarrolladores de pol\u00edticas p\u00fablicas y profesionales destinadas a proteger los derechos de los ni\u00f1os y de las ni\u00f1as en la reproducci\u00f3n asistida mediante terceros y la gestaci\u00f3n subrogada diciembre 2025 \/...","protected":false},"author":2,"featured_media":0,"parent":0,"menu_order":0,"comment_status":"closed","ping_status":"closed","template":"","meta":{"footnotes":""},"class_list":["post-9264","page","type-page","status-publish","hentry"],"_links":{"self":[{"href":"https:\/\/www.child-identity.org\/es\/wp-json\/wp\/v2\/pages\/9264","targetHints":{"allow":["GET"]}}],"collection":[{"href":"https:\/\/www.child-identity.org\/es\/wp-json\/wp\/v2\/pages"}],"about":[{"href":"https:\/\/www.child-identity.org\/es\/wp-json\/wp\/v2\/types\/page"}],"author":[{"embeddable":true,"href":"https:\/\/www.child-identity.org\/es\/wp-json\/wp\/v2\/users\/2"}],"replies":[{"embeddable":true,"href":"https:\/\/www.child-identity.org\/es\/wp-json\/wp\/v2\/comments?post=9264"}],"version-history":[{"count":2,"href":"https:\/\/www.child-identity.org\/es\/wp-json\/wp\/v2\/pages\/9264\/revisions"}],"predecessor-version":[{"id":9271,"href":"https:\/\/www.child-identity.org\/es\/wp-json\/wp\/v2\/pages\/9264\/revisions\/9271"}],"wp:attachment":[{"href":"https:\/\/www.child-identity.org\/es\/wp-json\/wp\/v2\/media?parent=9264"}],"curies":[{"name":"wp","href":"https:\/\/api.w.org\/{rel}","templated":true}]}}