{"id":10198,"date":"2024-09-19T06:29:11","date_gmt":"2024-09-19T06:29:11","guid":{"rendered":"https:\/\/www.child-identity.org\/sailing-for-right-to-identity\/"},"modified":"2024-11-29T19:32:52","modified_gmt":"2024-11-29T19:32:52","slug":"naviguer-pour-le-droit-a-lidentite","status":"publish","type":"page","link":"https:\/\/www.child-identity.org\/fr\/naviguer-pour-le-droit-a-lidentite\/","title":{"rendered":"Naviguer pour le droit \u00e0 l&#8217;identit\u00e9"},"content":{"rendered":"<p>[vc_row full_width=&#8221;stretch_row&#8221; css=&#8221;.vc_custom_1714372295103{background-image: url(https:\/\/child-identity.org\/wp-content\/uploads\/2024\/04\/SCREEN-1-background.png?id=6374) !important;background-position: center !important;background-repeat: no-repeat !important;background-size: cover !important;}&#8221; el_class=&#8221;header-blue&#8221;][vc_column][vc_empty_space height=&#8221;100px&#8221;][vc_column_text]<\/p>\n<h1 class=\"sppb-title-heading\" style=\"color: #312783;\">NAVIGUER POUR LE DROIT \u00c0 L&#8217;IDENTIT\u00c9<\/h1>\n<p>[\/vc_column_text][vc_empty_space height=&#8221;10px&#8221;][vc_row_inner][vc_column_inner width=&#8221;3\/5&#8243;][vc_column_text]<\/p>\n<h2 style=\"font-weight: bold;\">R\u00e9unissant aventure et plaidoyer, Alicia de Pfyffer prend la mer pour d\u00e9fendre les droits de l&#8217;enfant par le biais de Child Identity Protection.<\/h2>\n<p>[\/vc_column_text][\/vc_column_inner][vc_column_inner width=&#8221;2\/5&#8243;][vc_column_text css=&#8221;.vc_custom_1726761572355{margin-top: 50px !important;}&#8221;]<span style=\"font-size: 18.6px; font-weight: 300; line-height: 26px;\">B\u00e9n\u00e9ficiant de la visibilit\u00e9 internationale de comp\u00e9titions de voile de haut niveau, Alicia a choisi de se concentrer sur un droit fondamental : le droit \u00e0 une identit\u00e9 juridique, fondement de tous les autres droits. Tout comme une ancre assure la stabilit\u00e9 d&#8217;un navire, l&#8217;identit\u00e9 juridique garantit aux enfants l&#8217;ensemble de leurs droits.<\/span>[\/vc_column_text][\/vc_column_inner][\/vc_row_inner][vc_empty_space height=&#8221;130px&#8221;][\/vc_column][\/vc_row][vc_row full_width=&#8221;stretch_row&#8221; css=&#8221;.vc_custom_1732906294561{background-image: url(https:\/\/www.child-identity.org\/wp-content\/uploads\/2024\/11\/sailing-boat.jpg?id=11097) !important;background-position: center !important;background-repeat: no-repeat !important;background-size: cover !important;}&#8221;][vc_column][vc_empty_space height=&#8221;200px&#8221;][vc_column_text]<\/p>\n<p style=\"text-align: center;\"><a id=\"69e74de5563e9\" rel=\"wp-video-lightbox\" href=\"https:\/\/www.youtube.com\/watch?v=5r5Wvvmv3l8&#038;width=900&#038;height=500\" title=\"\"><img decoding=\"async\" src=\"https:\/\/child-identity.org\/wp-content\/uploads\/2024\/04\/play1.png\" class=\"video_lightbox_anchor_image\" alt=\"\" \/><\/a>    <script>\r\n    \/* <![CDATA[ *\/\r\n    jQuery(document).ready(function($){\r\n        $(function(){\r\n            var width = $(window).innerWidth();\r\n            var setwidth = parseFloat(900);\r\n            var ratio = parseFloat(0.55555555555556);\r\n            var height = parseFloat(500);\r\n            var link = 'https:\/\/www.youtube.com\/watch?v=5r5Wvvmv3l8&amp;width=900&amp;height=500';\r\n            if(width < setwidth)\r\n            {\r\n                height = Math.floor(width * 0.55555555555556);\r\n                \/\/console.log(\"device width \"+width+\", set width \"+900+\", ratio \"+0.55555555555556+\", new height \"+ height);\r\n                var new_url = wpvl_paramReplace('width', link, width);\r\n                var new_url = wpvl_paramReplace('height', new_url, height);\r\n                $(\"a#69e74de5563e9\").attr('href', new_url);\r\n                \/\/console.log(new_url);\r\n            }\r\n        });\r\n    });\r\n    \/* ]]> *\/\r\n    <\/script><\/p>\n<p>[\/vc_column_text][vc_empty_space height=&#8221;200px&#8221;][vc_column_text]<a class=\"button\" href=\"https:\/\/www.child-identity.org\/wp-content\/uploads\/2024\/09\/CHIP_PRESS-RELEASE-13-Sept-2024-ENG-v2.pdf\" target=\"_blank\" rel=\"noopener\">Press statement<\/a> \u00a0<a class=\"button\" href=\"https:\/\/www.child-identity.org\/wp-content\/uploads\/2024\/09\/CHIP_PRESS-RELEASE-13-Sept-2024-ESP-v2.pdf\" target=\"_blank\" rel=\"noopener\">Comunicado de prensa<\/a> \u00a0<a class=\"button\" href=\"https:\/\/www.child-identity.org\/wp-content\/uploads\/2024\/09\/CHIP_PRESS-RELEASE-13-Sept-2024-FR-v2.pdf\" target=\"_blank\" rel=\"noopener\">Communiqu\u00e9 de presse<\/a>[\/vc_column_text][vc_empty_space height=&#8221;50px&#8221;][\/vc_column][\/vc_row]<\/p>\n","protected":false},"excerpt":{"rendered":"<p>[vc_row full_width=&#8221;stretch_row&#8221; css=&#8221;.vc_custom_1714372295103{background-image: url(https:\/\/child-identity.org\/wp-content\/uploads\/2024\/04\/SCREEN-1-background.png?id=6374) !important;background-position: center !important;background-repeat: no-repeat !important;background-size: cover !important;}&#8221; el_class=&#8221;header-blue&#8221;][vc_column][vc_empty_space height=&#8221;100px&#8221;][vc_column_text] NAVIGUER POUR LE DROIT \u00c0 L&#8217;IDENTIT\u00c9 [\/vc_column_text][vc_empty_space height=&#8221;10px&#8221;][vc_row_inner][vc_column_inner width=&#8221;3\/5&#8243;][vc_column_text] R\u00e9unissant aventure et plaidoyer, Alicia de Pfyffer prend la mer pour d\u00e9fendre les droits de l&#8217;enfant par le&#8230;<\/p>\n","protected":false},"author":2,"featured_media":0,"parent":0,"menu_order":0,"comment_status":"closed","ping_status":"closed","template":"","meta":{"footnotes":""},"class_list":["post-10198","page","type-page","status-publish","hentry"],"_links":{"self":[{"href":"https:\/\/www.child-identity.org\/fr\/wp-json\/wp\/v2\/pages\/10198","targetHints":{"allow":["GET"]}}],"collection":[{"href":"https:\/\/www.child-identity.org\/fr\/wp-json\/wp\/v2\/pages"}],"about":[{"href":"https:\/\/www.child-identity.org\/fr\/wp-json\/wp\/v2\/types\/page"}],"author":[{"embeddable":true,"href":"https:\/\/www.child-identity.org\/fr\/wp-json\/wp\/v2\/users\/2"}],"replies":[{"embeddable":true,"href":"https:\/\/www.child-identity.org\/fr\/wp-json\/wp\/v2\/comments?post=10198"}],"version-history":[{"count":4,"href":"https:\/\/www.child-identity.org\/fr\/wp-json\/wp\/v2\/pages\/10198\/revisions"}],"predecessor-version":[{"id":11105,"href":"https:\/\/www.child-identity.org\/fr\/wp-json\/wp\/v2\/pages\/10198\/revisions\/11105"}],"wp:attachment":[{"href":"https:\/\/www.child-identity.org\/fr\/wp-json\/wp\/v2\/media?parent=10198"}],"curies":[{"name":"wp","href":"https:\/\/api.w.org\/{rel}","templated":true}]}}