{"id":10877,"date":"2024-10-27T19:33:34","date_gmt":"2024-10-27T19:33:34","guid":{"rendered":"https:\/\/www.child-identity.org\/partners\/"},"modified":"2026-02-28T14:35:17","modified_gmt":"2026-02-28T14:35:17","slug":"partenaires","status":"publish","type":"page","link":"https:\/\/www.child-identity.org\/fr\/partenaires\/","title":{"rendered":"Partenaires"},"content":{"rendered":"<p>[vc_row full_width=&#8221;stretch_row&#8221; background-position=&#8221;right-top&#8221; background-attachment=&#8221;scroll&#8221; css=&#8221;.vc_custom_1764877103469{background-color: #ffffff !important;background-position: 0 0 !important;background-repeat: no-repeat !important;}&#8221;][vc_column width=&#8221;2\/3&#8243;][vc_column_text]<\/p>\n<h1 class=\"sppb-title-heading\" style=\"color: #312783;\">GROUPES DE TRAVAIL &amp;<br \/>\nCONSULTATIONS D&#8217;EXPERTS<\/h1>\n<p>[\/vc_column_text][vc_column_text]<a href=\"https:\/\/www.child-identity.org\/fr\/partenaires\/groupe-de-travail-sur-le-droit-a-lidentite\/\">Groupe de travail sur le droit \u00e0 l&#8217;identit\u00e9<\/a><br \/>\n<a href=\"https:\/\/www.child-identity.org\/fr\/partenaires\/groupe-de-travail-thematique-pour-mettre-fin-a-lapatridie-des-enfants\/\">Groupe de travail th\u00e9matique sur la fin de l&#8217;apatridie des enfants<\/a><br \/>\n<a href=\"https:\/\/www.child-identity.org\/fr\/partenaires\/comite-dexperts-sur-lacces-aux-origines\/\">Comit\u00e9 d&#8217;experts sur l&#8217;acc\u00e8s aux origines<\/a>[\/vc_column_text][\/vc_column][vc_column width=&#8221;1\/3&#8243;][\/vc_column][\/vc_row][vc_row full_width=&#8221;stretch_row&#8221; background-position=&#8221;right-top&#8221; background-attachment=&#8221;scroll&#8221; css=&#8221;.vc_custom_1730059637373{background: #ffffff url(https:\/\/www.child-identity.org\/wp-content\/uploads\/2024\/10\/partners-bg-full-1920.jpg?id=10843) !important;background-position: 0 0 !important;background-repeat: no-repeat !important;}&#8221;][vc_column width=&#8221;1\/3&#8243;][vc_column_text]<\/p>\n<h1 class=\"sppb-title-heading\" style=\"color: #312783;\">PARTENAIRES <span data-olk-copy-source=\"MessageBody\">TECHNIQUES<\/span> &amp;<br \/>\nET FINANCIERS<\/h1>\n<p>[\/vc_column_text][vc_empty_space height=&#8221;60px&#8221;][vc_column_text]<a href=\"https:\/\/www.ohchr.org\/en\/treaty-bodies\/crc\" target=\"_blank\" rel=\"noopener\">Committee on the Rights of the Child<\/a><br \/>\n<a href=\"https:\/\/www.ohchr.org\/en\/ohchr_homepage\" target=\"_blank\" rel=\"noopener\">OHCHR<\/a><br \/>\n<a href=\"https:\/\/www.unhcr.org\/\" target=\"_blank\" rel=\"noopener\">UNHCR<\/a><\/p>\n<p><a href=\"https:\/\/www.hcch.net\/en\/home\" target=\"_blank\" rel=\"noopener\">Hague Conference on Private International Law<\/a><br \/>\n<a href=\"https:\/\/www.ciec1.org\/en\" target=\"_blank\" rel=\"noopener\">International Commission on Civil Status (ICCS)<\/a><br \/>\n<a href=\"https:\/\/www.coe.int\/en\/web\/portal\" target=\"_blank\" rel=\"noopener\">Council of Europe<\/a><\/p>\n<p><a href=\"https:\/\/www.snf.ch\/en\" target=\"_blank\" rel=\"noopener\">Swiss National Science Foundation<\/a><br \/>\n<a href=\"https:\/\/www.ge.ch\/dossier\/soutenir-geneve-internationale-solidaire\" target=\"_blank\" rel=\"noopener\">Service de la Solidarit\u00e9 Internationale <span data-olk-copy-source=\"MessageBody\">du Canton de Gen\u00e8ve<\/span><\/a><\/p>\n<hr \/>\n<p><a href=\"https:\/\/www.atd-fourthworld.org\/\" target=\"_blank\" rel=\"noopener\">ATD Fourth World<\/a><br \/>\n<a href=\"https:\/\/bettercarenetwork.org\/\" target=\"_blank\" rel=\"noopener\">Better Care Network<\/a><br \/>\n<a href=\"https:\/\/childrightsconnect.org\/\" target=\"_blank\" rel=\"noopener\">Child Rights Connect<\/a><br \/>\n<a href=\"https:\/\/familyforeverychild.org\/\" target=\"_blank\" rel=\"noopener\">Family for Every Child<\/a><br \/>\n<a href=\"https:\/\/www.globalsurvivorsfund.org\/\" target=\"_blank\" rel=\"noopener\">Global Survivors Fund<\/a><br \/>\n<a href=\"https:\/\/www.institutesi.org\/\" target=\"_blank\" rel=\"noopener\">Institute on Statelessness and Inclusion<\/a><br \/>\n<a href=\"https:\/\/intercountryadopteevoices.com\/\" target=\"_blank\" rel=\"noopener\">InterCountry Adoptee Voice (ICAV)<\/a><\/p>\n<hr \/>\n<p><a href=\"https:\/\/www.unige.ch\/cide\/fr\/\" target=\"_blank\" rel=\"noopener\">Universit\u00e9 de Gen\u00e8ve- Centre Interfacultaire en Droits de L\u2019Enfant<\/a><br \/>\n<a href=\"https:\/\/www.uahurtado.cl\/\" target=\"_blank\" rel=\"noopener\">Universidad Alberto Hurtado (UAH)<\/a><br \/>\n<a href=\"https:\/\/www.universiteitleiden.nl\/en\" target=\"_blank\" rel=\"noopener\">Universiteit Leiden<\/a><br \/>\n<a href=\"https:\/\/afin-barcelona-uab.eu\/en\/home\/\" target=\"_blank\" rel=\"noopener\">Afin Barcelona<\/a><br \/>\n<a href=\"https:\/\/lawcenter.law.upd.edu.ph\/\" target=\"_blank\" rel=\"noopener\">UP Law Center<\/a><br \/>\n<a href=\"https:\/\/www.centreforchildlaw.co.za\/\" target=\"_blank\" rel=\"noopener\">Centre for Child Law<\/a><br \/>\n<a href=\"https:\/\/www.strath.ac.uk\/\" target=\"_blank\" rel=\"noopener\">University of Strathclyde Glasgow<\/a>[\/vc_column_text][\/vc_column][vc_column width=&#8221;1\/3&#8243;][vc_empty_space height=&#8221;257px&#8221;][vc_column_text]<a href=\"https:\/\/www.unicef.org\/media\/contact-us\" target=\"_blank\" rel=\"noopener\">UNICEF<\/a><br \/>\n<a href=\"https:\/\/www.unicef.org\/wca\/\" target=\"_blank\" rel=\"noopener\">UNICEF West and Central Africa<\/a><br \/>\n<a href=\"https:\/\/www.unicef.org\/topics\/cameroon\" target=\"_blank\" rel=\"noopener\">UNICEF Cameroon<\/a><br \/>\n<a href=\"https:\/\/www.unicef.org\/drcongo\/en\" target=\"_blank\" rel=\"noopener\">UNICEF Democratic Republic of Congo<\/a><br \/>\n<a href=\"https:\/\/www.unicef.org\/liberia\/\" target=\"_blank\" rel=\"noopener\">UNICEF Liberia<\/a><br \/>\n<a href=\"https:\/\/www.unicef.org\/niger\/\" target=\"_blank\" rel=\"noopener\">UNICEF Niger<\/a><br \/>\n<a href=\"https:\/\/www.unicef.org\/nigeria\/\" target=\"_blank\" rel=\"noopener\">UNICEF Nigeria<\/a><br \/>\n<a href=\"https:\/\/www.unicef.org\/senegal\/en\" target=\"_blank\" rel=\"noopener\">UNICEF Senegal<\/a>[\/vc_column_text][vc_empty_space height=&#8221;28px&#8221;][vc_column_text]<\/p>\n<hr \/>\n<p><a href=\"https:\/\/associationorigines.com\/information-du-public\/\" target=\"_blank\" rel=\"noopener\">Association Origines<\/a><br \/>\n<a href=\"https:\/\/www.ciao.ch\/\" target=\"_blank\" rel=\"noopener\">Ciao.ch<\/a><br \/>\n<a href=\"https:\/\/fondation-brocher.ch\/\" target=\"_blank\" rel=\"noopener\">Fondation Brocher<\/a><br \/>\n<a href=\"https:\/\/pa-ch.ch\/\" target=\"_blank\" rel=\"noopener\">PACH-Pflege-und Adoptivkinder Schweiz<\/a>[\/vc_column_text][vc_empty_space height=&#8221;44px&#8221;][vc_column_text]<\/p>\n<hr \/>\n<p>[\/vc_column_text][vc_single_image image=&#8221;10833&#8243; img_size=&#8221;220&#215;225&#8243; alignment=&#8221;center&#8221;][\/vc_column][vc_column width=&#8221;1\/3&#8243;][\/vc_column][\/vc_row]<\/p>\n","protected":false},"excerpt":{"rendered":"<p>[vc_row full_width=&#8221;stretch_row&#8221; background-position=&#8221;right-top&#8221; background-attachment=&#8221;scroll&#8221; css=&#8221;.vc_custom_1764877103469{background-color: #ffffff !important;background-position: 0 0 !important;background-repeat: no-repeat !important;}&#8221;][vc_column width=&#8221;2\/3&#8243;][vc_column_text] GROUPES DE TRAVAIL &amp; CONSULTATIONS D&#8217;EXPERTS [\/vc_column_text][vc_column_text]Groupe de travail sur le droit \u00e0 l&#8217;identit\u00e9 Groupe de travail th\u00e9matique sur la fin de l&#8217;apatridie des enfants Comit\u00e9 d&#8217;experts&#8230;<\/p>\n","protected":false},"author":2,"featured_media":0,"parent":0,"menu_order":0,"comment_status":"closed","ping_status":"closed","template":"","meta":{"footnotes":""},"class_list":["post-10877","page","type-page","status-publish","hentry"],"_links":{"self":[{"href":"https:\/\/www.child-identity.org\/fr\/wp-json\/wp\/v2\/pages\/10877","targetHints":{"allow":["GET"]}}],"collection":[{"href":"https:\/\/www.child-identity.org\/fr\/wp-json\/wp\/v2\/pages"}],"about":[{"href":"https:\/\/www.child-identity.org\/fr\/wp-json\/wp\/v2\/types\/page"}],"author":[{"embeddable":true,"href":"https:\/\/www.child-identity.org\/fr\/wp-json\/wp\/v2\/users\/2"}],"replies":[{"embeddable":true,"href":"https:\/\/www.child-identity.org\/fr\/wp-json\/wp\/v2\/comments?post=10877"}],"version-history":[{"count":10,"href":"https:\/\/www.child-identity.org\/fr\/wp-json\/wp\/v2\/pages\/10877\/revisions"}],"predecessor-version":[{"id":13811,"href":"https:\/\/www.child-identity.org\/fr\/wp-json\/wp\/v2\/pages\/10877\/revisions\/13811"}],"wp:attachment":[{"href":"https:\/\/www.child-identity.org\/fr\/wp-json\/wp\/v2\/media?parent=10877"}],"curies":[{"name":"wp","href":"https:\/\/api.w.org\/{rel}","templated":true}]}}