{"id":13210,"date":"2025-12-04T19:32:01","date_gmt":"2025-12-04T19:32:01","guid":{"rendered":"https:\/\/www.child-identity.org\/partenaires\/identity-rights-working-group\/"},"modified":"2025-12-13T07:22:58","modified_gmt":"2025-12-13T07:22:58","slug":"groupe-de-travail-sur-le-droit-a-lidentite","status":"publish","type":"page","link":"https:\/\/www.child-identity.org\/fr\/partenaires\/groupe-de-travail-sur-le-droit-a-lidentite\/","title":{"rendered":"Groupe de travail sur le droit \u00e0 l&#8217;identit\u00e9"},"content":{"rendered":"<p>[vc_row full_width=&#8221;stretch_row&#8221; background-position=&#8221;right-top&#8221; background-attachment=&#8221;scroll&#8221; css=&#8221;.vc_custom_1730059637373{background: #ffffff url(https:\/\/www.child-identity.org\/wp-content\/uploads\/2024\/10\/partners-bg-full-1920.jpg?id=10843) !important;background-position: 0 0 !important;background-repeat: no-repeat !important;}&#8221;][vc_column width=&#8221;2\/3&#8243;][vc_column_text]<\/p>\n<h1 class=\"sppb-title-heading\" style=\"color: #312783;\">PARTENAIRES | GROUPE DE TRAVAIL SUR LE DROIT A L&#8217;IDENTITE<\/h1>\n<p>[\/vc_column_text][vc_column_text]Le groupe de travail sur le droit \u00e0 l&#8217;identit\u00e9 (IDRWG), cr\u00e9\u00e9 en 2021, est un m\u00e9canisme informel d&#8217;apprentissage entre pairs, d&#8217;\u00e9change de connaissances et d&#8217;action conjointe dans le domaine du droit \u00e0 l&#8217;identit\u00e9 des enfants. Il est actuellement copr\u00e9sid\u00e9 par l&#8217;Institut sur l&#8217;apatridie et l&#8217;inclusion (ISI) et Child Identity Protection (CHIP).<\/p>\n<p>Plus de 25 agences civiles internationales et organisations de la soci\u00e9t\u00e9 civile \u0153uvrant largement dans le domaine des droits de l&#8217;homme sont unies par un engagement commun \u00e0 faire progresser le droit \u00e0 l&#8217;identit\u00e9 des enfants, notamment l&#8217;enregistrement des naissances, le nom, la nationalit\u00e9 et les relations familiales. Les voix des personnes ayant v\u00e9cu cette exp\u00e9rience sous-tendent toute initiative visant \u00e0 garantir que leurs points de vue soient correctement pris en compte. \u00c0 ce jour, l&#8217;IDRWG a donn\u00e9 la priorit\u00e9 au travail de plaidoyer et d&#8217;\u00e9laboration de politiques par le biais d\u2019activit\u00e9s avec les organes conventionnels des Nations unies, notamment avec le Comit\u00e9 des droits de l&#8217;enfant et le Comit\u00e9 pour l&#8217;\u00e9limination de la discrimination \u00e0 l&#8217;\u00e9gard des femmes.<\/p>\n<p>Ses activit\u00e9s comprennent les \u00e9l\u00e9ments suivants:<\/p>\n<ul>\n<li>Juillet 2025 : <a href=\"https:\/\/www.child-identity.org\/fr\/le-groupe-de-travail-sur-les-droits-a-lidentite-rencontre-le-comite-cedaw\/\">le Groupe de travail sur les droits \u00e0 l&#8217;identit\u00e9* rencontre le Comit\u00e9 CEDAW <\/a><\/li>\n<li>Juin 2025 : <a href=\"https:\/\/www.child-identity.org\/wp-content\/uploads\/2024\/05\/ID-WG_Submission-on-draft-GC-27-final.pdf\">ID-WG_Submission-on-draft-GC-27-final.pdf<\/a><\/li>\n<li>Mai 2025 : <a href=\"https:\/\/www.child-identity.org\/fr\/contributions-pour-la-preparation-de-la-premiere-session-du-groupe-de-travail-intergouvernemental-ouvert-sur-un-protocole-facultatif-a-la-convention-relative-aux-droits-de-lenfant-concernant-le-droi\/\">Contributions pour la pr\u00e9paration de la premi\u00e8re session du groupe de travail intergouvernemental ouvert sur un protocole facultatif \u00e0 la Convention relative aux droits de l\u2019enfant concernant le droit \u00e0 l\u2019\u00e9ducation<\/a><\/li>\n<li>Mars 2025 \u2013 novembre 2024 : <a href=\"https:\/\/www.child-identity.org\/fr\/series-de-webinaires-droit-a-lidentite-et-acces-a-la-justice\/\">S\u00c9RIE DE WEBINAIRES : Droit \u00e0 l&#8217;identit\u00e9 et acc\u00e8s \u00e0 la justice<\/a><\/li>\n<li>Ao\u00fbt 2024 : <a href=\"https:\/\/www.child-identity.org\/wp-content\/uploads\/2024\/05\/IDRWG_Submission_Access-to-justice-6-August-2024-EN.pdf\">IDRWG_Soumission_Acc\u00e8s-\u00e0-la-justice-6-ao\u00fbt-2024-EN.pdf<\/a><\/li>\n<li>Mai 2024 : <a href=\"https:\/\/www.child-identity.org\/fr\/reunion-dexperts-avec-le-comite-des-droits-de-lenfant-des-nu-sur-le-droit-de-lenfant-a-lidentite-et-a-lacces-aux-voies-de-recours\/\">R\u00e9union d&#8217;experts avec le Comit\u00e9 des droits de l&#8217;enfant sur le droit de l&#8217;enfant \u00e0 l&#8217;identit\u00e9 et \u00e0 l&#8217;acc\u00e8s \u00e0 des recours <\/a><\/li>\n<li>Novembre 2023 : <a href=\"https:\/\/www.child-identity.org\/fr\/28-novembre-2023-protecting-futures-addressing-lack-of-access-to-education-for-children-without-legal-identity\/\">\u00ab Prot\u00e9ger l&#8217;avenir : rem\u00e9dier au manque d&#8217;acc\u00e8s \u00e0 l&#8217;\u00e9ducation pour les enfants sans identit\u00e9 l\u00e9gale \u00bb <\/a><\/li>\n<li>Novembre 2022 : <a href=\"https:\/\/www.child-identity.org\/fr\/22-novembre-2022-symposium-virtuel-le-droit-de-lenfant-a-lidentite-dans-les-situations-durgence\/\">Symposium virtuel \u2013 Le droit des enfants \u00e0 l&#8217;identit\u00e9 dans les situations d&#8217;urgence <\/a><\/li>\n<\/ul>\n<p>Voir aussi: <a href=\"https:\/\/www.statelesshub.org\/theme\/identity-rights-working-group\">Groupe de travail sur les droits \u00e0 l&#8217;identit\u00e9 | Stateless Hub<\/a>[\/vc_column_text][vc_empty_space height=&#8221;28px&#8221;][vc_single_image image=&#8221;8819&#8243; img_size=&#8221;large&#8221; onclick=&#8221;custom_link&#8221; link=&#8221;https:\/\/www.child-identity.org\/partners\/&#8221;][\/vc_column][vc_column width=&#8221;1\/3&#8243;][\/vc_column][\/vc_row][vc_row full_width=&#8221;stretch_row&#8221; background-position=&#8221;right-top&#8221; background-attachment=&#8221;scroll&#8221; css=&#8221;.vc_custom_1730059637373{background: #ffffff url(https:\/\/www.child-identity.org\/wp-content\/uploads\/2024\/10\/partners-bg-full-1920.jpg?id=10843) !important;background-position: 0 0 !important;background-repeat: no-repeat !important;}&#8221;][vc_column width=&#8221;2\/3&#8243;][\/vc_column][vc_column width=&#8221;1\/3&#8243;][\/vc_column][\/vc_row]<\/p>\n","protected":false},"excerpt":{"rendered":"<p>[vc_row full_width=&#8221;stretch_row&#8221; background-position=&#8221;right-top&#8221; background-attachment=&#8221;scroll&#8221; css=&#8221;.vc_custom_1730059637373{background: #ffffff url(https:\/\/www.child-identity.org\/wp-content\/uploads\/2024\/10\/partners-bg-full-1920.jpg?id=10843) !important;background-position: 0 0 !important;background-repeat: no-repeat !important;}&#8221;][vc_column width=&#8221;2\/3&#8243;][vc_column_text] PARTENAIRES | GROUPE DE TRAVAIL SUR LE DROIT A L&#8217;IDENTITE [\/vc_column_text][vc_column_text]Le groupe de travail sur le droit \u00e0 l&#8217;identit\u00e9 (IDRWG), cr\u00e9\u00e9 en 2021, est un m\u00e9canisme&#8230;<\/p>\n","protected":false},"author":2,"featured_media":0,"parent":10877,"menu_order":0,"comment_status":"closed","ping_status":"closed","template":"","meta":{"footnotes":""},"class_list":["post-13210","page","type-page","status-publish","hentry"],"_links":{"self":[{"href":"https:\/\/www.child-identity.org\/fr\/wp-json\/wp\/v2\/pages\/13210","targetHints":{"allow":["GET"]}}],"collection":[{"href":"https:\/\/www.child-identity.org\/fr\/wp-json\/wp\/v2\/pages"}],"about":[{"href":"https:\/\/www.child-identity.org\/fr\/wp-json\/wp\/v2\/types\/page"}],"author":[{"embeddable":true,"href":"https:\/\/www.child-identity.org\/fr\/wp-json\/wp\/v2\/users\/2"}],"replies":[{"embeddable":true,"href":"https:\/\/www.child-identity.org\/fr\/wp-json\/wp\/v2\/comments?post=13210"}],"version-history":[{"count":5,"href":"https:\/\/www.child-identity.org\/fr\/wp-json\/wp\/v2\/pages\/13210\/revisions"}],"predecessor-version":[{"id":13230,"href":"https:\/\/www.child-identity.org\/fr\/wp-json\/wp\/v2\/pages\/13210\/revisions\/13230"}],"up":[{"embeddable":true,"href":"https:\/\/www.child-identity.org\/fr\/wp-json\/wp\/v2\/pages\/10877"}],"wp:attachment":[{"href":"https:\/\/www.child-identity.org\/fr\/wp-json\/wp\/v2\/media?parent=13210"}],"curies":[{"name":"wp","href":"https:\/\/api.w.org\/{rel}","templated":true}]}}