{"id":13236,"date":"2025-12-13T07:27:35","date_gmt":"2025-12-13T07:27:35","guid":{"rendered":"https:\/\/www.child-identity.org\/partenaires\/thematic-working-group-to-end-childhood-statelessness\/"},"modified":"2025-12-13T07:30:35","modified_gmt":"2025-12-13T07:30:35","slug":"groupe-de-travail-thematique-pour-mettre-fin-a-lapatridie-des-enfants","status":"publish","type":"page","link":"https:\/\/www.child-identity.org\/fr\/partenaires\/groupe-de-travail-thematique-pour-mettre-fin-a-lapatridie-des-enfants\/","title":{"rendered":"Groupe de travail th\u00e9matique pour mettre fin \u00e0 l&#8217;apatridie des enfants"},"content":{"rendered":"<p>[vc_row full_width=&#8221;stretch_row&#8221; background-position=&#8221;right-top&#8221; background-attachment=&#8221;scroll&#8221; css=&#8221;.vc_custom_1730059637373{background: #ffffff url(https:\/\/www.child-identity.org\/wp-content\/uploads\/2024\/10\/partners-bg-full-1920.jpg?id=10843) !important;background-position: 0 0 !important;background-repeat: no-repeat !important;}&#8221;][vc_column width=&#8221;2\/3&#8243;][vc_column_text]<\/p>\n<h1 class=\"sppb-title-heading\" style=\"color: #312783;\">PARTENAIRES | GROUPE DE TRAVAIL THEMATIQUE POUR METTRE FIN A L&#8217;APATRIDIE DES ENFANTS<\/h1>\n<p>[\/vc_column_text][vc_column_text]Dans le cadre de <a href=\"https:\/\/statelessnessalliance.org\/\" target=\"_blank\" rel=\"noopener\">l&#8217;Alliance mondiale pour mettre fin \u00e0 l&#8217;apatridie<\/a> (\u00ab\u00a0Global alliance to end statelessness\u00a0\u00bb) l&#8217;UNICEF et Child Identity Protection (CHIP) copr\u00e9sident le groupe de travail th\u00e9matique (GTT) pour mettre fin \u00e0 l&#8217;apatridie des enfants, qui se compose actuellement de gouvernements, d&#8217;organismes internationaux, d&#8217;agences des Nations Unies, d&#8217;organisations de la soci\u00e9t\u00e9 civile, d&#8217;organisations dirig\u00e9es par des personnes ayant v\u00e9cu cette exp\u00e9rience et d&#8217;universitaires. Le GTT cherche \u00e0 faciliter la collaboration entre les groupes int\u00e9ress\u00e9s afin de sensibiliser aux possibilit\u00e9s de garantir \u00e0 chaque enfant une nationalit\u00e9. Sur la base de son plan de travail annuel, ses activit\u00e9s strat\u00e9giques sont regroup\u00e9es aux niveaux international, r\u00e9gional et national. Il organise des r\u00e9unions trimestrielles et son premier webinaire de partage des connaissances aura lieu le 13 novembre 2025 sur <a href=\"https:\/\/statelessnessalliance.org\/webinars\/knowledge-webinar-2-solutions-to-end-childhood-statelessness\/\" target=\"_blank\" rel=\"noopener\">les solutions pour mettre fin \u00e0 l&#8217;apatridie des enfants<\/a>.<\/p>\n<p>Source : <a href=\"https:\/\/statelessnessalliance.org\/\" target=\"_blank\" rel=\"noopener\">https:\/\/statelessnessalliance.org\/<\/a> and <a href=\"https:\/\/statelessnessalliance.org\/thematic-working-groups\/\" target=\"_blank\" rel=\"noopener\">https:\/\/statelessnessalliance.org\/thematic-working-groups\/<\/a>[\/vc_column_text][vc_empty_space height=&#8221;28px&#8221;][vc_single_image image=&#8221;10833&#8243; img_size=&#8221;220&#215;225&#8243; onclick=&#8221;custom_link&#8221; link=&#8221;https:\/\/www.child-identity.org\/partners\/&#8221;][\/vc_column][vc_column width=&#8221;1\/3&#8243;][\/vc_column][\/vc_row][vc_row full_width=&#8221;stretch_row&#8221; background-position=&#8221;right-top&#8221; background-attachment=&#8221;scroll&#8221; css=&#8221;.vc_custom_1730059637373{background: #ffffff url(https:\/\/www.child-identity.org\/wp-content\/uploads\/2024\/10\/partners-bg-full-1920.jpg?id=10843) !important;background-position: 0 0 !important;background-repeat: no-repeat !important;}&#8221;][vc_column width=&#8221;2\/3&#8243;][\/vc_column][vc_column width=&#8221;1\/3&#8243;][\/vc_column][\/vc_row]<\/p>\n","protected":false},"excerpt":{"rendered":"<p>[vc_row full_width=&#8221;stretch_row&#8221; background-position=&#8221;right-top&#8221; background-attachment=&#8221;scroll&#8221; css=&#8221;.vc_custom_1730059637373{background: #ffffff url(https:\/\/www.child-identity.org\/wp-content\/uploads\/2024\/10\/partners-bg-full-1920.jpg?id=10843) !important;background-position: 0 0 !important;background-repeat: no-repeat !important;}&#8221;][vc_column width=&#8221;2\/3&#8243;][vc_column_text] PARTENAIRES | GROUPE DE TRAVAIL THEMATIQUE POUR METTRE FIN A L&#8217;APATRIDIE DES ENFANTS [\/vc_column_text][vc_column_text]Dans le cadre de l&#8217;Alliance mondiale pour mettre fin \u00e0 l&#8217;apatridie (\u00ab\u00a0Global alliance&#8230;<\/p>\n","protected":false},"author":2,"featured_media":0,"parent":10877,"menu_order":0,"comment_status":"closed","ping_status":"closed","template":"","meta":{"footnotes":""},"class_list":["post-13236","page","type-page","status-publish","hentry"],"_links":{"self":[{"href":"https:\/\/www.child-identity.org\/fr\/wp-json\/wp\/v2\/pages\/13236","targetHints":{"allow":["GET"]}}],"collection":[{"href":"https:\/\/www.child-identity.org\/fr\/wp-json\/wp\/v2\/pages"}],"about":[{"href":"https:\/\/www.child-identity.org\/fr\/wp-json\/wp\/v2\/types\/page"}],"author":[{"embeddable":true,"href":"https:\/\/www.child-identity.org\/fr\/wp-json\/wp\/v2\/users\/2"}],"replies":[{"embeddable":true,"href":"https:\/\/www.child-identity.org\/fr\/wp-json\/wp\/v2\/comments?post=13236"}],"version-history":[{"count":3,"href":"https:\/\/www.child-identity.org\/fr\/wp-json\/wp\/v2\/pages\/13236\/revisions"}],"predecessor-version":[{"id":13241,"href":"https:\/\/www.child-identity.org\/fr\/wp-json\/wp\/v2\/pages\/13236\/revisions\/13241"}],"up":[{"embeddable":true,"href":"https:\/\/www.child-identity.org\/fr\/wp-json\/wp\/v2\/pages\/10877"}],"wp:attachment":[{"href":"https:\/\/www.child-identity.org\/fr\/wp-json\/wp\/v2\/media?parent=13236"}],"curies":[{"name":"wp","href":"https:\/\/api.w.org\/{rel}","templated":true}]}}