{"id":13252,"date":"2025-12-13T07:40:14","date_gmt":"2025-12-13T07:40:14","guid":{"rendered":"https:\/\/www.child-identity.org\/partenaires\/committee-of-experts-on-access-to-origins\/"},"modified":"2025-12-13T07:44:24","modified_gmt":"2025-12-13T07:44:24","slug":"comite-dexperts-sur-lacces-aux-origines","status":"publish","type":"page","link":"https:\/\/www.child-identity.org\/fr\/partenaires\/comite-dexperts-sur-lacces-aux-origines\/","title":{"rendered":"Comit\u00e9 d&#8217;experts sur l&#8217;acc\u00e8s aux origines"},"content":{"rendered":"<p>[vc_row full_width=&#8221;stretch_row&#8221; background-position=&#8221;right-top&#8221; background-attachment=&#8221;scroll&#8221; css=&#8221;.vc_custom_1730059637373{background: #ffffff url(https:\/\/www.child-identity.org\/wp-content\/uploads\/2024\/10\/partners-bg-full-1920.jpg?id=10843) !important;background-position: 0 0 !important;background-repeat: no-repeat !important;}&#8221;][vc_column width=&#8221;2\/3&#8243;][vc_column_text]<\/p>\n<h1 class=\"sppb-title-heading\" style=\"color: #312783;\">PARTNERS | COMITE D&#8217;EXPERTS SUR L&#8217;ACCES AUX ORIGINES<\/h1>\n<p>[\/vc_column_text][vc_column_text]Le <a href=\"https:\/\/www.coe.int\/fr\/web\/cdcj\/origins\" target=\"_blank\" rel=\"noopener\">Comit\u00e9 d&#8217;experts sur l&#8217;acc\u00e8s aux origines (CJ-OR)<\/a>, sous la direction et la supervision du Comit\u00e9 europ\u00e9en de coop\u00e9ration juridique (CDCJ), est charg\u00e9 de r\u00e9diger une recommandation sur le droit des personnes con\u00e7ues par don \u00e0 conna\u00eetre leurs origines. La premi\u00e8re r\u00e9union s&#8217;est tenue en juin 2025, au cours de laquelle le groupe d&#8217;experts a discut\u00e9 de la port\u00e9e potentielle et des principes guidant les recommandations, ainsi que des questions \u00e0 traiter. Au cours de cette <a href=\"https:\/\/www.child-identity.org\/fr\/june-2025-europe-rights-of-donor-conceived-persons-to-know-their-origins\/\" target=\"_blank\" rel=\"noopener\">premi\u00e8re r\u00e9union,<\/a> Child Identity Protection (CHIP) est intervenue sur les droits fondamentaux des enfants qui devraient \u00eatre pris en consid\u00e9ration, entre autres. A la suite de cette rencontre, la demande de CHIP visant \u00e0 \u00eatre consid\u00e9r\u00e9e comme observateur aupr\u00e8s du CJ-OR a \u00e9t\u00e9 officiellement accept\u00e9e fin juillet 2025 par le CDCJ. Lors de la deuxi\u00e8me r\u00e9union , CHIP a plaid\u00e9 en faveur d&#8217;une recommandation conforme aux obligations des \u00c9tats dans le cadre de la Convention relative aux droits de l&#8217;enfant.<\/p>\n<p>Source : <a href=\"https:\/\/www.coe.int\/fr\/web\/cdcj\/origins\" target=\"_blank\" rel=\"noopener\">https:\/\/www.coe.int\/fr\/web\/cdcj\/origins<\/a> et<a href=\"https:\/\/rm.coe.int\/cj-or-2025-01f-mandat-du-cj-or-pour-2025-2026\/1680b48cd7\" target=\"_blank\" rel=\"noopener\"> termes de r\u00e9f\u00e9rence<\/a>[\/vc_column_text][vc_empty_space height=&#8221;28px&#8221;][vc_single_image image=&#8221;10833&#8243; img_size=&#8221;220&#215;225&#8243; onclick=&#8221;custom_link&#8221; link=&#8221;https:\/\/www.child-identity.org\/partners\/&#8221;][\/vc_column][vc_column width=&#8221;1\/3&#8243;][\/vc_column][\/vc_row][vc_row full_width=&#8221;stretch_row&#8221; background-position=&#8221;right-top&#8221; background-attachment=&#8221;scroll&#8221; css=&#8221;.vc_custom_1730059637373{background: #ffffff url(https:\/\/www.child-identity.org\/wp-content\/uploads\/2024\/10\/partners-bg-full-1920.jpg?id=10843) !important;background-position: 0 0 !important;background-repeat: no-repeat !important;}&#8221;][vc_column width=&#8221;2\/3&#8243;][\/vc_column][vc_column width=&#8221;1\/3&#8243;][\/vc_column][\/vc_row]<\/p>\n","protected":false},"excerpt":{"rendered":"<p>[vc_row full_width=&#8221;stretch_row&#8221; background-position=&#8221;right-top&#8221; background-attachment=&#8221;scroll&#8221; css=&#8221;.vc_custom_1730059637373{background: #ffffff url(https:\/\/www.child-identity.org\/wp-content\/uploads\/2024\/10\/partners-bg-full-1920.jpg?id=10843) !important;background-position: 0 0 !important;background-repeat: no-repeat !important;}&#8221;][vc_column width=&#8221;2\/3&#8243;][vc_column_text] PARTNERS | COMITE D&#8217;EXPERTS SUR L&#8217;ACCES AUX ORIGINES [\/vc_column_text][vc_column_text]Le Comit\u00e9 d&#8217;experts sur l&#8217;acc\u00e8s aux origines (CJ-OR), sous la direction et la supervision du Comit\u00e9 europ\u00e9en de&#8230;<\/p>\n","protected":false},"author":2,"featured_media":0,"parent":10877,"menu_order":0,"comment_status":"closed","ping_status":"closed","template":"","meta":{"footnotes":""},"class_list":["post-13252","page","type-page","status-publish","hentry"],"_links":{"self":[{"href":"https:\/\/www.child-identity.org\/fr\/wp-json\/wp\/v2\/pages\/13252","targetHints":{"allow":["GET"]}}],"collection":[{"href":"https:\/\/www.child-identity.org\/fr\/wp-json\/wp\/v2\/pages"}],"about":[{"href":"https:\/\/www.child-identity.org\/fr\/wp-json\/wp\/v2\/types\/page"}],"author":[{"embeddable":true,"href":"https:\/\/www.child-identity.org\/fr\/wp-json\/wp\/v2\/users\/2"}],"replies":[{"embeddable":true,"href":"https:\/\/www.child-identity.org\/fr\/wp-json\/wp\/v2\/comments?post=13252"}],"version-history":[{"count":3,"href":"https:\/\/www.child-identity.org\/fr\/wp-json\/wp\/v2\/pages\/13252\/revisions"}],"predecessor-version":[{"id":13257,"href":"https:\/\/www.child-identity.org\/fr\/wp-json\/wp\/v2\/pages\/13252\/revisions\/13257"}],"up":[{"embeddable":true,"href":"https:\/\/www.child-identity.org\/fr\/wp-json\/wp\/v2\/pages\/10877"}],"wp:attachment":[{"href":"https:\/\/www.child-identity.org\/fr\/wp-json\/wp\/v2\/media?parent=13252"}],"curies":[{"name":"wp","href":"https:\/\/api.w.org\/{rel}","templated":true}]}}