{"id":2831,"date":"2024-04-18T08:13:31","date_gmt":"2024-04-18T08:13:31","guid":{"rendered":"https:\/\/child-identity.org\/enfants-et-jeunes\/"},"modified":"2024-10-03T07:00:15","modified_gmt":"2024-10-03T07:00:15","slug":"enfants-et-jeunes","status":"publish","type":"page","link":"https:\/\/www.child-identity.org\/fr\/enfants-et-jeunes\/","title":{"rendered":"Enfants et jeunes"},"content":{"rendered":"<p>[vc_row disable_element=&#8221;yes&#8221;][vc_column][vc_basic_grid post_type=&#8221;post&#8221; max_items=&#8221;&#8221; style=&#8221;load-more&#8221; items_per_page=&#8221;6&#8243; item=&#8221;2785&#8243; btn_style=&#8221;modern&#8221; btn_color=&#8221;default&#8221; btn_size=&#8221;xs&#8221; grid_id=&#8221;vc_gid:1727938792539-2287c568-b46d-6&#8243; taxonomies=&#8221;142&#8243;][\/vc_column][\/vc_row][vc_row][vc_column][vc_column_text]<div class=\"pt-cv-wrapper\"><div class=\"cvp-live-filter  cvp-customized cvp-search-box \" id=\"\" data-name=\"_search\" data-sid=\"d3cad9bfwz\" data-isblock=\"\" data-postid=\"\"><label for='sf_1112' class=\"cvp-label\">Search<\/label><input type=\"text\" id=\"sf_1112\" name=\"_search\" value=\"\" data-nosubmit=\"true\" placeholder=\"\"\/><\/div><div class=\"cvp-live-filter  cvp-customized cvp-dropdown \" id=\"\" data-name=\"tx_authors\" data-sid=\"d3cad9bfwz\" data-isblock=\"\" data-postid=\"\"><label class=\"cvp-label\">Author(s)<\/label><select name=\"tx_authors\"><option value=\"\">All<\/option><option value=\"aurelia-drayak-fr\" >Aurelia Drayak<span class=\"cvp-count\"> (3)<\/span><\/option><option value=\"kaydence-drayak-fr\" >Kaydence Drayak<span class=\"cvp-count\"> (4)<\/span><\/option><option value=\"tiegan-boyens-fr\" >Tiegan Boyens<span class=\"cvp-count\"> (8)<\/span><\/option><\/select><\/div><div class=\"cvp-live-filter  cvp-customized cvp-button \" id=\"\" data-name=\"tx_years\" data-sid=\"d3cad9bfwz\" data-isblock=\"\" data-postid=\"\"><label class=\"cvp-label\">Years<\/label><div class=\"btn\"><label><input type=\"radio\" name=\"tx_years\" value=\"\" checked\/><div>All<\/div><\/label><\/div><div class=\"btn\"><label><input type=\"radio\" name=\"tx_years\" value=\"2023-fr\" \/><div>2023<\/div><\/label><\/div><\/div><div class=\"cvp-live-filter  cvp-customized cvp-dropdown \" id=\"\" data-name=\"_orderby\" data-sid=\"d3cad9bfwz\" data-isblock=\"\" data-postid=\"\"><label class=\"cvp-label\">Sort by<\/label><select name=\"_orderby\"><option value=\"\">Default<\/option><option value=\"date,desc\" >Date (Newest)<\/option><option value=\"date\" >Date (Oldest)<\/option><option value=\"title\" >Title (A - Z)<\/option><option value=\"title,desc\" >Title (Z - A)<\/option><\/select><\/div><div class=\"pt-cv-view pt-cv-blockgrid iscvblock iscvhybrid grid1 layout3 cveffect-zoomin pt-cv-pgloadmore cvp-lfres\" id=\"pt-cv-view-d3cad9bfwz\"><div data-id=\"pt-cv-page-1\" class=\"pt-cv-page\" data-cvc=\"3\"><div class=\" pt-cv-content-item pt-cv-1-col\"  data-pid=\"2957\"><div class=\"pt-cv-thumb-wrapper  \"><a href=\"https:\/\/www.child-identity.org\/fr\/video-importance-de-garder-des-liens-lorsquun-enfant-est-place\/\" class=\"_self pt-cv-href-thumbnail pt-cv-thumb-default\" target=\"_self\" ><img loading=\"lazy\" decoding=\"async\" width=\"768\" height=\"432\" src=\"data:image\/svg+xml,%3Csvg%20xmlns%3D%27http:\/\/www.w3.org\/2000\/svg%27%20viewBox%3D%270%200%203%202%27%3E%3C\/svg%3E\" class=\"pt-cv-thumbnail img-rounded gt-lazy-load\" alt=\"\" data-src=\"https:\/\/www.child-identity.org\/wp-content\/uploads\/2024\/04\/Video-Importance-of-keeping-connections-when-a-child-is-in-care-768x432.png\" data-srcset=\"\" \/><\/a><\/div>\n<div class=\"pt-cv-remain-wrapper\"><div class=\"pt-cv-meta-fields\"><span class=\"entry-date\"> <time datetime=\"2023-10-20T18:02:26+00:00\">octobre 2023<\/time><\/span><\/div><h4 class=\"pt-cv-title\"><a href=\"https:\/\/www.child-identity.org\/fr\/video-importance-de-garder-des-liens-lorsquun-enfant-est-place\/\" class=\"_self\" target=\"_self\" >Vid\u00e9o: Importance de garder des liens lorsqu&#8217;un enfant est plac\u00e9<\/a><\/h4><\/div><\/div>\n<div class=\" pt-cv-content-item pt-cv-1-col\"  data-pid=\"2947\"><div class=\"pt-cv-thumb-wrapper  \"><a href=\"https:\/\/www.child-identity.org\/fr\/video-que-peuvent-faire-les-etats-pour-preserver-lidentite-dun-enfant\/\" class=\"_self pt-cv-href-thumbnail pt-cv-thumb-default\" target=\"_self\" ><img loading=\"lazy\" decoding=\"async\" width=\"768\" height=\"432\" src=\"data:image\/svg+xml,%3Csvg%20xmlns%3D%27http:\/\/www.w3.org\/2000\/svg%27%20viewBox%3D%270%200%203%202%27%3E%3C\/svg%3E\" class=\"pt-cv-thumbnail img-rounded gt-lazy-load\" alt=\"\" data-src=\"https:\/\/www.child-identity.org\/wp-content\/uploads\/2024\/04\/Video-What-can-States-do-to-preserve-a-childs-identity--768x432.png\" data-srcset=\"\" \/><\/a><\/div>\n<div class=\"pt-cv-remain-wrapper\"><div class=\"pt-cv-meta-fields\"><span class=\"entry-date\"> <time datetime=\"2023-10-20T17:59:34+00:00\">octobre 2023<\/time><\/span><\/div><h4 class=\"pt-cv-title\"><a href=\"https:\/\/www.child-identity.org\/fr\/video-que-peuvent-faire-les-etats-pour-preserver-lidentite-dun-enfant\/\" class=\"_self\" target=\"_self\" >Vid\u00e9o: Que peuvent faire les \u00c9tats pour pr\u00e9server l&#8217;identit\u00e9 d&#8217;un enfant ?<\/a><\/h4><\/div><\/div>\n<div class=\" pt-cv-content-item pt-cv-1-col\"  data-pid=\"2937\"><div class=\"pt-cv-thumb-wrapper  \"><a href=\"https:\/\/www.child-identity.org\/fr\/video-pourquoi-lidentite-familiale-est-elle-importante-3\/\" class=\"_self pt-cv-href-thumbnail pt-cv-thumb-default\" target=\"_self\" ><img loading=\"lazy\" decoding=\"async\" width=\"768\" height=\"432\" src=\"data:image\/svg+xml,%3Csvg%20xmlns%3D%27http:\/\/www.w3.org\/2000\/svg%27%20viewBox%3D%270%200%203%202%27%3E%3C\/svg%3E\" class=\"pt-cv-thumbnail img-rounded gt-lazy-load\" alt=\"\" data-src=\"https:\/\/www.child-identity.org\/wp-content\/uploads\/2024\/04\/Video-Why-is-family-identity-important-1-2-768x432.png\" data-srcset=\"\" \/><\/a><\/div>\n<div class=\"pt-cv-remain-wrapper\"><div class=\"pt-cv-meta-fields\"><span class=\"entry-date\"> <time datetime=\"2023-10-20T17:54:47+00:00\">octobre 2023<\/time><\/span><\/div><h4 class=\"pt-cv-title\"><a href=\"https:\/\/www.child-identity.org\/fr\/video-pourquoi-lidentite-familiale-est-elle-importante-3\/\" class=\"_self\" target=\"_self\" >Vid\u00e9o: Pourquoi l&#8217;identit\u00e9 familiale est-elle importante ?<\/a><\/h4><\/div><\/div>\n<div class=\" pt-cv-content-item pt-cv-1-col\"  data-pid=\"2927\"><div class=\"pt-cv-thumb-wrapper  \"><a href=\"https:\/\/www.child-identity.org\/fr\/video-quest-ce-que-le-droit-a-lidentite\/\" class=\"_self pt-cv-href-thumbnail pt-cv-thumb-default\" target=\"_self\" ><img loading=\"lazy\" decoding=\"async\" width=\"768\" height=\"432\" src=\"data:image\/svg+xml,%3Csvg%20xmlns%3D%27http:\/\/www.w3.org\/2000\/svg%27%20viewBox%3D%270%200%203%202%27%3E%3C\/svg%3E\" class=\"pt-cv-thumbnail img-rounded gt-lazy-load\" alt=\"\" data-src=\"https:\/\/www.child-identity.org\/wp-content\/uploads\/2024\/04\/Video-What-are-identity-rights--768x432.png\" data-srcset=\"\" \/><\/a><\/div>\n<div class=\"pt-cv-remain-wrapper\"><div class=\"pt-cv-meta-fields\"><span class=\"entry-date\"> <time datetime=\"2023-10-20T17:44:50+00:00\">octobre 2023<\/time><\/span><\/div><h4 class=\"pt-cv-title\"><a href=\"https:\/\/www.child-identity.org\/fr\/video-quest-ce-que-le-droit-a-lidentite\/\" class=\"_self\" target=\"_self\" >Video: Qu&#8217;est-ce que le droit \u00e0 l&#8217;identit\u00e9 ?<\/a><\/h4><\/div><\/div>\n<div class=\" pt-cv-content-item pt-cv-1-col\"  data-pid=\"2917\"><div class=\"pt-cv-thumb-wrapper  \"><a href=\"https:\/\/www.child-identity.org\/fr\/video-importance-des-relations-entre-freres-et-soeurs\/\" class=\"_self pt-cv-href-thumbnail pt-cv-thumb-default\" target=\"_self\" ><img loading=\"lazy\" decoding=\"async\" width=\"768\" height=\"432\" src=\"data:image\/svg+xml,%3Csvg%20xmlns%3D%27http:\/\/www.w3.org\/2000\/svg%27%20viewBox%3D%270%200%203%202%27%3E%3C\/svg%3E\" class=\"pt-cv-thumbnail img-rounded gt-lazy-load\" alt=\"\" data-src=\"https:\/\/www.child-identity.org\/wp-content\/uploads\/2024\/04\/Video-Importance-of-sibling-relationships-768x432.png\" data-srcset=\"\" \/><\/a><\/div>\n<div class=\"pt-cv-remain-wrapper\"><div class=\"pt-cv-meta-fields\"><span class=\"entry-date\"> <time datetime=\"2023-10-20T17:42:20+00:00\">octobre 2023<\/time><\/span><\/div><h4 class=\"pt-cv-title\"><a href=\"https:\/\/www.child-identity.org\/fr\/video-importance-des-relations-entre-freres-et-soeurs\/\" class=\"_self\" target=\"_self\" >Vid\u00e9o: Importance des relations entre fr\u00e8res et s\u0153urs<\/a><\/h4><\/div><\/div>\n<div class=\" pt-cv-content-item pt-cv-1-col\"  data-pid=\"2907\"><div class=\"pt-cv-thumb-wrapper  \"><a href=\"https:\/\/www.child-identity.org\/fr\/video-les-defis-de-ladoption-pleniere-et-de-la-rupture-de-lidentite-de-naissance\/\" class=\"_self pt-cv-href-thumbnail pt-cv-thumb-default\" target=\"_self\" ><img loading=\"lazy\" decoding=\"async\" width=\"768\" height=\"432\" src=\"data:image\/svg+xml,%3Csvg%20xmlns%3D%27http:\/\/www.w3.org\/2000\/svg%27%20viewBox%3D%270%200%203%202%27%3E%3C\/svg%3E\" class=\"pt-cv-thumbnail img-rounded gt-lazy-load\" alt=\"\" data-src=\"https:\/\/www.child-identity.org\/wp-content\/uploads\/2024\/04\/Video-Challenges-with-full-adoption-and-severance-of-birth-identity-768x432.png\" data-srcset=\"\" \/><\/a><\/div>\n<div class=\"pt-cv-remain-wrapper\"><div class=\"pt-cv-meta-fields\"><span class=\"entry-date\"> <time datetime=\"2023-10-20T17:39:29+00:00\">octobre 2023<\/time><\/span><\/div><h4 class=\"pt-cv-title\"><a href=\"https:\/\/www.child-identity.org\/fr\/video-les-defis-de-ladoption-pleniere-et-de-la-rupture-de-lidentite-de-naissance\/\" class=\"_self\" target=\"_self\" >Vid\u00e9o: Les d\u00e9fis de l&#8217;adoption (pl\u00e9ni\u00e8re) et de la rupture de l&#8217;identit\u00e9 de naissance<\/a><\/h4><\/div><\/div>\n<div class=\" pt-cv-content-item pt-cv-1-col\"  data-pid=\"2897\"><div class=\"pt-cv-thumb-wrapper  \"><a href=\"https:\/\/www.child-identity.org\/fr\/video-importance-de-la-participation-des-enfants-aux-decisions-qui-les-concernent\/\" class=\"_self pt-cv-href-thumbnail pt-cv-thumb-default\" target=\"_self\" ><img loading=\"lazy\" decoding=\"async\" width=\"768\" height=\"432\" src=\"data:image\/svg+xml,%3Csvg%20xmlns%3D%27http:\/\/www.w3.org\/2000\/svg%27%20viewBox%3D%270%200%203%202%27%3E%3C\/svg%3E\" class=\"pt-cv-thumbnail img-rounded gt-lazy-load\" alt=\"\" data-src=\"https:\/\/www.child-identity.org\/wp-content\/uploads\/2024\/04\/Video-Importance-of-children-participating-in-decisions-that-affect-them-768x432.png\" data-srcset=\"\" \/><\/a><\/div>\n<div class=\"pt-cv-remain-wrapper\"><div class=\"pt-cv-meta-fields\"><span class=\"entry-date\"> <time datetime=\"2023-10-20T17:35:32+00:00\">octobre 2023<\/time><\/span><\/div><h4 class=\"pt-cv-title\"><a href=\"https:\/\/www.child-identity.org\/fr\/video-importance-de-la-participation-des-enfants-aux-decisions-qui-les-concernent\/\" class=\"_self\" target=\"_self\" >Vid\u00e9o: Importance de la participation des enfants aux d\u00e9cisions qui les concernent<\/a><\/h4><\/div><\/div>\n<div class=\" pt-cv-content-item pt-cv-1-col\"  data-pid=\"2888\"><div class=\"pt-cv-thumb-wrapper  \"><a href=\"https:\/\/www.child-identity.org\/fr\/video-importance-de-connaitre-ses-origines\/\" class=\"_self pt-cv-href-thumbnail pt-cv-thumb-default\" target=\"_self\" ><img loading=\"lazy\" decoding=\"async\" width=\"768\" height=\"432\" src=\"data:image\/svg+xml,%3Csvg%20xmlns%3D%27http:\/\/www.w3.org\/2000\/svg%27%20viewBox%3D%270%200%203%202%27%3E%3C\/svg%3E\" class=\"pt-cv-thumbnail img-rounded gt-lazy-load\" alt=\"\" data-src=\"https:\/\/www.child-identity.org\/wp-content\/uploads\/2024\/04\/Video-Importance-of-knowing-origins-768x432.png\" data-srcset=\"\" \/><\/a><\/div>\n<div class=\"pt-cv-remain-wrapper\"><div class=\"pt-cv-meta-fields\"><span class=\"entry-date\"> <time datetime=\"2023-10-20T17:30:17+00:00\">octobre 2023<\/time><\/span><\/div><h4 class=\"pt-cv-title\"><a href=\"https:\/\/www.child-identity.org\/fr\/video-importance-de-connaitre-ses-origines\/\" class=\"_self\" target=\"_self\" >Vid\u00e9o: Importance de connaitre ses origines<\/a><\/h4><\/div><\/div>\n<div class=\" pt-cv-content-item pt-cv-1-col\"  data-pid=\"2879\"><div class=\"pt-cv-thumb-wrapper  \"><a href=\"https:\/\/www.child-identity.org\/fr\/video-les-defis-de-la-preservation-de-lidentite-dans-le-systeme-de-prise-en-charge-alternative\/\" class=\"_self pt-cv-href-thumbnail pt-cv-thumb-default\" target=\"_self\" ><img loading=\"lazy\" decoding=\"async\" width=\"768\" height=\"432\" src=\"data:image\/svg+xml,%3Csvg%20xmlns%3D%27http:\/\/www.w3.org\/2000\/svg%27%20viewBox%3D%270%200%203%202%27%3E%3C\/svg%3E\" class=\"pt-cv-thumbnail img-rounded gt-lazy-load\" alt=\"\" data-src=\"https:\/\/www.child-identity.org\/wp-content\/uploads\/2024\/04\/Video-Challenges-to-preserving-identity-in-the-care-system-768x432.png\" data-srcset=\"\" \/><\/a><\/div>\n<div class=\"pt-cv-remain-wrapper\"><div class=\"pt-cv-meta-fields\"><span class=\"entry-date\"> <time datetime=\"2023-09-29T18:36:24+00:00\">septembre 2023<\/time><\/span><\/div><h4 class=\"pt-cv-title\"><a href=\"https:\/\/www.child-identity.org\/fr\/video-les-defis-de-la-preservation-de-lidentite-dans-le-systeme-de-prise-en-charge-alternative\/\" class=\"_self\" target=\"_self\" >Vid\u00e9o: Les d\u00e9fis de la pr\u00e9servation de l&#8217;identit\u00e9 dans le syst\u00e8me de prise en charge alternative<\/a><\/h4><\/div><\/div>\n<div class=\" pt-cv-content-item pt-cv-1-col\"  data-pid=\"2869\"><div class=\"pt-cv-thumb-wrapper  \"><a href=\"https:\/\/www.child-identity.org\/fr\/video-comment-les-etats-peuvent-ils-preserver-lidentite-familiale-lorsque-les-familles-sont-separees\/\" class=\"_self pt-cv-href-thumbnail pt-cv-thumb-default\" target=\"_self\" ><img loading=\"lazy\" decoding=\"async\" width=\"768\" height=\"432\" src=\"data:image\/svg+xml,%3Csvg%20xmlns%3D%27http:\/\/www.w3.org\/2000\/svg%27%20viewBox%3D%270%200%203%202%27%3E%3C\/svg%3E\" class=\"pt-cv-thumbnail img-rounded gt-lazy-load\" alt=\"\" data-src=\"https:\/\/www.child-identity.org\/wp-content\/uploads\/2024\/04\/Video-How-can-States-preserve-family-identity-when-families-are-separated--768x432.png\" data-srcset=\"\" \/><\/a><\/div>\n<div class=\"pt-cv-remain-wrapper\"><div class=\"pt-cv-meta-fields\"><span class=\"entry-date\"> <time datetime=\"2023-09-29T18:33:34+00:00\">septembre 2023<\/time><\/span><\/div><h4 class=\"pt-cv-title\"><a href=\"https:\/\/www.child-identity.org\/fr\/video-comment-les-etats-peuvent-ils-preserver-lidentite-familiale-lorsque-les-familles-sont-separees\/\" class=\"_self\" target=\"_self\" >Vid\u00e9o: Comment les \u00c9tats peuvent-ils pr\u00e9server l&#8217;identit\u00e9 familiale lorsque les familles sont s\u00e9par\u00e9es ?<\/a><\/h4><\/div><\/div>\n<div class=\" pt-cv-content-item pt-cv-1-col\"  data-pid=\"2859\"><div class=\"pt-cv-thumb-wrapper  \"><a href=\"https:\/\/www.child-identity.org\/fr\/video-comment-les-etats-peuvent-ils-preserver-lidentite-familiale-en-empechant-la-separation-des-familles\/\" class=\"_self pt-cv-href-thumbnail pt-cv-thumb-default\" target=\"_self\" ><img loading=\"lazy\" decoding=\"async\" width=\"768\" height=\"432\" src=\"data:image\/svg+xml,%3Csvg%20xmlns%3D%27http:\/\/www.w3.org\/2000\/svg%27%20viewBox%3D%270%200%203%202%27%3E%3C\/svg%3E\" class=\"pt-cv-thumbnail img-rounded gt-lazy-load\" alt=\"\" data-src=\"https:\/\/www.child-identity.org\/wp-content\/uploads\/2023\/09\/Video-How-can-States-preserve-family-identity-by-preventing-family-separation--768x432.png\" data-srcset=\"\" \/><\/a><\/div>\n<div class=\"pt-cv-remain-wrapper\"><div class=\"pt-cv-meta-fields\"><span class=\"entry-date\"> <time datetime=\"2023-09-29T18:28:39+00:00\">septembre 2023<\/time><\/span><\/div><h4 class=\"pt-cv-title\"><a href=\"https:\/\/www.child-identity.org\/fr\/video-comment-les-etats-peuvent-ils-preserver-lidentite-familiale-en-empechant-la-separation-des-familles\/\" class=\"_self\" target=\"_self\" >Vid\u00e9o: Comment les \u00c9tats peuvent-ils pr\u00e9server l&#8217;identit\u00e9 familiale en emp\u00eachant la s\u00e9paration des familles ?<\/a><\/h4><\/div><\/div>\n<div class=\" pt-cv-content-item pt-cv-1-col\"  data-pid=\"2844\"><div class=\"pt-cv-thumb-wrapper  \"><a href=\"https:\/\/www.child-identity.org\/fr\/video-pourquoi-lidentite-familiale-est-elle-importante-2\/\" class=\"_self pt-cv-href-thumbnail pt-cv-thumb-default\" target=\"_self\" ><img loading=\"lazy\" decoding=\"async\" width=\"768\" height=\"432\" src=\"data:image\/svg+xml,%3Csvg%20xmlns%3D%27http:\/\/www.w3.org\/2000\/svg%27%20viewBox%3D%270%200%203%202%27%3E%3C\/svg%3E\" class=\"pt-cv-thumbnail img-rounded gt-lazy-load\" alt=\"\" data-src=\"https:\/\/www.child-identity.org\/wp-content\/uploads\/2024\/04\/Video-Why-is-family-identity-important--768x432.png\" data-srcset=\"\" \/><\/a><\/div>\n<div class=\"pt-cv-remain-wrapper\"><div class=\"pt-cv-meta-fields\"><span class=\"entry-date\"> <time datetime=\"2023-09-29T18:19:08+00:00\">septembre 2023<\/time><\/span><\/div><h4 class=\"pt-cv-title\"><a href=\"https:\/\/www.child-identity.org\/fr\/video-pourquoi-lidentite-familiale-est-elle-importante-2\/\" class=\"_self\" target=\"_self\" >Vid\u00e9o: Pourquoi l&#8217;identit\u00e9 familiale est-elle importante ?<\/a><\/h4><\/div><\/div><\/div><\/div>\n<div class=\"text-center pt-cv-pagination-wrapper\"><a href='https:\/\/www.child-identity.org\/fr\/wp-json\/wp\/v2\/pages\/2831\/?_page=2' onclick='event.preventDefault()' class=\"pt-cv-more btn btn-primary btn-sm\" data-totalpages=\"2\" data-nextpages=\"2\" data-sid=\"d3cad9bfwz\" data-unid=\"\" data-isblock=\"\" data-postid=\"\">Load more <span class=\"caret\"><\/span><\/a><img loading=\"lazy\" decoding=\"async\" width=\"15\" height=\"15\" class=\"pt-cv-spinner\" alt=\"Chargement\u2026\" src=\"data:image\/gif;base64,R0lGODlhDwAPALMPAMrKygwMDJOTkz09PZWVla+vr3p6euTk5M7OzuXl5TMzMwAAAJmZmWZmZszMzP\/\/\/yH\/C05FVFNDQVBFMi4wAwEAAAAh+QQFCgAPACwAAAAADwAPAAAEQvDJaZaZOIcV8iQK8VRX4iTYoAwZ4iCYoAjZ4RxejhVNoT+mRGP4cyF4Pp0N98sBGIBMEMOotl6YZ3S61Bmbkm4mAgAh+QQFCgAPACwAAAAADQANAAAENPDJSRSZeA418itN8QiK8BiLITVsFiyBBIoYqnoewAD4xPw9iY4XLGYSjkQR4UAUD45DLwIAIfkEBQoADwAsAAAAAA8ACQAABC\/wyVlamTi3nSdgwFNdhEJgTJoNyoB9ISYoQmdjiZPcj7EYCAeCF1gEDo4Dz2eIAAAh+QQFCgAPACwCAAAADQANAAAEM\/DJBxiYeLKdX3IJZT1FU0iIg2RNKx3OkZVnZ98ToRD4MyiDnkAh6BkNC0MvsAj0kMpHBAAh+QQFCgAPACwGAAAACQAPAAAEMDC59KpFDll73HkAA2wVY5KgiK5b0RRoI6MuzG6EQqCDMlSGheEhUAgqgUUAFRySIgAh+QQFCgAPACwCAAIADQANAAAEM\/DJKZNLND\/kkKaHc3xk+QAMYDKsiaqmZCxGVjSFFCxB1vwy2oOgIDxuucxAMTAJFAJNBAAh+QQFCgAPACwAAAYADwAJAAAEMNAs86q1yaWwwv2Ig0jUZx3OYa4XoRAfwADXoAwfo1+CIjyFRuEho60aSNYlOPxEAAAh+QQFCgAPACwAAAIADQANAAAENPA9s4y8+IUVcqaWJ4qEQozSoAzoIyhCK2NFU2SJk0hNnyEOhKR2AzAAj4Pj4GE4W0bkJQIAOw==\" \/><div class=\"clear pt-cv-clear-pagination\"><\/div><\/div><\/div>\t\t\t<style type=\"text\/css\" id=\"pt-cv-inline-style-586a80daf1\">\n#pt-cv-view-d3cad9bfwz .pt-cv-thumb-wrapper:not(.miniwrap) {  }#pt-cv-view-d3cad9bfwz .pt-cv-thumbnail:not(.pt-cv-thumbnailsm) { height: 250px; }#pt-cv-view-d3cad9bfwz > .pt-cv-page {grid-template-columns: repeat(3, 1fr);grid-gap: 15px;}\n@media all and (max-width: 1024px) { \n#pt-cv-view-d3cad9bfwz > .pt-cv-page {grid-template-columns: repeat(1, 1fr);}\n} \n@media all and (max-width: 767px) { \n#pt-cv-view-d3cad9bfwz > .pt-cv-page {grid-template-columns: repeat(1, 1fr);}\n} <\/style>\r\n\t\t\t\t\t\t<style type=\"text\/css\" id=\"pt-cv-inline-style-29a8b4523v\">#pt-cv-view-d3cad9bfwz .pt-cv-title a, #pt-cv-view-d3cad9bfwz  .panel-title { color: #312783 !important; font-weight: 600 !important; }\n#pt-cv-view-d3cad9bfwz .pt-cv-meta-fields * { color: #1caf8e !important; font-weight: 600 !important; }\n#pt-cv-view-d3cad9bfwz .pt-cv-readmore  { color: #ffffff !important; background-color: #1caf8e !important; }\n#pt-cv-view-d3cad9bfwz .pt-cv-readmore:hover  { color: #ffffff !important; background-color: #000000 !important; }\n#pt-cv-view-d3cad9bfwz  + .pt-cv-pagination-wrapper .pt-cv-more , #pt-cv-view-d3cad9bfwz  + .pt-cv-pagination-wrapper .pagination .active a, .pt-cv-pagination[data-sid='d3cad9bfwz'] .active a { color: #ffffff !important; background-color: #1caf8e !important; }\n \r\n                                    .cvp-live-filter[data-sid='d3cad9bfwz'].cvp-customized input:hover,\r\n                                    .cvp-live-filter[data-sid='d3cad9bfwz'].cvp-customized input:focus,\r\n                                    .cvp-live-filter[data-sid='d3cad9bfwz'].cvp-customized select:hover,\r\n                                    .cvp-live-filter[data-sid='d3cad9bfwz'].cvp-customized select:focus,\r\n                                    .cvp-live-filter[data-sid='d3cad9bfwz'].cvp-customized input~div:hover,\r\n                                    .cvp-live-filter[data-sid='d3cad9bfwz'].cvp-customized input~div:focus {border-color: #312783; box-shadow: 0 0 0 1px #312783 !important;}\r\n                                    .cvp-live-filter[data-sid='d3cad9bfwz'].cvp-customized input[type='checkbox']:checked {background-color: #312783;}\r\n                                    .cvp-live-filter[data-sid='d3cad9bfwz'].cvp-customized input[type='radio']:checked {border-color: #312783;}\r\n                                    .cvp-live-filter[data-sid='d3cad9bfwz'].cvp-customized input[type='radio']:checked::before {border-color: #312783; background: #312783;}\r\n                                    \n.cvp-live-filter[data-sid='d3cad9bfwz'] input[type=radio]:checked~div   { background-color: #312783 !important; }\n.cvp-live-submit   { color: #ffffff !important; background-color: #000000 !important; }\n.cvp-live-reset   { color: #ffffff !important; background-color: #666666 !important; }\n#pt-cv-view-d3cad9bfwz .img-rounded, #pt-cv-view-d3cad9bfwz .pt-cv-hover-wrapper { -webkit-border-radius: 5px !important; -moz-border-radius: 5px !important; border-radius: 5px !important; }\n#pt-cv-view-d3cad9bfwz .pt-cv-cap-w-img { border-bottom-left-radius: 5px !important; border-bottom-right-radius: 5px !important; }<\/style>\r\n\t\t\t[\/vc_column_text][\/vc_column][\/vc_row]<\/p>\n","protected":false},"excerpt":{"rendered":"<p>[vc_row disable_element=&#8221;yes&#8221;][vc_column][vc_basic_grid post_type=&#8221;post&#8221; max_items=&#8221;&#8221; style=&#8221;load-more&#8221; items_per_page=&#8221;6&#8243; item=&#8221;2785&#8243; btn_style=&#8221;modern&#8221; btn_color=&#8221;default&#8221; btn_size=&#8221;xs&#8221; grid_id=&#8221;vc_gid:1727938792539-2287c568-b46d-6&#8243; taxonomies=&#8221;142&#8243;][\/vc_column][\/vc_row][vc_row][vc_column][vc_column_text][\/vc_column_text][\/vc_column][\/vc_row]<\/p>\n","protected":false},"author":1,"featured_media":0,"parent":0,"menu_order":0,"comment_status":"closed","ping_status":"closed","template":"","meta":{"footnotes":""},"class_list":["post-2831","page","type-page","status-publish","hentry"],"_links":{"self":[{"href":"https:\/\/www.child-identity.org\/fr\/wp-json\/wp\/v2\/pages\/2831","targetHints":{"allow":["GET"]}}],"collection":[{"href":"https:\/\/www.child-identity.org\/fr\/wp-json\/wp\/v2\/pages"}],"about":[{"href":"https:\/\/www.child-identity.org\/fr\/wp-json\/wp\/v2\/types\/page"}],"author":[{"embeddable":true,"href":"https:\/\/www.child-identity.org\/fr\/wp-json\/wp\/v2\/users\/1"}],"replies":[{"embeddable":true,"href":"https:\/\/www.child-identity.org\/fr\/wp-json\/wp\/v2\/comments?post=2831"}],"version-history":[{"count":2,"href":"https:\/\/www.child-identity.org\/fr\/wp-json\/wp\/v2\/pages\/2831\/revisions"}],"predecessor-version":[{"id":10665,"href":"https:\/\/www.child-identity.org\/fr\/wp-json\/wp\/v2\/pages\/2831\/revisions\/10665"}],"wp:attachment":[{"href":"https:\/\/www.child-identity.org\/fr\/wp-json\/wp\/v2\/media?parent=2831"}],"curies":[{"name":"wp","href":"https:\/\/api.w.org\/{rel}","templated":true}]}}