{"id":2985,"date":"2024-04-18T16:44:21","date_gmt":"2024-04-18T16:44:21","guid":{"rendered":"https:\/\/child-identity.org\/adultes-avec-une-experience-vecue\/"},"modified":"2024-10-03T07:06:12","modified_gmt":"2024-10-03T07:06:12","slug":"adultes-avec-une-experience-vecue","status":"publish","type":"page","link":"https:\/\/www.child-identity.org\/fr\/adultes-avec-une-experience-vecue\/","title":{"rendered":"Adultes avec une exp\u00e9rience v\u00e9cue"},"content":{"rendered":"<p>[vc_row disable_element=&#8221;yes&#8221;][vc_column][vc_basic_grid post_type=&#8221;post&#8221; max_items=&#8221;&#8221; style=&#8221;load-more&#8221; items_per_page=&#8221;6&#8243; item=&#8221;2785&#8243; btn_style=&#8221;modern&#8221; btn_color=&#8221;default&#8221; btn_size=&#8221;xs&#8221; grid_id=&#8221;vc_gid:1727939147767-a272bcf3-b20a-10&#8243; taxonomies=&#8221;141&#8243;][\/vc_column][\/vc_row][vc_row][vc_column][vc_column_text]<div class=\"pt-cv-wrapper\"><div class=\"cvp-live-filter  cvp-customized cvp-search-box \" id=\"\" data-name=\"_search\" data-sid=\"77a776bt0n\" data-isblock=\"\" data-postid=\"\"><label for='sf_1222' class=\"cvp-label\">Search<\/label><input type=\"text\" id=\"sf_1222\" name=\"_search\" value=\"\" data-nosubmit=\"true\" placeholder=\"\"\/><\/div><div class=\"cvp-live-filter  cvp-customized cvp-dropdown \" id=\"\" data-name=\"tx_authors\" data-sid=\"77a776bt0n\" data-isblock=\"\" data-postid=\"\"><label class=\"cvp-label\">Author(s)<\/label><select name=\"tx_authors\"><option value=\"\">All<\/option><option value=\"armando-cupi-fr\" >Armando Cupi<span class=\"cvp-count\"> (2)<\/span><\/option><option value=\"arthur-kermalvezen-fr\" >Arthur Kermalvezen<span class=\"cvp-count\"> (7)<\/span><\/option><option value=\"audrey-kermalvezen-fr\" >Audrey Kermalvezen<span class=\"cvp-count\"> (7)<\/span><\/option><option value=\"cissy-nalugya-fr\" >Cissy Nalugya<span class=\"cvp-count\"> (1)<\/span><\/option><option value=\"gladys-bulyaba-fr\" >Gladys Bulyaba<span class=\"cvp-count\"> (1)<\/span><\/option><option value=\"helene-loos-fr\" >H\u00e9l\u00e8ne Loos<span class=\"cvp-count\"> (3)<\/span><\/option><option value=\"lynelle-long-fr\" >Lynelle Long<span class=\"cvp-count\"> (9)<\/span><\/option><option value=\"manito-kayembe-fr\" >Manito Kayembe<span class=\"cvp-count\"> (1)<\/span><\/option><option value=\"marie-marre-fr\" >Marie Marre<span class=\"cvp-count\"> (6)<\/span><\/option><option value=\"mary-cardaras-fr\" >Mary Cardaras<span class=\"cvp-count\"> (1)<\/span><\/option><option value=\"moses-yisabirye-fr\" >Moses Yisabirye<span class=\"cvp-count\"> (1)<\/span><\/option><option value=\"muriel-crettol-fr\" >Muriel Crettol<span class=\"cvp-count\"> (4)<\/span><\/option><option value=\"neha-gurung-fr\" >Neha Gurung<span class=\"cvp-count\"> (3)<\/span><\/option><option value=\"vanessa-binder-fr\" >Vanessa Binder<span class=\"cvp-count\"> (2)<\/span><\/option><option value=\"wilson-kiiza-fr\" >Wilson Kiiza<span class=\"cvp-count\"> (1)<\/span><\/option><\/select><\/div><div class=\"cvp-live-filter  cvp-customized cvp-button \" id=\"\" data-name=\"tx_years\" data-sid=\"77a776bt0n\" data-isblock=\"\" data-postid=\"\"><label class=\"cvp-label\">Years<\/label><div class=\"btn\"><label><input type=\"radio\" name=\"tx_years\" value=\"\" checked\/><div>All<\/div><\/label><\/div><div class=\"btn\"><label><input type=\"radio\" name=\"tx_years\" value=\"2022-fr\" \/><div>2022<\/div><\/label><\/div><div class=\"btn\"><label><input type=\"radio\" name=\"tx_years\" value=\"2023-fr\" \/><div>2023<\/div><\/label><\/div><div class=\"btn\"><label><input type=\"radio\" name=\"tx_years\" value=\"2024-fr\" \/><div>2024<\/div><\/label><\/div><div class=\"btn\"><label><input type=\"radio\" name=\"tx_years\" value=\"2025-fr\" \/><div>2025<\/div><\/label><\/div><\/div><div class=\"cvp-live-filter  cvp-customized cvp-dropdown \" id=\"\" data-name=\"_orderby\" data-sid=\"77a776bt0n\" data-isblock=\"\" data-postid=\"\"><label class=\"cvp-label\">Sort by<\/label><select name=\"_orderby\"><option value=\"\">Default<\/option><option value=\"date,desc\" >Date (Newest)<\/option><option value=\"date\" >Date (Oldest)<\/option><option value=\"title\" >Title (A - Z)<\/option><option value=\"title,desc\" >Title (Z - A)<\/option><\/select><\/div><div class=\"pt-cv-view pt-cv-blockgrid iscvblock iscvhybrid grid1 layout3 cveffect-zoomin pt-cv-pgloadmore cvp-lfres\" id=\"pt-cv-view-77a776bt0n\"><div data-id=\"pt-cv-page-1\" class=\"pt-cv-page\" data-cvc=\"3\"><div class=\" pt-cv-content-item pt-cv-1-col\"  data-pid=\"12359\"><div class=\"pt-cv-thumb-wrapper  \"><a href=\"https:\/\/www.child-identity.org\/fr\/video-role-des-etats-dans-la-prevention-de-lapatridie\/\" class=\"_self pt-cv-href-thumbnail pt-cv-thumb-default\" target=\"_self\" ><img loading=\"lazy\" decoding=\"async\" width=\"768\" height=\"399\" src=\"data:image\/svg+xml,%3Csvg%20xmlns%3D%27http:\/\/www.w3.org\/2000\/svg%27%20viewBox%3D%270%200%203%202%27%3E%3C\/svg%3E\" class=\"pt-cv-thumbnail img-rounded gt-lazy-load\" alt=\"\" data-src=\"https:\/\/www.child-identity.org\/wp-content\/uploads\/2025\/05\/06-tbn_Armando-Cupi_Role-of-States-to-prevent-Statelessness-768x399.png\" data-srcset=\"\" \/><\/a><\/div>\n<div class=\"pt-cv-remain-wrapper\"><div class=\"pt-cv-meta-fields\"><span class=\"entry-date\"> <time datetime=\"2025-05-29T08:38:52+00:00\">mai 2025<\/time><\/span><span> \/ <\/span><span class=\"terms\"> <a href='https:\/\/www.child-identity.org\/fr\/country\/italy-fr\/' title='Italy' class='pt-cv-tax-italy-fr'>Italy<\/a><\/span><\/div><h4 class=\"pt-cv-title\"><a href=\"https:\/\/www.child-identity.org\/fr\/video-role-des-etats-dans-la-prevention-de-lapatridie\/\" class=\"_self\" target=\"_self\" >Vid\u00e9o: R\u00f4le des \u00c9tats dans la pr\u00e9vention de l&#8217;apatridie<\/a><\/h4><\/div><\/div>\n<div class=\" pt-cv-content-item pt-cv-1-col\"  data-pid=\"12348\"><div class=\"pt-cv-thumb-wrapper  \"><a href=\"https:\/\/www.child-identity.org\/fr\/video-apatrides-en-italie\/\" class=\"_self pt-cv-href-thumbnail pt-cv-thumb-default\" target=\"_self\" ><img loading=\"lazy\" decoding=\"async\" width=\"768\" height=\"399\" src=\"data:image\/svg+xml,%3Csvg%20xmlns%3D%27http:\/\/www.w3.org\/2000\/svg%27%20viewBox%3D%270%200%203%202%27%3E%3C\/svg%3E\" class=\"pt-cv-thumbnail img-rounded gt-lazy-load\" alt=\"\" data-src=\"https:\/\/www.child-identity.org\/wp-content\/uploads\/2025\/05\/05-tbn_Armando-Cupi_Stateless-in-Italy-768x399.png\" data-srcset=\"\" \/><\/a><\/div>\n<div class=\"pt-cv-remain-wrapper\"><div class=\"pt-cv-meta-fields\"><span class=\"entry-date\"> <time datetime=\"2025-05-29T08:34:11+00:00\">mai 2025<\/time><\/span><span> \/ <\/span><span class=\"terms\"> <a href='https:\/\/www.child-identity.org\/fr\/country\/italy-fr\/' title='Italy' class='pt-cv-tax-italy-fr'>Italy<\/a><\/span><\/div><h4 class=\"pt-cv-title\"><a href=\"https:\/\/www.child-identity.org\/fr\/video-apatrides-en-italie\/\" class=\"_self\" target=\"_self\" >Vid\u00e9o: Apatrides en Italie<\/a><\/h4><\/div><\/div>\n<div class=\" pt-cv-content-item pt-cv-1-col\"  data-pid=\"12338\"><div class=\"pt-cv-thumb-wrapper  \"><a href=\"https:\/\/www.child-identity.org\/fr\/video-efforts-de-collaboration-afin-que-que-chacun-ait-une-nationalite\/\" class=\"_self pt-cv-href-thumbnail pt-cv-thumb-default\" target=\"_self\" ><img loading=\"lazy\" decoding=\"async\" width=\"768\" height=\"399\" src=\"data:image\/svg+xml,%3Csvg%20xmlns%3D%27http:\/\/www.w3.org\/2000\/svg%27%20viewBox%3D%270%200%203%202%27%3E%3C\/svg%3E\" class=\"pt-cv-thumbnail img-rounded gt-lazy-load\" alt=\"\" data-src=\"https:\/\/www.child-identity.org\/wp-content\/uploads\/2025\/05\/04-tbn_Neha-Gurung_Collaborative-efforts-to-ensure-everyone-has-a-nationality-768x399.png\" data-srcset=\"\" \/><\/a><\/div>\n<div class=\"pt-cv-remain-wrapper\"><div class=\"pt-cv-meta-fields\"><span class=\"entry-date\"> <time datetime=\"2025-05-29T08:18:32+00:00\">mai 2025<\/time><\/span><\/div><h4 class=\"pt-cv-title\"><a href=\"https:\/\/www.child-identity.org\/fr\/video-efforts-de-collaboration-afin-que-que-chacun-ait-une-nationalite\/\" class=\"_self\" target=\"_self\" >Vid\u00e9o: Efforts de collaboration afin que que chacun ait une nationalit\u00e9<\/a><\/h4><\/div><\/div>\n<div class=\" pt-cv-content-item pt-cv-1-col\"  data-pid=\"12328\"><div class=\"pt-cv-thumb-wrapper  \"><a href=\"https:\/\/www.child-identity.org\/fr\/video-prevenir-lapatridie-est-possible-si-les-droits-fondamentaux-sont-respectes\/\" class=\"_self pt-cv-href-thumbnail pt-cv-thumb-default\" target=\"_self\" ><img loading=\"lazy\" decoding=\"async\" width=\"768\" height=\"399\" src=\"data:image\/svg+xml,%3Csvg%20xmlns%3D%27http:\/\/www.w3.org\/2000\/svg%27%20viewBox%3D%270%200%203%202%27%3E%3C\/svg%3E\" class=\"pt-cv-thumbnail img-rounded gt-lazy-load\" alt=\"\" data-src=\"https:\/\/www.child-identity.org\/wp-content\/uploads\/2025\/05\/03b-tbn_Neha-Gurung_Preventing-Statelessness-is-possible-if-fundamental-rights-are-respected-768x399.png\" data-srcset=\"\" \/><\/a><\/div>\n<div class=\"pt-cv-remain-wrapper\"><div class=\"pt-cv-meta-fields\"><span class=\"entry-date\"> <time datetime=\"2025-05-29T08:14:09+00:00\">mai 2025<\/time><\/span><\/div><h4 class=\"pt-cv-title\"><a href=\"https:\/\/www.child-identity.org\/fr\/video-prevenir-lapatridie-est-possible-si-les-droits-fondamentaux-sont-respectes\/\" class=\"_self\" target=\"_self\" >Vid\u00e9o: Pr\u00e9venir l&#8217;apatridie est possible si les droits fondamentaux sont respect\u00e9s<\/a><\/h4><\/div><\/div>\n<div class=\" pt-cv-content-item pt-cv-1-col\"  data-pid=\"12318\"><div class=\"pt-cv-thumb-wrapper  \"><a href=\"https:\/\/www.child-identity.org\/fr\/video-lapatridie-un-obstacle-a-lacces-a-leducation\/\" class=\"_self pt-cv-href-thumbnail pt-cv-thumb-default\" target=\"_self\" ><img loading=\"lazy\" decoding=\"async\" width=\"768\" height=\"399\" src=\"data:image\/svg+xml,%3Csvg%20xmlns%3D%27http:\/\/www.w3.org\/2000\/svg%27%20viewBox%3D%270%200%203%202%27%3E%3C\/svg%3E\" class=\"pt-cv-thumbnail img-rounded gt-lazy-load\" alt=\"\" data-src=\"https:\/\/www.child-identity.org\/wp-content\/uploads\/2025\/05\/03-tbn_Neha-Gurung_Statelessness-as-barrier-to-accessing-education-768x399.png\" data-srcset=\"\" \/><\/a><\/div>\n<div class=\"pt-cv-remain-wrapper\"><div class=\"pt-cv-meta-fields\"><span class=\"entry-date\"> <time datetime=\"2025-05-29T08:09:39+00:00\">mai 2025<\/time><\/span><\/div><h4 class=\"pt-cv-title\"><a href=\"https:\/\/www.child-identity.org\/fr\/video-lapatridie-un-obstacle-a-lacces-a-leducation\/\" class=\"_self\" target=\"_self\" >Vid\u00e9o: L&#8217;apatridie, un obstacle \u00e0 l&#8217;acc\u00e8s \u00e0 l&#8217;\u00e9ducation<\/a><\/h4><\/div><\/div>\n<div class=\" pt-cv-content-item pt-cv-1-col\"  data-pid=\"11716\"><div class=\"pt-cv-thumb-wrapper  \"><a href=\"https:\/\/www.child-identity.org\/fr\/video-conseils-aux-autres-donneurs\/\" class=\"_self pt-cv-href-thumbnail pt-cv-thumb-default\" target=\"_self\" ><img loading=\"lazy\" decoding=\"async\" width=\"768\" height=\"400\" src=\"data:image\/svg+xml,%3Csvg%20xmlns%3D%27http:\/\/www.w3.org\/2000\/svg%27%20viewBox%3D%270%200%203%202%27%3E%3C\/svg%3E\" class=\"pt-cv-thumbnail img-rounded gt-lazy-load\" alt=\"\" data-src=\"https:\/\/www.child-identity.org\/wp-content\/uploads\/2025\/02\/tbn_Helene-Loos_Advice-to-other-donors-768x400.png\" data-srcset=\"\" \/><\/a><\/div>\n<div class=\"pt-cv-remain-wrapper\"><div class=\"pt-cv-meta-fields\"><span class=\"entry-date\"> <time datetime=\"2025-02-12T12:21:38+00:00\">f\u00e9vrier 2025<\/time><\/span><\/div><h4 class=\"pt-cv-title\"><a href=\"https:\/\/www.child-identity.org\/fr\/video-conseils-aux-autres-donneurs\/\" class=\"_self\" target=\"_self\" >Vid\u00e9o : Conseils aux autres donneurs<\/a><\/h4><\/div><\/div>\n<div class=\" pt-cv-content-item pt-cv-1-col\"  data-pid=\"11706\"><div class=\"pt-cv-thumb-wrapper  \"><a href=\"https:\/\/www.child-identity.org\/fr\/video-manque-de-conseils-professionnels-sur-les-droits-des-enfants-lors-dun-don-dovocytes\/\" class=\"_self pt-cv-href-thumbnail pt-cv-thumb-default\" target=\"_self\" ><img loading=\"lazy\" decoding=\"async\" width=\"768\" height=\"399\" src=\"data:image\/svg+xml,%3Csvg%20xmlns%3D%27http:\/\/www.w3.org\/2000\/svg%27%20viewBox%3D%270%200%203%202%27%3E%3C\/svg%3E\" class=\"pt-cv-thumbnail img-rounded gt-lazy-load\" alt=\"\" data-src=\"https:\/\/www.child-identity.org\/wp-content\/uploads\/2025\/02\/tbn_Helene-Loos_Lack-of-professional-advice-on-the-rights-of-children-when-donating-eggs-768x399.png\" data-srcset=\"\" \/><\/a><\/div>\n<div class=\"pt-cv-remain-wrapper\"><div class=\"pt-cv-meta-fields\"><span class=\"entry-date\"> <time datetime=\"2025-02-12T12:17:01+00:00\">f\u00e9vrier 2025<\/time><\/span><\/div><h4 class=\"pt-cv-title\"><a href=\"https:\/\/www.child-identity.org\/fr\/video-manque-de-conseils-professionnels-sur-les-droits-des-enfants-lors-dun-don-dovocytes\/\" class=\"_self\" target=\"_self\" >Vid\u00e9o : Manque de conseils professionnels sur les droits des enfants lors d&#8217;un don d&#8217;ovocytes<\/a><\/h4><\/div><\/div>\n<div class=\" pt-cv-content-item pt-cv-1-col\"  data-pid=\"11693\"><div class=\"pt-cv-thumb-wrapper  \"><a href=\"https:\/\/www.child-identity.org\/fr\/video-temoignage-dune-donneuse-dovocytes\/\" class=\"_self pt-cv-href-thumbnail pt-cv-thumb-default\" target=\"_self\" ><img loading=\"lazy\" decoding=\"async\" width=\"768\" height=\"399\" src=\"data:image\/svg+xml,%3Csvg%20xmlns%3D%27http:\/\/www.w3.org\/2000\/svg%27%20viewBox%3D%270%200%203%202%27%3E%3C\/svg%3E\" class=\"pt-cv-thumbnail img-rounded gt-lazy-load\" alt=\"\" data-src=\"https:\/\/www.child-identity.org\/wp-content\/uploads\/2025\/02\/tbn_Helene-Loos_Testimony-of-an-egg-donor-768x399.png\" data-srcset=\"\" \/><\/a><\/div>\n<div class=\"pt-cv-remain-wrapper\"><div class=\"pt-cv-meta-fields\"><span class=\"entry-date\"> <time datetime=\"2025-02-12T12:10:32+00:00\">f\u00e9vrier 2025<\/time><\/span><\/div><h4 class=\"pt-cv-title\"><a href=\"https:\/\/www.child-identity.org\/fr\/video-temoignage-dune-donneuse-dovocytes\/\" class=\"_self\" target=\"_self\" >Vid\u00e9o : T\u00e9moignage d&#8217;une donneuse d&#8217;ovocytes<\/a><\/h4><\/div><\/div>\n<div class=\" pt-cv-content-item pt-cv-1-col\"  data-pid=\"11681\"><div class=\"pt-cv-thumb-wrapper  \"><a href=\"https:\/\/www.child-identity.org\/fr\/video-association-sur-terre-via-donneur\/\" class=\"_self pt-cv-href-thumbnail pt-cv-thumb-default\" target=\"_self\" ><img loading=\"lazy\" decoding=\"async\" width=\"768\" height=\"400\" src=\"data:image\/svg+xml,%3Csvg%20xmlns%3D%27http:\/\/www.w3.org\/2000\/svg%27%20viewBox%3D%270%200%203%202%27%3E%3C\/svg%3E\" class=\"pt-cv-thumbnail img-rounded gt-lazy-load\" alt=\"\" data-src=\"https:\/\/www.child-identity.org\/wp-content\/uploads\/2025\/02\/tbn_Muriel-CRETTOL_On-Earth-Via-Donneur-768x400.png\" data-srcset=\"\" \/><\/a><\/div>\n<div class=\"pt-cv-remain-wrapper\"><div class=\"pt-cv-meta-fields\"><span class=\"entry-date\"> <time datetime=\"2025-02-10T18:51:05+00:00\">f\u00e9vrier 2025<\/time><\/span><\/div><h4 class=\"pt-cv-title\"><a href=\"https:\/\/www.child-identity.org\/fr\/video-association-sur-terre-via-donneur\/\" class=\"_self\" target=\"_self\" >Vid\u00e9o : Association Sur Terre Via Donneur<\/a><\/h4><\/div><\/div>\n<div class=\" pt-cv-content-item pt-cv-1-col\"  data-pid=\"11668\"><div class=\"pt-cv-thumb-wrapper  \"><a href=\"https:\/\/www.child-identity.org\/fr\/video-role-des-etats-dans-la-procreation-medicalement-assistee\/\" class=\"_self pt-cv-href-thumbnail pt-cv-thumb-default\" target=\"_self\" ><img loading=\"lazy\" decoding=\"async\" width=\"768\" height=\"399\" src=\"data:image\/svg+xml,%3Csvg%20xmlns%3D%27http:\/\/www.w3.org\/2000\/svg%27%20viewBox%3D%270%200%203%202%27%3E%3C\/svg%3E\" class=\"pt-cv-thumbnail img-rounded gt-lazy-load\" alt=\"\" data-src=\"https:\/\/www.child-identity.org\/wp-content\/uploads\/2025\/02\/tbn_Muriel-CRETTOL_Role-of-States-in-assisted-reproduction-768x399.png\" data-srcset=\"\" \/><\/a><\/div>\n<div class=\"pt-cv-remain-wrapper\"><div class=\"pt-cv-meta-fields\"><span class=\"entry-date\"> <time datetime=\"2025-02-10T18:43:42+00:00\">f\u00e9vrier 2025<\/time><\/span><\/div><h4 class=\"pt-cv-title\"><a href=\"https:\/\/www.child-identity.org\/fr\/video-role-des-etats-dans-la-procreation-medicalement-assistee\/\" class=\"_self\" target=\"_self\" >Vid\u00e9o : R\u00f4le des \u00c9tats dans la procr\u00e9ation m\u00e9dicalement assist\u00e9e<\/a><\/h4><\/div><\/div>\n<div class=\" pt-cv-content-item pt-cv-1-col\"  data-pid=\"11656\"><div class=\"pt-cv-thumb-wrapper  \"><a href=\"https:\/\/www.child-identity.org\/fr\/video-importance-du-droit-a-lidentite-4\/\" class=\"_self pt-cv-href-thumbnail pt-cv-thumb-default\" target=\"_self\" ><img loading=\"lazy\" decoding=\"async\" width=\"768\" height=\"399\" src=\"data:image\/svg+xml,%3Csvg%20xmlns%3D%27http:\/\/www.w3.org\/2000\/svg%27%20viewBox%3D%270%200%203%202%27%3E%3C\/svg%3E\" class=\"pt-cv-thumbnail img-rounded gt-lazy-load\" alt=\"\" data-src=\"https:\/\/www.child-identity.org\/wp-content\/uploads\/2025\/02\/tbn_Muriel-CRETTOL_Importance-of-right-to-identity-768x399.png\" data-srcset=\"\" \/><\/a><\/div>\n<div class=\"pt-cv-remain-wrapper\"><div class=\"pt-cv-meta-fields\"><span class=\"entry-date\"> <time datetime=\"2025-02-10T18:36:19+00:00\">f\u00e9vrier 2025<\/time><\/span><\/div><h4 class=\"pt-cv-title\"><a href=\"https:\/\/www.child-identity.org\/fr\/video-importance-du-droit-a-lidentite-4\/\" class=\"_self\" target=\"_self\" >Vid\u00e9o : Importance du droit \u00e0 l&#8217;identit\u00e9<\/a><\/h4><\/div><\/div>\n<div class=\" pt-cv-content-item pt-cv-1-col\"  data-pid=\"11644\"><div class=\"pt-cv-thumb-wrapper  \"><a href=\"https:\/\/www.child-identity.org\/fr\/video-a-la-decouverte-de-mes-origines-biologiques-2\/\" class=\"_self pt-cv-href-thumbnail pt-cv-thumb-default\" target=\"_self\" ><img loading=\"lazy\" decoding=\"async\" width=\"768\" height=\"400\" src=\"data:image\/svg+xml,%3Csvg%20xmlns%3D%27http:\/\/www.w3.org\/2000\/svg%27%20viewBox%3D%270%200%203%202%27%3E%3C\/svg%3E\" class=\"pt-cv-thumbnail img-rounded gt-lazy-load\" alt=\"\" data-src=\"https:\/\/www.child-identity.org\/wp-content\/uploads\/2025\/02\/tbn_Muriel-CRETTOL_Discovering-my-biological-origins-768x400.png\" data-srcset=\"\" \/><\/a><\/div>\n<div class=\"pt-cv-remain-wrapper\"><div class=\"pt-cv-meta-fields\"><span class=\"entry-date\"> <time datetime=\"2025-02-10T18:30:00+00:00\">f\u00e9vrier 2025<\/time><\/span><\/div><h4 class=\"pt-cv-title\"><a href=\"https:\/\/www.child-identity.org\/fr\/video-a-la-decouverte-de-mes-origines-biologiques-2\/\" class=\"_self\" target=\"_self\" >Vid\u00e9o : A la d\u00e9couverte de mes origines biologiques<\/a><\/h4><\/div><\/div><\/div><\/div>\n<div class=\"text-center pt-cv-pagination-wrapper\"><a href='https:\/\/www.child-identity.org\/fr\/wp-json\/wp\/v2\/pages\/2985\/?_page=2' onclick='event.preventDefault()' class=\"pt-cv-more btn btn-primary btn-sm\" data-totalpages=\"4\" data-nextpages=\"2\" data-sid=\"77a776bt0n\" data-unid=\"\" data-isblock=\"\" data-postid=\"\">Load more <span class=\"caret\"><\/span><\/a><img loading=\"lazy\" decoding=\"async\" width=\"15\" height=\"15\" class=\"pt-cv-spinner\" alt=\"Chargement\u2026\" src=\"data:image\/gif;base64,R0lGODlhDwAPALMPAMrKygwMDJOTkz09PZWVla+vr3p6euTk5M7OzuXl5TMzMwAAAJmZmWZmZszMzP\/\/\/yH\/C05FVFNDQVBFMi4wAwEAAAAh+QQFCgAPACwAAAAADwAPAAAEQvDJaZaZOIcV8iQK8VRX4iTYoAwZ4iCYoAjZ4RxejhVNoT+mRGP4cyF4Pp0N98sBGIBMEMOotl6YZ3S61Bmbkm4mAgAh+QQFCgAPACwAAAAADQANAAAENPDJSRSZeA418itN8QiK8BiLITVsFiyBBIoYqnoewAD4xPw9iY4XLGYSjkQR4UAUD45DLwIAIfkEBQoADwAsAAAAAA8ACQAABC\/wyVlamTi3nSdgwFNdhEJgTJoNyoB9ISYoQmdjiZPcj7EYCAeCF1gEDo4Dz2eIAAAh+QQFCgAPACwCAAAADQANAAAEM\/DJBxiYeLKdX3IJZT1FU0iIg2RNKx3OkZVnZ98ToRD4MyiDnkAh6BkNC0MvsAj0kMpHBAAh+QQFCgAPACwGAAAACQAPAAAEMDC59KpFDll73HkAA2wVY5KgiK5b0RRoI6MuzG6EQqCDMlSGheEhUAgqgUUAFRySIgAh+QQFCgAPACwCAAIADQANAAAEM\/DJKZNLND\/kkKaHc3xk+QAMYDKsiaqmZCxGVjSFFCxB1vwy2oOgIDxuucxAMTAJFAJNBAAh+QQFCgAPACwAAAYADwAJAAAEMNAs86q1yaWwwv2Ig0jUZx3OYa4XoRAfwADXoAwfo1+CIjyFRuEho60aSNYlOPxEAAAh+QQFCgAPACwAAAIADQANAAAENPA9s4y8+IUVcqaWJ4qEQozSoAzoIyhCK2NFU2SJk0hNnyEOhKR2AzAAj4Pj4GE4W0bkJQIAOw==\" \/><div class=\"clear pt-cv-clear-pagination\"><\/div><\/div><\/div>\t\t\t<style type=\"text\/css\" id=\"pt-cv-inline-style-046f1524pe\">\n#pt-cv-view-77a776bt0n .pt-cv-thumb-wrapper:not(.miniwrap) {  }#pt-cv-view-77a776bt0n .pt-cv-thumbnail:not(.pt-cv-thumbnailsm) { height: 250px; }#pt-cv-view-77a776bt0n > .pt-cv-page {grid-template-columns: repeat(3, 1fr);grid-gap: 15px;}\n@media all and (max-width: 1024px) { \n#pt-cv-view-77a776bt0n > .pt-cv-page {grid-template-columns: repeat(1, 1fr);}\n} \n@media all and (max-width: 767px) { \n#pt-cv-view-77a776bt0n > .pt-cv-page {grid-template-columns: repeat(1, 1fr);}\n} <\/style>\r\n\t\t\t\t\t\t<style type=\"text\/css\" id=\"pt-cv-inline-style-c9dee7c6wv\">#pt-cv-view-77a776bt0n .pt-cv-title a, #pt-cv-view-77a776bt0n  .panel-title { color: #312783 !important; font-weight: 600 !important; }\n#pt-cv-view-77a776bt0n .pt-cv-meta-fields * { color: #1caf8e !important; font-weight: 600 !important; }\n#pt-cv-view-77a776bt0n .pt-cv-readmore  { color: #ffffff !important; background-color: #1caf8e !important; }\n#pt-cv-view-77a776bt0n .pt-cv-readmore:hover  { color: #ffffff !important; background-color: #000000 !important; }\n#pt-cv-view-77a776bt0n  + .pt-cv-pagination-wrapper .pt-cv-more , #pt-cv-view-77a776bt0n  + .pt-cv-pagination-wrapper .pagination .active a, .pt-cv-pagination[data-sid='77a776bt0n'] .active a { color: #ffffff !important; background-color: #1caf8e !important; }\n \r\n                                    .cvp-live-filter[data-sid='77a776bt0n'].cvp-customized input:hover,\r\n                                    .cvp-live-filter[data-sid='77a776bt0n'].cvp-customized input:focus,\r\n                                    .cvp-live-filter[data-sid='77a776bt0n'].cvp-customized select:hover,\r\n                                    .cvp-live-filter[data-sid='77a776bt0n'].cvp-customized select:focus,\r\n                                    .cvp-live-filter[data-sid='77a776bt0n'].cvp-customized input~div:hover,\r\n                                    .cvp-live-filter[data-sid='77a776bt0n'].cvp-customized input~div:focus {border-color: #312783; box-shadow: 0 0 0 1px #312783 !important;}\r\n                                    .cvp-live-filter[data-sid='77a776bt0n'].cvp-customized input[type='checkbox']:checked {background-color: #312783;}\r\n                                    .cvp-live-filter[data-sid='77a776bt0n'].cvp-customized input[type='radio']:checked {border-color: #312783;}\r\n                                    .cvp-live-filter[data-sid='77a776bt0n'].cvp-customized input[type='radio']:checked::before {border-color: #312783; background: #312783;}\r\n                                    \n.cvp-live-filter[data-sid='77a776bt0n'] input[type=radio]:checked~div   { background-color: #312783 !important; }\n.cvp-live-submit   { color: #ffffff !important; background-color: #000000 !important; }\n.cvp-live-reset   { color: #ffffff !important; background-color: #666666 !important; }\n#pt-cv-view-77a776bt0n .img-rounded, #pt-cv-view-77a776bt0n .pt-cv-hover-wrapper { -webkit-border-radius: 5px !important; -moz-border-radius: 5px !important; border-radius: 5px !important; }\n#pt-cv-view-77a776bt0n .pt-cv-cap-w-img { border-bottom-left-radius: 5px !important; border-bottom-right-radius: 5px !important; }<\/style>\r\n\t\t\t[\/vc_column_text][\/vc_column][\/vc_row]<\/p>\n","protected":false},"excerpt":{"rendered":"<p>[vc_row disable_element=&#8221;yes&#8221;][vc_column][vc_basic_grid post_type=&#8221;post&#8221; max_items=&#8221;&#8221; style=&#8221;load-more&#8221; items_per_page=&#8221;6&#8243; item=&#8221;2785&#8243; btn_style=&#8221;modern&#8221; btn_color=&#8221;default&#8221; btn_size=&#8221;xs&#8221; grid_id=&#8221;vc_gid:1727939147767-a272bcf3-b20a-10&#8243; taxonomies=&#8221;141&#8243;][\/vc_column][\/vc_row][vc_row][vc_column][vc_column_text][\/vc_column_text][\/vc_column][\/vc_row]<\/p>\n","protected":false},"author":1,"featured_media":0,"parent":0,"menu_order":0,"comment_status":"closed","ping_status":"closed","template":"","meta":{"footnotes":""},"class_list":["post-2985","page","type-page","status-publish","hentry"],"_links":{"self":[{"href":"https:\/\/www.child-identity.org\/fr\/wp-json\/wp\/v2\/pages\/2985","targetHints":{"allow":["GET"]}}],"collection":[{"href":"https:\/\/www.child-identity.org\/fr\/wp-json\/wp\/v2\/pages"}],"about":[{"href":"https:\/\/www.child-identity.org\/fr\/wp-json\/wp\/v2\/types\/page"}],"author":[{"embeddable":true,"href":"https:\/\/www.child-identity.org\/fr\/wp-json\/wp\/v2\/users\/1"}],"replies":[{"embeddable":true,"href":"https:\/\/www.child-identity.org\/fr\/wp-json\/wp\/v2\/comments?post=2985"}],"version-history":[{"count":2,"href":"https:\/\/www.child-identity.org\/fr\/wp-json\/wp\/v2\/pages\/2985\/revisions"}],"predecessor-version":[{"id":10670,"href":"https:\/\/www.child-identity.org\/fr\/wp-json\/wp\/v2\/pages\/2985\/revisions\/10670"}],"wp:attachment":[{"href":"https:\/\/www.child-identity.org\/fr\/wp-json\/wp\/v2\/media?parent=2985"}],"curies":[{"name":"wp","href":"https:\/\/api.w.org\/{rel}","templated":true}]}}