{"id":4323,"date":"2024-04-22T18:29:45","date_gmt":"2024-04-22T18:29:45","guid":{"rendered":"https:\/\/child-identity.org\/annual-report%ef%bd%9cinforme-anual%ef%bd%9crapport-annuel-2022\/"},"modified":"2024-04-24T15:56:03","modified_gmt":"2024-04-24T15:56:03","slug":"annual-report-2022","status":"publish","type":"page","link":"https:\/\/www.child-identity.org\/fr\/annual-report-2022\/","title":{"rendered":"Annual Report\uff5cInforme Anual\uff5cRapport annuel 2022"},"content":{"rendered":"<p>[vc_row][vc_column][vc_single_image image=&#8221;4309&#8243; img_size=&#8221;full&#8221; alignment=&#8221;center&#8221;][vc_column_text]<\/p>\n<h1>Annual Report\uff5cInforme Anual\uff5cRapport annuel 2022<\/h1>\n<p>[\/vc_column_text][vc_row_inner][vc_column_inner width=&#8221;2\/3&#8243;][vc_column_text]<div class='w3eden'><!-- WPDM Link Template: Default Template -->\n\n<div class=\"link-template-default card mb-2\">\n    <div class=\"card-body\">\n        <div class=\"media\">\n            <div class=\"mr-3 img-48\"><img decoding=\"async\" class=\"wpdm_icon\" alt=\"Icon\" src=\"https:\/\/www.child-identity.org\/wp-content\/plugins\/download-manager\/assets\/file-type-icons\/pdf.svg\" \/><\/div>\n            <div class=\"media-body\">\n                <!--h3 class=\"package-title\"><a href='https:\/\/www.child-identity.org\/fr\/download\/annual-report-2022\/'>Annual Report 2022<\/a><\/h3-->\n\t\t\t\t<h3 class=\"package-title\">Annual Report 2022<\/h3>\n                <div class=\"text-muted text-small\"><i class=\"fas fa-copy\"><\/i> 1 file(s) <i class=\"fas fa-hdd ml-3\"><\/i> 754.38 KB<\/div>\n            <\/div>\n            <div class=\"ml-3\">\n                <a class='wpdm-download-link download-on-click btn btn-primary ' rel='nofollow' href='#' data-downloadurl=\"https:\/\/www.child-identity.org\/fr\/download\/annual-report-2022\/?wpdmdl=4315&refresh=69e82ed9b9b601776824025\">Download<\/a>\n            <\/div>\n        <\/div>\n    <\/div>\n<\/div>\n\n<\/div>[\/vc_column_text][\/vc_column_inner][vc_column_inner width=&#8221;1\/3&#8243; css=&#8221;.vc_custom_1713974118532{background-color: #abb8c3 !important;}&#8221;][vc_column_text]<script>(function() {\n\twindow.mc4wp = window.mc4wp || {\n\t\tlisteners: [],\n\t\tforms: {\n\t\t\ton: function(evt, cb) {\n\t\t\t\twindow.mc4wp.listeners.push(\n\t\t\t\t\t{\n\t\t\t\t\t\tevent   : evt,\n\t\t\t\t\t\tcallback: cb\n\t\t\t\t\t}\n\t\t\t\t);\n\t\t\t}\n\t\t}\n\t}\n})();\n<\/script><!-- Mailchimp for WordPress v4.9.13 - https:\/\/wordpress.org\/plugins\/mailchimp-for-wp\/ --><form id=\"mc4wp-form-1\" class=\"mc4wp-form mc4wp-form-6880\" method=\"post\" data-id=\"6880\" data-name=\"Bulletin d&#039;information\" ><div class=\"mc4wp-form-fields\"><h3>Inscription \u00e0 la lettre d'information<\/h3>\n\n\n<p>\n    <label>Pr\u00e9nom *<\/label>\n    <input type=\"text\" name=\"FNAME\" required=\"\">\n<\/p>\n\n\n<p>\n    <label>Nom de famille *<\/label>\n    <input type=\"text\" name=\"LNAME\" required=\"\">\n<\/p>\n\n<p>\n\t<label>Adresse \u00e9lectronique : *<\/label>\n\t\t<input type=\"email\" name=\"EMAIL\" required=\"\">\n\n<\/p>\n\n<p>\n    <label>Organisation<\/label>\n    <input type=\"text\" name=\"MMERGE5\">\n<\/p>\n\n\n<p>\n    <label>Pays\/territoire<\/label>\n    <select name=\"ADDRESS[country]\">\n      <option value=\"\"><\/option>  \n        <option value=\"AF\">Afghanistan<\/option>\n        <option value=\"AX\">Aland (\u00celes)<\/option>\n        <option value=\"AL\">Albanie<\/option>\n        <option value=\"DZ\">Alg\u00e9rie<\/option>\n        <option value=\"AS\">Samoa am\u00e9ricaines<\/option>\n        <option value=\"AD\">Andorre<\/option>\n        <option value=\"AO\">Angola<\/option>\n        <option value=\"AI\">Anguilla<\/option>\n        <option value=\"AQ\">Antarctique<\/option>\n        <option value=\"AG\">Antigua et Barbuda<\/option>\n        <option value=\"AR\">Argentine<\/option>\n        <option value=\"AM\">Arm\u00e9nie<\/option>\n        <option value=\"AW\">Aruba<\/option>\n        <option value=\"AU\">Australie<\/option>\n        <option value=\"AT\">Autriche<\/option>\n        <option value=\"AZ\">Azerba\u00efdjan<\/option>\n        <option value=\"BS\">Bahamas<\/option>\n        <option value=\"BH\">Bahre\u00efn<\/option>\n        <option value=\"BD\">Bangladesh<\/option>\n        <option value=\"BB\">Barbade<\/option>\n        <option value=\"BY\">B\u00e9larus<\/option>\n        <option value=\"BE\">Belgique<\/option>\n        <option value=\"BZ\">Belize<\/option>\n        <option value=\"BJ\">B\u00e9nin<\/option>\n        <option value=\"BM\">Bermudes<\/option>\n        <option value=\"BT\">Bhoutan<\/option>\n        <option value=\"BO\">Bolivie<\/option>\n        <option value=\"BQ\">Bonaire, Saint-Eustache et Saba<\/option>\n        <option value=\"BA\">Bosnie et Herz\u00e9govine<\/option>\n        <option value=\"BW\">Botswana<\/option>\n        <option value=\"BV\">\u00cele Bouvet<\/option>\n        <option value=\"BR\">Br\u00e9sil<\/option>\n        <option value=\"IO\">Territoire britannique de l'oc\u00e9an Indien<\/option>\n        <option value=\"VG\">\u00celes Vierges britanniques<\/option>\n        <option value=\"BN\">Brunei<\/option>\n        <option value=\"BG\">Bulgarie<\/option>\n        <option value=\"BF\">Burkina Faso<\/option>\n        <option value=\"BI\">Burundi<\/option>\n        <option value=\"KH\">Cambodge<\/option>\n        <option value=\"CM\">Cameroun<\/option>\n        <option value=\"CA\">Canada<\/option>\n        <option value=\"CV\">Cap Vert<\/option>\n        <option value=\"KY\">\u00celes Ca\u00efmans<\/option>\n        <option value=\"CF\">R\u00e9publique centrafricaine<\/option>\n        <option value=\"TD\">Tchad<\/option>\n        <option value=\"CL\">Chili<\/option>\n        <option value=\"CN\">Chine<\/option>\n        <option value=\"CX\">L'\u00eele de No\u00ebl<\/option>\n        <option value=\"CC\">\u00celes Cocos<\/option>\n        <option value=\"LE CO\">Colombie<\/option>\n        <option value=\"KM\">Comores<\/option>\n        <option value=\"CK\">\u00celes Cook<\/option>\n        <option value=\"CR\">Costa Rica<\/option>\n        <option value=\"RH\">Croatie<\/option>\n        <option value=\"CU\">Cuba<\/option>\n        <option value=\"CW\">Cura\u00e7ao<\/option>\n        <option value=\"CY\">Chypre<\/option>\n        <option value=\"CZ\">R\u00e9publique tch\u00e8que<\/option>\n        <option value=\"CD\">R\u00e9publique d\u00e9mocratique du Congo<\/option>\n        <option value=\"DK\">Danemark<\/option>\n        <option value=\"DJ\">Djibouti<\/option>\n        <option value=\"DM\">Dominique<\/option>\n        <option value=\"DO\">R\u00e9publique dominicaine<\/option>\n        <option value=\"TL\">Timor oriental<\/option>\n        <option value=\"CE\">\u00c9quateur<\/option>\n        <option value=\"EG\">\u00c9gypte<\/option>\n        <option value=\"SV\">El Salvador<\/option>\n        <option value=\"GQ\">Guin\u00e9e \u00e9quatoriale<\/option>\n        <option value=\"ER\">Erythr\u00e9e<\/option>\n        <option value=\"EE\">Estonie<\/option>\n        <option value=\"ET\">\u00c9thiopie<\/option>\n        <option value=\"FK\">\u00celes Malouines<\/option>\n        <option value=\"FO\">\u00celes F\u00e9ro\u00e9<\/option>\n        <option value=\"FJ\">Fidji<\/option>\n        <option value=\"FI\">Finlande<\/option>\n        <option value=\"FR\">France<\/option>\n        <option value=\"GF\">Guyane fran\u00e7aise<\/option>\n        <option value=\"PF\">Polyn\u00e9sie fran\u00e7aise<\/option>\n        <option value=\"TF\">Les Terres australes fran\u00e7aises<\/option>\n        <option value=\"GA\">Gabon<\/option>\n        <option value=\"GM\">Gambie<\/option>\n        <option value=\"GE\">G\u00e9orgie<\/option>\n        <option value=\"DE\">Allemagne<\/option>\n        <option value=\"GH\">Ghana<\/option>\n        <option value=\"GI\">Gibraltar<\/option>\n        <option value=\"GR\">Gr\u00e8ce<\/option>\n        <option value=\"GL\">Groenland<\/option>\n        <option value=\"GD\">Grenade<\/option>\n        <option value=\"GP\">Guadeloupe<\/option>\n        <option value=\"GU\">Guam<\/option>\n        <option value=\"GT\">Guatemala<\/option>\n        <option value=\"GG\">Guernesey<\/option>\n        <option value=\"GN\">Guin\u00e9e<\/option>\n        <option value=\"GW\">Guin\u00e9e-Bissau<\/option>\n        <option value=\"GY\">Guyane<\/option>\n        <option value=\"HT\">Ha\u00efti<\/option>\n        <option value=\"HM\">\u00cele Heard et \u00eeles McDonald<\/option>\n        <option value=\"HN\">Honduras<\/option>\n        <option value=\"HK\">Hong Kong<\/option>\n        <option value=\"HU\">Hongrie<\/option>\n        <option value=\"IS\">Islande<\/option>\n        <option value=\"IN\">Inde<\/option>\n        <option value=\"ID\">Indon\u00e9sie<\/option>\n        <option value=\"IR\">L'Iran<\/option>\n        <option value=\"QI\">L'Irak<\/option>\n        <option value=\"IE\">Irlande<\/option>\n        <option value=\"IM\">\u00cele de Man<\/option>\n        <option value=\"IL\">Isra\u00ebl<\/option>\n        <option value=\"IT\">Italie<\/option>\n        <option value=\"CI\">C\u00f4te d'Ivoire<\/option>\n        <option value=\"JM\">Jama\u00efque<\/option>\n        <option value=\"JP\">Japon<\/option>\n        <option value=\"JE\">Jersey<\/option>\n        <option value=\"JO\">Jordanie<\/option>\n        <option value=\"KZ\">Kazakhstan<\/option>\n        <option value=\"KE\">Kenya<\/option>\n        <option value=\"KI\">Kiribati<\/option>\n        <option value=\"XK\">Kosovo<\/option>\n        <option value=\"KW\">Kowe\u00eft<\/option>\n        <option value=\"KG\">Kirghizistan<\/option>\n        <option value=\"LA\">Laos<\/option>\n        <option value=\"LV\">Lettonie<\/option>\n        <option value=\"LB\">Liban<\/option>\n        <option value=\"LS\">Lesotho<\/option>\n        <option value=\"LR\">Lib\u00e9ria<\/option>\n        <option value=\"LY\">Libye<\/option>\n        <option value=\"LI\">Liechtenstein<\/option>\n        <option value=\"LT\">Lituanie<\/option>\n        <option value=\"LU\">Luxembourg<\/option>\n        <option value=\"MO\">Macao<\/option>\n        <option value=\"MK\">Mac\u00e9doine<\/option>\n        <option value=\"MG\">Madagascar<\/option>\n        <option value=\"MW\">Malawi<\/option>\n        <option value=\"MON\">Malaisie<\/option>\n        <option value=\"MV\">Maldives<\/option>\n        <option value=\"ML\">Mali<\/option>\n        <option value=\"MT\">Malte<\/option>\n        <option value=\"MH\">\u00celes Marshall<\/option>\n        <option value=\"MQ\">Martinique<\/option>\n        <option value=\"MR\">Mauritanie<\/option>\n        <option value=\"MU\">Maurice<\/option>\n        <option value=\"YT\">Mayotte<\/option>\n        <option value=\"MX\">Mexique<\/option>\n        <option value=\"FM\">Micron\u00e9sie<\/option>\n        <option value=\"MD\">Moldavie<\/option>\n        <option value=\"MC\">Monaco<\/option>\n        <option value=\"MN\">Mongolie<\/option>\n        <option value=\"ME\">Mont\u00e9n\u00e9gro<\/option>\n        <option value=\"MS\">Montserrat<\/option>\n        <option value=\"MA\">Maroc<\/option>\n        <option value=\"MZ\">Mozambique<\/option>\n        <option value=\"MM\">Myanmar<\/option>\n        <option value=\"NA\">Namibie<\/option>\n        <option value=\"NR\">Nauru<\/option>\n        <option value=\"NP\">N\u00e9pal<\/option>\n        <option value=\"NL\">Pays-Bas<\/option>\n        <option value=\"NC\">Nouvelle-Cal\u00e9donie<\/option>\n        <option value=\"NZ\">Nouvelle-Z\u00e9lande<\/option>\n        <option value=\"NI\">Nicaragua<\/option>\n        <option value=\"NE\">Niger<\/option>\n        <option value=\"NG\">Nig\u00e9ria<\/option>\n        <option value=\"NU\">Niue<\/option>\n        <option value=\"NF\">\u00cele Norfolk<\/option>\n        <option value=\"KP\">Cor\u00e9e du Nord<\/option>\n        <option value=\"MP\">Mariannes du Nord (\u00celes)<\/option>\n        <option value=\"NON\">Norv\u00e8ge<\/option>\n        <option value=\"OM\">Oman<\/option>\n        <option value=\"PK\">Le Pakistan<\/option>\n        <option value=\"PW\">Palau<\/option>\n        <option value=\"PS\">Territoire palestinien<\/option>\n        <option value=\"PA\">Panama<\/option>\n        <option value=\"PG\">Papouasie-Nouvelle-Guin\u00e9e<\/option>\n        <option value=\"PY\">Paraguay<\/option>\n        <option value=\"PE\">P\u00e9rou<\/option>\n        <option value=\"PH\">Philippines<\/option>\n        <option value=\"PN\">Pitcairn<\/option>\n        <option value=\"PL\">Pologne<\/option>\n        <option value=\"PT\">Portugal<\/option>\n        <option value=\"PR\">Porto Rico<\/option>\n        <option value=\"QA\">Qatar<\/option>\n        <option value=\"CG\">R\u00e9publique du Congo<\/option>\n        <option value=\"RE\">R\u00e9union<\/option>\n        <option value=\"RO\">Roumanie<\/option>\n        <option value=\"RU\">Russie<\/option>\n        <option value=\"RW\">Rwanda<\/option>\n        <option value=\"BL\">Saint-Barth\u00e9lemy<\/option>\n        <option value=\"SH\">Sainte-H\u00e9l\u00e8ne<\/option>\n        <option value=\"KN\">Saint-Kitts-et-Nevis<\/option>\n        <option value=\"LC\">Sainte-Lucie<\/option>\n        <option value=\"MF\">Saint Martin<\/option>\n        <option value=\"PM\">Saint-Pierre et Miquelon<\/option>\n        <option value=\"VC\">Saint-Vincent-et-les-Grenadines<\/option>\n        <option value=\"WS\">Samoa<\/option>\n        <option value=\"SM\">Saint-Marin<\/option>\n        <option value=\"ST\">Sao Tom\u00e9 et Principe<\/option>\n        <option value=\"SA\">Arabie Saoudite<\/option>\n        <option value=\"SN\">S\u00e9n\u00e9gal<\/option>\n        <option value=\"RS\">Serbie<\/option>\n        <option value=\"SC\">Seychelles<\/option>\n        <option value=\"SL\">Sierra Leone<\/option>\n        <option value=\"SG\">Singapour<\/option>\n        <option value=\"SX\">Saint-Martin<\/option>\n        <option value=\"SK\">Slovaquie<\/option>\n        <option value=\"SI\">Slov\u00e9nie<\/option>\n        <option value=\"SB\">\u00celes Salomon<\/option>\n        <option value=\"SO\">Somalie<\/option>\n        <option value=\"ZA\">Afrique du Sud<\/option>\n        <option value=\"GS\">G\u00e9orgie du Sud et \u00eeles Sandwich du Sud<\/option>\n        <option value=\"KR\">Cor\u00e9e du Sud<\/option>\n        <option value=\"SS\">Sud Soudan<\/option>\n        <option value=\"ES\">Espagne<\/option>\n        <option value=\"LK\">Sri Lanka<\/option>\n        <option value=\"SD\">Soudan<\/option>\n        <option value=\"SR\">Suriname<\/option>\n        <option value=\"SJ\">Svalbard et Jan Mayen<\/option>\n        <option value=\"SZ\">Swaziland<\/option>\n        <option value=\"SE\">Su\u00e8de<\/option>\n        <option value=\"CH\">Suisse<\/option>\n        <option value=\"SY\">Syrie<\/option>\n        <option value=\"TW\">Ta\u00efwan<\/option>\n        <option value=\"TJ\">Tadjikistan<\/option>\n        <option value=\"TZ\">Tanzanie<\/option>\n        <option value=\"TH\">Tha\u00eflande<\/option>\n        <option value=\"TG\">Togo<\/option>\n        <option value=\"TK\">Tokelau<\/option>\n        <option value=\"POUR\">Tonga<\/option>\n        <option value=\"TT\">Trinit\u00e9-et-Tobago<\/option>\n        <option value=\"TN\">Tunisie<\/option>\n        <option value=\"TR\">Turquie<\/option>\n        <option value=\"TM\">Turkm\u00e9nistan<\/option>\n        <option value=\"TC\">\u00celes Turks et Caicos<\/option>\n        <option value=\"TV\">Tuvalu<\/option>\n        <option value=\"VI\">\u00celes Vierges am\u00e9ricaines<\/option>\n        <option value=\"UG\">Ouganda<\/option>\n        <option value=\"UA\">Ukraine<\/option>\n        <option value=\"AE\">\u00c9mirats arabes unis<\/option>\n        <option value=\"GB\">Royaume-Uni<\/option>\n        <option value=\"\u00c9TATS-UNIS\">\u00c9tats-Unis<\/option>\n        <option value=\"UM\">\u00celes mineures \u00e9loign\u00e9es des \u00c9tats-Unis<\/option>\n        <option value=\"UY\">Uruguay<\/option>\n        <option value=\"UZ\">Ouzb\u00e9kistan<\/option>\n        <option value=\"VU\">Vanuatu<\/option>\n        <option value=\"VA\">Vatican<\/option>\n        <option value=\"VE\">Venezuela<\/option>\n        <option value=\"VN\">Vietnam<\/option>\n        <option value=\"WF\">Wallis et Futuna<\/option>\n        <option value=\"EH\">Sahara occidental<\/option>\n        <option value=\"YE\">Y\u00e9men<\/option>\n        <option value=\"ZM\">Zambie<\/option>\n        <option value=\"ZW\">Zimbabwe<\/option>\n    <\/select>\n<\/p>\n\n\n<p>\n    <label>Domaine d'int\u00e9r\u00eat<\/label>\n   <!-- <input type=\"text\" name=\"MMERGE7\">-->\n  <select name=\"MMERGE7\">\n    <option value=\"\"><\/option>    \n    <option value=\"Enl\u00e8vement\">Enl\u00e8vement<\/option>\n    <option value=\"L'adoption\">L'adoption<\/option>\n    <option value=\"Soins alternatifs\">Soins alternatifs<\/option>\n    <option value=\"Conflit arm\u00e9\">Conflit arm\u00e9<\/option>\n    <option value=\"Techniques de procr\u00e9ation assist\u00e9e\">Techniques de procr\u00e9ation assist\u00e9e<\/option>\n    <option value=\"Enregistrement de la naissance\">Enregistrement de la naissance<\/option>\n    <option value=\"Mariage d'enfants\">Mariage d'enfants<\/option>\n    <option value=\"Les enfants en mouvement\">Les enfants en mouvement<\/option>\n    <option value=\"Enfants soldats\">Enfants soldats<\/option>\n    <option value=\"L'\u00e9ducation\">L'\u00e9ducation<\/option>\n    <option value=\"Explosion et trafic\">Explosion et trafic<\/option>\n    <option value=\"Relations familiales\">Relations familiales<\/option>\n    <option value=\"Sant\u00e9\">Sant\u00e9<\/option>\n    <option value=\"Aide humanitaire et conflits\">Aide humanitaire et conflits<\/option>\n    <option value=\"Identit\u00e9 l\u00e9gale\">Identit\u00e9 l\u00e9gale<\/option>\n    <option value=\"Migration\">Migration<\/option>\n    <option value=\"Nationalit\u00e9 et apatridie\">Nationalit\u00e9 et apatridie<\/option>\n    <option value=\"Enfants des rues\">Enfants des rues<\/option>\n    <option value=\"La maternit\u00e9 de substitution\">La maternit\u00e9 de substitution<\/option>\n    <option value=\"Nations Unies\">Nations Unies<\/option>\n  <\/select>\n<\/p>\n\n\n\n<p>\n\t<input type=\"submit\" value=\"S'abonner\">\n<\/p><\/div><label style=\"display: none !important;\">Laissez ce champ vide si vous \u00eates humain\u00a0: <input type=\"text\" name=\"_mc4wp_honeypot\" value=\"\" tabindex=\"-1\" autocomplete=\"off\" \/><\/label><input type=\"hidden\" name=\"_mc4wp_timestamp\" value=\"1776824025\" \/><input type=\"hidden\" name=\"_mc4wp_form_id\" value=\"6880\" \/><input type=\"hidden\" name=\"_mc4wp_form_element_id\" value=\"mc4wp-form-1\" \/><div class=\"mc4wp-response\"><\/div><\/form><!-- \/ Mailchimp for WordPress Plugin -->[\/vc_column_text][\/vc_column_inner][\/vc_row_inner][\/vc_column][\/vc_row]<\/p>\n","protected":false},"excerpt":{"rendered":"<p>[vc_row][vc_column][vc_single_image image=&#8221;4309&#8243; img_size=&#8221;full&#8221; alignment=&#8221;center&#8221;][vc_column_text] Annual Report\uff5cInforme Anual\uff5cRapport annuel 2022 [\/vc_column_text][vc_row_inner][vc_column_inner width=&#8221;2\/3&#8243;][vc_column_text][\/vc_column_text][\/vc_column_inner][vc_column_inner width=&#8221;1\/3&#8243; css=&#8221;.vc_custom_1713974118532{background-color: #abb8c3 !important;}&#8221;][vc_column_text][\/vc_column_text][\/vc_column_inner][\/vc_row_inner][\/vc_column][\/vc_row]<\/p>\n","protected":false},"author":1,"featured_media":0,"parent":0,"menu_order":0,"comment_status":"closed","ping_status":"closed","template":"","meta":{"footnotes":""},"class_list":["post-4323","page","type-page","status-publish","hentry"],"_links":{"self":[{"href":"https:\/\/www.child-identity.org\/fr\/wp-json\/wp\/v2\/pages\/4323","targetHints":{"allow":["GET"]}}],"collection":[{"href":"https:\/\/www.child-identity.org\/fr\/wp-json\/wp\/v2\/pages"}],"about":[{"href":"https:\/\/www.child-identity.org\/fr\/wp-json\/wp\/v2\/types\/page"}],"author":[{"embeddable":true,"href":"https:\/\/www.child-identity.org\/fr\/wp-json\/wp\/v2\/users\/1"}],"replies":[{"embeddable":true,"href":"https:\/\/www.child-identity.org\/fr\/wp-json\/wp\/v2\/comments?post=4323"}],"version-history":[{"count":21,"href":"https:\/\/www.child-identity.org\/fr\/wp-json\/wp\/v2\/pages\/4323\/revisions"}],"predecessor-version":[{"id":4635,"href":"https:\/\/www.child-identity.org\/fr\/wp-json\/wp\/v2\/pages\/4323\/revisions\/4635"}],"wp:attachment":[{"href":"https:\/\/www.child-identity.org\/fr\/wp-json\/wp\/v2\/media?parent=4323"}],"curies":[{"name":"wp","href":"https:\/\/api.w.org\/{rel}","templated":true}]}}