{"id":4391,"date":"2024-04-23T15:02:38","date_gmt":"2024-04-23T15:02:38","guid":{"rendered":"https:\/\/child-identity.org\/?page_id=4391"},"modified":"2024-06-13T06:53:47","modified_gmt":"2024-06-13T06:53:47","slug":"que-dit-le-droit-international","status":"publish","type":"page","link":"https:\/\/www.child-identity.org\/fr\/que-dit-le-droit-international\/","title":{"rendered":"Que dit le droit international?"},"content":{"rendered":"<p>[vc_row full_width=&#8221;stretch_row&#8221; css=&#8221;.vc_custom_1713885426196{background-image: url(https:\/\/child-identity.org\/wp-content\/uploads\/2024\/04\/background_screen_1.png?id=4358) !important;background-position: center !important;background-repeat: no-repeat !important;background-size: cover !important;}&#8221; el_class=&#8221;header-blue&#8221;][vc_column][vc_empty_space height=&#8221;100px&#8221;][vc_column_text]<\/p>\n<h1 class=\"sppb-title-heading\">QUE DIT LE DROIT INTERNATIONAL?<\/h1>\n<p>[\/vc_column_text][vc_empty_space height=&#8221;10px&#8221;][vc_row_inner][vc_column_inner width=&#8221;2\/5&#8243;][vc_column_text]<\/p>\n<h2>Les standards internationaux fournissent des protections claires relatives \u00e0 l\u2019identit\u00e9 de chaque enfant. Plus particuli\u00e8rement, la Convention relative aux droits de l\u2019enfant (CDE) mentionne :<\/h2>\n<p>[\/vc_column_text][\/vc_column_inner][vc_column_inner width=&#8221;3\/5&#8243;][vc_column_text css=&#8221;.vc_custom_1718259318344{margin-top: 50px !important;}&#8221;]<span class=\"castaregular\" style=\"font-size: 18.6px; line-height: 26px; font-weight: 300;\"><em><strong>Article 7<\/strong><br \/>\n1. L\u2019enfant est enregistr\u00e9 aussit\u00f4t apr\u00e8s sa naissance et a d\u00e8s celle-ci le droit \u00e0 un nom, le droit d\u2019acqu\u00e9rir une nationalit\u00e9 et, dans la mesure du possible, le droit de conna\u00eetre ses parents et d\u2019\u00eatre \u00e9lev\u00e9 par eux. [\u2026]<\/em><\/span><\/p>\n<p><span class=\"castaregular\" style=\"font-size: 18.6px; line-height: 26px; font-weight: 300;\"><em><strong>Article 8<br \/>\n<\/strong>1. Les \u00c9tats parties s\u2019engagent \u00e0 respecter le droit de l\u2019enfant de pr\u00e9server son identit\u00e9, y compris sa nationalit\u00e9, son nom et ses relations familiales, tels qu\u2019ils sont reconnus par la loi, sans ing\u00e9rence ill\u00e9gale. <\/em><\/span><\/p>\n<p><span class=\"castaregular\" style=\"font-size: 18.6px; line-height: 26px; font-weight: 300;\"><em>2. Si un enfant est ill\u00e9galement priv\u00e9 des \u00e9l\u00e9ments constitutifs de son identit\u00e9 ou de certains d\u2019entre eux, les \u00c9tats parties doivent lui accorder une assistance et une protection appropri\u00e9es, pour que son identit\u00e9 soit r\u00e9tablie aussi rapidement que possible.<\/em><\/span>[\/vc_column_text][\/vc_column_inner][\/vc_row_inner][vc_empty_space height=&#8221;130px&#8221;][\/vc_column][\/vc_row][vc_row full_width=&#8221;stretch_row&#8221; css=&#8221;.vc_custom_1713886393283{background-image: url(https:\/\/child-identity.org\/wp-content\/uploads\/2024\/04\/Grey-background-2.png?id=4380) !important;background-position: center !important;background-repeat: no-repeat !important;background-size: cover !important;}&#8221;][vc_column][vc_empty_space height=&#8221;30px&#8221;][vc_column_text]<\/p>\n<h1 class=\"sppb-addon-title\"><span class=\"major-color\">RELATIONS FAMILIALES<\/span><\/h1>\n<p>[\/vc_column_text][vc_row_inner][vc_column_inner width=&#8221;1\/2&#8243;][vc_column_text]<\/p>\n<h2 class=\"castaregular\" style=\"line-height: 28px;\"><span style=\"color: #363636;\">Le nom et la nationalit\u00e9 mentionn\u00e9s aux c\u00f4t\u00e9s des relations familiales \u00e0 l&#8217;article 8 de la CDE, expliquent la port\u00e9e de l&#8217; \u00ab identit\u00e9 \u00bb. L&#8217;attention mise sur les \u201crelations familiales\u201d \u00e0 l\u2019art. 8 a \u00e9t\u00e9 propos\u00e9e par l\u2019Argentine en 1985 apr\u00e8s la chute de la dictature, au cours de laquelle des enfants avaient \u00e9t\u00e9 ill\u00e9galement retir\u00e9s \u00e0 leur famille.<\/span><\/h2>\n<p>[\/vc_column_text][\/vc_column_inner][vc_column_inner width=&#8221;1\/2&#8243;][vc_column_text css=&#8221;.vc_custom_1718261624797{margin-top: 25px !important;}&#8221;]<span style=\"font-size: 18.6px; font-weight: 300; color: #363636; line-height: 26px;\">Le terme \u201crelations familiales\u201d d\u00e9montre l\u2019importance pour les enfants de conna\u00eetre leur famille \u00e9largie, au-del\u00e0 de leurs parents biologiques, et plus particuli\u00e8rement leurs origines (\u00ab identit\u00e9 familiale \u00bb). Compl\u00e9tant ces dispositions, l\u2019article 25 de la <a href=\"https:\/\/www.ohchr.org\/fr\/professionalinterest\/pages\/conventionced.aspx\">Convention internationale pour la protection de toutes les personnes contre les disparitions forc\u00e9es<\/a> fournit des garanties lorsque l\u2019identit\u00e9 de l\u2019enfant est incompl\u00e8te ou falsifi\u00e9e. De m\u00eame, lorsque plus d\u2019un \u00c9tat est impliqu\u00e9, les <a href=\"https:\/\/www.hcch.net\/fr\/instruments\/conventions\/\">Conventions de la Conf\u00e9rence de La Haye de droit international priv\u00e9 sur la famille\u00a0<\/a>fournissent des protections en mati\u00e8re d\u2019identit\u00e9. En particulier les Articles 16 et 30 de la <a href=\"https:\/\/www.hcch.net\/fr\/instruments\/conventions\/specialised-sections\/intercountry-adoption\">Convention Adoption de 1993<\/a> exigent que l\u2019information concernant l\u2019identit\u00e9 des parents de l\u2019enfant soit conserv\u00e9e. La communaut\u00e9 internationale a adh\u00e9r\u00e9 aux Objectifs de d\u00e9veloppement durable de l\u2019ONU, plus particuli\u00e8rement \u00e0 l\u2019objectif 16.9 qui exige des \u00c9tats \u201cd\u2019ici \u00e0 2030, [de] garantir \u00e0 tous une identit\u00e9 juridique, notamment gr\u00e2ce \u00e0 l\u2019enregistrement des naissances.\u201d La <a href=\"https:\/\/www.ciec1.org\/\">Commission internationale de l&#8217;\u00e9tat civil<\/a> a \u00e9galement \u00e9labor\u00e9 d&#8217;importantes conventions qui permettent la reconnaissance transfrontali\u00e8re des documents d&#8217;identit\u00e9.<\/span>[\/vc_column_text][\/vc_column_inner][\/vc_row_inner][vc_row_inner][vc_column_inner][vc_empty_space height=&#8221;30px&#8221;][\/vc_column_inner][\/vc_row_inner][\/vc_column][\/vc_row][vc_row full_width=&#8221;stretch_row_content_no_spaces&#8221;][vc_column css=&#8221;.vc_custom_1713886784717{padding-top: 0px !important;}&#8221;][vc_single_image image=&#8221;4392&#8243; img_size=&#8221;full&#8221; alignment=&#8221;center&#8221;][\/vc_column][\/vc_row][vc_row][vc_column][vc_column_text][\/vc_column_text][\/vc_column][\/vc_row]<\/p>\n","protected":false},"excerpt":{"rendered":"<p>[vc_row full_width=&#8221;stretch_row&#8221; css=&#8221;.vc_custom_1713885426196{background-image: url(https:\/\/child-identity.org\/wp-content\/uploads\/2024\/04\/background_screen_1.png?id=4358) !important;background-position: center !important;background-repeat: no-repeat !important;background-size: cover !important;}&#8221; el_class=&#8221;header-blue&#8221;][vc_column][vc_empty_space height=&#8221;100px&#8221;][vc_column_text] QUE DIT LE DROIT INTERNATIONAL? [\/vc_column_text][vc_empty_space height=&#8221;10px&#8221;][vc_row_inner][vc_column_inner width=&#8221;2\/5&#8243;][vc_column_text] Les standards internationaux fournissent des protections claires relatives \u00e0 l\u2019identit\u00e9 de chaque enfant. Plus particuli\u00e8rement, la Convention relative aux&#8230;<\/p>\n","protected":false},"author":1,"featured_media":0,"parent":0,"menu_order":0,"comment_status":"closed","ping_status":"closed","template":"","meta":{"footnotes":""},"class_list":["post-4391","page","type-page","status-publish","hentry"],"_links":{"self":[{"href":"https:\/\/www.child-identity.org\/fr\/wp-json\/wp\/v2\/pages\/4391","targetHints":{"allow":["GET"]}}],"collection":[{"href":"https:\/\/www.child-identity.org\/fr\/wp-json\/wp\/v2\/pages"}],"about":[{"href":"https:\/\/www.child-identity.org\/fr\/wp-json\/wp\/v2\/types\/page"}],"author":[{"embeddable":true,"href":"https:\/\/www.child-identity.org\/fr\/wp-json\/wp\/v2\/users\/1"}],"replies":[{"embeddable":true,"href":"https:\/\/www.child-identity.org\/fr\/wp-json\/wp\/v2\/comments?post=4391"}],"version-history":[{"count":10,"href":"https:\/\/www.child-identity.org\/fr\/wp-json\/wp\/v2\/pages\/4391\/revisions"}],"predecessor-version":[{"id":9017,"href":"https:\/\/www.child-identity.org\/fr\/wp-json\/wp\/v2\/pages\/4391\/revisions\/9017"}],"wp:attachment":[{"href":"https:\/\/www.child-identity.org\/fr\/wp-json\/wp\/v2\/media?parent=4391"}],"curies":[{"name":"wp","href":"https:\/\/api.w.org\/{rel}","templated":true}]}}