{"id":4423,"date":"2024-04-23T16:08:58","date_gmt":"2024-04-23T16:08:58","guid":{"rendered":"https:\/\/child-identity.org\/?page_id=4423"},"modified":"2024-06-13T06:48:09","modified_gmt":"2024-06-13T06:48:09","slug":"que-sont-les-droits-a-lidentite","status":"publish","type":"page","link":"https:\/\/www.child-identity.org\/fr\/que-sont-les-droits-a-lidentite\/","title":{"rendered":"Que sont les droits \u00e0 l\u2019identit\u00e9?"},"content":{"rendered":"<p>[vc_row full_width=&#8221;stretch_row&#8221; css=&#8221;.vc_custom_1713885426196{background-image: url(https:\/\/child-identity.org\/wp-content\/uploads\/2024\/04\/background_screen_1.png?id=4358) !important;background-position: center !important;background-repeat: no-repeat !important;background-size: cover !important;}&#8221; el_class=&#8221;header-blue&#8221;][vc_column][vc_empty_space height=&#8221;100px&#8221;][vc_column_text]<\/p>\n<h1>QUE SONT LES DROITS \u00c0 L&#8217;IDENTIT\u00c9 ?<\/h1>\n<p>[\/vc_column_text][vc_empty_space height=&#8221;10px&#8221;][vc_row_inner][vc_column_inner width=&#8221;1\/2&#8243;][vc_column_text]<\/p>\n<h2>\u201cC\u2019est en enregistrant sa naissance que la soci\u00e9t\u00e9 reconna\u00eet pour la premi\u00e8re fois l\u2019existence et l\u2019identit\u00e9 d\u2019un enfant. Le droit d\u2019\u00eatre reconnu comme une personne par la loi est crucial pour b\u00e9n\u00e9ficier d\u2019une protection tout au long de la vie et constitue une condition pr\u00e9alable \u00e0 l\u2019exercice de tous les autres droits\u201d (UNICEF, 2019)<\/h2>\n<p>[\/vc_column_text][\/vc_column_inner][vc_column_inner width=&#8221;1\/2&#8243;][vc_column_text css=&#8221;.vc_custom_1718260692075{margin-top: 50px !important;}&#8221;]<span style=\"font-size: 18.6px; line-height: 26px; font-weight: 300;\">Les droits \u00e0 l\u2019identit\u00e9 comprennent entre autres, le droit d\u2019\u00eatre enregistr\u00e9 \u00e0 la naissance et d\u2019avoir la preuve de cet enregistrement, tel qu\u2019un acte de naissance. Ils incluent \u00e9galement le droit d\u2019avoir une nationalit\u00e9, un nom et de conna\u00eetre ses relations familiales.<\/span>[\/vc_column_text][\/vc_column_inner][\/vc_row_inner][vc_empty_space height=&#8221;130px&#8221;][\/vc_column][\/vc_row][vc_row full_width=&#8221;stretch_row&#8221; css=&#8221;.vc_custom_1713886393283{background-image: url(https:\/\/child-identity.org\/wp-content\/uploads\/2024\/04\/Grey-background-2.png?id=4380) !important;background-position: center !important;background-repeat: no-repeat !important;background-size: cover !important;}&#8221;][vc_column][vc_empty_space height=&#8221;30px&#8221;][vc_column_text css=&#8221;.vc_custom_1718260720634{margin-top: 0px !important;}&#8221;]<\/p>\n<h1 class=\"major-color\">QUE SIGNIFIE \u00ab RELATIONS FAMILIALES \u00bb ?<\/h1>\n<p>[\/vc_column_text][vc_row_inner][vc_column_inner width=&#8221;1\/2&#8243;][vc_column_text]<\/p>\n<h2 class=\"castaregular\" style=\"font-size: 32px; line-height: 26px; font-weight: 300;\"><span style=\"color: #363636;\">Chaque personne a sa propre histoire familiale \u2013 g\u00e9n\u00e9tique, gestationnelle, sociale et juridique \u2013 qui contribue \u00e0 son identit\u00e9 et a un impact sur sa vie et ses descendants.<\/span><\/h2>\n<p>[\/vc_column_text][\/vc_column_inner][vc_column_inner width=&#8221;1\/2&#8243;][vc_column_text css=&#8221;.vc_custom_1718261286636{margin-top: 40px !important;}&#8221;]<span style=\"font-size: 18.6px; line-height: 26px; font-weight: 300; color: #363636;\">Les relations familiales \u00e9troitement li\u00e9es \u00e0 cette histoire, marqu\u00e9e par la continuit\u00e9 ou la s\u00e9paration, incluent les parents biologiques, les donneurs de gam\u00e8tes, les fr\u00e8res et s\u0153urs, les grands-parents et autres. En d\u2019autres termes, chaque enfant a le droit de conna\u00eetre ses origines.<\/span>[\/vc_column_text][\/vc_column_inner][\/vc_row_inner][vc_row_inner][vc_column_inner][vc_empty_space height=&#8221;70px&#8221;][\/vc_column_inner][\/vc_row_inner][\/vc_column][\/vc_row][vc_row full_width=&#8221;stretch_row_content_no_spaces&#8221;][vc_column css=&#8221;.vc_custom_1713886784717{padding-top: 0px !important;}&#8221;][vc_single_image image=&#8221;4392&#8243; img_size=&#8221;full&#8221; alignment=&#8221;center&#8221;][\/vc_column][\/vc_row][vc_row][vc_column][vc_column_text][\/vc_column_text][\/vc_column][\/vc_row]<\/p>\n","protected":false},"excerpt":{"rendered":"<p>[vc_row full_width=&#8221;stretch_row&#8221; css=&#8221;.vc_custom_1713885426196{background-image: url(https:\/\/child-identity.org\/wp-content\/uploads\/2024\/04\/background_screen_1.png?id=4358) !important;background-position: center !important;background-repeat: no-repeat !important;background-size: cover !important;}&#8221; el_class=&#8221;header-blue&#8221;][vc_column][vc_empty_space height=&#8221;100px&#8221;][vc_column_text] QUE SONT LES DROITS \u00c0 L&#8217;IDENTIT\u00c9 ? [\/vc_column_text][vc_empty_space height=&#8221;10px&#8221;][vc_row_inner][vc_column_inner width=&#8221;1\/2&#8243;][vc_column_text] \u201cC\u2019est en enregistrant sa naissance que la soci\u00e9t\u00e9 reconna\u00eet pour la premi\u00e8re fois l\u2019existence et l\u2019identit\u00e9 d\u2019un&#8230;<\/p>\n","protected":false},"author":1,"featured_media":0,"parent":0,"menu_order":0,"comment_status":"closed","ping_status":"closed","template":"","meta":{"footnotes":""},"class_list":["post-4423","page","type-page","status-publish","hentry"],"_links":{"self":[{"href":"https:\/\/www.child-identity.org\/fr\/wp-json\/wp\/v2\/pages\/4423","targetHints":{"allow":["GET"]}}],"collection":[{"href":"https:\/\/www.child-identity.org\/fr\/wp-json\/wp\/v2\/pages"}],"about":[{"href":"https:\/\/www.child-identity.org\/fr\/wp-json\/wp\/v2\/types\/page"}],"author":[{"embeddable":true,"href":"https:\/\/www.child-identity.org\/fr\/wp-json\/wp\/v2\/users\/1"}],"replies":[{"embeddable":true,"href":"https:\/\/www.child-identity.org\/fr\/wp-json\/wp\/v2\/comments?post=4423"}],"version-history":[{"count":5,"href":"https:\/\/www.child-identity.org\/fr\/wp-json\/wp\/v2\/pages\/4423\/revisions"}],"predecessor-version":[{"id":9008,"href":"https:\/\/www.child-identity.org\/fr\/wp-json\/wp\/v2\/pages\/4423\/revisions\/9008"}],"wp:attachment":[{"href":"https:\/\/www.child-identity.org\/fr\/wp-json\/wp\/v2\/media?parent=4423"}],"curies":[{"name":"wp","href":"https:\/\/api.w.org\/{rel}","templated":true}]}}