{"id":4444,"date":"2024-04-23T17:37:17","date_gmt":"2024-04-23T17:37:17","guid":{"rendered":"https:\/\/child-identity.org\/?page_id=4444"},"modified":"2024-10-02T09:14:40","modified_gmt":"2024-10-02T09:14:40","slug":"quand-les-droits-a-lidentite-ne-sont-ils-pas-respectes","status":"publish","type":"page","link":"https:\/\/www.child-identity.org\/fr\/quand-les-droits-a-lidentite-ne-sont-ils-pas-respectes\/","title":{"rendered":"Quand les droits \u00e0 l\u2019identit\u00e9 ne sont-ils pas respect\u00e9s?"},"content":{"rendered":"<p>[vc_row full_width=&#8221;stretch_row&#8221; css=&#8221;.vc_custom_1713885426196{background-image: url(https:\/\/child-identity.org\/wp-content\/uploads\/2024\/04\/background_screen_1.png?id=4358) !important;background-position: center !important;background-repeat: no-repeat !important;background-size: cover !important;}&#8221; el_class=&#8221;header-blue&#8221;][vc_column][vc_empty_space height=&#8221;100px&#8221;][vc_column_text]<\/p>\n<h1>QUAND LES DROITS \u00c0 L&#8217;IDENTIT\u00c9 NE SONT-ILS PAS RESPECT\u00c9S ?<\/h1>\n<p>[\/vc_column_text][vc_empty_space height=&#8221;10px&#8221;][vc_row_inner][vc_column_inner width=&#8221;1\/2&#8243;][vc_column_text]<\/p>\n<h2>Alors que les standards internationaux fournissent des protections pour la cr\u00e9ation, la modification, la pr\u00e9servation et le r\u00e9tablissement de l\u2019identit\u00e9 d\u2019un enfant, des millions d\u2019enfants sont priv\u00e9s de ce droit fondamental.<\/h2>\n<p>[\/vc_column_text][\/vc_column_inner][vc_column_inner width=&#8221;1\/2&#8243;][vc_column_text css=&#8221;.vc_custom_1718263224501{margin-top: 50px !important;}&#8221;]<span class=\"castaregular\" style=\"font-size: 18.6px; line-height: 26px; font-weight: 300;\">Les enfants sont particuli\u00e8rement expos\u00e9s \u00e0 la violation de ce droit sp\u00e9cifique du fait que les d\u00e9cisions relatives \u00e0 leur identit\u00e9 sont souvent prises en leur nom, impactant tout leur avenir. Ceci est particuli\u00e8rement vrai en ce qui concerne les relations familiales, \u00e9l\u00e9ment constitutif de l&#8217;identit\u00e9.<\/span>[\/vc_column_text][\/vc_column_inner][\/vc_row_inner][vc_empty_space height=&#8221;130px&#8221;][\/vc_column][\/vc_row][vc_row full_width=&#8221;stretch_row&#8221; css=&#8221;.vc_custom_1713886393283{background-image: url(https:\/\/child-identity.org\/wp-content\/uploads\/2024\/04\/Grey-background-2.png?id=4380) !important;background-position: center !important;background-repeat: no-repeat !important;background-size: cover !important;}&#8221;][vc_column][vc_empty_space height=&#8221;30px&#8221;][vc_column_text css=&#8221;.vc_custom_1713895384420{margin-top: 0px !important;}&#8221;]<strong><span style=\"font-size: 18pt; color: #312783;\">Chaque jour, des millions d\u2019enfants :<\/span><\/strong>[\/vc_column_text][vc_row_inner][vc_column_inner width=&#8221;1\/2&#8243;][vc_column_text]<\/p>\n<ul>\n<li><span style=\"font-size: 18pt; color: #1caf8e;\">ne sont pas enregistr\u00e9s \u00e0 la naissance ou ne poss\u00e8dent pas d\u2019actes de naissance :<\/span>\n<ul>\n<li><span style=\"font-size: 14pt;\">Les naissances de 166 millions d\u2019enfants de moins de 5 ans (environ 1 sur 4) n\u2019ont jamais \u00e9t\u00e9 enregistr\u00e9es (UNICEF, 2019)<\/span><\/li>\n<li><span style=\"font-size: 14pt;\">237 millions d\u2019enfants de moins de 5 ans ne d\u00e9tiennent pas de preuve officielle de leur enregistrement, sous forme d\u2019acte de naissance (UNICEF, 2019)<\/span><\/li>\n<\/ul>\n<\/li>\n<\/ul>\n<ul>\n<li><span style=\"font-size: 18pt; color: #1caf8e;\">ont \u00e9t\u00e9 abandonn\u00e9s sans information sur leur p\u00e8re\/m\u00e8re biologique :<\/span>\n<ul>\n<li><span style=\"font-size: 14pt;\">Les bo\u00eetes \u00e0 b\u00e9b\u00e9 permettant les abandons anonymes sont r\u00e9pandues en Europe<\/span><\/li>\n<li><span style=\"font-size: 14pt;\">Plus de 3500 nouveau-n\u00e9s ont \u00e9t\u00e9 abandonn\u00e9s aux \u00c9tats-Unis depuis 1999<\/span><\/li>\n<\/ul>\n<\/li>\n<\/ul>\n<ul>\n<li><span style=\"font-size: 18pt; color: #1caf8e;\">ont \u00e9t\u00e9 confi\u00e9s ind\u00fbment \u00e0 d\u2019autres personnes (prise en charge informelle, famille d\u2019accueil et adoption) :<\/span>\n<ul>\n<li><span style=\"font-size: 14pt;\">Plus d\u2019un million d\u2019enfants ont \u00e9t\u00e9 adopt\u00e9s internationalement, beaucoup avant ou sans respecter la Convention de La Haye de 1993.<\/span><\/li>\n<\/ul>\n<\/li>\n<\/ul>\n<p>[\/vc_column_text][\/vc_column_inner][vc_column_inner width=&#8221;1\/2&#8243;][vc_column_text]<\/p>\n<ul>\n<li><span style=\"font-size: 18pt; color: #1caf8e;\">naissent par recours \u00e0 des dons de gam\u00e8tes anonymes ou \u00e0 des m\u00e8res porteuses sans l\u2019encadrement juridique n\u00e9cessaire :<\/span>\n<ul>\n<li><span style=\"font-size: 14pt;\">\u00c0 ce jour, environ 8 millions d\u2019enfants sont n\u00e9s par recours \u00e0 des dons anonymes de sperme et ovocytes (COE, 2019)<\/span><\/li>\n<\/ul>\n<\/li>\n<\/ul>\n<ul>\n<li><span style=\"font-size: 18pt; color: #1caf8e;\">sont s\u00e9par\u00e9s de leur famille pour cause de migration ou de situations d\u2019urgence<\/span>\n<ul>\n<li><span style=\"font-size: 14pt;\">Le nombre estim\u00e9 de jeunes migrants (\u00e2g\u00e9s de 15 \u00e0 24 ans) s&#8217;\u00e9levait \u00e0 31,7 millions en 2020 dont un certain nombre ne pouvait acc\u00e9der \u00e0 leur droit \u00e0 l&#8217;identit\u00e9 en l&#8217;absence de documents relatifs \u00e0 leur identit\u00e9, voire \u00e0 la non portabilit\u00e9 de ces documents \u00e0 l&#8217;\u00e9tranger. Ces enfants courent ainsi le risque d&#8217;\u00eatre apatrides et s\u00e9par\u00e9s inutilement de leur famille. (Source: Migration Data Portal, 2021)<\/span><\/li>\n<\/ul>\n<\/li>\n<\/ul>\n<p>[\/vc_column_text][\/vc_column_inner][\/vc_row_inner][vc_row_inner][vc_column_inner][vc_empty_space height=&#8221;30px&#8221;][\/vc_column_inner][\/vc_row_inner][\/vc_column][\/vc_row][vc_row full_width=&#8221;stretch_row_content_no_spaces&#8221;][vc_column css=&#8221;.vc_custom_1713886784717{padding-top: 0px !important;}&#8221;][vc_single_image image=&#8221;4392&#8243; img_size=&#8221;full&#8221; alignment=&#8221;center&#8221;][\/vc_column][\/vc_row]<\/p>\n","protected":false},"excerpt":{"rendered":"<p>[vc_row full_width=&#8221;stretch_row&#8221; css=&#8221;.vc_custom_1713885426196{background-image: url(https:\/\/child-identity.org\/wp-content\/uploads\/2024\/04\/background_screen_1.png?id=4358) !important;background-position: center !important;background-repeat: no-repeat !important;background-size: cover !important;}&#8221; el_class=&#8221;header-blue&#8221;][vc_column][vc_empty_space height=&#8221;100px&#8221;][vc_column_text] QUAND LES DROITS \u00c0 L&#8217;IDENTIT\u00c9 NE SONT-ILS PAS RESPECT\u00c9S ? [\/vc_column_text][vc_empty_space height=&#8221;10px&#8221;][vc_row_inner][vc_column_inner width=&#8221;1\/2&#8243;][vc_column_text] Alors que les standards internationaux fournissent des protections pour la cr\u00e9ation, la modification, la&#8230;<\/p>\n","protected":false},"author":1,"featured_media":0,"parent":0,"menu_order":0,"comment_status":"closed","ping_status":"closed","template":"","meta":{"footnotes":""},"class_list":["post-4444","page","type-page","status-publish","hentry"],"_links":{"self":[{"href":"https:\/\/www.child-identity.org\/fr\/wp-json\/wp\/v2\/pages\/4444","targetHints":{"allow":["GET"]}}],"collection":[{"href":"https:\/\/www.child-identity.org\/fr\/wp-json\/wp\/v2\/pages"}],"about":[{"href":"https:\/\/www.child-identity.org\/fr\/wp-json\/wp\/v2\/types\/page"}],"author":[{"embeddable":true,"href":"https:\/\/www.child-identity.org\/fr\/wp-json\/wp\/v2\/users\/1"}],"replies":[{"embeddable":true,"href":"https:\/\/www.child-identity.org\/fr\/wp-json\/wp\/v2\/comments?post=4444"}],"version-history":[{"count":9,"href":"https:\/\/www.child-identity.org\/fr\/wp-json\/wp\/v2\/pages\/4444\/revisions"}],"predecessor-version":[{"id":10281,"href":"https:\/\/www.child-identity.org\/fr\/wp-json\/wp\/v2\/pages\/4444\/revisions\/10281"}],"wp:attachment":[{"href":"https:\/\/www.child-identity.org\/fr\/wp-json\/wp\/v2\/media?parent=4444"}],"curies":[{"name":"wp","href":"https:\/\/api.w.org\/{rel}","templated":true}]}}