{"id":4537,"date":"2024-04-24T05:59:14","date_gmt":"2024-04-24T05:59:14","guid":{"rendered":"https:\/\/child-identity.org\/?page_id=4537"},"modified":"2024-06-13T07:56:42","modified_gmt":"2024-06-13T07:56:42","slug":"quels-sont-les-risques","status":"publish","type":"page","link":"https:\/\/www.child-identity.org\/fr\/quels-sont-les-risques\/","title":{"rendered":"Quels sont les risques?"},"content":{"rendered":"<p>[vc_row full_width=&#8221;stretch_row&#8221; css=&#8221;.vc_custom_1713885426196{background-image: url(https:\/\/child-identity.org\/wp-content\/uploads\/2024\/04\/background_screen_1.png?id=4358) !important;background-position: center !important;background-repeat: no-repeat !important;background-size: cover !important;}&#8221; el_class=&#8221;header-blue&#8221;][vc_column][vc_empty_space height=&#8221;100px&#8221;][vc_column_text]<\/p>\n<h1>QUELS SONT LES RISQUES ?<\/h1>\n<p>[\/vc_column_text][vc_empty_space height=&#8221;10px&#8221;][vc_row_inner][vc_column_inner width=&#8221;1\/2&#8243;][vc_column_text]<\/p>\n<h2>Sans identit\u00e9, les enfants ont des difficult\u00e9s \u00e0 b\u00e9n\u00e9ficier de leurs droits fondamentaux, tels que l\u2019\u00e9ducation, la sant\u00e9, un d\u00e9veloppement harmonieux et l\u2019acc\u00e8s aux services sociaux. Ils courent d&#8217;avantage le risque de faire l\u2019objet de vente ou de trafic.<\/h2>\n<p>[\/vc_column_text][vc_column_text css=&#8221;.vc_custom_1718265340753{margin-top: 50px !important;}&#8221;]<span style=\"font-size: 18.6px; font-weight: 300; line-height: 26px;\">Bien que les \u00c9tats aient l\u2019obligation de fournir une assistance et une protection ad\u00e9quates, notamment le r\u00e9tablissement rapide de l\u2019identit\u00e9 incompl\u00e8te d\u2019un enfant, les efforts fournis sont insuffisants \u00e0 ce jour et m\u00e8nent aux risques suivants :<\/span>[\/vc_column_text][\/vc_column_inner][vc_column_inner width=&#8221;1\/2&#8243;][\/vc_column_inner][\/vc_row_inner][vc_empty_space height=&#8221;130px&#8221;][\/vc_column][\/vc_row][vc_row full_width=&#8221;stretch_row&#8221; css=&#8221;.vc_custom_1713886393283{background-image: url(https:\/\/child-identity.org\/wp-content\/uploads\/2024\/04\/Grey-background-2.png?id=4380) !important;background-position: center !important;background-repeat: no-repeat !important;background-size: cover !important;}&#8221;][vc_column][vc_empty_space height=&#8221;30px&#8221;][vc_row_inner][vc_column_inner width=&#8221;1\/5&#8243;][vc_single_image image=&#8221;4520&#8243;][\/vc_column_inner][vc_column_inner width=&#8221;2\/5&#8243;][vc_column_text]<span style=\"font-size: 24px; font-weight: 400; line-height: 26px; color: #312783;\">JURIDIQUES<\/span>[\/vc_column_text][vc_column_text]<span style=\"font-size: 24px; font-weight: 300; line-height: 26px;\">Les enfants ne peuvent b\u00e9n\u00e9ficier des lois relatives \u00e0 l\u2019aide sociale, ni d\u2019autres lois les concernant, notamment en mati\u00e8re de succession et d\u2019entretien. De plus, la nationalit\u00e9 \u00e9tant souvent li\u00e9e aux liens du sang, l\u2019apatridie est un risque.<\/span>[\/vc_column_text][\/vc_column_inner][vc_column_inner width=&#8221;2\/5&#8243;][vc_empty_space height=&#8221;60px&#8221;][vc_column_text]<span style=\"font-size: 18.6px; font-weight: 300; line-height: 26px;\">Des millions de personnes sont actuellement apatrides, dont environ un tiers sont des enfants (UNHCR).<\/span>[\/vc_column_text][\/vc_column_inner][\/vc_row_inner][vc_empty_space height=&#8221;30px&#8221;][vc_row_inner][vc_column_inner width=&#8221;1\/5&#8243;][vc_single_image image=&#8221;4527&#8243;][\/vc_column_inner][vc_column_inner width=&#8221;2\/5&#8243;][vc_column_text]<span style=\"font-size: 24px; font-weight: 400; line-height: 26px; color: #312783;\">M\u00c9DICAUX<\/span>[\/vc_column_text][vc_column_text]<span style=\"font-size: 24px; font-weight: 300; line-height: 26px;\">Sans histoire m\u00e9dicale familiale, les enfants et les adultes concern\u00e9s disposent d\u2019informations plus limit\u00e9es sur les risques de probl\u00e8mes de sant\u00e9 d&#8217;ordre g\u00e9n\u00e9tique.<\/span>[\/vc_column_text][\/vc_column_inner][vc_column_inner width=&#8221;2\/5&#8243;][vc_empty_space height=&#8221;60px&#8221;][vc_column_text]<span style=\"font-size: 18.6px; font-weight: 300; line-height: 26px;\">La connaissance des ant\u00e9c\u00e9d\u00e9nts familiaux permet parfois de r\u00e9duire de fa\u00e7on significative la mortalit\u00e9 li\u00e9e \u00e0 certaines maladies, comme le cancer. L\u2019Organisation mondiale de la Sant\u00e9 note que \u00ab la d\u00e9tection pr\u00e9coce permet d\u2019am\u00e9liorer les chances de gu\u00e9rison et de survie de cancer du sein et demeure la pierre angulaire de la lutte contre le cancer du sein \u00bb.<\/span>[\/vc_column_text][\/vc_column_inner][\/vc_row_inner][vc_empty_space height=&#8221;30px&#8221;][vc_row_inner][vc_column_inner width=&#8221;1\/5&#8243;][vc_single_image image=&#8221;4530&#8243;][\/vc_column_inner][vc_column_inner width=&#8221;2\/5&#8243;][vc_column_text]<span style=\"font-size: 24px; font-weight: 400; line-height: 26px; color: #312783;\">PSYCHOSOCIAUX<\/span>[\/vc_column_text][vc_column_text]<span style=\"font-size: 24px; font-weight: 300; line-height: 26px;\">Le bien-\u00eatre et le d\u00e9veloppement harmonieux d\u2019un enfant peuvent \u00eatre entrav\u00e9s par le fait de ne pas savoir qui sont ses parents biologiques, qui l\u2019a mis au monde ou encore de ne pas connaitre les autres membres de sa famille, tels que ses fr\u00e8res et s\u0153urs, grands-parents, etc.<\/span>[\/vc_column_text][\/vc_column_inner][vc_column_inner width=&#8221;2\/5&#8243;][vc_empty_space height=&#8221;60px&#8221;][vc_column_text]<span style=\"font-size: 18.6px; font-weight: 300; line-height: 26px;\">Lorsque cette situation a \u00e9t\u00e9 provoqu\u00e9e par des \u00e9l\u00e9ments illicites tels que la vente avant ou apr\u00e8s la naissance, qui font partie de l\u2019identit\u00e9 apparente de l\u2019enfant, celui-ci &#8211; et plus tard l\u2019adulte qu\u2019il va devenir &#8211; peut avoir le sentiment d\u2019avoir \u00e9t\u00e9 r\u00e9duit \u00e0 l\u2019\u00e9tat de marchandise.<\/span>[\/vc_column_text][\/vc_column_inner][\/vc_row_inner][vc_row_inner][vc_column_inner][vc_empty_space height=&#8221;30px&#8221;][\/vc_column_inner][\/vc_row_inner][\/vc_column][\/vc_row][vc_row full_width=&#8221;stretch_row_content_no_spaces&#8221;][vc_column css=&#8221;.vc_custom_1713886784717{padding-top: 0px !important;}&#8221;][vc_single_image image=&#8221;4392&#8243; img_size=&#8221;full&#8221; alignment=&#8221;center&#8221;][\/vc_column][\/vc_row]<\/p>\n","protected":false},"excerpt":{"rendered":"<p>[vc_row full_width=&#8221;stretch_row&#8221; css=&#8221;.vc_custom_1713885426196{background-image: url(https:\/\/child-identity.org\/wp-content\/uploads\/2024\/04\/background_screen_1.png?id=4358) !important;background-position: center !important;background-repeat: no-repeat !important;background-size: cover !important;}&#8221; el_class=&#8221;header-blue&#8221;][vc_column][vc_empty_space height=&#8221;100px&#8221;][vc_column_text] QUELS SONT LES RISQUES ? [\/vc_column_text][vc_empty_space height=&#8221;10px&#8221;][vc_row_inner][vc_column_inner width=&#8221;1\/2&#8243;][vc_column_text] Sans identit\u00e9, les enfants ont des difficult\u00e9s \u00e0 b\u00e9n\u00e9ficier de leurs droits fondamentaux, tels que l\u2019\u00e9ducation, la sant\u00e9, un&#8230;<\/p>\n","protected":false},"author":1,"featured_media":0,"parent":0,"menu_order":0,"comment_status":"closed","ping_status":"closed","template":"","meta":{"footnotes":""},"class_list":["post-4537","page","type-page","status-publish","hentry"],"_links":{"self":[{"href":"https:\/\/www.child-identity.org\/fr\/wp-json\/wp\/v2\/pages\/4537","targetHints":{"allow":["GET"]}}],"collection":[{"href":"https:\/\/www.child-identity.org\/fr\/wp-json\/wp\/v2\/pages"}],"about":[{"href":"https:\/\/www.child-identity.org\/fr\/wp-json\/wp\/v2\/types\/page"}],"author":[{"embeddable":true,"href":"https:\/\/www.child-identity.org\/fr\/wp-json\/wp\/v2\/users\/1"}],"replies":[{"embeddable":true,"href":"https:\/\/www.child-identity.org\/fr\/wp-json\/wp\/v2\/comments?post=4537"}],"version-history":[{"count":5,"href":"https:\/\/www.child-identity.org\/fr\/wp-json\/wp\/v2\/pages\/4537\/revisions"}],"predecessor-version":[{"id":9039,"href":"https:\/\/www.child-identity.org\/fr\/wp-json\/wp\/v2\/pages\/4537\/revisions\/9039"}],"wp:attachment":[{"href":"https:\/\/www.child-identity.org\/fr\/wp-json\/wp\/v2\/media?parent=4537"}],"curies":[{"name":"wp","href":"https:\/\/api.w.org\/{rel}","templated":true}]}}