{"id":4567,"date":"2024-04-24T07:12:25","date_gmt":"2024-04-24T07:12:25","guid":{"rendered":"https:\/\/child-identity.org\/?page_id=4567"},"modified":"2024-06-13T08:30:16","modified_gmt":"2024-06-13T08:30:16","slug":"defis-lies-a-la-mise-en-oeuvre","status":"publish","type":"page","link":"https:\/\/www.child-identity.org\/fr\/defis-lies-a-la-mise-en-oeuvre\/","title":{"rendered":"D\u00e9fis li\u00e9s \u00e0 la mise en \u0153uvre"},"content":{"rendered":"<p>[vc_row full_width=&#8221;stretch_row&#8221; css=&#8221;.vc_custom_1713885426196{background-image: url(https:\/\/child-identity.org\/wp-content\/uploads\/2024\/04\/background_screen_1.png?id=4358) !important;background-position: center !important;background-repeat: no-repeat !important;background-size: cover !important;}&#8221; el_class=&#8221;header-blue&#8221;][vc_column][vc_empty_space height=&#8221;100px&#8221;][vc_column_text]<\/p>\n<h1>D\u00c9FIS LI\u00c9S \u00c0 LA MISE EN \u0152UVRE DES DROITS \u00c0 L&#8217;IDENTIT\u00c9?<\/h1>\n<p>[\/vc_column_text][vc_empty_space height=&#8221;10px&#8221;][vc_row_inner][vc_column_inner width=&#8221;1\/2&#8243;][vc_column_text]<span style=\"font-size: 32px; font-weight: 300; line-height: 26px;\">De nombreux obstacles existent quant \u00e0 la mise en \u0153uvre du droit de l\u2019enfant \u00e0 l\u2019identit\u00e9 juridique. Bien que des syst\u00e8mes d&#8217;enregistrement \u00e0 l&#8217;\u00e9tat civil et de statistiques d\u00e9mographiques (CRVS) soient mis en place pour enregistrer toutes les naissances, leur attention se porte principalement sur le nom de l\u2019enfant, son genre, sa date et son lieu de naissance. Certains de ces syst\u00e8mes peuvent enregistrer des informations (limit\u00e9es) sur la famille d\u2019origine de l\u2019enfant, omettant encore l\u2019int\u00e9gralit\u00e9 de l\u2019information relative aux relations familiales de l\u2019enfant.<\/span>[\/vc_column_text][\/vc_column_inner][vc_column_inner width=&#8221;1\/2&#8243;][\/vc_column_inner][\/vc_row_inner][vc_empty_space height=&#8221;130px&#8221;][\/vc_column][\/vc_row][vc_row full_width=&#8221;stretch_row&#8221; css=&#8221;.vc_custom_1713886393283{background-image: url(https:\/\/child-identity.org\/wp-content\/uploads\/2024\/04\/Grey-background-2.png?id=4380) !important;background-position: center !important;background-repeat: no-repeat !important;background-size: cover !important;}&#8221;][vc_column][vc_empty_space height=&#8221;30px&#8221;][vc_column_text css=&#8221;.vc_custom_1713943171513{margin-top: 0px !important;}&#8221;]<\/p>\n<h1><span style=\"color: #312783;\">D\u00c9FIS SP\u00c9CIFIQUES<\/span><\/h1>\n<p>[\/vc_column_text][vc_row_inner][vc_column_inner width=&#8221;1\/2&#8243;][vc_column_text]<\/p>\n<h2 class=\"castaregular\" style=\"font-size: 32px; font-weight: 300; line-height: 26px; color: #363636;\">De plus, lorsque plusieurs \u00c9tats sont impliqu\u00e9s, des d\u00e9fis juridiques peuvent \u00e9merger au moment d\u2019identifier quel tribunal ou autorit\u00e9 sont comp\u00e9tents pour statuer sur les questions li\u00e9es \u00e0 l\u2019identit\u00e9 et d\u00e9finir la loi applicable.<\/h2>\n<p>[\/vc_column_text][\/vc_column_inner][vc_column_inner width=&#8221;1\/2&#8243;][vc_column_text css=&#8221;.vc_custom_1718267413298{margin-top: 25px !important;}&#8221;]<span style=\"font-size: 18.6px; font-weight: 300; line-height: 26px; color: #363636;\">Les syst\u00e8mes CRVS actuellement en place ne sont pas en mesure de garantir la reconnaissance du statut l\u00e9gal de l\u2019enfant au-del\u00e0 des fronti\u00e8res. Cette situation peut se compliquer encore quand l\u2019information relative aux origines de l\u2019enfant a fait l\u2019objet de pratiques illicites ou n\u2019a pas \u00e9t\u00e9 conserv\u00e9e ind\u00e9finiment, cette information devenant alors part de l\u2019identit\u00e9 de l\u2019enfant telle qu\u2019\u00e9tablie. Les enfants, et plus tard les adultes, d\u00e9clarent avoir le sentiment d\u2019avoir \u00e9t\u00e9 r\u00e9duits \u00e0 l\u2019\u00e9tat de marchandise.<\/span><\/p>\n<p><span style=\"font-size: 18.6px; font-weight: 300; line-height: 26px; color: #363636;\">Dans d&#8217;autres situations, l&#8217;identit\u00e9 originale d&#8217;un enfant peut \u00eatre modifi\u00e9e de mani\u00e8re inappropri\u00e9e, voire illicite. Les informations relatives \u00e0 l&#8217;identit\u00e9 peuvent ne pas \u00eatre conserv\u00e9es et\/ou accessibles. Sans efforts proactifs de la part des \u00c9tats pour pr\u00e9server l&#8217;identit\u00e9 de l&#8217;enfant et r\u00e9tablir les \u00e9l\u00e9ments manquants, ce droit ne peut \u00eatre mis en \u0153uvre.<\/span>[\/vc_column_text][\/vc_column_inner][\/vc_row_inner][vc_row_inner][vc_column_inner][vc_empty_space height=&#8221;70px&#8221;][\/vc_column_inner][\/vc_row_inner][\/vc_column][\/vc_row][vc_row full_width=&#8221;stretch_row_content_no_spaces&#8221;][vc_column css=&#8221;.vc_custom_1713886784717{padding-top: 0px !important;}&#8221;][vc_single_image image=&#8221;4392&#8243; img_size=&#8221;full&#8221; alignment=&#8221;center&#8221;][\/vc_column][\/vc_row][vc_row][vc_column][vc_column_text][\/vc_column_text][\/vc_column][\/vc_row]<\/p>\n","protected":false},"excerpt":{"rendered":"<p>[vc_row full_width=&#8221;stretch_row&#8221; css=&#8221;.vc_custom_1713885426196{background-image: url(https:\/\/child-identity.org\/wp-content\/uploads\/2024\/04\/background_screen_1.png?id=4358) !important;background-position: center !important;background-repeat: no-repeat !important;background-size: cover !important;}&#8221; el_class=&#8221;header-blue&#8221;][vc_column][vc_empty_space height=&#8221;100px&#8221;][vc_column_text] D\u00c9FIS LI\u00c9S \u00c0 LA MISE EN \u0152UVRE DES DROITS \u00c0 L&#8217;IDENTIT\u00c9? [\/vc_column_text][vc_empty_space height=&#8221;10px&#8221;][vc_row_inner][vc_column_inner width=&#8221;1\/2&#8243;][vc_column_text]De nombreux obstacles existent quant \u00e0 la mise en \u0153uvre du droit de l\u2019enfant&#8230;<\/p>\n","protected":false},"author":1,"featured_media":0,"parent":0,"menu_order":0,"comment_status":"closed","ping_status":"closed","template":"","meta":{"footnotes":""},"class_list":["post-4567","page","type-page","status-publish","hentry"],"_links":{"self":[{"href":"https:\/\/www.child-identity.org\/fr\/wp-json\/wp\/v2\/pages\/4567","targetHints":{"allow":["GET"]}}],"collection":[{"href":"https:\/\/www.child-identity.org\/fr\/wp-json\/wp\/v2\/pages"}],"about":[{"href":"https:\/\/www.child-identity.org\/fr\/wp-json\/wp\/v2\/types\/page"}],"author":[{"embeddable":true,"href":"https:\/\/www.child-identity.org\/fr\/wp-json\/wp\/v2\/users\/1"}],"replies":[{"embeddable":true,"href":"https:\/\/www.child-identity.org\/fr\/wp-json\/wp\/v2\/comments?post=4567"}],"version-history":[{"count":4,"href":"https:\/\/www.child-identity.org\/fr\/wp-json\/wp\/v2\/pages\/4567\/revisions"}],"predecessor-version":[{"id":9046,"href":"https:\/\/www.child-identity.org\/fr\/wp-json\/wp\/v2\/pages\/4567\/revisions\/9046"}],"wp:attachment":[{"href":"https:\/\/www.child-identity.org\/fr\/wp-json\/wp\/v2\/media?parent=4567"}],"curies":[{"name":"wp","href":"https:\/\/api.w.org\/{rel}","templated":true}]}}