{"id":4771,"date":"2024-04-24T08:49:06","date_gmt":"2024-04-24T08:49:06","guid":{"rendered":"https:\/\/child-identity.org\/actualites\/"},"modified":"2024-05-02T09:07:34","modified_gmt":"2024-05-02T09:07:34","slug":"actualites","status":"publish","type":"page","link":"https:\/\/www.child-identity.org\/fr\/actualites\/","title":{"rendered":"Actualit\u00e9s"},"content":{"rendered":"<p>[vc_row][vc_column][vc_column_text]<div class=\"pt-cv-wrapper\"><div class=\"cvp-live-filter  cvp-customized cvp-search-box \" id=\"\" data-name=\"_search\" data-sid=\"e877900zx1\" data-isblock=\"\" data-postid=\"\"><label for='sf_1099' class=\"cvp-label\">Search<\/label><input type=\"text\" id=\"sf_1099\" name=\"_search\" value=\"\" data-nosubmit=\"true\" placeholder=\"\"\/><\/div><div class=\"cvp-live-filter  cvp-customized cvp-dropdown \" id=\"\" data-name=\"tx_country\" data-sid=\"e877900zx1\" data-isblock=\"\" data-postid=\"\"><label class=\"cvp-label\">Country\/Region<\/label><select name=\"tx_country\"><option value=\"\">All<\/option><option value=\"afghanistan-fr\" >Afghanistan<span class=\"cvp-count\"> (1)<\/span><\/option><option value=\"afrique\" >Afrique<span class=\"cvp-count\"> (6)<\/span><\/option><option value=\"afrique-du-sud\" >Afrique du Sud<span class=\"cvp-count\"> (2)<\/span><\/option><option value=\"americas-fr\" >Americas<span class=\"cvp-count\"> (3)<\/span><\/option><option value=\"amerique-latine\" >Am\u00e9rique Latine<span class=\"cvp-count\"> (1)<\/span><\/option><option value=\"argentine\" >Argentine<span class=\"cvp-count\"> (1)<\/span><\/option><option value=\"asie\" >Asie<span class=\"cvp-count\"> (3)<\/span><\/option><option value=\"asie-pacifique\" >Asie, Pacifique<span class=\"cvp-count\"> (5)<\/span><\/option><option value=\"australie\" >Australie<span class=\"cvp-count\"> (3)<\/span><\/option><option value=\"belgique\" >Belgique<span class=\"cvp-count\"> (1)<\/span><\/option><option value=\"burkina-faso-fr\" >Burkina Faso<span class=\"cvp-count\"> (1)<\/span><\/option><option value=\"cambodge\" >Cambodge<span class=\"cvp-count\"> (2)<\/span><\/option><option value=\"canada-fr\" >Canada<span class=\"cvp-count\"> (1)<\/span><\/option><option value=\"chili\" >Chili<span class=\"cvp-count\"> (4)<\/span><\/option><option value=\"coree-du-sud\" >Cor\u00e9e du Sud<span class=\"cvp-count\"> (1)<\/span><\/option><option value=\"danemark\" >Danemark<span class=\"cvp-count\"> (1)<\/span><\/option><option value=\"ecosse\" >Ecosse<span class=\"cvp-count\"> (1)<\/span><\/option><option value=\"espagne\" >Espagne<span class=\"cvp-count\"> (6)<\/span><\/option><option value=\"etats-unis\" >\u00c9tats-Unis<span class=\"cvp-count\"> (2)<\/span><\/option><option value=\"europe-fr\" >Europe<span class=\"cvp-count\"> (14)<\/span><\/option><option value=\"european-union-fr\" >European Union<span class=\"cvp-count\"> (1)<\/span><\/option><option value=\"france-fr\" >France<span class=\"cvp-count\"> (6)<\/span><\/option><option value=\"grece\" >Gr\u00e8ce<span class=\"cvp-count\"> (1)<\/span><\/option><option value=\"haiti-fr\" >Ha\u00efti<span class=\"cvp-count\"> (1)<\/span><\/option><option value=\"inde\" >Inde<span class=\"cvp-count\"> (1)<\/span><\/option><option value=\"irlande\" >Irlande<span class=\"cvp-count\"> (6)<\/span><\/option><option value=\"kirghizistan\" >Kirghizistan<span class=\"cvp-count\"> (1)<\/span><\/option><option value=\"malaisie\" >Malaisie<span class=\"cvp-count\"> (1)<\/span><\/option><option value=\"monde\" >Monde<span class=\"cvp-count\"> (75)<\/span><\/option><option value=\"mozambique-fr\" >Mozambique<span class=\"cvp-count\"> (1)<\/span><\/option><option value=\"nepal-fr\" >N\u00e9pal<span class=\"cvp-count\"> (1)<\/span><\/option><option value=\"paraguay-fr\" >Paraguay<span class=\"cvp-count\"> (1)<\/span><\/option><option value=\"pays-bas\" >Pays-Bas<span class=\"cvp-count\"> (3)<\/span><\/option><option value=\"philippines-fr\" >Philippines<span class=\"cvp-count\"> (2)<\/span><\/option><option value=\"quebec-canada-fr\" >Qu\u00e9bec (Canada)<span class=\"cvp-count\"> (1)<\/span><\/option><option value=\"royaume-uni\" >Royaume-Uni<span class=\"cvp-count\"> (4)<\/span><\/option><option value=\"sahel-fr\" >Sahel<span class=\"cvp-count\"> (1)<\/span><\/option><option value=\"suisse\" >Suisse<span class=\"cvp-count\"> (3)<\/span><\/option><option value=\"syrie\" >Syrie<span class=\"cvp-count\"> (2)<\/span><\/option><option value=\"syrie-nord-est\" >Syrie Nord-Est<span class=\"cvp-count\"> (1)<\/span><\/option><option value=\"ukraine-fr\" >Ukraine<span class=\"cvp-count\"> (3)<\/span><\/option><\/select><\/div><div class=\"cvp-live-filter  cvp-customized cvp-button \" id=\"\" data-name=\"tx_years\" data-sid=\"e877900zx1\" data-isblock=\"\" data-postid=\"\"><label class=\"cvp-label\">Years<\/label><div class=\"btn\"><label><input type=\"radio\" name=\"tx_years\" value=\"\" checked\/><div>All<\/div><\/label><\/div><div class=\"btn\"><label><input type=\"radio\" name=\"tx_years\" value=\"2020-fr\" \/><div>2020<\/div><\/label><\/div><div class=\"btn\"><label><input type=\"radio\" name=\"tx_years\" value=\"2021-fr\" \/><div>2021<\/div><\/label><\/div><div class=\"btn\"><label><input type=\"radio\" name=\"tx_years\" value=\"2022-fr\" \/><div>2022<\/div><\/label><\/div><div class=\"btn\"><label><input type=\"radio\" name=\"tx_years\" value=\"2023-fr\" \/><div>2023<\/div><\/label><\/div><div class=\"btn\"><label><input type=\"radio\" name=\"tx_years\" value=\"2024-fr\" \/><div>2024<\/div><\/label><\/div><div class=\"btn\"><label><input type=\"radio\" name=\"tx_years\" value=\"2025-fr\" \/><div>2025<\/div><\/label><\/div><div class=\"btn\"><label><input type=\"radio\" name=\"tx_years\" value=\"2026-fr\" \/><div>2026<\/div><\/label><\/div><\/div><div class=\"cvp-live-filter  cvp-customized cvp-dropdown \" id=\"\" data-name=\"_orderby\" data-sid=\"e877900zx1\" data-isblock=\"\" data-postid=\"\"><label class=\"cvp-label\">Sort by<\/label><select name=\"_orderby\"><option value=\"\">Default<\/option><option value=\"date,desc\" >Date (Newest)<\/option><option value=\"date\" >Date (Oldest)<\/option><\/select><\/div><div class=\"pt-cv-view pt-cv-overlaygrid iscvblock iscvhybrid pt-cv-clickable overlay8 layout2 cveffect-zoomin pt-cv-pgregular cvp-lfres\" id=\"pt-cv-view-e877900zx1\"><div data-id=\"pt-cv-page-1\" class=\"pt-cv-page\" data-cvc=\"2\"><div class=\" pt-cv-content-item pt-cv-1-col cv-main-post\"  data-pid=\"13918\"><div class=\"pt-cv-thumb-wrapper  \"><a href=\"https:\/\/www.child-identity.org\/fr\/march-2026-global-unhcr-and-un-women-publish-updated-background-note-on-gender-equality-in-nationality-laws\/\" class=\"_self pt-cv-href-thumbnail pt-cv-thumb-default\" target=\"_self\" ><img loading=\"lazy\" decoding=\"async\" width=\"768\" height=\"360\" src=\"data:image\/svg+xml,%3Csvg%20xmlns%3D%27http:\/\/www.w3.org\/2000\/svg%27%20viewBox%3D%270%200%203%202%27%3E%3C\/svg%3E\" class=\"pt-cv-thumbnail img-rounded gt-lazy-load\" alt=\"\" data-src=\"https:\/\/www.child-identity.org\/wp-content\/uploads\/2024\/12\/children-without-home-war-768x360.jpg\" data-srcset=\"\" \/><\/a><\/div>\n<div class=\"pt-cv-overlay-wrapper\"><div class=\"pt-cv-meta-fields\"><span class=\"entry-date\"> <time datetime=\"2026-03-16T11:55:33+00:00\">mars 2026<\/time><\/span><span> \/ <\/span><span class=\"terms\"> <a href='https:\/\/www.child-identity.org\/fr\/country\/monde\/' title='Monde' class='pt-cv-tax-monde'>Monde<\/a><\/span><\/div><h4 class=\"pt-cv-title\"><a href=\"https:\/\/www.child-identity.org\/fr\/march-2026-global-unhcr-and-un-women-publish-updated-background-note-on-gender-equality-in-nationality-laws\/\" class=\"_self\" target=\"_self\" >Mars 2026, Monde : Le HCR et ONU Femmes publient une note d\u2019information mise \u00e0 jour sur l\u2019\u00e9galit\u00e9 des sexes dans les lois en mati\u00e8re de nationalit\u00e9<\/a><\/h4><\/div><\/div>\n<div class=\" pt-cv-content-item pt-cv-1-col\"  data-pid=\"13910\"><div class=\"pt-cv-thumb-wrapper  miniwrap\"><a href=\"https:\/\/www.child-identity.org\/fr\/february-2026-world-world-bank-publishes-guidance-on-building-statelessness-sensitive-id-systems\/\" class=\"_self pt-cv-href-thumbnail pt-cv-thumb-default\" target=\"_self\" ><img loading=\"lazy\" decoding=\"async\" width=\"768\" height=\"432\" src=\"data:image\/svg+xml,%3Csvg%20xmlns%3D%27http:\/\/www.w3.org\/2000\/svg%27%20viewBox%3D%270%200%203%202%27%3E%3C\/svg%3E\" class=\"pt-cv-thumbnail img-rounded pt-cv-thumbnailsm gt-lazy-load\" alt=\"\" data-src=\"https:\/\/www.child-identity.org\/wp-content\/uploads\/2025\/06\/digital-birth-registration-768x432.jpg\" data-srcset=\"\" \/><\/a><\/div>\n<div class=\"pt-cv-overlay-wrapper\"><div class=\"pt-cv-meta-fields\"><span class=\"entry-date\"> <time datetime=\"2026-03-16T11:48:30+00:00\">mars 2026<\/time><\/span><span> \/ <\/span><span class=\"terms\"> <a href='https:\/\/www.child-identity.org\/fr\/country\/monde\/' title='Monde' class='pt-cv-tax-monde'>Monde<\/a><\/span><\/div><h4 class=\"pt-cv-title pt-cv-titlesm\"><a href=\"https:\/\/www.child-identity.org\/fr\/february-2026-world-world-bank-publishes-guidance-on-building-statelessness-sensitive-id-systems\/\" class=\"_self\" target=\"_self\" >F\u00e9vrier 2026, Monde : la Banque mondiale publie des recommandations sur la mise en place de syst\u00e8mes d&#8217;identification tenant compte de l&#8217;apatridie<\/a><\/h4><\/div><\/div>\n<div class=\" pt-cv-content-item pt-cv-1-col\"  data-pid=\"13901\"><div class=\"pt-cv-thumb-wrapper  miniwrap\"><a href=\"https:\/\/www.child-identity.org\/fr\/february-2026-europe-council-of-europe-publishes-compendium-on-access-to-nationality-for-stateless-children\/\" class=\"_self pt-cv-href-thumbnail pt-cv-thumb-default\" target=\"_self\" ><img loading=\"lazy\" decoding=\"async\" width=\"768\" height=\"508\" src=\"data:image\/svg+xml,%3Csvg%20xmlns%3D%27http:\/\/www.w3.org\/2000\/svg%27%20viewBox%3D%270%200%203%202%27%3E%3C\/svg%3E\" class=\"pt-cv-thumbnail img-rounded pt-cv-thumbnailsm gt-lazy-load\" alt=\"\" data-src=\"https:\/\/www.child-identity.org\/wp-content\/uploads\/2024\/05\/people-3935983_1920-refugee-girls-768x508.jpg\" data-srcset=\"\" \/><\/a><\/div>\n<div class=\"pt-cv-overlay-wrapper\"><div class=\"pt-cv-meta-fields\"><span class=\"entry-date\"> <time datetime=\"2026-03-16T11:01:34+00:00\">mars 2026<\/time><\/span><span> \/ <\/span><span class=\"terms\"> <a href='https:\/\/www.child-identity.org\/fr\/country\/europe-fr\/' title='Europe' class='pt-cv-tax-europe-fr'>Europe<\/a><\/span><\/div><h4 class=\"pt-cv-title pt-cv-titlesm\"><a href=\"https:\/\/www.child-identity.org\/fr\/february-2026-europe-council-of-europe-publishes-compendium-on-access-to-nationality-for-stateless-children\/\" class=\"_self\" target=\"_self\" >F\u00e9vrier 2026, Europe : le Conseil de l&#8217;Europe publie un recueil sur l&#8217;acc\u00e8s \u00e0 la nationalit\u00e9 pour les enfants apatrides<\/a><\/h4><\/div><\/div>\n<div class=\" pt-cv-content-item pt-cv-1-col\"  data-pid=\"13137\"><div class=\"pt-cv-thumb-wrapper  miniwrap\"><a href=\"https:\/\/www.child-identity.org\/fr\/october-2025-chile-the-countrys-new-and-innovative-adoption-legislation-at-the-heart-of-an-event-on-child-identity-and-participation\/\" class=\"_self pt-cv-href-thumbnail pt-cv-thumb-default\" target=\"_self\" ><img loading=\"lazy\" decoding=\"async\" width=\"768\" height=\"360\" src=\"data:image\/svg+xml,%3Csvg%20xmlns%3D%27http:\/\/www.w3.org\/2000\/svg%27%20viewBox%3D%270%200%203%202%27%3E%3C\/svg%3E\" class=\"pt-cv-thumbnail img-rounded pt-cv-thumbnailsm gt-lazy-load\" alt=\"\" data-src=\"https:\/\/www.child-identity.org\/wp-content\/uploads\/2025\/03\/adoption-chile-768x360.jpg\" data-srcset=\"\" \/><\/a><\/div>\n<div class=\"pt-cv-overlay-wrapper\"><div class=\"pt-cv-meta-fields\"><span class=\"entry-date\"> <time datetime=\"2025-10-27T07:11:16+00:00\">octobre 2025<\/time><\/span><span> \/ <\/span><span class=\"terms\"> <a href='https:\/\/www.child-identity.org\/fr\/country\/americas-fr\/' title='Americas' class='pt-cv-tax-americas-fr'>Americas<\/a>, <a href='https:\/\/www.child-identity.org\/fr\/country\/chili\/' title='Chili' class='pt-cv-tax-chili'>Chili<\/a><\/span><\/div><h4 class=\"pt-cv-title pt-cv-titlesm\"><a href=\"https:\/\/www.child-identity.org\/fr\/october-2025-chile-the-countrys-new-and-innovative-adoption-legislation-at-the-heart-of-an-event-on-child-identity-and-participation\/\" class=\"_self\" target=\"_self\" >Octobre 2025, Chili : la nouvelle et innovante l\u00e9gislation du pays en mati\u00e8re d&#8217;adoption au c\u0153ur d&#8217;un \u00e9v\u00e9nement sur l&#8217;identit\u00e9 et la participation des enfants<\/a><\/h4><\/div><\/div>\n<div class=\" pt-cv-content-item pt-cv-1-col\"  data-pid=\"13051\"><div class=\"pt-cv-thumb-wrapper  miniwrap\"><a href=\"https:\/\/www.child-identity.org\/fr\/october-2025-americas-publication-of-a-compendium-of-decisions-on-childrens-rights-by-the-inter-american-court-of-human-rights\/\" class=\"_self pt-cv-href-thumbnail pt-cv-thumb-default\" target=\"_self\" ><img loading=\"lazy\" decoding=\"async\" width=\"768\" height=\"576\" src=\"data:image\/svg+xml,%3Csvg%20xmlns%3D%27http:\/\/www.w3.org\/2000\/svg%27%20viewBox%3D%270%200%203%202%27%3E%3C\/svg%3E\" class=\"pt-cv-thumbnail img-rounded pt-cv-thumbnailsm gt-lazy-load\" alt=\"\" data-src=\"https:\/\/www.child-identity.org\/wp-content\/uploads\/2024\/05\/chile-child-1-768x576.jpg\" data-srcset=\"\" \/><\/a><\/div>\n<div class=\"pt-cv-overlay-wrapper\"><div class=\"pt-cv-meta-fields\"><span class=\"entry-date\"> <time datetime=\"2025-10-03T14:07:55+00:00\">octobre 2025<\/time><\/span><span> \/ <\/span><span class=\"terms\"> <a href='https:\/\/www.child-identity.org\/fr\/country\/americas-fr\/' title='Americas' class='pt-cv-tax-americas-fr'>Americas<\/a><\/span><\/div><h4 class=\"pt-cv-title pt-cv-titlesm\"><a href=\"https:\/\/www.child-identity.org\/fr\/october-2025-americas-publication-of-a-compendium-of-decisions-on-childrens-rights-by-the-inter-american-court-of-human-rights\/\" class=\"_self\" target=\"_self\" >Octobre 2025, Am\u00e9riques : publication d&#8217;un recueil sur les d\u00e9cisions relatives aux droits de l&#8217;enfant rendues par la Cour interam\u00e9ricaine des droits de l&#8217;homme<\/a><\/h4><\/div><\/div>\n<div class=\" pt-cv-content-item pt-cv-1-col cv-main-post\"  data-pid=\"13044\"><div class=\"pt-cv-thumb-wrapper  \"><a href=\"https:\/\/www.child-identity.org\/fr\/september-2025-africa-and-asia-dissemination-of-various-guides-to-improve-civil-registration-and-vital-statistics-systems\/\" class=\"_self pt-cv-href-thumbnail pt-cv-thumb-default\" target=\"_self\" ><img loading=\"lazy\" decoding=\"async\" width=\"768\" height=\"512\" src=\"data:image\/svg+xml,%3Csvg%20xmlns%3D%27http:\/\/www.w3.org\/2000\/svg%27%20viewBox%3D%270%200%203%202%27%3E%3C\/svg%3E\" class=\"pt-cv-thumbnail img-rounded gt-lazy-load\" alt=\"\" data-src=\"https:\/\/www.child-identity.org\/wp-content\/uploads\/2024\/05\/newborn-baby-g0aa33a922_19202-768x512.jpg\" data-srcset=\"\" \/><\/a><\/div>\n<div class=\"pt-cv-overlay-wrapper\"><div class=\"pt-cv-meta-fields\"><span class=\"entry-date\"> <time datetime=\"2025-10-03T14:01:36+00:00\">octobre 2025<\/time><\/span><span> \/ <\/span><span class=\"terms\"> <a href='https:\/\/www.child-identity.org\/fr\/country\/afrique\/' title='Afrique' class='pt-cv-tax-afrique'>Afrique<\/a>, <a href='https:\/\/www.child-identity.org\/fr\/country\/asie\/' title='Asie' class='pt-cv-tax-asie'>Asie<\/a><\/span><\/div><h4 class=\"pt-cv-title\"><a href=\"https:\/\/www.child-identity.org\/fr\/september-2025-africa-and-asia-dissemination-of-various-guides-to-improve-civil-registration-and-vital-statistics-systems\/\" class=\"_self\" target=\"_self\" >Septembre 2025, Afrique et Asie: diffusion de divers guides visant \u00e0 am\u00e9liorer les syst\u00e8mes d&#8217;enregsitrement des faits d\u2019\u00e9tat civil et d\u2019\u00e9tablissment des statistiques de l\u2019\u00e9tat civil<\/a><\/h4><\/div><\/div><\/div><\/div>\n<div class=\"text-center circle-button pt-cv-pagination-wrapper\"><ul class=\"pt-cv-pagination pt-cv-ajax pagination\" data-totalpages=\"31\" data-currentpage=\"1\" data-sid=\"e877900zx1\" data-unid=\"\" data-isblock=\"\" data-postid=\"\"><li class=\"active\"><a href=\"#\">1<\/a><\/li>\n\t<li ><a class=\"\" href=\"https:\/\/www.child-identity.org\/fr\/wp-json\/wp\/v2\/pages\/4771\/?_page=2\">2<\/a><\/li>\n\t<li ><a class=\"\" href=\"https:\/\/www.child-identity.org\/fr\/wp-json\/wp\/v2\/pages\/4771\/?_page=3\">3<\/a><\/li>\n\t<li ><a href=\"#\">\u2026<\/a><\/li>\n\t<li ><a class=\"\" href=\"https:\/\/www.child-identity.org\/fr\/wp-json\/wp\/v2\/pages\/4771\/?_page=31\">31<\/a><\/li>\n\t<li ><a class=\" \" href=\"https:\/\/www.child-identity.org\/fr\/wp-json\/wp\/v2\/pages\/4771\/?_page=2\">&rsaquo;<\/a><\/li>\n\t<\/ul><img loading=\"lazy\" decoding=\"async\" width=\"15\" height=\"15\" class=\"pt-cv-spinner\" alt=\"Chargement\u2026\" src=\"data:image\/gif;base64,R0lGODlhDwAPALMPAMrKygwMDJOTkz09PZWVla+vr3p6euTk5M7OzuXl5TMzMwAAAJmZmWZmZszMzP\/\/\/yH\/C05FVFNDQVBFMi4wAwEAAAAh+QQFCgAPACwAAAAADwAPAAAEQvDJaZaZOIcV8iQK8VRX4iTYoAwZ4iCYoAjZ4RxejhVNoT+mRGP4cyF4Pp0N98sBGIBMEMOotl6YZ3S61Bmbkm4mAgAh+QQFCgAPACwAAAAADQANAAAENPDJSRSZeA418itN8QiK8BiLITVsFiyBBIoYqnoewAD4xPw9iY4XLGYSjkQR4UAUD45DLwIAIfkEBQoADwAsAAAAAA8ACQAABC\/wyVlamTi3nSdgwFNdhEJgTJoNyoB9ISYoQmdjiZPcj7EYCAeCF1gEDo4Dz2eIAAAh+QQFCgAPACwCAAAADQANAAAEM\/DJBxiYeLKdX3IJZT1FU0iIg2RNKx3OkZVnZ98ToRD4MyiDnkAh6BkNC0MvsAj0kMpHBAAh+QQFCgAPACwGAAAACQAPAAAEMDC59KpFDll73HkAA2wVY5KgiK5b0RRoI6MuzG6EQqCDMlSGheEhUAgqgUUAFRySIgAh+QQFCgAPACwCAAIADQANAAAEM\/DJKZNLND\/kkKaHc3xk+QAMYDKsiaqmZCxGVjSFFCxB1vwy2oOgIDxuucxAMTAJFAJNBAAh+QQFCgAPACwAAAYADwAJAAAEMNAs86q1yaWwwv2Ig0jUZx3OYa4XoRAfwADXoAwfo1+CIjyFRuEho60aSNYlOPxEAAAh+QQFCgAPACwAAAIADQANAAAENPA9s4y8+IUVcqaWJ4qEQozSoAzoIyhCK2NFU2SJk0hNnyEOhKR2AzAAj4Pj4GE4W0bkJQIAOw==\" \/><div class=\"clear pt-cv-clear-pagination\"><\/div><\/div><\/div>\t\t\t<style type=\"text\/css\" id=\"pt-cv-inline-style-c8817c04lr\">#pt-cv-view-e877900zx1 .pt-cv-thumb-wrapper::before {background: rgba(0,0,0,.4); opacity: 0.8}#pt-cv-view-e877900zx1 .pt-cv-overlay-wrapper {justify-content: flex-start;}\n#pt-cv-view-e877900zx1 > .pt-cv-page {grid-auto-rows: 250px;grid-gap: 15px;}\n@media all and (max-width: 1024px) { \n#pt-cv-view-e877900zx1 > .pt-cv-page {}\n} \n@media all and (max-width: 767px) { \n#pt-cv-view-e877900zx1 > .pt-cv-page {}\n} <\/style>\r\n\t\t\t\t\t\t<style type=\"text\/css\" id=\"pt-cv-inline-style-0629232i1e\">#pt-cv-view-e877900zx1 .pt-cv-title a, #pt-cv-view-e877900zx1  .panel-title { color: #ffffff !important; font-weight: 600 !important; }\n#pt-cv-view-e877900zx1  .pt-cv-hover-wrapper::before   { background-color: rgba(0,0,0,.3) !important; }\n#pt-cv-view-e877900zx1  .pt-cv-content-item:hover .pt-cv-hover-wrapper::before   { background-color: rgba(51,51,51,.6) !important; }\n#pt-cv-view-e877900zx1:not(.pt-cv-nohover) .pt-cv-mask *   { color: #fff; }\n#pt-cv-view-e877900zx1 .pt-cv-meta-fields * { color: #b0eee0 !important; font-weight: 600 !important; }\n#pt-cv-view-e877900zx1 .pt-cv-readmore  { color: #ffffff !important; background-color: #1caf8e !important; }\n#pt-cv-view-e877900zx1 .pt-cv-readmore:hover  { color: #ffffff !important; background-color: #000000 !important; }\n#pt-cv-view-e877900zx1  + .pt-cv-pagination-wrapper .pt-cv-more , #pt-cv-view-e877900zx1  + .pt-cv-pagination-wrapper .pagination .active a, .pt-cv-pagination[data-sid='e877900zx1'] .active a { color: #ffffff !important; background-color: #1caf8e !important; }\n \r\n                                    .cvp-live-filter[data-sid='e877900zx1'].cvp-customized input:hover,\r\n                                    .cvp-live-filter[data-sid='e877900zx1'].cvp-customized input:focus,\r\n                                    .cvp-live-filter[data-sid='e877900zx1'].cvp-customized select:hover,\r\n                                    .cvp-live-filter[data-sid='e877900zx1'].cvp-customized select:focus,\r\n                                    .cvp-live-filter[data-sid='e877900zx1'].cvp-customized input~div:hover,\r\n                                    .cvp-live-filter[data-sid='e877900zx1'].cvp-customized input~div:focus {border-color: #312783; box-shadow: 0 0 0 1px #312783 !important;}\r\n                                    .cvp-live-filter[data-sid='e877900zx1'].cvp-customized input[type='checkbox']:checked {background-color: #312783;}\r\n                                    .cvp-live-filter[data-sid='e877900zx1'].cvp-customized input[type='radio']:checked {border-color: #312783;}\r\n                                    .cvp-live-filter[data-sid='e877900zx1'].cvp-customized input[type='radio']:checked::before {border-color: #312783; background: #312783;}\r\n                                    \n.cvp-live-filter[data-sid='e877900zx1'] input[type=radio]:checked~div   { background-color: #312783 !important; }\n.cvp-live-submit   { color: #ffffff !important; background-color: #312783 !important; }\n.cvp-live-reset   { background-color: #020000 !important; }\n#pt-cv-view-e877900zx1 .img-rounded, #pt-cv-view-e877900zx1 .pt-cv-hover-wrapper { -webkit-border-radius: 5px !important; -moz-border-radius: 5px !important; border-radius: 5px !important; }\n#pt-cv-view-e877900zx1 .pt-cv-cap-w-img { border-bottom-left-radius: 5px !important; border-bottom-right-radius: 5px !important; }<\/style>\r\n\t\t\t[\/vc_column_text][\/vc_column][\/vc_row]<\/p>\n","protected":false},"excerpt":{"rendered":"<p>[vc_row][vc_column][vc_column_text][\/vc_column_text][\/vc_column][\/vc_row]<\/p>\n","protected":false},"author":1,"featured_media":0,"parent":0,"menu_order":0,"comment_status":"closed","ping_status":"closed","template":"","meta":{"footnotes":""},"class_list":["post-4771","page","type-page","status-publish","hentry"],"_links":{"self":[{"href":"https:\/\/www.child-identity.org\/fr\/wp-json\/wp\/v2\/pages\/4771","targetHints":{"allow":["GET"]}}],"collection":[{"href":"https:\/\/www.child-identity.org\/fr\/wp-json\/wp\/v2\/pages"}],"about":[{"href":"https:\/\/www.child-identity.org\/fr\/wp-json\/wp\/v2\/types\/page"}],"author":[{"embeddable":true,"href":"https:\/\/www.child-identity.org\/fr\/wp-json\/wp\/v2\/users\/1"}],"replies":[{"embeddable":true,"href":"https:\/\/www.child-identity.org\/fr\/wp-json\/wp\/v2\/comments?post=4771"}],"version-history":[{"count":2,"href":"https:\/\/www.child-identity.org\/fr\/wp-json\/wp\/v2\/pages\/4771\/revisions"}],"predecessor-version":[{"id":6708,"href":"https:\/\/www.child-identity.org\/fr\/wp-json\/wp\/v2\/pages\/4771\/revisions\/6708"}],"wp:attachment":[{"href":"https:\/\/www.child-identity.org\/fr\/wp-json\/wp\/v2\/media?parent=4771"}],"curies":[{"name":"wp","href":"https:\/\/api.w.org\/{rel}","templated":true}]}}