{"id":6572,"date":"2024-04-29T06:28:06","date_gmt":"2024-04-29T06:28:06","guid":{"rendered":"https:\/\/child-identity.org\/?page_id=6572"},"modified":"2024-06-13T09:32:13","modified_gmt":"2024-06-13T09:32:13","slug":"ce-que-nous-faisons","status":"publish","type":"page","link":"https:\/\/www.child-identity.org\/fr\/ce-que-nous-faisons\/","title":{"rendered":"Ce que nous faisons"},"content":{"rendered":"<p>[vc_row full_width=&#8221;stretch_row&#8221; css=&#8221;.vc_custom_1714372295103{background-image: url(https:\/\/child-identity.org\/wp-content\/uploads\/2024\/04\/SCREEN-1-background.png?id=6374) !important;background-position: center !important;background-repeat: no-repeat !important;background-size: cover !important;}&#8221; el_class=&#8221;header-blue&#8221;][vc_column][vc_empty_space height=&#8221;100px&#8221;][vc_column_text]<\/p>\n<h1 class=\"sppb-title-heading\" style=\"color: #312783;\">QUELS SONT NOS OBJECTIFS ?<\/h1>\n<p>[\/vc_column_text][vc_empty_space height=&#8221;10px&#8221;][vc_row_inner][vc_column_inner width=&#8221;3\/5&#8243;][vc_column_text]<\/p>\n<h2 style=\"font-weight: bold;\">Child Identity Protection coop\u00e8re avec les \u00c9tats, des agences des Nations Unies, des organisations internationales et d\u2019autres intervenants afin de s\u2019assurer que les standards internationaux ainsi que les standards r\u00e9gionaux soient pleinement respect\u00e9s.<\/h2>\n<p>[\/vc_column_text][\/vc_column_inner][vc_column_inner width=&#8221;2\/5&#8243;][vc_column_text css=&#8221;.vc_custom_1718270480021{margin-top: 50px !important;}&#8221;]<span style=\"font-size: 18.6px; font-weight: 300; line-height: 26px;\">Plus sp\u00e9cifiquement, Child Identity Protection se base sur le travail de l\u2019Agenda des Nations Unies relatif \u00e0 l\u2019identit\u00e9 juridique (United Nations Legal Identity Agenda), qui se concentre sur l\u2019enregistrement \u00e0 l\u2019\u00e9tat civil et les statistiques d\u00e9mographiques afin de promouvoir l\u2019identit\u00e9 juridique, en orientant son action sur les relations familiales en tant qu\u2019autre \u00e9l\u00e9ment constitutif de l\u2019identit\u00e9 juridique.<\/span>[\/vc_column_text][\/vc_column_inner][\/vc_row_inner][vc_empty_space height=&#8221;130px&#8221;][\/vc_column][\/vc_row][vc_row full_width=&#8221;stretch_row&#8221; css=&#8221;.vc_custom_1713886393283{background-image: url(https:\/\/child-identity.org\/wp-content\/uploads\/2024\/04\/Grey-background-2.png?id=4380) !important;background-position: center !important;background-repeat: no-repeat !important;background-size: cover !important;}&#8221;][vc_column][vc_empty_space height=&#8221;30px&#8221;][vc_row_inner][vc_column_inner width=&#8221;1\/2&#8243;][vc_column_text]<\/p>\n<h1 class=\"sppb-addon-title\" style=\"color: #1caf8e; font-size: 32px; font-weight: 300; line-height: 26px;\">Justice Vui Clarence Nelson, Member of the UN CRC Committee from the Pacific Region has observed that<\/h1>\n<p>[\/vc_column_text][\/vc_column_inner][vc_column_inner width=&#8221;1\/2&#8243;][\/vc_column_inner][\/vc_row_inner][vc_row_inner][vc_column_inner width=&#8221;1\/4&#8243;][\/vc_column_inner][vc_column_inner width=&#8221;2\/4&#8243;][vc_column_text css=&#8221;.vc_custom_1718270535173{margin-top: 50px !important;}&#8221;]<span style=\"font-size: 18.6px; font-weight: 300; line-height: 26px; color: #312783;\">\u201cCHIP est probablement la seule organisation internationale qui travaille de mani\u00e8re exhaustive dans le monde entier dans le domaine du droit de l&#8217;enfant \u00e0 son identit\u00e9 et \u00e0 sa nationalit\u00e9. \u00c0 une \u00e9poque o\u00f9 de nombreux enfants sont d\u00e9plac\u00e9s en raison de la migration, la pauvret\u00e9, la guerre et d&#8217;autres causes, leur travail est d&#8217;une grande importance. De par sa nature m\u00eame, il est \u00e9troitement li\u00e9 \u00e0 l&#8217;enregistrement des naissances. CHIP est bas\u00e9 \u00e0 Gen\u00e8ve et travaille beaucoup pour l&#8217;ONU et d&#8217;autres organisations internationales comme l&#8217;UNICEF.\u201d<\/span>[\/vc_column_text][\/vc_column_inner][vc_column_inner width=&#8221;1\/4&#8243;][\/vc_column_inner][\/vc_row_inner][vc_row_inner][vc_column_inner][vc_empty_space height=&#8221;30px&#8221;][\/vc_column_inner][\/vc_row_inner][\/vc_column][\/vc_row][vc_row full_width=&#8221;stretch_row&#8221; css=&#8221;.vc_custom_1714373036639{background-color: #ffffff !important;}&#8221;][vc_column width=&#8221;1\/2&#8243;][vc_column_text]<\/p>\n<h1 class=\"sppb-addon-title\" style=\"color: #1caf8e; font-size: 32px; font-weight: 300; line-height: 26px;\">Child Identity Protection d\u00e9fend les lois, politiques et pratiques qui soutiennent les droits de l&#8217;enfant \u00e0 l&#8217;identit\u00e9 dans le cadre de ses relations familiales, \u00e0 travers :<\/h1>\n<p>[\/vc_column_text][\/vc_column][vc_column width=&#8221;1\/2&#8243;][\/vc_column][\/vc_row][vc_row full_width=&#8221;stretch_row&#8221; css=&#8221;.vc_custom_1714373093200{background-image: url(https:\/\/child-identity.org\/wp-content\/uploads\/2024\/04\/SCREEN-6.jpg?id=6377) !important;}&#8221;][vc_column][vc_empty_space height=&#8221;30px&#8221;]<div class=\"gt-testimonials-carousel gt-align-center\"><div class=\"swiper-container gt-swiper-slider\" data-gt-item=\"3\" data-gt-item-space=\"30\" data-gt-loop=\"true\" data-gt-speed=\"1000\" data-gt-direction=\"horizontal\" data-gt-effect=\"slide\" data-gt-centered-slides=\"false\" data-gt-free-mode=\"false\"><div class=\"swiper-wrapper\"><div class=\"swiper-slide\" data-swiper-autoplay=\"15000\"><div class=\"gt-image\"><img loading=\"lazy\" decoding=\"async\" width=\"150\" height=\"150\" src=\"data:image\/svg+xml,%3Csvg%20xmlns%3D%27http:\/\/www.w3.org\/2000\/svg%27%20viewBox%3D%270%200%203%202%27%3E%3C\/svg%3E\" class=\"attachment-thumbnail size-thumbnail gt-lazy-load\" alt=\"La cr\u00e9ation de l\u2019identit\u00e9 de l\u2019enfant qui doit \u00eatre exacte et enti\u00e8rement transparente :\" data-src=\"https:\/\/www.child-identity.org\/wp-content\/uploads\/2024\/04\/1bg-150x150.png\" data-srcset=\"\" data-sizes=\"(max-width: 150px) 100vw, 150px\" \/><\/div><div class=\"gt-name\">La cr\u00e9ation de l\u2019identit\u00e9 de l\u2019enfant qui doit \u00eatre exacte et enti\u00e8rement transparente :<\/div><div class=\"gt-content\"><p>Il convient de pr\u00e9venir et interdire les actes qui m\u00e8nent \u00e0 des lacunes concernant l\u2019information relative \u00e0 l\u2019identit\u00e9 de l\u2019enfant (naissances \u201csous x\u201d, bo\u00eetes \u00e0 b\u00e9b\u00e9, abandons li\u00e9s \u00e0 la pauvret\u00e9 et la discrimination, dons anonymes de gam\u00e8tes, etc.).<\/p>\n<\/div><\/div><div class=\"swiper-slide\"><div class=\"gt-image\"><img loading=\"lazy\" decoding=\"async\" width=\"150\" height=\"150\" src=\"data:image\/svg+xml,%3Csvg%20xmlns%3D%27http:\/\/www.w3.org\/2000\/svg%27%20viewBox%3D%270%200%203%202%27%3E%3C\/svg%3E\" class=\"attachment-thumbnail size-thumbnail gt-lazy-load\" alt=\"La modification de l\u2019identit\u00e9 d\u2019un enfant qui doit intervenir uniquement dans son int\u00e9r\u00eat sup\u00e9rieur, jusqu\u2019\u00e0 sa majorit\u00e9 :\" data-src=\"https:\/\/www.child-identity.org\/wp-content\/uploads\/2024\/04\/2bg-150x150.png\" data-srcset=\"\" data-sizes=\"(max-width: 150px) 100vw, 150px\" \/><\/div><div class=\"gt-name\">La modification de l\u2019identit\u00e9 d\u2019un enfant qui doit intervenir uniquement dans son int\u00e9r\u00eat sup\u00e9rieur, jusqu\u2019\u00e0 sa majorit\u00e9 :<\/div><div class=\"gt-content\"><p>Des m\u00e9canismes solides de pr\u00e9vention devraient \u00eatre mis en place afin de s\u2019assurer que toute modification de l\u2019identit\u00e9 de l\u2019enfant ait lieu uniquement apr\u00e8s une \u00e9valuation\/d\u00e9termination de l\u2019int\u00e9r\u00eat sup\u00e9rieur et des besoins de l\u2019enfant. Ces m\u00e9canismes devraient viser la prise en charge formelle et informelle, notamment au sein de la famille \u00e9largie, les familles d\u2019accueil, la kafalah, le placement en institution, l\u2019adoption nationale et internationale, la maternit\u00e9 de substitution, etc.).<\/p>\n<\/div><\/div><div class=\"swiper-slide\"><div class=\"gt-image\"><img loading=\"lazy\" decoding=\"async\" width=\"150\" height=\"150\" src=\"data:image\/svg+xml,%3Csvg%20xmlns%3D%27http:\/\/www.w3.org\/2000\/svg%27%20viewBox%3D%270%200%203%202%27%3E%3C\/svg%3E\" class=\"attachment-thumbnail size-thumbnail gt-lazy-load\" alt=\"La pr\u00e9vention des pratiques illicites, y compris la falsification de l\u2019identit\u00e9 et la vente d\u2019enfant :\" data-src=\"https:\/\/www.child-identity.org\/wp-content\/uploads\/2024\/04\/3bg-150x150.png\" data-srcset=\"\" data-sizes=\"(max-width: 150px) 100vw, 150px\" \/><\/div><div class=\"gt-name\">La pr\u00e9vention des pratiques illicites, y compris la falsification de l\u2019identit\u00e9 et la vente d\u2019enfant :<\/div><div class=\"gt-content\"><p>L\u2019accent sera mis sur la pr\u00e9vention de la vente d\u2019enfants et de leur identit\u00e9. Des efforts seront fournis afin d\u2019interdire la cr\u00e9ation d\u2019\u201corphelins de papier\u201d et d\u2019\u201cenfants biologiques sur le papier\u201d et de s\u2019assurer que les registres sont exacts et les proc\u00e9dures respect\u00e9es.<\/p>\n<\/div><\/div><div class=\"swiper-slide\"><div class=\"gt-image\"><img loading=\"lazy\" decoding=\"async\" width=\"150\" height=\"150\" src=\"data:image\/svg+xml,%3Csvg%20xmlns%3D%27http:\/\/www.w3.org\/2000\/svg%27%20viewBox%3D%270%200%203%202%27%3E%3C\/svg%3E\" class=\"attachment-thumbnail size-thumbnail gt-lazy-load\" alt=\"La pr\u00e9servation et l\u2019accessibilit\u00e9 de tous les \u00e9l\u00e9ments qui contribuent \u00e0 l\u2019identit\u00e9 de l\u2019enfant :\" data-src=\"https:\/\/www.child-identity.org\/wp-content\/uploads\/2024\/04\/4bg-150x150.png\" data-srcset=\"\" data-sizes=\"(max-width: 150px) 100vw, 150px\" \/><\/div><div class=\"gt-name\">La pr\u00e9servation et l\u2019accessibilit\u00e9 de tous les \u00e9l\u00e9ments qui contribuent \u00e0 l\u2019identit\u00e9 de l\u2019enfant :<\/div><div class=\"gt-content\"><p>Des bases de donn\u00e9es, des lois et des pratiques ad\u00e9quates doivent permettre l\u2019acc\u00e8s des enfants \u00e0 ces \u00e9l\u00e9ments en tenant compte de leur maturit\u00e9 et de l\u2019\u00e9volution de leurs capacit\u00e9s. Par exemple, de r\u00e9centes \u00e9tudes r\u00e9alis\u00e9es au niveau de l\u2019Union Europ\u00e9enne sur l\u2019identit\u00e9 dans le contexte de la migration et des r\u00e9fugi\u00e9s montrent l\u2019importance capitale de la transf\u00e9rabilit\u00e9 de l\u2019identit\u00e9 \u00e0 travers les fronti\u00e8res, plus particuli\u00e8rement lorsqu\u2019un pays tiers est impliqu\u00e9.<\/p>\n<\/div><\/div><div class=\"swiper-slide\"><div class=\"gt-image\"><img loading=\"lazy\" decoding=\"async\" width=\"150\" height=\"150\" src=\"data:image\/svg+xml,%3Csvg%20xmlns%3D%27http:\/\/www.w3.org\/2000\/svg%27%20viewBox%3D%270%200%203%202%27%3E%3C\/svg%3E\" class=\"attachment-thumbnail size-thumbnail gt-lazy-load\" alt=\"R\u00e9tablissement de l\u2019identit\u00e9 de l\u2019enfant, lorsqu\u2019elle est lacunaire ou qu\u2019elle a \u00e9t\u00e9 falsifi\u00e9e :\" data-src=\"https:\/\/www.child-identity.org\/wp-content\/uploads\/2024\/04\/5bg-150x150.png\" data-srcset=\"\" data-sizes=\"(max-width: 150px) 100vw, 150px\" \/><\/div><div class=\"gt-name\">R\u00e9tablissement de l\u2019identit\u00e9 de l\u2019enfant, lorsqu\u2019elle est lacunaire ou qu\u2019elle a \u00e9t\u00e9 falsifi\u00e9e :<\/div><div class=\"gt-content\"><p>\u00c0 cette fin, promotion d\u2019une justice transnationale et transitionnelle, recours au Protocole facultatif \u00e0 la Convention relative aux droits de l\u2019enfant \u00e9tablissant une proc\u00e9dure de pr\u00e9sentation des communications, actions en justice, recours aux juridictions internationales\/r\u00e9gionales\/nationales et \u00e0 la jurisprudence (par ex. enqu\u00eate, conseils, etc.).<\/p>\n<\/div><\/div><\/div><div class=\"swiper-pagination gt-slider-pagination\"><\/div><\/div><\/div>[vc_empty_space height=&#8221;50px&#8221;][\/vc_column][\/vc_row][vc_row full_width=&#8221;stretch_row&#8221; css=&#8221;.vc_custom_1714373353779{background-image: url(https:\/\/child-identity.org\/wp-content\/uploads\/2024\/04\/Grey-background.png?id=6371) !important;background-position: center !important;background-repeat: no-repeat !important;background-size: cover !important;}&#8221; el_class=&#8221;header-blue&#8221;][vc_column][vc_empty_space height=&#8221;100px&#8221;][vc_column_text]<\/p>\n<h1 class=\"sppb-title-heading\" style=\"color: #312783;\">COMMENT TRAVAILLONS-NOUS ?<\/h1>\n<p>[\/vc_column_text][vc_row_inner][vc_column_inner width=&#8221;2\/3&#8243;][vc_column_text]<span style=\"font-size: 18.6px; font-weight: 300; color: #363636;\">En ligne avec ses objectifs, Child Identity Protection travaille avec des partenaires multi-agences afin de promouvoir les droits \u00e0 l\u2019identit\u00e9 de l\u2019enfant. Elle m\u00e8ne diverses actions telles que :<\/span>[\/vc_column_text][\/vc_column_inner][vc_column_inner width=&#8221;1\/3&#8243;][\/vc_column_inner][\/vc_row_inner][vc_empty_space height=&#8221;10px&#8221;][vc_row_inner][vc_column_inner width=&#8221;1\/2&#8243;][vc_column_text]<span style=\"font-size: 24pt; font-family: castaregular; color: #1caf8e; line-height: 24pt; font-weight: 300;\">1\/ Entreprendre des recherches afin de comprendre le ph\u00e9nom\u00e8ne et identifier les pratiques prometteuses permettant de r\u00e9pondre aux limitations existantes;<\/span><\/p>\n<p><span style=\"font-size: 24pt; font-family: castaregular; color: #312783; line-height: 24pt; font-weight: 300;\">2\/\u00a0D\u00e9velopper, sur demande et en fonction des besoins, et mettre en \u0153uvre des cadres l\u00e9gaux et politiques visant \u00e0 prot\u00e9ger ces droits et \u00e0 apporter des r\u00e9ponses adapt\u00e9es lorsqu\u2019ils sont viol\u00e9s;<\/span><\/p>\n<p><span style=\"font-size: 24pt; font-family: castaregular; color: #1caf8e; line-height: 24pt; font-weight: 300;\">3\/ D\u00e9fendre ces droits aupr\u00e8s d\u2019instances internationales, nationales et r\u00e9gionales;<\/span>[\/vc_column_text][\/vc_column_inner][vc_column_inner width=&#8221;1\/2&#8243;][vc_column_text]<span style=\"font-size: 24pt; font-family: castaregular; color: #312783; line-height: 24pt; font-weight: 300;\">4\/ \u00c9quiper les professionnels \u00e0 l&#8217;aide d\u2019outils, de ressources et de formation;<\/span><\/p>\n<p><span style=\"font-size: 24pt; font-family: castaregular; color: #1caf8e; line-height: 24pt; font-weight: 300;\">5\/ Garantir que les t\u00e9moignages des personnes concern\u00e9es soient centraux dans les discussions relatives \u00e0 ces droits;<\/span><\/p>\n<p><span style=\"font-size: 24pt; font-family: castaregular; color: #312783; line-height: 24pt; font-weight: 300;\">6\/ Coordonner depuis le si\u00e8ge principal de l&#8217;organisation \u00e0 Gen\u00e8ve les actions susmentionn\u00e9es visant \u00e0 soutenir la protection des droits \u00e0 l&#8217;identit\u00e9 de l&#8217;enfant et renforcer l&#8217;action des membres de Child Identity Protection \u00e0 travers le monde.<\/span>[\/vc_column_text][\/vc_column_inner][\/vc_row_inner][vc_empty_space height=&#8221;130px&#8221;][\/vc_column][\/vc_row]<\/p>\n","protected":false},"excerpt":{"rendered":"<p>[vc_row full_width=&#8221;stretch_row&#8221; css=&#8221;.vc_custom_1714372295103{background-image: url(https:\/\/child-identity.org\/wp-content\/uploads\/2024\/04\/SCREEN-1-background.png?id=6374) !important;background-position: center !important;background-repeat: no-repeat !important;background-size: cover !important;}&#8221; el_class=&#8221;header-blue&#8221;][vc_column][vc_empty_space height=&#8221;100px&#8221;][vc_column_text] QUELS SONT NOS OBJECTIFS ? [\/vc_column_text][vc_empty_space height=&#8221;10px&#8221;][vc_row_inner][vc_column_inner width=&#8221;3\/5&#8243;][vc_column_text] Child Identity Protection coop\u00e8re avec les \u00c9tats, des agences des Nations Unies, des organisations internationales et d\u2019autres intervenants afin&#8230;<\/p>\n","protected":false},"author":1,"featured_media":0,"parent":0,"menu_order":0,"comment_status":"closed","ping_status":"closed","template":"","meta":{"footnotes":""},"class_list":["post-6572","page","type-page","status-publish","hentry"],"_links":{"self":[{"href":"https:\/\/www.child-identity.org\/fr\/wp-json\/wp\/v2\/pages\/6572","targetHints":{"allow":["GET"]}}],"collection":[{"href":"https:\/\/www.child-identity.org\/fr\/wp-json\/wp\/v2\/pages"}],"about":[{"href":"https:\/\/www.child-identity.org\/fr\/wp-json\/wp\/v2\/types\/page"}],"author":[{"embeddable":true,"href":"https:\/\/www.child-identity.org\/fr\/wp-json\/wp\/v2\/users\/1"}],"replies":[{"embeddable":true,"href":"https:\/\/www.child-identity.org\/fr\/wp-json\/wp\/v2\/comments?post=6572"}],"version-history":[{"count":4,"href":"https:\/\/www.child-identity.org\/fr\/wp-json\/wp\/v2\/pages\/6572\/revisions"}],"predecessor-version":[{"id":9063,"href":"https:\/\/www.child-identity.org\/fr\/wp-json\/wp\/v2\/pages\/6572\/revisions\/9063"}],"wp:attachment":[{"href":"https:\/\/www.child-identity.org\/fr\/wp-json\/wp\/v2\/media?parent=6572"}],"curies":[{"name":"wp","href":"https:\/\/api.w.org\/{rel}","templated":true}]}}