{"id":6770,"date":"2024-05-02T08:53:40","date_gmt":"2024-05-02T08:53:40","guid":{"rendered":"https:\/\/child-identity.org\/?page_id=6770"},"modified":"2024-05-09T06:06:45","modified_gmt":"2024-05-09T06:06:45","slug":"plaidoyer-et-elaboration-de-politiques","status":"publish","type":"page","link":"https:\/\/www.child-identity.org\/fr\/plaidoyer-et-elaboration-de-politiques\/","title":{"rendered":"Plaidoyer et \u00e9laboration de politiques"},"content":{"rendered":"<p>[vc_row][vc_column][vc_column_text]<div class=\"pt-cv-wrapper\"><div class=\"pt-cv-view pt-cv-blockgrid iscvblock iscvhybrid grid1 layout2 pt-cv-pgregular\" id=\"pt-cv-view-cc54c467p1\"><div data-id=\"pt-cv-page-1\" class=\"pt-cv-page\" data-cvc=\"3\"><div class=\" pt-cv-content-item pt-cv-1-col\"  data-pid=\"13997\"><div class=\"pt-cv-thumb-wrapper  \"><a href=\"https:\/\/www.child-identity.org\/fr\/lancement-de-nouveaux-outils-destines-aux-decideurs-politiques-et-aux-professionnels-pour-proteger-les-droits-des-enfants-dans-le-cadre-de-la-procreation-medicalemente-assistee-avec-tiers-donneur-et-d\/\" class=\"_self pt-cv-href-thumbnail pt-cv-thumb-default\" target=\"_self\" ><img loading=\"lazy\" decoding=\"async\" width=\"768\" height=\"376\" src=\"data:image\/svg+xml,%3Csvg%20xmlns%3D%27http:\/\/www.w3.org\/2000\/svg%27%20viewBox%3D%270%200%203%202%27%3E%3C\/svg%3E\" class=\"pt-cv-thumbnail img-none gt-lazy-load\" alt=\"\" data-src=\"https:\/\/www.child-identity.org\/wp-content\/uploads\/2026\/03\/banner-donor-768x376.jpg\" data-srcset=\"\" \/><\/a><\/div>\n<div class=\"pt-cv-remain-wrapper\"><div class=\"pt-cv-meta-fields\"><span class=\"entry-date\"> <time datetime=\"2026-03-21T00:51:42+00:00\">mars 2026<\/time><\/span><span> \/ <\/span><span class=\"terms\"> <a href='https:\/\/www.child-identity.org\/fr\/country\/monde\/' title='Monde' class='pt-cv-tax-monde'>Monde<\/a><\/span><\/div><h4 class=\"pt-cv-title\"><a href=\"https:\/\/www.child-identity.org\/fr\/lancement-de-nouveaux-outils-destines-aux-decideurs-politiques-et-aux-professionnels-pour-proteger-les-droits-des-enfants-dans-le-cadre-de-la-procreation-medicalemente-assistee-avec-tiers-donneur-et-d\/\" class=\"_self\" target=\"_self\" >Lancement de nouveaux outils destin\u00e9s aux d\u00e9cideurs politiques et aux professionnels pour prot\u00e9ger les droits des enfants dans le cadre de la procr\u00e9ation m\u00e9dicalemente assist\u00e9e avec tiers donneur et de la maternit\u00e9 de substitution<\/a><\/h4><\/div><\/div>\n<div class=\" pt-cv-content-item pt-cv-1-col\"  data-pid=\"13893\"><div class=\"pt-cv-thumb-wrapper  \"><a href=\"https:\/\/www.child-identity.org\/fr\/global-webinar-series-preventing-and-responding-to-illicit-intercountry-adoptions\/\" class=\"_self pt-cv-href-thumbnail pt-cv-thumb-default\" target=\"_self\" ><img loading=\"lazy\" decoding=\"async\" width=\"768\" height=\"376\" src=\"data:image\/svg+xml,%3Csvg%20xmlns%3D%27http:\/\/www.w3.org\/2000\/svg%27%20viewBox%3D%270%200%203%202%27%3E%3C\/svg%3E\" class=\"pt-cv-thumbnail img-none gt-lazy-load\" alt=\"\" data-src=\"https:\/\/www.child-identity.org\/wp-content\/uploads\/2026\/03\/webinar-banner-logos-768x376.jpg\" data-srcset=\"\" \/><\/a><\/div>\n<div class=\"pt-cv-remain-wrapper\"><div class=\"pt-cv-meta-fields\"><span class=\"entry-date\"> <time datetime=\"2026-03-08T06:38:35+00:00\">mars 2026<\/time><\/span><\/div><h4 class=\"pt-cv-title\"><a href=\"https:\/\/www.child-identity.org\/fr\/global-webinar-series-preventing-and-responding-to-illicit-intercountry-adoptions\/\" class=\"_self\" target=\"_self\" >Global Webinar Series: Preventing and responding to Illicit Intercountry Adoptions<\/a><\/h4><\/div><\/div>\n<div class=\" pt-cv-content-item pt-cv-1-col\"  data-pid=\"13789\"><div class=\"pt-cv-thumb-wrapper  \"><a href=\"https:\/\/www.child-identity.org\/fr\/soumission-groupe-de-travail-sur-les-droits-a-lidentite-idrwg-pour-letude-du-hcdh-sur-limpact-des-problemes-de-sante-mentale-sur-la-jouissance-des-droits-humains-par-les-jeunes-conformement-a\/\" class=\"_self pt-cv-href-thumbnail pt-cv-thumb-default\" target=\"_self\" ><img loading=\"lazy\" decoding=\"async\" width=\"768\" height=\"360\" src=\"data:image\/svg+xml,%3Csvg%20xmlns%3D%27http:\/\/www.w3.org\/2000\/svg%27%20viewBox%3D%270%200%203%202%27%3E%3C\/svg%3E\" class=\"pt-cv-thumbnail img-none gt-lazy-load\" alt=\"\" data-src=\"https:\/\/www.child-identity.org\/wp-content\/uploads\/2026\/02\/submission-banner-logos-1-768x360.jpg\" data-srcset=\"\" \/><\/a><\/div>\n<div class=\"pt-cv-remain-wrapper\"><div class=\"pt-cv-meta-fields\"><span class=\"entry-date\"> <time datetime=\"2026-02-27T07:56:10+00:00\">f\u00e9vrier 2026<\/time><\/span><span> \/ <\/span><span class=\"terms\"> <a href='https:\/\/www.child-identity.org\/fr\/country\/monde\/' title='Monde' class='pt-cv-tax-monde'>Monde<\/a><\/span><\/div><h4 class=\"pt-cv-title\"><a href=\"https:\/\/www.child-identity.org\/fr\/soumission-groupe-de-travail-sur-les-droits-a-lidentite-idrwg-pour-letude-du-hcdh-sur-limpact-des-problemes-de-sante-mentale-sur-la-jouissance-des-droits-humains-par-les-jeunes-conformement-a\/\" class=\"_self\" target=\"_self\" >Soumission Groupe de travail sur les droits \u00e0 l&#8217;identit\u00e9 (IDRWG) pour l&#8217;\u00e9tude du HCDH sur l&#8217;impact des probl\u00e8mes de sant\u00e9 mentale sur la jouissance des droits humains par les jeunes, conform\u00e9ment \u00e0 la r\u00e9solution 57\/30 du Conseil des droits de l&#8217;homme<\/a><\/h4><\/div><\/div>\n<div class=\" pt-cv-content-item pt-cv-1-col\"  data-pid=\"13744\"><div class=\"pt-cv-thumb-wrapper  \"><a href=\"https:\/\/www.child-identity.org\/fr\/side-event-digitalisation-and-the-childs-right-to-identity-a-tool-for-inclusion-or-exclusion\/\" class=\"_self pt-cv-href-thumbnail pt-cv-thumb-default\" target=\"_self\" ><img loading=\"lazy\" decoding=\"async\" width=\"768\" height=\"401\" src=\"data:image\/svg+xml,%3Csvg%20xmlns%3D%27http:\/\/www.w3.org\/2000\/svg%27%20viewBox%3D%270%200%203%202%27%3E%3C\/svg%3E\" class=\"pt-cv-thumbnail img-none gt-lazy-load\" alt=\"\" data-src=\"https:\/\/www.child-identity.org\/wp-content\/uploads\/2026\/02\/digitalisation-event-768x401.jpg\" data-srcset=\"\" \/><\/a><\/div>\n<div class=\"pt-cv-remain-wrapper\"><div class=\"pt-cv-meta-fields\"><span class=\"entry-date\"> <time datetime=\"2026-02-11T09:53:23+00:00\">f\u00e9vrier 2026<\/time><\/span><\/div><h4 class=\"pt-cv-title\"><a href=\"https:\/\/www.child-identity.org\/fr\/side-event-digitalisation-and-the-childs-right-to-identity-a-tool-for-inclusion-or-exclusion\/\" class=\"_self\" target=\"_self\" >Side event: Digitalisation and the child\u2019s right to identity \u2013 a tool for inclusion or exclusion?<\/a><\/h4><\/div><\/div>\n<div class=\" pt-cv-content-item pt-cv-1-col\"  data-pid=\"13645\"><div class=\"pt-cv-thumb-wrapper  \"><a href=\"https:\/\/www.child-identity.org\/fr\/reunion-dinformation-avec-le-comite-des-droits-de-lenfant-sur-le-droit-des-enfants-a-lidentite\/\" class=\"_self pt-cv-href-thumbnail pt-cv-thumb-default\" target=\"_self\" ><img loading=\"lazy\" decoding=\"async\" width=\"768\" height=\"285\" src=\"data:image\/svg+xml,%3Csvg%20xmlns%3D%27http:\/\/www.w3.org\/2000\/svg%27%20viewBox%3D%270%200%203%202%27%3E%3C\/svg%3E\" class=\"pt-cv-thumbnail img-none gt-lazy-load\" alt=\"\" data-src=\"https:\/\/www.child-identity.org\/wp-content\/uploads\/2026\/01\/crc-committee-768x285.jpeg\" data-srcset=\"\" \/><\/a><\/div>\n<div class=\"pt-cv-remain-wrapper\"><div class=\"pt-cv-meta-fields\"><span class=\"entry-date\"> <time datetime=\"2026-01-28T17:53:10+00:00\">janvier 2026<\/time><\/span><\/div><h4 class=\"pt-cv-title\"><a href=\"https:\/\/www.child-identity.org\/fr\/reunion-dinformation-avec-le-comite-des-droits-de-lenfant-sur-le-droit-des-enfants-a-lidentite\/\" class=\"_self\" target=\"_self\" >R\u00e9union d&#8217;information avec le Comit\u00e9 des droits de l&#8217;enfant sur le droit des enfants \u00e0 l&#8217;identit\u00e9<\/a><\/h4><\/div><\/div>\n<div class=\" pt-cv-content-item pt-cv-1-col\"  data-pid=\"13358\"><div class=\"pt-cv-thumb-wrapper  \"><a href=\"https:\/\/www.child-identity.org\/fr\/contribution-au-document-de-travail-de-la-commission-australienne-de-revision-du-droit-intitule-revision-des-lois-sur-la-maternite-de-substitution\/\" class=\"_self pt-cv-href-thumbnail pt-cv-thumb-default\" target=\"_self\" ><img loading=\"lazy\" decoding=\"async\" width=\"768\" height=\"420\" src=\"data:image\/svg+xml,%3Csvg%20xmlns%3D%27http:\/\/www.w3.org\/2000\/svg%27%20viewBox%3D%270%200%203%202%27%3E%3C\/svg%3E\" class=\"pt-cv-thumbnail img-none gt-lazy-load\" alt=\"\" data-src=\"https:\/\/www.child-identity.org\/wp-content\/uploads\/2024\/05\/surrogacy-768x420.jpg\" data-srcset=\"\" \/><\/a><\/div>\n<div class=\"pt-cv-remain-wrapper\"><div class=\"pt-cv-meta-fields\"><span class=\"entry-date\"> <time datetime=\"2025-12-19T10:12:01+00:00\">d\u00e9cembre 2025<\/time><\/span><span> \/ <\/span><span class=\"terms\"> <a href='https:\/\/www.child-identity.org\/fr\/country\/australie\/' title='Australie' class='pt-cv-tax-australie'>Australie<\/a><\/span><\/div><h4 class=\"pt-cv-title\"><a href=\"https:\/\/www.child-identity.org\/fr\/contribution-au-document-de-travail-de-la-commission-australienne-de-revision-du-droit-intitule-revision-des-lois-sur-la-maternite-de-substitution\/\" class=\"_self\" target=\"_self\" >Contribution au document de travail de la Commission australienne de r\u00e9vision du droit intitul\u00e9 \u00ab R\u00e9vision des lois sur la maternit\u00e9 de substitution \u00bb<\/a><\/h4><\/div><\/div><\/div><\/div>\n<div class=\"text-center pt-cv-pagination-wrapper\"><ul class=\"pt-cv-pagination pt-cv-ajax pagination\" data-totalpages=\"11\" data-currentpage=\"1\" data-sid=\"cc54c467p1\" data-unid=\"\" data-isblock=\"\" data-postid=\"\"><li class=\"active\"><a href=\"#\">1<\/a><\/li>\n\t<li ><a class=\"\" href=\"https:\/\/www.child-identity.org\/fr\/wp-json\/wp\/v2\/pages\/6770\/?_page=2\">2<\/a><\/li>\n\t<li ><a class=\"\" href=\"https:\/\/www.child-identity.org\/fr\/wp-json\/wp\/v2\/pages\/6770\/?_page=3\">3<\/a><\/li>\n\t<li ><a href=\"#\">\u2026<\/a><\/li>\n\t<li ><a class=\"\" href=\"https:\/\/www.child-identity.org\/fr\/wp-json\/wp\/v2\/pages\/6770\/?_page=11\">11<\/a><\/li>\n\t<li ><a class=\" \" href=\"https:\/\/www.child-identity.org\/fr\/wp-json\/wp\/v2\/pages\/6770\/?_page=2\">&rsaquo;<\/a><\/li>\n\t<\/ul><img loading=\"lazy\" decoding=\"async\" width=\"15\" height=\"15\" class=\"pt-cv-spinner\" alt=\"Chargement\u2026\" src=\"data:image\/gif;base64,R0lGODlhDwAPALMPAMrKygwMDJOTkz09PZWVla+vr3p6euTk5M7OzuXl5TMzMwAAAJmZmWZmZszMzP\/\/\/yH\/C05FVFNDQVBFMi4wAwEAAAAh+QQFCgAPACwAAAAADwAPAAAEQvDJaZaZOIcV8iQK8VRX4iTYoAwZ4iCYoAjZ4RxejhVNoT+mRGP4cyF4Pp0N98sBGIBMEMOotl6YZ3S61Bmbkm4mAgAh+QQFCgAPACwAAAAADQANAAAENPDJSRSZeA418itN8QiK8BiLITVsFiyBBIoYqnoewAD4xPw9iY4XLGYSjkQR4UAUD45DLwIAIfkEBQoADwAsAAAAAA8ACQAABC\/wyVlamTi3nSdgwFNdhEJgTJoNyoB9ISYoQmdjiZPcj7EYCAeCF1gEDo4Dz2eIAAAh+QQFCgAPACwCAAAADQANAAAEM\/DJBxiYeLKdX3IJZT1FU0iIg2RNKx3OkZVnZ98ToRD4MyiDnkAh6BkNC0MvsAj0kMpHBAAh+QQFCgAPACwGAAAACQAPAAAEMDC59KpFDll73HkAA2wVY5KgiK5b0RRoI6MuzG6EQqCDMlSGheEhUAgqgUUAFRySIgAh+QQFCgAPACwCAAIADQANAAAEM\/DJKZNLND\/kkKaHc3xk+QAMYDKsiaqmZCxGVjSFFCxB1vwy2oOgIDxuucxAMTAJFAJNBAAh+QQFCgAPACwAAAYADwAJAAAEMNAs86q1yaWwwv2Ig0jUZx3OYa4XoRAfwADXoAwfo1+CIjyFRuEho60aSNYlOPxEAAAh+QQFCgAPACwAAAIADQANAAAENPA9s4y8+IUVcqaWJ4qEQozSoAzoIyhCK2NFU2SJk0hNnyEOhKR2AzAAj4Pj4GE4W0bkJQIAOw==\" \/><div class=\"clear pt-cv-clear-pagination\"><\/div><\/div><\/div>\t\t\t<style type=\"text\/css\" id=\"pt-cv-inline-style-0490f0dy93\">\n#pt-cv-view-cc54c467p1 .pt-cv-thumb-wrapper:not(.miniwrap) {  }#pt-cv-view-cc54c467p1 .pt-cv-thumbnail:not(.pt-cv-thumbnailsm) { height: 250px; }#pt-cv-view-cc54c467p1 > .pt-cv-page {grid-template-columns: repeat(3, 1fr);grid-gap: 15px;}\n@media all and (max-width: 1024px) { \n#pt-cv-view-cc54c467p1 > .pt-cv-page {grid-template-columns: repeat(1, 1fr);}\n} \n@media all and (max-width: 767px) { \n#pt-cv-view-cc54c467p1 > .pt-cv-page {grid-template-columns: repeat(1, 1fr);}\n} <\/style>\r\n\t\t\t\t\t\t<style type=\"text\/css\" id=\"pt-cv-inline-style-f66d1e4t6j\">#pt-cv-view-cc54c467p1 .pt-cv-title a, #pt-cv-view-cc54c467p1  .panel-title { color: #000000 !important; font-weight: 600 !important; }\n#pt-cv-view-cc54c467p1 .pt-cv-meta-fields * { color: #333333 !important; }\n#pt-cv-view-cc54c467p1 .pt-cv-readmore  { color: #ffffff !important; background-color: #00aeef !important; }\n#pt-cv-view-cc54c467p1 .pt-cv-readmore:hover  { color: #ffffff !important; background-color: #00aeef !important; }\n#pt-cv-view-cc54c467p1  + .pt-cv-pagination-wrapper .pt-cv-more , #pt-cv-view-cc54c467p1  + .pt-cv-pagination-wrapper .pagination .active a, .pt-cv-pagination[data-sid='cc54c467p1'] .active a { color: #ffffff !important; background-color: #00aeef !important; }<\/style>\r\n\t\t\t[\/vc_column_text][\/vc_column][\/vc_row]<\/p>\n","protected":false},"excerpt":{"rendered":"<p>[vc_row][vc_column][vc_column_text][\/vc_column_text][\/vc_column][\/vc_row]<\/p>\n","protected":false},"author":1,"featured_media":0,"parent":0,"menu_order":0,"comment_status":"closed","ping_status":"closed","template":"","meta":{"footnotes":""},"class_list":["post-6770","page","type-page","status-publish","hentry"],"_links":{"self":[{"href":"https:\/\/www.child-identity.org\/fr\/wp-json\/wp\/v2\/pages\/6770","targetHints":{"allow":["GET"]}}],"collection":[{"href":"https:\/\/www.child-identity.org\/fr\/wp-json\/wp\/v2\/pages"}],"about":[{"href":"https:\/\/www.child-identity.org\/fr\/wp-json\/wp\/v2\/types\/page"}],"author":[{"embeddable":true,"href":"https:\/\/www.child-identity.org\/fr\/wp-json\/wp\/v2\/users\/1"}],"replies":[{"embeddable":true,"href":"https:\/\/www.child-identity.org\/fr\/wp-json\/wp\/v2\/comments?post=6770"}],"version-history":[{"count":2,"href":"https:\/\/www.child-identity.org\/fr\/wp-json\/wp\/v2\/pages\/6770\/revisions"}],"predecessor-version":[{"id":7767,"href":"https:\/\/www.child-identity.org\/fr\/wp-json\/wp\/v2\/pages\/6770\/revisions\/7767"}],"wp:attachment":[{"href":"https:\/\/www.child-identity.org\/fr\/wp-json\/wp\/v2\/media?parent=6770"}],"curies":[{"name":"wp","href":"https:\/\/api.w.org\/{rel}","templated":true}]}}