{"id":6776,"date":"2024-05-02T08:54:36","date_gmt":"2024-05-02T08:54:36","guid":{"rendered":"https:\/\/child-identity.org\/?page_id=6776"},"modified":"2024-10-02T19:03:40","modified_gmt":"2024-10-02T19:03:40","slug":"notes-dorientation","status":"publish","type":"page","link":"https:\/\/www.child-identity.org\/fr\/notes-dorientation\/","title":{"rendered":"Notes d&#8217;orientation"},"content":{"rendered":"<p>[vc_row full_width=&#8221;stretch_row&#8221; equal_height=&#8221;yes&#8221; css=&#8221;.vc_custom_1713601497617{background-image: url(https:\/\/child-identity.org\/wp-content\/uploads\/2023\/05\/grey-bg.jpg?id=2709) !important;background-position: center !important;background-repeat: no-repeat !important;background-size: cover !important;}&#8221;][vc_column][vc_column_text]<\/p>\n<h1>NOTES D&#8217;ORIENTATION<\/h1>\n<p>[\/vc_column_text][\/vc_column][vc_column width=&#8221;7\/12&#8243;][vc_column_text]<\/p>\n<h4><strong>Ces notes d\u2019orientation sont con\u00e7ues afin d\u2019examiner des questions sp\u00e9cifiques sous l\u2019angle du droit de l\u2019enfant \u00e0 l\u2019identit\u00e9 tel qu\u2019il est mentionn\u00e9 \u00e0 l\u2019article 8 de la Convention relative aux droits de l\u2019enfant (c\u2019est-\u00e0-dire le nom, la nationalit\u00e9 et les relations familiales).<\/strong><\/h4>\n<p>[\/vc_column_text][\/vc_column][vc_column width=&#8221;5\/12&#8243;][vc_column_text css=&#8221;.vc_custom_1715080084458{padding-top: 20px !important;}&#8221;]<span style=\"font-size: 14px;\">Dans leur format concis, ces notes d\u2019orientation visent \u00e0 mettre en valeur les travaux existants d\u2019autres intervenants et, dans la mesure du possible, se r\u00e9f\u00e9rer \u00e0 leurs travaux, en vue de faciliter une approche globale de la protection des droits de l\u2019enfant. En tant que telles, les notes d\u2019orientation ne visent pas \u00e0 fournir une analyse compl\u00e8te de tous les droits des enfants en jeu, tels que la non-discrimination, le droit \u00e0 la survie et au d\u00e9veloppement, la sant\u00e9, l\u2019\u00e9ducation et d\u2019autres droits.<\/span>[\/vc_column_text][\/vc_column][vc_column][vc_empty_space height=&#8221;60px&#8221;][\/vc_column][\/vc_row][vc_row][vc_column][vc_basic_grid post_type=&#8221;post&#8221; max_items=&#8221;&#8221; style=&#8221;load-more&#8221; items_per_page=&#8221;6&#8243; order=&#8221;ASC&#8221; item=&#8221;6894&#8243; btn_style=&#8221;modern&#8221; btn_color=&#8221;default&#8221; btn_size=&#8221;xs&#8221; grid_id=&#8221;vc_gid:1727895809467-635790ba-9073-3&#8243; taxonomies=&#8221;146&#8243;][\/vc_column][\/vc_row][vc_row][vc_column][vc_column_text][\/vc_column_text][\/vc_column][\/vc_row]<\/p>\n","protected":false},"excerpt":{"rendered":"<p>[vc_row full_width=&#8221;stretch_row&#8221; equal_height=&#8221;yes&#8221; css=&#8221;.vc_custom_1713601497617{background-image: url(https:\/\/child-identity.org\/wp-content\/uploads\/2023\/05\/grey-bg.jpg?id=2709) !important;background-position: center !important;background-repeat: no-repeat !important;background-size: cover !important;}&#8221;][vc_column][vc_column_text] NOTES D&#8217;ORIENTATION [\/vc_column_text][\/vc_column][vc_column width=&#8221;7\/12&#8243;][vc_column_text] Ces notes d\u2019orientation sont con\u00e7ues afin d\u2019examiner des questions sp\u00e9cifiques sous l\u2019angle du droit de l\u2019enfant \u00e0 l\u2019identit\u00e9 tel qu\u2019il est mentionn\u00e9 \u00e0 l\u2019article&#8230;<\/p>\n","protected":false},"author":1,"featured_media":0,"parent":0,"menu_order":0,"comment_status":"closed","ping_status":"closed","template":"","meta":{"footnotes":""},"class_list":["post-6776","page","type-page","status-publish","hentry"],"_links":{"self":[{"href":"https:\/\/www.child-identity.org\/fr\/wp-json\/wp\/v2\/pages\/6776","targetHints":{"allow":["GET"]}}],"collection":[{"href":"https:\/\/www.child-identity.org\/fr\/wp-json\/wp\/v2\/pages"}],"about":[{"href":"https:\/\/www.child-identity.org\/fr\/wp-json\/wp\/v2\/types\/page"}],"author":[{"embeddable":true,"href":"https:\/\/www.child-identity.org\/fr\/wp-json\/wp\/v2\/users\/1"}],"replies":[{"embeddable":true,"href":"https:\/\/www.child-identity.org\/fr\/wp-json\/wp\/v2\/comments?post=6776"}],"version-history":[{"count":4,"href":"https:\/\/www.child-identity.org\/fr\/wp-json\/wp\/v2\/pages\/6776\/revisions"}],"predecessor-version":[{"id":10519,"href":"https:\/\/www.child-identity.org\/fr\/wp-json\/wp\/v2\/pages\/6776\/revisions\/10519"}],"wp:attachment":[{"href":"https:\/\/www.child-identity.org\/fr\/wp-json\/wp\/v2\/media?parent=6776"}],"curies":[{"name":"wp","href":"https:\/\/api.w.org\/{rel}","templated":true}]}}