{"id":6789,"date":"2024-05-02T08:55:53","date_gmt":"2024-05-02T08:55:53","guid":{"rendered":"https:\/\/child-identity.org\/?page_id=6789"},"modified":"2024-05-08T06:50:04","modified_gmt":"2024-05-08T06:50:04","slug":"assistance-technique","status":"publish","type":"page","link":"https:\/\/www.child-identity.org\/fr\/assistance-technique\/","title":{"rendered":"Assistance Technique"},"content":{"rendered":"<p>[vc_row][vc_column][vc_column_text]<div class=\"pt-cv-wrapper\"><div class=\"pt-cv-view pt-cv-pinterest pt-cv-colsys cveffect-zoomin pt-cv-shadow pt-cv-no-bb pt-cv-pgloadmore\" id=\"pt-cv-view-ab8c211gvs\"><div data-id=\"pt-cv-page-1\" class=\"pt-cv-page\" data-cvc=\"3\"><div class=\"col-md-4 col-sm-12 col-xs-12 pt-cv-content-item pt-cv-1-col\"  data-pid=\"13676\"><div class='pt-cv-pinmas'><a href=\"https:\/\/www.child-identity.org\/fr\/launch-of-report-on-birth-registration-of-children-born-through-surrogacy-arrangements-in-the-region\/\" class=\"_self pt-cv-href-thumbnail pt-cv-thumb-default pt-cv-thumb-wrapper\" target=\"_self\" ><img loading=\"lazy\" decoding=\"async\" width=\"1024\" height=\"870\" src=\"data:image\/svg+xml,%3Csvg%20xmlns%3D%27http:\/\/www.w3.org\/2000\/svg%27%20viewBox%3D%270%200%203%202%27%3E%3C\/svg%3E\" class=\"pt-cv-thumbnail img-rounded skip-lazy  gt-lazy-load\" alt=\"\" data-src=\"https:\/\/www.child-identity.org\/wp-content\/uploads\/2026\/01\/birth-registration-logos-1024x870.jpg\" data-srcset=\"\" \/><\/a>\n<div class=\"pt-cv-meta-fields\"><span class=\"entry-date\"> <time datetime=\"2026-01-27T06:53:41+00:00\">janvier 2026<\/time><\/span><span> \/ <\/span><span class=\"terms\"> <a href='https:\/\/www.child-identity.org\/fr\/country\/amerique-latine\/' title='Am\u00e9rique Latine' class='pt-cv-tax-amerique-latine'>Am\u00e9rique Latine<\/a>, <a href='https:\/\/www.child-identity.org\/fr\/country\/caribbean-fr\/' title='Caribbean' class='pt-cv-tax-caribbean-fr'>Caribbean<\/a><\/span><\/div>\n<h4 class=\"pt-cv-title\"><a href=\"https:\/\/www.child-identity.org\/fr\/launch-of-report-on-birth-registration-of-children-born-through-surrogacy-arrangements-in-the-region\/\" class=\"_self\" target=\"_self\" >Launch of report on birth registration of children born through surrogacy arrangements in the region<\/a><\/h4><\/div><\/div>\n<div class=\"col-md-4 col-sm-12 col-xs-12 pt-cv-content-item pt-cv-1-col\"  data-pid=\"12764\"><div class='pt-cv-pinmas'><a href=\"https:\/\/www.child-identity.org\/fr\/rattrapage-des-enregistrements-de-naissance-dans-les-ecoles\/\" class=\"_self pt-cv-href-thumbnail pt-cv-thumb-default pt-cv-thumb-wrapper\" target=\"_self\" ><img loading=\"lazy\" decoding=\"async\" width=\"1024\" height=\"547\" src=\"data:image\/svg+xml,%3Csvg%20xmlns%3D%27http:\/\/www.w3.org\/2000\/svg%27%20viewBox%3D%270%200%203%202%27%3E%3C\/svg%3E\" class=\"pt-cv-thumbnail img-rounded skip-lazy  gt-lazy-load\" alt=\"\" data-src=\"https:\/\/www.child-identity.org\/wp-content\/uploads\/2025\/08\/research-report-cameroon-1024x547.jpg\" data-srcset=\"\" \/><\/a>\n<div class=\"pt-cv-meta-fields\"><span class=\"entry-date\"> <time datetime=\"2025-08-04T07:30:40+00:00\">ao\u00fbt 2025<\/time><\/span><span> \/ <\/span><span class=\"terms\"> <a href='https:\/\/www.child-identity.org\/fr\/country\/cameroun\/' title='Cameroun' class='pt-cv-tax-cameroun'>Cameroun<\/a><\/span><\/div>\n<h4 class=\"pt-cv-title\"><a href=\"https:\/\/www.child-identity.org\/fr\/rattrapage-des-enregistrements-de-naissance-dans-les-ecoles\/\" class=\"_self\" target=\"_self\" >Rattrapage des enregistrements de naissance dans les \u00e9coles<\/a><\/h4><\/div><\/div>\n<div class=\"col-md-4 col-sm-12 col-xs-12 pt-cv-content-item pt-cv-1-col\"  data-pid=\"12557\"><div class='pt-cv-pinmas'><a href=\"https:\/\/www.child-identity.org\/fr\/soumission-pour-la-proposition-2022-695-de-la-commission-europeenne-sur-le-reglement-europeen-en-matiere-de-filiation-droit-international-prive-sur-la-filiation\/\" class=\"_self pt-cv-href-thumbnail pt-cv-thumb-default pt-cv-thumb-wrapper\" target=\"_self\" ><img loading=\"lazy\" decoding=\"async\" width=\"1024\" height=\"560\" src=\"data:image\/svg+xml,%3Csvg%20xmlns%3D%27http:\/\/www.w3.org\/2000\/svg%27%20viewBox%3D%270%200%203%202%27%3E%3C\/svg%3E\" class=\"pt-cv-thumbnail img-rounded skip-lazy  gt-lazy-load\" alt=\"\" data-src=\"https:\/\/www.child-identity.org\/wp-content\/uploads\/2024\/05\/surrogacy-1024x560.jpg\" data-srcset=\"\" \/><\/a>\n<div class=\"pt-cv-meta-fields\"><span class=\"entry-date\"> <time datetime=\"2025-06-27T10:40:52+00:00\">juin 2025<\/time><\/span><span> \/ <\/span><span class=\"terms\"> <a href='https:\/\/www.child-identity.org\/fr\/country\/monde\/' title='Monde' class='pt-cv-tax-monde'>Monde<\/a><\/span><\/div>\n<h4 class=\"pt-cv-title\"><a href=\"https:\/\/www.child-identity.org\/fr\/soumission-pour-la-proposition-2022-695-de-la-commission-europeenne-sur-le-reglement-europeen-en-matiere-de-filiation-droit-international-prive-sur-la-filiation\/\" class=\"_self\" target=\"_self\" >Soumission pour la proposition 2022 695 de la Commission europ\u00e9enne sur le R\u00e8glement europ\u00e9en en mati\u00e8re de filiation: Droit international priv\u00e9 sur la filiation<\/a><\/h4><\/div><\/div>\n<div class=\"col-md-4 col-sm-12 col-xs-12 pt-cv-content-item pt-cv-1-col\"  data-pid=\"11849\"><div class='pt-cv-pinmas'><a href=\"https:\/\/www.child-identity.org\/fr\/lassistance-technique-se-poursuit-pour-accelerer-lenregistrement-des-naissances\/\" class=\"_self pt-cv-href-thumbnail pt-cv-thumb-default pt-cv-thumb-wrapper\" target=\"_self\" ><img loading=\"lazy\" decoding=\"async\" width=\"1024\" height=\"512\" src=\"data:image\/svg+xml,%3Csvg%20xmlns%3D%27http:\/\/www.w3.org\/2000\/svg%27%20viewBox%3D%270%200%203%202%27%3E%3C\/svg%3E\" class=\"pt-cv-thumbnail img-rounded skip-lazy  gt-lazy-load\" alt=\"\" data-src=\"https:\/\/www.child-identity.org\/wp-content\/uploads\/2025\/02\/header-technical-advice-1024x512.jpg\" data-srcset=\"\" \/><\/a>\n<div class=\"pt-cv-meta-fields\"><span class=\"entry-date\"> <time datetime=\"2025-02-26T07:38:44+00:00\">f\u00e9vrier 2025<\/time><\/span><span> \/ <\/span><span class=\"terms\"> <a href='https:\/\/www.child-identity.org\/fr\/country\/cameroun\/' title='Cameroun' class='pt-cv-tax-cameroun'>Cameroun<\/a><\/span><\/div>\n<h4 class=\"pt-cv-title\"><a href=\"https:\/\/www.child-identity.org\/fr\/lassistance-technique-se-poursuit-pour-accelerer-lenregistrement-des-naissances\/\" class=\"_self\" target=\"_self\" >L&#8217;assistance technique se poursuit pour acc\u00e9l\u00e9rer l&#8217;enregistrement des naissances<\/a><\/h4><\/div><\/div>\n<div class=\"col-md-4 col-sm-12 col-xs-12 pt-cv-content-item pt-cv-1-col\"  data-pid=\"11726\"><div class='pt-cv-pinmas'><a href=\"https:\/\/www.child-identity.org\/fr\/contributions-de-chip-au-projet-de-loi-sur-la-gestation-par-autrui\/\" class=\"_self pt-cv-href-thumbnail pt-cv-thumb-default pt-cv-thumb-wrapper\" target=\"_self\" ><img loading=\"lazy\" decoding=\"async\" width=\"1024\" height=\"554\" src=\"data:image\/svg+xml,%3Csvg%20xmlns%3D%27http:\/\/www.w3.org\/2000\/svg%27%20viewBox%3D%270%200%203%202%27%3E%3C\/svg%3E\" class=\"pt-cv-thumbnail img-rounded skip-lazy  gt-lazy-load\" alt=\"\" data-src=\"https:\/\/www.child-identity.org\/wp-content\/uploads\/2024\/09\/surrogacy1200-1024x554.jpg\" data-srcset=\"\" \/><\/a>\n<div class=\"pt-cv-meta-fields\"><span class=\"entry-date\"> <time datetime=\"2025-02-12T12:34:37+00:00\">f\u00e9vrier 2025<\/time><\/span><span> \/ <\/span><span class=\"terms\"> <a href='https:\/\/www.child-identity.org\/fr\/country\/mexique\/' title='Mexique' class='pt-cv-tax-mexique'>Mexique<\/a><\/span><\/div>\n<h4 class=\"pt-cv-title\"><a href=\"https:\/\/www.child-identity.org\/fr\/contributions-de-chip-au-projet-de-loi-sur-la-gestation-par-autrui\/\" class=\"_self\" target=\"_self\" >Contributions de CHIP au projet de loi sur la gestation par autrui<\/a><\/h4><\/div><\/div>\n<div class=\"col-md-4 col-sm-12 col-xs-12 pt-cv-content-item pt-cv-1-col\"  data-pid=\"11160\"><div class='pt-cv-pinmas'><a href=\"https:\/\/www.child-identity.org\/fr\/contributions-de-chip-a-la-prise-de-position-du-european-law-institute-sur-le-droit-international-prive-de-la-filiation-et-a-la-proposition-de-la-commission-europeenne-com-2022-695-final\/\" class=\"_self pt-cv-href-thumbnail pt-cv-thumb-default pt-cv-thumb-wrapper\" target=\"_self\" ><img loading=\"lazy\" decoding=\"async\" width=\"1024\" height=\"459\" src=\"data:image\/svg+xml,%3Csvg%20xmlns%3D%27http:\/\/www.w3.org\/2000\/svg%27%20viewBox%3D%270%200%203%202%27%3E%3C\/svg%3E\" class=\"pt-cv-thumbnail img-rounded skip-lazy  gt-lazy-load\" alt=\"\" data-src=\"https:\/\/www.child-identity.org\/wp-content\/uploads\/2024\/12\/law_1920-1024x459.jpg\" data-srcset=\"\" \/><\/a>\n<div class=\"pt-cv-meta-fields\"><span class=\"entry-date\"> <time datetime=\"2024-12-02T16:02:22+00:00\">d\u00e9cembre 2024<\/time><\/span><span> \/ <\/span><span class=\"terms\"> <a href='https:\/\/www.child-identity.org\/fr\/country\/europe-fr\/' title='Europe' class='pt-cv-tax-europe-fr'>Europe<\/a><\/span><\/div>\n<h4 class=\"pt-cv-title\"><a href=\"https:\/\/www.child-identity.org\/fr\/contributions-de-chip-a-la-prise-de-position-du-european-law-institute-sur-le-droit-international-prive-de-la-filiation-et-a-la-proposition-de-la-commission-europeenne-com-2022-695-final\/\" class=\"_self\" target=\"_self\" >Contributions de CHIP \u00e0 la prise de position du \u00ab European Law Institute \u00bb sur le droit international priv\u00e9 de la filiation et \u00e0 la proposition de la Commission europ\u00e9enne COM\/2022\/695 finale (certificat europ\u00e9en sur la filiation)<\/a><\/h4><\/div><\/div>\n<div class=\"col-md-4 col-sm-12 col-xs-12 pt-cv-content-item pt-cv-1-col\"  data-pid=\"10958\"><div class='pt-cv-pinmas'><a href=\"https:\/\/www.child-identity.org\/fr\/projet-relatif-a-lenregistrement-des-naissances-en-collaboration-avec-les-bureaux-dunicef-cameroun-et-dafrique-du-centre-et-de-louest\/\" class=\"_self pt-cv-href-thumbnail pt-cv-thumb-default pt-cv-thumb-wrapper\" target=\"_self\" ><img loading=\"lazy\" decoding=\"async\" width=\"1024\" height=\"459\" src=\"data:image\/svg+xml,%3Csvg%20xmlns%3D%27http:\/\/www.w3.org\/2000\/svg%27%20viewBox%3D%270%200%203%202%27%3E%3C\/svg%3E\" class=\"pt-cv-thumbnail img-rounded skip-lazy  gt-lazy-load\" alt=\"\" data-src=\"https:\/\/www.child-identity.org\/wp-content\/uploads\/2024\/11\/cameroon-webinar-banner-1024x459.jpg\" data-srcset=\"\" \/><\/a>\n<div class=\"pt-cv-meta-fields\"><span class=\"entry-date\"> <time datetime=\"2024-11-29T09:38:51+00:00\">novembre 2024<\/time><\/span><span> \/ <\/span><span class=\"terms\"> <a href='https:\/\/www.child-identity.org\/fr\/country\/cameroun\/' title='Cameroun' class='pt-cv-tax-cameroun'>Cameroun<\/a><\/span><\/div>\n<h4 class=\"pt-cv-title\"><a href=\"https:\/\/www.child-identity.org\/fr\/projet-relatif-a-lenregistrement-des-naissances-en-collaboration-avec-les-bureaux-dunicef-cameroun-et-dafrique-du-centre-et-de-louest\/\" class=\"_self\" target=\"_self\" >Projet relatif \u00e0 l&#8217;enregistrement des naissances en collaboration avec les bureaux d\u2019UNICEF Cameroun et d\u2019Afrique du centre et de l\u2019ouest<\/a><\/h4><\/div><\/div>\n<div class=\"col-md-4 col-sm-12 col-xs-12 pt-cv-content-item pt-cv-1-col\"  data-pid=\"7511\"><div class='pt-cv-pinmas'><a href=\"https:\/\/www.child-identity.org\/fr\/la-quete-pour-sassurer-que-chaqueenfant-est-visible\/\" class=\"_self pt-cv-href-thumbnail pt-cv-thumb-default pt-cv-thumb-wrapper\" target=\"_self\" ><img loading=\"lazy\" decoding=\"async\" width=\"1024\" height=\"456\" src=\"data:image\/svg+xml,%3Csvg%20xmlns%3D%27http:\/\/www.w3.org\/2000\/svg%27%20viewBox%3D%270%200%203%202%27%3E%3C\/svg%3E\" class=\"pt-cv-thumbnail img-rounded skip-lazy  gt-lazy-load\" alt=\"\" data-src=\"https:\/\/www.child-identity.org\/wp-content\/uploads\/2024\/05\/cameroon-1024x456.jpg\" data-srcset=\"\" \/><\/a>\n<div class=\"pt-cv-meta-fields\"><span class=\"entry-date\"> <time datetime=\"2024-05-02T09:22:48+00:00\">mai 2024<\/time><\/span><span> \/ <\/span><span class=\"terms\"> <a href='https:\/\/www.child-identity.org\/fr\/country\/cameroun\/' title='Cameroun' class='pt-cv-tax-cameroun'>Cameroun<\/a><\/span><\/div>\n<h4 class=\"pt-cv-title\"><a href=\"https:\/\/www.child-identity.org\/fr\/la-quete-pour-sassurer-que-chaqueenfant-est-visible\/\" class=\"_self\" target=\"_self\" >La qu\u00eate pour s&#8217;assurer que #chaqueenfant est #visible<\/a><\/h4><\/div><\/div>\n<div class=\"col-md-4 col-sm-12 col-xs-12 pt-cv-content-item pt-cv-1-col\"  data-pid=\"7524\"><div class='pt-cv-pinmas'><a href=\"https:\/\/www.child-identity.org\/fr\/le-bureau-regional-de-lunicef-en-afrique-de-louest-et-du-centre-conclut-un-partenariat-formel-avec-chip-afin-dameliorer-lenregistrement-des-naissances\/\" class=\"_self pt-cv-href-thumbnail pt-cv-thumb-default pt-cv-thumb-wrapper\" target=\"_self\" ><img loading=\"lazy\" decoding=\"async\" width=\"1024\" height=\"683\" src=\"data:image\/svg+xml,%3Csvg%20xmlns%3D%27http:\/\/www.w3.org\/2000\/svg%27%20viewBox%3D%270%200%203%202%27%3E%3C\/svg%3E\" class=\"pt-cv-thumbnail img-rounded skip-lazy  gt-lazy-load\" alt=\"\" data-src=\"https:\/\/www.child-identity.org\/wp-content\/uploads\/2024\/05\/UN0711969-1-1024x683.jpg\" data-srcset=\"\" \/><\/a>\n<div class=\"pt-cv-meta-fields\"><span class=\"entry-date\"> <time datetime=\"2023-11-20T09:35:04+00:00\">novembre 2023<\/time><\/span><span> \/ <\/span><span class=\"terms\"> <a href='https:\/\/www.child-identity.org\/fr\/country\/afrique\/' title='Afrique' class='pt-cv-tax-afrique'>Afrique<\/a><\/span><\/div>\n<h4 class=\"pt-cv-title\"><a href=\"https:\/\/www.child-identity.org\/fr\/le-bureau-regional-de-lunicef-en-afrique-de-louest-et-du-centre-conclut-un-partenariat-formel-avec-chip-afin-dameliorer-lenregistrement-des-naissances\/\" class=\"_self\" target=\"_self\" >Le Bureau r\u00e9gional de l&#8217;UNICEF en Afrique de l&#8217;Ouest et du Centre conclut un partenariat formel avec CHIP afin d&#8217;am\u00e9liorer l&#8217;enregistrement des naissances.<\/a><\/h4><\/div><\/div>\n<div class=\"col-md-4 col-sm-12 col-xs-12 pt-cv-content-item pt-cv-1-col\"  data-pid=\"7533\"><div class='pt-cv-pinmas'><a href=\"https:\/\/www.child-identity.org\/fr\/renforcement-de-lenregistrement-des-naissances-pour-un-meilleur-acces-a-leducation\/\" class=\"_self pt-cv-href-thumbnail pt-cv-thumb-default pt-cv-thumb-wrapper\" target=\"_self\" ><img loading=\"lazy\" decoding=\"async\" width=\"1024\" height=\"682\" src=\"data:image\/svg+xml,%3Csvg%20xmlns%3D%27http:\/\/www.w3.org\/2000\/svg%27%20viewBox%3D%270%200%203%202%27%3E%3C\/svg%3E\" class=\"pt-cv-thumbnail img-rounded skip-lazy  gt-lazy-load\" alt=\"\" data-src=\"https:\/\/www.child-identity.org\/wp-content\/uploads\/2024\/05\/group-3137670_1280-1024x682.jpg\" data-srcset=\"\" \/><\/a>\n<div class=\"pt-cv-meta-fields\"><span class=\"entry-date\"> <time datetime=\"2023-11-20T09:00:34+00:00\">novembre 2023<\/time><\/span><span> \/ <\/span><span class=\"terms\"> <a href='https:\/\/www.child-identity.org\/fr\/country\/senegal-fr\/' title='S\u00e9n\u00e9gal' class='pt-cv-tax-senegal-fr'>S\u00e9n\u00e9gal<\/a><\/span><\/div>\n<h4 class=\"pt-cv-title\"><a href=\"https:\/\/www.child-identity.org\/fr\/renforcement-de-lenregistrement-des-naissances-pour-un-meilleur-acces-a-leducation\/\" class=\"_self\" target=\"_self\" >Renforcement de l\u2019enregistrement des naissances pour un meilleur acc\u00e8s \u00e0 l\u2019\u00e9ducation<\/a><\/h4><\/div><\/div>\n<div class=\"col-md-4 col-sm-12 col-xs-12 pt-cv-content-item pt-cv-1-col\"  data-pid=\"7540\"><div class='pt-cv-pinmas'><a href=\"https:\/\/www.child-identity.org\/fr\/chip-fournit-des-conseils-techniques-sur-des-propositions-de-reformes-legislatives-concernant-lidentite-de-lenfant\/\" class=\"_self pt-cv-href-thumbnail pt-cv-thumb-default pt-cv-thumb-wrapper\" target=\"_self\" ><img loading=\"lazy\" decoding=\"async\" width=\"1024\" height=\"596\" src=\"data:image\/svg+xml,%3Csvg%20xmlns%3D%27http:\/\/www.w3.org\/2000\/svg%27%20viewBox%3D%270%200%203%202%27%3E%3C\/svg%3E\" class=\"pt-cv-thumbnail img-rounded skip-lazy  gt-lazy-load\" alt=\"\" data-src=\"https:\/\/www.child-identity.org\/wp-content\/uploads\/2024\/05\/belgium-technical-advice-1024x596.jpg\" data-srcset=\"\" \/><\/a>\n<div class=\"pt-cv-meta-fields\"><span class=\"entry-date\"> <time datetime=\"2023-11-08T09:46:48+00:00\">novembre 2023<\/time><\/span><span> \/ <\/span><span class=\"terms\"> <a href='https:\/\/www.child-identity.org\/fr\/country\/belgique\/' title='Belgique' class='pt-cv-tax-belgique'>Belgique<\/a><\/span><\/div>\n<h4 class=\"pt-cv-title\"><a href=\"https:\/\/www.child-identity.org\/fr\/chip-fournit-des-conseils-techniques-sur-des-propositions-de-reformes-legislatives-concernant-lidentite-de-lenfant\/\" class=\"_self\" target=\"_self\" >CHIP fournit des conseils techniques sur des propositions de r\u00e9formes l\u00e9gislatives concernant l&#8217;identit\u00e9 de l&#8217;enfant<\/a><\/h4><\/div><\/div>\n<div class=\"col-md-4 col-sm-12 col-xs-12 pt-cv-content-item pt-cv-1-col\"  data-pid=\"7542\"><div class='pt-cv-pinmas'><a href=\"https:\/\/www.child-identity.org\/fr\/contribution-renouvelee-de-chip-a-un-cours-sur-les-nouveaux-developpements-dans-le-domaine-du-droit-et-de-la-famille\/\" class=\"_self pt-cv-href-thumbnail pt-cv-thumb-default pt-cv-thumb-wrapper\" target=\"_self\" ><img loading=\"lazy\" decoding=\"async\" width=\"1024\" height=\"382\" src=\"data:image\/svg+xml,%3Csvg%20xmlns%3D%27http:\/\/www.w3.org\/2000\/svg%27%20viewBox%3D%270%200%203%202%27%3E%3C\/svg%3E\" class=\"pt-cv-thumbnail img-rounded skip-lazy  gt-lazy-load\" alt=\"\" data-src=\"https:\/\/www.child-identity.org\/wp-content\/uploads\/2024\/05\/a-book-ge0fc1d084_1280-1024x382.jpg\" data-srcset=\"\" \/><\/a>\n<div class=\"pt-cv-meta-fields\"><span class=\"entry-date\"> <time datetime=\"2023-10-19T09:50:24+00:00\">octobre 2023<\/time><\/span><span> \/ <\/span><span class=\"terms\"> <a href='https:\/\/www.child-identity.org\/fr\/country\/mexique\/' title='Mexique' class='pt-cv-tax-mexique'>Mexique<\/a><\/span><\/div>\n<h4 class=\"pt-cv-title\"><a href=\"https:\/\/www.child-identity.org\/fr\/contribution-renouvelee-de-chip-a-un-cours-sur-les-nouveaux-developpements-dans-le-domaine-du-droit-et-de-la-famille\/\" class=\"_self\" target=\"_self\" >Contribution renouvel\u00e9e de CHIP \u00e0 un cours sur les nouveaux d\u00e9veloppements dans le domaine du droit et de la famille<\/a><\/h4><\/div><\/div><\/div><\/div>\n<div class=\"text-center pt-cv-pagination-wrapper\"><a href='https:\/\/www.child-identity.org\/fr\/wp-json\/wp\/v2\/pages\/6789\/?_page=2' onclick='event.preventDefault()' class=\"pt-cv-more btn btn-primary btn-sm\" data-totalpages=\"2\" data-nextpages=\"2\" data-sid=\"ab8c211gvs\" data-unid=\"\" data-isblock=\"\" data-postid=\"\">Load More <span class=\"caret\"><\/span><\/a><img loading=\"lazy\" decoding=\"async\" width=\"15\" height=\"15\" class=\"pt-cv-spinner\" alt=\"Chargement\u2026\" src=\"data:image\/gif;base64,R0lGODlhDwAPALMPAMrKygwMDJOTkz09PZWVla+vr3p6euTk5M7OzuXl5TMzMwAAAJmZmWZmZszMzP\/\/\/yH\/C05FVFNDQVBFMi4wAwEAAAAh+QQFCgAPACwAAAAADwAPAAAEQvDJaZaZOIcV8iQK8VRX4iTYoAwZ4iCYoAjZ4RxejhVNoT+mRGP4cyF4Pp0N98sBGIBMEMOotl6YZ3S61Bmbkm4mAgAh+QQFCgAPACwAAAAADQANAAAENPDJSRSZeA418itN8QiK8BiLITVsFiyBBIoYqnoewAD4xPw9iY4XLGYSjkQR4UAUD45DLwIAIfkEBQoADwAsAAAAAA8ACQAABC\/wyVlamTi3nSdgwFNdhEJgTJoNyoB9ISYoQmdjiZPcj7EYCAeCF1gEDo4Dz2eIAAAh+QQFCgAPACwCAAAADQANAAAEM\/DJBxiYeLKdX3IJZT1FU0iIg2RNKx3OkZVnZ98ToRD4MyiDnkAh6BkNC0MvsAj0kMpHBAAh+QQFCgAPACwGAAAACQAPAAAEMDC59KpFDll73HkAA2wVY5KgiK5b0RRoI6MuzG6EQqCDMlSGheEhUAgqgUUAFRySIgAh+QQFCgAPACwCAAIADQANAAAEM\/DJKZNLND\/kkKaHc3xk+QAMYDKsiaqmZCxGVjSFFCxB1vwy2oOgIDxuucxAMTAJFAJNBAAh+QQFCgAPACwAAAYADwAJAAAEMNAs86q1yaWwwv2Ig0jUZx3OYa4XoRAfwADXoAwfo1+CIjyFRuEho60aSNYlOPxEAAAh+QQFCgAPACwAAAIADQANAAAENPA9s4y8+IUVcqaWJ4qEQozSoAzoIyhCK2NFU2SJk0hNnyEOhKR2AzAAj4Pj4GE4W0bkJQIAOw==\" \/><div class=\"clear pt-cv-clear-pagination\"><\/div><\/div><\/div>\t\t\t<style type=\"text\/css\" id=\"pt-cv-inline-style-d49a102ke5\">#pt-cv-view-ab8c211gvs .pt-cv-pinmas { padding-bottom: 10px !important; }\n#pt-cv-view-ab8c211gvs .pt-cv-title a, #pt-cv-view-ab8c211gvs  .panel-title { color: #000000 !important; font-weight: 600 !important; }\n#pt-cv-view-ab8c211gvs .pt-cv-meta-fields * { color: #333333 !important; }\n#pt-cv-view-ab8c211gvs .pt-cv-readmore  { color: #ffffff !important; background-color: #000000 !important; }\n#pt-cv-view-ab8c211gvs .pt-cv-readmore:hover  { color: #ffffff !important; background-color: #4f4f4f !important; }\n#pt-cv-view-ab8c211gvs  + .pt-cv-pagination-wrapper .pt-cv-more , #pt-cv-view-ab8c211gvs  + .pt-cv-pagination-wrapper .pagination .active a, .pt-cv-pagination[data-sid='ab8c211gvs'] .active a { font-size: 14px !important; line-height: 1.3 !important; color: #ffffff !important; background-color: #312783 !important; }\n.cvp-live-filter[data-sid='ab8c211gvs'] input[type=radio]:checked~div   { color: #ffffff !important; }\n.cvp-live-submit   { color: #ffffff !important; background-color: #312783 !important; }\n.cvp-live-reset   { background-color: #ffffff !important; }\n#pt-cv-view-ab8c211gvs .img-rounded, #pt-cv-view-ab8c211gvs .pt-cv-hover-wrapper { -webkit-border-radius: 5px !important; -moz-border-radius: 5px !important; border-radius: 5px !important; }\n#pt-cv-view-ab8c211gvs .pt-cv-cap-w-img { border-bottom-left-radius: 5px !important; border-bottom-right-radius: 5px !important; }<\/style>\r\n\t\t\t[\/vc_column_text][\/vc_column][\/vc_row]<\/p>\n","protected":false},"excerpt":{"rendered":"<p>[vc_row][vc_column][vc_column_text][\/vc_column_text][\/vc_column][\/vc_row]<\/p>\n","protected":false},"author":1,"featured_media":0,"parent":0,"menu_order":0,"comment_status":"closed","ping_status":"closed","template":"","meta":{"footnotes":""},"class_list":["post-6789","page","type-page","status-publish","hentry"],"_links":{"self":[{"href":"https:\/\/www.child-identity.org\/fr\/wp-json\/wp\/v2\/pages\/6789","targetHints":{"allow":["GET"]}}],"collection":[{"href":"https:\/\/www.child-identity.org\/fr\/wp-json\/wp\/v2\/pages"}],"about":[{"href":"https:\/\/www.child-identity.org\/fr\/wp-json\/wp\/v2\/types\/page"}],"author":[{"embeddable":true,"href":"https:\/\/www.child-identity.org\/fr\/wp-json\/wp\/v2\/users\/1"}],"replies":[{"embeddable":true,"href":"https:\/\/www.child-identity.org\/fr\/wp-json\/wp\/v2\/comments?post=6789"}],"version-history":[{"count":2,"href":"https:\/\/www.child-identity.org\/fr\/wp-json\/wp\/v2\/pages\/6789\/revisions"}],"predecessor-version":[{"id":7600,"href":"https:\/\/www.child-identity.org\/fr\/wp-json\/wp\/v2\/pages\/6789\/revisions\/7600"}],"wp:attachment":[{"href":"https:\/\/www.child-identity.org\/fr\/wp-json\/wp\/v2\/media?parent=6789"}],"curies":[{"name":"wp","href":"https:\/\/api.w.org\/{rel}","templated":true}]}}