{"id":9263,"date":"2024-07-02T18:39:07","date_gmt":"2024-07-02T18:39:07","guid":{"rendered":"https:\/\/www.child-identity.org\/tools-and-training\/"},"modified":"2024-07-02T18:41:26","modified_gmt":"2024-07-02T18:41:26","slug":"outils-et-formation","status":"publish","type":"page","link":"https:\/\/www.child-identity.org\/fr\/outils-et-formation\/","title":{"rendered":"Outils et Formation"},"content":{"rendered":"<div class=\"pt-cv-wrapper\"><div class=\"pt-cv-view pt-cv-pinterest pt-cv-colsys cveffect-zoomin pt-cv-shadow pt-cv-no-bb pt-cv-pgloadmore\" id=\"pt-cv-view-57b4f3acm4\"><div data-id=\"pt-cv-page-1\" class=\"pt-cv-page\" data-cvc=\"3\"><div class=\"col-md-4 col-sm-12 col-xs-12 pt-cv-content-item pt-cv-1-col\"  data-pid=\"13997\"><div class='pt-cv-pinmas'><a href=\"https:\/\/www.child-identity.org\/fr\/lancement-de-nouveaux-outils-destines-aux-decideurs-politiques-et-aux-professionnels-pour-proteger-les-droits-des-enfants-dans-le-cadre-de-la-procreation-medicalemente-assistee-avec-tiers-donneur-et-d\/\" class=\"_self pt-cv-href-thumbnail pt-cv-thumb-default pt-cv-thumb-wrapper\" target=\"_self\" ><img loading=\"lazy\" decoding=\"async\" width=\"1024\" height=\"501\" src=\"data:image\/svg+xml,%3Csvg%20xmlns%3D%27http:\/\/www.w3.org\/2000\/svg%27%20viewBox%3D%270%200%203%202%27%3E%3C\/svg%3E\" class=\"pt-cv-thumbnail img-rounded skip-lazy  gt-lazy-load\" alt=\"\" data-src=\"https:\/\/www.child-identity.org\/wp-content\/uploads\/2026\/03\/banner-donor-1024x501.jpg\" data-srcset=\"\" \/><\/a>\n<div class=\"pt-cv-meta-fields\"><span class=\"entry-date\"> <time datetime=\"2026-03-21T00:51:42+00:00\">mars 2026<\/time><\/span><span> \/ <\/span><span class=\"terms\"> <a href='https:\/\/www.child-identity.org\/fr\/country\/monde\/' title='Monde' class='pt-cv-tax-monde'>Monde<\/a><\/span><\/div>\n<h4 class=\"pt-cv-title\"><a href=\"https:\/\/www.child-identity.org\/fr\/lancement-de-nouveaux-outils-destines-aux-decideurs-politiques-et-aux-professionnels-pour-proteger-les-droits-des-enfants-dans-le-cadre-de-la-procreation-medicalemente-assistee-avec-tiers-donneur-et-d\/\" class=\"_self\" target=\"_self\" >Lancement de nouveaux outils destin\u00e9s aux d\u00e9cideurs politiques et aux professionnels pour prot\u00e9ger les droits des enfants dans le cadre de la procr\u00e9ation m\u00e9dicalemente assist\u00e9e avec tiers donneur et de la maternit\u00e9 de substitution<\/a><\/h4><\/div><\/div>\n<div class=\"col-md-4 col-sm-12 col-xs-12 pt-cv-content-item pt-cv-1-col\"  data-pid=\"13322\"><div class='pt-cv-pinmas'><a href=\"https:\/\/www.child-identity.org\/fr\/formation-dans-des-universites-de-renom-sur-le-droit-de-lenfant-a-lidentite\/\" class=\"_self pt-cv-href-thumbnail pt-cv-thumb-default pt-cv-thumb-wrapper\" target=\"_self\" ><img loading=\"lazy\" decoding=\"async\" width=\"1024\" height=\"480\" src=\"data:image\/svg+xml,%3Csvg%20xmlns%3D%27http:\/\/www.w3.org\/2000\/svg%27%20viewBox%3D%270%200%203%202%27%3E%3C\/svg%3E\" class=\"pt-cv-thumbnail img-rounded skip-lazy  gt-lazy-load\" alt=\"\" data-src=\"https:\/\/www.child-identity.org\/wp-content\/uploads\/2025\/12\/group-image-training-1024x480.jpg\" data-srcset=\"\" \/><\/a>\n<div class=\"pt-cv-meta-fields\"><span class=\"entry-date\"> <time datetime=\"2025-12-13T09:04:27+00:00\">d\u00e9cembre 2025<\/time><\/span><span> \/ <\/span><span class=\"terms\"> <a href='https:\/\/www.child-identity.org\/fr\/country\/europe-fr\/' title='Europe' class='pt-cv-tax-europe-fr'>Europe<\/a><\/span><\/div>\n<h4 class=\"pt-cv-title\"><a href=\"https:\/\/www.child-identity.org\/fr\/formation-dans-des-universites-de-renom-sur-le-droit-de-lenfant-a-lidentite\/\" class=\"_self\" target=\"_self\" >Formation dans des universit\u00e9s de renom sur le droit de l&#8217;enfant \u00e0 l&#8217;identit\u00e9\u00a0<\/a><\/h4><\/div><\/div>\n<div class=\"col-md-4 col-sm-12 col-xs-12 pt-cv-content-item pt-cv-1-col\"  data-pid=\"13058\"><div class='pt-cv-pinmas'><a href=\"https:\/\/www.child-identity.org\/fr\/october-2025-spain-participation-of-child-identity-protection-in-a-conference-on-care-and-adoption-held-in-galicia\/\" class=\"_self pt-cv-href-thumbnail pt-cv-thumb-default pt-cv-thumb-wrapper\" target=\"_self\" ><img loading=\"lazy\" decoding=\"async\" width=\"1024\" height=\"457\" src=\"data:image\/svg+xml,%3Csvg%20xmlns%3D%27http:\/\/www.w3.org\/2000\/svg%27%20viewBox%3D%270%200%203%202%27%3E%3C\/svg%3E\" class=\"pt-cv-thumbnail img-rounded skip-lazy  gt-lazy-load\" alt=\"\" data-src=\"https:\/\/www.child-identity.org\/wp-content\/uploads\/2024\/06\/research-adoption-1-1024x457.jpg\" data-srcset=\"\" \/><\/a>\n<div class=\"pt-cv-meta-fields\"><span class=\"entry-date\"> <time datetime=\"2025-10-03T14:13:02+00:00\">octobre 2025<\/time><\/span><span> \/ <\/span><span class=\"terms\"> <a href='https:\/\/www.child-identity.org\/fr\/country\/espagne\/' title='Espagne' class='pt-cv-tax-espagne'>Espagne<\/a><\/span><\/div>\n<h4 class=\"pt-cv-title\"><a href=\"https:\/\/www.child-identity.org\/fr\/october-2025-spain-participation-of-child-identity-protection-in-a-conference-on-care-and-adoption-held-in-galicia\/\" class=\"_self\" target=\"_self\" >Octobre 2025, Espagne : Participation de Child Identity Protection \u00e0 une conf\u00e9rence sur la prise en charge et l&#8217;adoption organis\u00e9e en Galice<\/a><\/h4><\/div><\/div>\n<div class=\"col-md-4 col-sm-12 col-xs-12 pt-cv-content-item pt-cv-1-col\"  data-pid=\"12420\"><div class='pt-cv-pinmas'><a href=\"https:\/\/www.child-identity.org\/fr\/june-2025-spain-latin-america-chip-joined-important-training-and-awareness-raising-activities\/\" class=\"_self pt-cv-href-thumbnail pt-cv-thumb-default pt-cv-thumb-wrapper\" target=\"_self\" ><img loading=\"lazy\" decoding=\"async\" width=\"1024\" height=\"382\" src=\"data:image\/svg+xml,%3Csvg%20xmlns%3D%27http:\/\/www.w3.org\/2000\/svg%27%20viewBox%3D%270%200%203%202%27%3E%3C\/svg%3E\" class=\"pt-cv-thumbnail img-rounded skip-lazy  gt-lazy-load\" alt=\"\" data-src=\"https:\/\/www.child-identity.org\/wp-content\/uploads\/2024\/05\/a-book-ge0fc1d084_1280-1024x382.jpg\" data-srcset=\"\" \/><\/a>\n<div class=\"pt-cv-meta-fields\"><span class=\"entry-date\"> <time datetime=\"2025-06-10T16:06:41+00:00\">juin 2025<\/time><\/span><span> \/ <\/span><span class=\"terms\"> <a href='https:\/\/www.child-identity.org\/fr\/country\/americas-fr\/' title='Americas' class='pt-cv-tax-americas-fr'>Americas<\/a><\/span><\/div>\n<h4 class=\"pt-cv-title\"><a href=\"https:\/\/www.child-identity.org\/fr\/june-2025-spain-latin-america-chip-joined-important-training-and-awareness-raising-activities\/\" class=\"_self\" target=\"_self\" >Juin 2025, Espagne\/Am\u00e9rique latine : CHIP participe \u00e0 d&#8217;importantes activit\u00e9s de formation et de sensibilisation<\/a><\/h4><\/div><\/div>\n<div class=\"col-md-4 col-sm-12 col-xs-12 pt-cv-content-item pt-cv-1-col\"  data-pid=\"11349\"><div class='pt-cv-pinmas'><a href=\"https:\/\/www.child-identity.org\/fr\/guide-sur-le-travail-relatif-a-lhistoire-de-vie-avec-des-enfants-et-des-adolescents-en-cours-dadoption\/\" class=\"_self pt-cv-href-thumbnail pt-cv-thumb-default pt-cv-thumb-wrapper\" target=\"_self\" ><img loading=\"lazy\" decoding=\"async\" width=\"1024\" height=\"480\" src=\"data:image\/svg+xml,%3Csvg%20xmlns%3D%27http:\/\/www.w3.org\/2000\/svg%27%20viewBox%3D%270%200%203%202%27%3E%3C\/svg%3E\" class=\"pt-cv-thumbnail img-rounded skip-lazy  gt-lazy-load\" alt=\"\" data-src=\"https:\/\/www.child-identity.org\/wp-content\/uploads\/2024\/12\/guide-1024x480.jpg\" data-srcset=\"\" \/><\/a>\n<div class=\"pt-cv-meta-fields\"><span class=\"entry-date\"> <time datetime=\"2024-12-19T10:19:31+00:00\">d\u00e9cembre 2024<\/time><\/span><span> \/ <\/span><span class=\"terms\"> <a href='https:\/\/www.child-identity.org\/fr\/country\/chili\/' title='Chili' class='pt-cv-tax-chili'>Chili<\/a>, <a href='https:\/\/www.child-identity.org\/fr\/country\/espagne\/' title='Espagne' class='pt-cv-tax-espagne'>Espagne<\/a><\/span><\/div>\n<h4 class=\"pt-cv-title\"><a href=\"https:\/\/www.child-identity.org\/fr\/guide-sur-le-travail-relatif-a-lhistoire-de-vie-avec-des-enfants-et-des-adolescents-en-cours-dadoption\/\" class=\"_self\" target=\"_self\" >Guide sur le travail relatif \u00e0 l&#8217;histoire de vie avec des enfants et des adolescents en cours d&#8217;adoption<\/a><\/h4><\/div><\/div>\n<div class=\"col-md-4 col-sm-12 col-xs-12 pt-cv-content-item pt-cv-1-col\"  data-pid=\"11123\"><div class='pt-cv-pinmas'><a href=\"https:\/\/www.child-identity.org\/fr\/lancement-du-guide-sur-ladoption-de-fratries\/\" class=\"_self pt-cv-href-thumbnail pt-cv-thumb-default pt-cv-thumb-wrapper\" target=\"_self\" ><img loading=\"lazy\" decoding=\"async\" width=\"1024\" height=\"459\" src=\"data:image\/svg+xml,%3Csvg%20xmlns%3D%27http:\/\/www.w3.org\/2000\/svg%27%20viewBox%3D%270%200%203%202%27%3E%3C\/svg%3E\" class=\"pt-cv-thumbnail img-rounded skip-lazy  gt-lazy-load\" alt=\"\" data-src=\"https:\/\/www.child-identity.org\/wp-content\/uploads\/2024\/11\/adoption-guide-1024x459.jpg\" data-srcset=\"\" \/><\/a>\n<div class=\"pt-cv-meta-fields\"><span class=\"entry-date\"> <time datetime=\"2024-11-29T20:03:18+00:00\">novembre 2024<\/time><\/span><span> \/ <\/span><span class=\"terms\"> <a href='https:\/\/www.child-identity.org\/fr\/country\/chili\/' title='Chili' class='pt-cv-tax-chili'>Chili<\/a>, <a href='https:\/\/www.child-identity.org\/fr\/country\/espagne\/' title='Espagne' class='pt-cv-tax-espagne'>Espagne<\/a><\/span><\/div>\n<h4 class=\"pt-cv-title\"><a href=\"https:\/\/www.child-identity.org\/fr\/lancement-du-guide-sur-ladoption-de-fratries\/\" class=\"_self\" target=\"_self\" >Lancement du guide sur l&#8217;adoption de fratries<\/a><\/h4><\/div><\/div>\n<div class=\"col-md-4 col-sm-12 col-xs-12 pt-cv-content-item pt-cv-1-col\"  data-pid=\"10696\"><div class='pt-cv-pinmas'><a href=\"https:\/\/www.child-identity.org\/fr\/soutenir-les-enfants-par-des-cartes-postales-et-le-site-internet-ciao-ch\/\" class=\"_self pt-cv-href-thumbnail pt-cv-thumb-default pt-cv-thumb-wrapper\" target=\"_self\" ><img loading=\"lazy\" decoding=\"async\" width=\"1024\" height=\"456\" src=\"data:image\/svg+xml,%3Csvg%20xmlns%3D%27http:\/\/www.w3.org\/2000\/svg%27%20viewBox%3D%270%200%203%202%27%3E%3C\/svg%3E\" class=\"pt-cv-thumbnail img-rounded skip-lazy  gt-lazy-load\" alt=\"\" data-src=\"https:\/\/www.child-identity.org\/wp-content\/uploads\/2024\/10\/ciao-ch-landing-integrated-1024x456.jpg\" data-srcset=\"\" \/><\/a>\n<div class=\"pt-cv-meta-fields\"><span class=\"entry-date\"> <time datetime=\"2024-10-15T20:32:24+00:00\">octobre 2024<\/time><\/span><span> \/ <\/span><span class=\"terms\"> <a href='https:\/\/www.child-identity.org\/fr\/country\/suisse\/' title='Suisse' class='pt-cv-tax-suisse'>Suisse<\/a><\/span><\/div>\n<h4 class=\"pt-cv-title\"><a href=\"https:\/\/www.child-identity.org\/fr\/soutenir-les-enfants-par-des-cartes-postales-et-le-site-internet-ciao-ch\/\" class=\"_self\" target=\"_self\" >Soutenir les enfants par des cartes postales et le site internet Ciao.ch<\/a><\/h4><\/div><\/div>\n<div class=\"col-md-4 col-sm-12 col-xs-12 pt-cv-content-item pt-cv-1-col\"  data-pid=\"9198\"><div class='pt-cv-pinmas'><a href=\"https:\/\/www.child-identity.org\/fr\/outils-relatifs-au-placement-en-famille-daccueil-pour-les-professionnels-et-les-enfants\/\" class=\"_self pt-cv-href-thumbnail pt-cv-thumb-default pt-cv-thumb-wrapper\" target=\"_self\" ><img loading=\"lazy\" decoding=\"async\" width=\"1024\" height=\"457\" src=\"data:image\/svg+xml,%3Csvg%20xmlns%3D%27http:\/\/www.w3.org\/2000\/svg%27%20viewBox%3D%270%200%203%202%27%3E%3C\/svg%3E\" class=\"pt-cv-thumbnail img-rounded skip-lazy  gt-lazy-load\" alt=\"\" data-src=\"https:\/\/www.child-identity.org\/wp-content\/uploads\/2024\/06\/foster-care-guide-1024x457.jpg\" data-srcset=\"\" \/><\/a>\n<div class=\"pt-cv-meta-fields\"><span class=\"entry-date\"> <time datetime=\"2024-06-18T20:55:00+00:00\">juin 2024<\/time><\/span><span> \/ <\/span><span class=\"terms\"> <a href='https:\/\/www.child-identity.org\/fr\/country\/suisse\/' title='Suisse' class='pt-cv-tax-suisse'>Suisse<\/a><\/span><\/div>\n<h4 class=\"pt-cv-title\"><a href=\"https:\/\/www.child-identity.org\/fr\/outils-relatifs-au-placement-en-famille-daccueil-pour-les-professionnels-et-les-enfants\/\" class=\"_self\" target=\"_self\" >Outils relatifs au placement en famille d&#8217;accueil pour les professionnels et les enfants<\/a><\/h4><\/div><\/div>\n<div class=\"col-md-4 col-sm-12 col-xs-12 pt-cv-content-item pt-cv-1-col\"  data-pid=\"7521\"><div class='pt-cv-pinmas'><a href=\"https:\/\/www.child-identity.org\/fr\/note-a-lattention-des-futurs-parents-en-suisse\/\" class=\"_self pt-cv-href-thumbnail pt-cv-thumb-default pt-cv-thumb-wrapper\" target=\"_self\" ><img loading=\"lazy\" decoding=\"async\" width=\"1024\" height=\"598\" src=\"data:image\/svg+xml,%3Csvg%20xmlns%3D%27http:\/\/www.w3.org\/2000\/svg%27%20viewBox%3D%270%200%203%202%27%3E%3C\/svg%3E\" class=\"pt-cv-thumbnail img-rounded skip-lazy  gt-lazy-load\" alt=\"\" data-src=\"https:\/\/www.child-identity.org\/wp-content\/uploads\/2024\/05\/couple-1024x598.jpg\" data-srcset=\"\" \/><\/a>\n<div class=\"pt-cv-meta-fields\"><span class=\"entry-date\"> <time datetime=\"2023-11-21T09:28:57+00:00\">novembre 2023<\/time><\/span><span> \/ <\/span><span class=\"terms\"> <a href='https:\/\/www.child-identity.org\/fr\/country\/suisse\/' title='Suisse' class='pt-cv-tax-suisse'>Suisse<\/a><\/span><\/div>\n<h4 class=\"pt-cv-title\"><a href=\"https:\/\/www.child-identity.org\/fr\/note-a-lattention-des-futurs-parents-en-suisse\/\" class=\"_self\" target=\"_self\" >Note \u00e0 l&#8217;attention des futurs parents en Suisse<\/a><\/h4><\/div><\/div>\n<div class=\"col-md-4 col-sm-12 col-xs-12 pt-cv-content-item pt-cv-1-col\"  data-pid=\"7964\"><div class='pt-cv-pinmas'><a href=\"https:\/\/www.child-identity.org\/fr\/avril-mai-2023-mexique-royaume-uni-et-suisse-rencontres-avec-diverses-universites\/\" class=\"_self pt-cv-href-thumbnail pt-cv-thumb-default pt-cv-thumb-wrapper\" target=\"_self\" ><img loading=\"lazy\" decoding=\"async\" width=\"1024\" height=\"382\" src=\"data:image\/svg+xml,%3Csvg%20xmlns%3D%27http:\/\/www.w3.org\/2000\/svg%27%20viewBox%3D%270%200%203%202%27%3E%3C\/svg%3E\" class=\"pt-cv-thumbnail img-rounded skip-lazy  gt-lazy-load\" alt=\"\" data-src=\"https:\/\/www.child-identity.org\/wp-content\/uploads\/2024\/05\/a-book-ge0fc1d084_1280-1024x382.jpg\" data-srcset=\"\" \/><\/a>\n<div class=\"pt-cv-meta-fields\"><span class=\"entry-date\"> <time datetime=\"2023-05-30T08:22:34+00:00\">mai 2023<\/time><\/span><span> \/ <\/span><span class=\"terms\"> <a href='https:\/\/www.child-identity.org\/fr\/country\/mexique\/' title='Mexique' class='pt-cv-tax-mexique'>Mexique<\/a>, <a href='https:\/\/www.child-identity.org\/fr\/country\/royaume-uni\/' title='Royaume-Uni' class='pt-cv-tax-royaume-uni'>Royaume-Uni<\/a>, <a href='https:\/\/www.child-identity.org\/fr\/country\/suisse\/' title='Suisse' class='pt-cv-tax-suisse'>Suisse<\/a><\/span><\/div>\n<h4 class=\"pt-cv-title\"><a href=\"https:\/\/www.child-identity.org\/fr\/avril-mai-2023-mexique-royaume-uni-et-suisse-rencontres-avec-diverses-universites\/\" class=\"_self\" target=\"_self\" >Rencontres avec diverses universit\u00e9s<\/a><\/h4><\/div><\/div>\n<div class=\"col-md-4 col-sm-12 col-xs-12 pt-cv-content-item pt-cv-1-col\"  data-pid=\"7854\"><div class='pt-cv-pinmas'><a href=\"https:\/\/www.child-identity.org\/fr\/contribution-de-chip-a-un-cours-sur-les-recents-developpements-du-droit-et-de-la-famille\/\" class=\"_self pt-cv-href-thumbnail pt-cv-thumb-default pt-cv-thumb-wrapper\" target=\"_self\" ><img loading=\"lazy\" decoding=\"async\" width=\"1024\" height=\"768\" src=\"data:image\/svg+xml,%3Csvg%20xmlns%3D%27http:\/\/www.w3.org\/2000\/svg%27%20viewBox%3D%270%200%203%202%27%3E%3C\/svg%3E\" class=\"pt-cv-thumbnail img-rounded skip-lazy  gt-lazy-load\" alt=\"\" data-src=\"https:\/\/www.child-identity.org\/wp-content\/uploads\/2024\/05\/chile-child-1-1024x768.jpg\" data-srcset=\"\" \/><\/a>\n<div class=\"pt-cv-meta-fields\"><span class=\"entry-date\"> <time datetime=\"2022-09-09T07:17:50+00:00\">septembre 2022<\/time><\/span><span> \/ <\/span><span class=\"terms\"> <a href='https:\/\/www.child-identity.org\/fr\/country\/mexique\/' title='Mexique' class='pt-cv-tax-mexique'>Mexique<\/a><\/span><\/div>\n<h4 class=\"pt-cv-title\"><a href=\"https:\/\/www.child-identity.org\/fr\/contribution-de-chip-a-un-cours-sur-les-recents-developpements-du-droit-et-de-la-famille\/\" class=\"_self\" target=\"_self\" >Contribution de CHIP \u00e0 un cours sur les r\u00e9cents d\u00e9veloppements du droit et de la famille<\/a><\/h4><\/div><\/div><\/div><\/div><\/div>\t\t\t<style type=\"text\/css\" id=\"pt-cv-inline-style-1052d30bc6\">#pt-cv-view-57b4f3acm4 .pt-cv-pinmas { padding-bottom: 10px !important; }\n#pt-cv-view-57b4f3acm4 .pt-cv-title a, #pt-cv-view-57b4f3acm4  .panel-title { color: #000000 !important; font-weight: 600 !important; }\n#pt-cv-view-57b4f3acm4 .pt-cv-meta-fields * { color: #333333 !important; }\n#pt-cv-view-57b4f3acm4 .pt-cv-readmore  { color: #ffffff !important; background-color: #000000 !important; }\n#pt-cv-view-57b4f3acm4 .pt-cv-readmore:hover  { color: #ffffff !important; background-color: #4f4f4f !important; }\n#pt-cv-view-57b4f3acm4  + .pt-cv-pagination-wrapper .pt-cv-more , #pt-cv-view-57b4f3acm4  + .pt-cv-pagination-wrapper .pagination .active a, .pt-cv-pagination[data-sid='57b4f3acm4'] .active a { font-size: 14px !important; line-height: 1.3 !important; color: #ffffff !important; background-color: #312783 !important; }\n.cvp-live-filter[data-sid='57b4f3acm4'] input[type=radio]:checked~div   { color: #ffffff !important; }\n.cvp-live-submit   { color: #ffffff !important; background-color: #312783 !important; }\n.cvp-live-reset   { background-color: #ffffff !important; }\n#pt-cv-view-57b4f3acm4 .img-rounded, #pt-cv-view-57b4f3acm4 .pt-cv-hover-wrapper { -webkit-border-radius: 5px !important; -moz-border-radius: 5px !important; border-radius: 5px !important; }\n#pt-cv-view-57b4f3acm4 .pt-cv-cap-w-img { border-bottom-left-radius: 5px !important; border-bottom-right-radius: 5px !important; }<\/style>\r\n\t\t\t\n","protected":false},"excerpt":{"rendered":"mars 2026 \/ Monde Lancement de nouveaux outils destin\u00e9s aux d\u00e9cideurs politiques et aux professionnels pour prot\u00e9ger les droits des enfants dans le cadre de la procr\u00e9ation m\u00e9dicalemente assist\u00e9e avec tiers donneur et de la maternit\u00e9 de substitution d\u00e9cembre 2025...","protected":false},"author":2,"featured_media":0,"parent":0,"menu_order":0,"comment_status":"closed","ping_status":"closed","template":"","meta":{"footnotes":""},"class_list":["post-9263","page","type-page","status-publish","hentry"],"_links":{"self":[{"href":"https:\/\/www.child-identity.org\/fr\/wp-json\/wp\/v2\/pages\/9263","targetHints":{"allow":["GET"]}}],"collection":[{"href":"https:\/\/www.child-identity.org\/fr\/wp-json\/wp\/v2\/pages"}],"about":[{"href":"https:\/\/www.child-identity.org\/fr\/wp-json\/wp\/v2\/types\/page"}],"author":[{"embeddable":true,"href":"https:\/\/www.child-identity.org\/fr\/wp-json\/wp\/v2\/users\/2"}],"replies":[{"embeddable":true,"href":"https:\/\/www.child-identity.org\/fr\/wp-json\/wp\/v2\/comments?post=9263"}],"version-history":[{"count":1,"href":"https:\/\/www.child-identity.org\/fr\/wp-json\/wp\/v2\/pages\/9263\/revisions"}],"predecessor-version":[{"id":9267,"href":"https:\/\/www.child-identity.org\/fr\/wp-json\/wp\/v2\/pages\/9263\/revisions\/9267"}],"wp:attachment":[{"href":"https:\/\/www.child-identity.org\/fr\/wp-json\/wp\/v2\/media?parent=9263"}],"curies":[{"name":"wp","href":"https:\/\/api.w.org\/{rel}","templated":true}]}}